{"id":6160,"date":"2025-05-25T14:49:44","date_gmt":"2025-05-25T14:49:44","guid":{"rendered":"https:\/\/sinoextrud.com\/product\/led-plant-growth-light-aluminum-profile\/"},"modified":"2025-06-24T03:54:22","modified_gmt":"2025-06-24T03:54:22","slug":"lampe-de-croissance-a-led-pour-plantes-profile-en-aluminium","status":"publish","type":"product","link":"https:\/\/sinoextrud.com\/fr\/product\/led-plant-growth-light-aluminum-profile\/","title":{"rendered":"Lampe \u00e0 Led pour la croissance des plantes Profil\u00e9 en aluminium"},"content":{"rendered":"<h2>D\u00e9tails des produits<\/h2>\n<table class=\"custom-table\">\n<tr>\n<td class=\"label\">Nom du produit<\/td>\n<td>Lampe \u00e0 Led pour la croissance des plantes Profil\u00e9 en aluminium<\/td>\n<\/tr>\n<tr>\n<td class=\"label\">Gamme de produits<\/td>\n<td>extrusions d'aluminium pour la croissance lumi\u00e8re led pour la croissance des plantes, lumi\u00e8re pour la croissance des plantes, lumi\u00e8re pour la croissance des plantes, croissance des plantes, led pour la croissance des plantes, luminaire pour les plantes, etc.<\/td>\n<\/tr>\n<tr>\n<td class=\"label\">Alliage d'aluminium<\/td>\n<td>S\u00e9rie 1000, s\u00e9rie 200, s\u00e9rie 3000, s\u00e9rie 5000, s\u00e9rie 6000, s\u00e9rie 7000<\/td>\n<\/tr>\n<tr>\n<td class=\"label\">Temp\u00e9rer<\/td>\n<td>T3-T8<\/td>\n<\/tr>\n<tr>\n<td class=\"label\">Forme<\/td>\n<td>personnalisation<\/td>\n<\/tr>\n<tr>\n<td class=\"label\">Couleur<\/td>\n<td>personnalisation<\/td>\n<\/tr>\n<tr>\n<td class=\"label\">Traitement de surface<\/td>\n<td>finition en usine, anodisation, grain de bois, rev\u00eatement en poudre, sablage, \u00e9lectrophor\u00e8se, brossage, polissage, etc.<\/td>\n<\/tr>\n<tr>\n<td class=\"label\">Traitement en profondeur CNC<\/td>\n<td>couper, percer, usiner, poin\u00e7onner, plier, tarauder, etc.<\/td>\n<\/tr>\n<tr>\n<td class=\"label\">Certifications<\/td>\n<td>CE, ISO, SGS, TUV, ROHS<\/td>\n<\/tr>\n<tr>\n<td class=\"label\">\u00c9chantillons<\/td>\n<td>\u00e9chantillon gratuit. Livraison en 1-3 jours.<\/td>\n<\/tr>\n<tr>\n<td class=\"label\">MOQ<\/td>\n<td>200KG pour chaque profil<\/td>\n<\/tr>\n<tr>\n<td class=\"label\">D\u00e9lai de livraison<\/td>\n<td>La mise au point du moule et la confirmation de l'\u00e9chantillon prennent 12 \u00e0 15 jours, puis la production prend 15 \u00e0 25 jours apr\u00e8s r\u00e9ception de l'acompte de l'acheteur.<\/td>\n<\/tr>\n<tr>\n<td class=\"label\">Conditions de paiement<\/td>\n<td>30% d\u00e9p\u00f4t avant la production, et le solde avant l'exp\u00e9dition.<\/td>\n<\/tr>\n<\/table>\n<h2>Notre base de production<\/h2>\n<h3>Panorama de l'usine<\/h3>\n<p><img decoding=\"async\" src=\"\/wp-content\/uploads\/factory-01.webp\"\/><\/p>\n<h3>Atelier de fabrication de barres d'aluminium<\/h3>\n<p><img decoding=\"async\" src=\"\/wp-content\/uploads\/factory-02.webp\"\/><\/p>\n<p><img decoding=\"async\" src=\"\/wp-content\/uploads\/factory-03.webp\"\/><\/p>\n<h3>Entrep\u00f4t de stockage des moules<\/h3>\n<p><img decoding=\"async\" src=\"\/wp-content\/uploads\/factory-04.webp\"\/><\/p>\n<h3>43 lignes d'extrusion d'aluminium (500 \u00e0 5500 tonnes)<\/h3>\n<p><img decoding=\"async\" src=\"\/wp-content\/uploads\/factory-05.webp\"\/><\/p>\n<p><img decoding=\"async\" src=\"\/wp-content\/uploads\/factory-06.webp\"\/><\/p>\n<p><img decoding=\"async\" src=\"\/wp-content\/uploads\/factory-07.webp\"\/><\/p>\n<h3>Atelier de peinture en poudre<\/h3>\n<p><img decoding=\"async\" src=\"\/wp-content\/uploads\/factory-09.webp\"\/><\/p>\n<h3>Atelier d'anodisation<\/h3>\n<p><img decoding=\"async\" src=\"\/wp-content\/uploads\/factory-10.webp\"\/><\/p>\n<h3>Atelier sur le traitement en profondeur<\/h3>\n<p><img decoding=\"async\" src=\"\/wp-content\/uploads\/factory-11.webp\"\/><\/p>\n<h3>Atelier d'usinage de pr\u00e9cision CNC<\/h3>\n<p><img decoding=\"async\" src=\"\/wp-content\/uploads\/factory-11.5.webp\"\/><\/p>\n<h3>Entrep\u00f4t de produits finis et d'exportation<\/h3>\n<p><img decoding=\"async\" src=\"\/wp-content\/uploads\/factory-12.webp\"\/><\/p>\n<p><img decoding=\"async\" src=\"\/wp-content\/uploads\/factory-13.webp\"\/><\/p>\n<p><img decoding=\"async\" src=\"\/wp-content\/uploads\/factory-14.webp\"\/><\/p>\n<h2>FAQ<\/h2>\n<p><p><b>1) Qu'est-ce qu'un profil\u00e9 d'aluminium pour lumi\u00e8re de croissance de plantes \u00e0 LED ? <\/b><\/p>\n<p> Un profil\u00e9 en aluminium pour lampe de croissance \u00e0 LED est un bo\u00eetier en aluminium sp\u00e9cialement con\u00e7u pour supporter et refroidir les lampes de croissance \u00e0 LED utilis\u00e9es dans les cultures en int\u00e9rieur et en serre.<br \/>\n<\/p><br \/>\n<br \/>\n<p><b>2) Quels sont les avantages de l'utilisation de profil\u00e9s en aluminium pour les lampes de culture \u00e0 LED ? <\/b><\/p>\n<p> Les profil\u00e9s en aluminium pour les lampes de croissance \u00e0 LED offrent une meilleure dissipation de la chaleur, une r\u00e9sistance l\u00e9g\u00e8re, un support structurel et une installation d'\u00e9clairage professionnelle.<br \/>\n<\/p><br \/>\n<br \/>\n<p><b>3. Pourquoi choisir des profil\u00e9s en aluminium pour les syst\u00e8mes d'\u00e9clairage de croissance des plantes ? <\/b><\/p>\n<p> L'aluminium est id\u00e9al pour l'\u00e9clairage de la croissance des plantes en raison de son excellente conductivit\u00e9 thermique, de sa r\u00e9sistance \u00e0 la corrosion et de sa capacit\u00e9 \u00e0 maintenir une performance optimale des LED.<br \/>\n<\/p><br \/>\n<br \/>\n<p><b>4. Comment les profil\u00e9s en aluminium des \u00e9clairages de croissance des plantes \u00e0 LED am\u00e9liorent-ils la gestion de la chaleur ? <\/b><\/p>\n<p> Ces profils en aluminium agissent comme des dissipateurs de chaleur, \u00e9vacuant efficacement la chaleur des LED afin de prolonger leur dur\u00e9e de vie et d'assurer une luminosit\u00e9 stable.<br \/>\n<\/p><br \/>\n<br \/>\n<p><b>5. Les profil\u00e9s en aluminium des lampes de culture \u00e0 LED sont-ils personnalisables ? <\/b><\/p>\n<p> Oui, les profil\u00e9s en aluminium des \u00e9clairages de croissance \u00e0 LED peuvent \u00eatre personnalis\u00e9s en termes de longueur, de forme et de finition pour s'adapter \u00e0 des conceptions d'\u00e9clairage horticole sp\u00e9cifiques.<br \/>\n<\/p><br \/>\n<br \/>\n<p><b>6. o\u00f9 sont utilis\u00e9s les profil\u00e9s aluminium d'\u00e9clairage LED pour la croissance des plantes ? <\/b><\/p>\n<p> Ils sont couramment utilis\u00e9s dans les fermes verticales, les serres, les syst\u00e8mes hydroponiques et les tentes de culture d'int\u00e9rieur pour une installation efficace et durable de la lumi\u00e8re LED.<br \/>\n<\/p><br \/>\n<br \/>\n<p><b>7. les profil\u00e9s en aluminium am\u00e9liorent-ils la durabilit\u00e9 des lampes de culture \u00e0 LED ? <\/b><\/p>\n<p> Absolument, les profils en aluminium prot\u00e8gent les bandes de LED de la poussi\u00e8re, de l'humidit\u00e9 et des dommages m\u00e9caniques, garantissant une utilisation \u00e0 long terme dans les environnements de culture.<br \/>\n<\/p><br \/>\n<br \/>\n<p><b>8. les profil\u00e9s aluminium de l'\u00e9clairage de croissance \u00e0 LED peuvent-ils am\u00e9liorer le rendement des plantes ? <\/b><\/p>\n<p> Oui, en garantissant un rendement lumineux constant et en \u00e9vitant la surchauffe, ces profils contribuent \u00e0 la sant\u00e9 des plantes et \u00e0 l'am\u00e9lioration des rendements.<br \/>\n<\/p><br \/>\n<br \/>\n<p><b>9. Quelles sont les finitions disponibles pour les profil\u00e9s aluminium LED plant light ? <\/b><\/p>\n<p> Les profil\u00e9s d'aluminium pour \u00e9clairage de croissance \u00e0 LED sont disponibles en finition anodis\u00e9e, thermolaqu\u00e9e ou brute pour r\u00e9pondre aux besoins fonctionnels et esth\u00e9tiques.<br \/>\n<\/p><br \/>\n<br \/>\n<p><b>10. les profil\u00e9s aluminium de la lumi\u00e8re de croissance des plantes \u00e0 LED sont-ils faciles \u00e0 installer ? <\/b><\/p>\n<p> Oui, ils sont con\u00e7us pour s'int\u00e9grer facilement aux bandes LED et aux syst\u00e8mes de montage, ce qui permet une installation rapide dans les installations de culture commerciales et de bricolage.<br \/>\n<\/p><br \/><\/p>","protected":false},"featured_media":6159,"template":"","categories":[58],"class_list":["post-6160","product","type-product","status-publish","has-post-thumbnail","hentry","category-aluminium-extrusion-profiles"],"meta_box":{"hilight_text_group":{"product_hilight_text":"<li>Efficient heat dissipation extends LED lifespan and performance<\/li>\r\r\n<li>Lightweight aluminum reduces overall fixture weight<\/li>\r\r\n<li>Customizable lengths and designs for different grow light systems<\/li>\r\r\n<li>Corrosion-resistant for humid and greenhouse environments<\/li>\r\r\n<li>Supports integrated wiring and lens covers for easy assembly<\/li>","product_chanpin_chanpin":"<li><a href=\"https:\/\/sinoextrud.com\/product\/aluminum-sign-extrusions\/\" target=\"_blank\">Aluminum Sign Extrusions<\/a><\/li>\r\n<li><a href=\"https:\/\/sinoextrud.com\/product\/aluminium-extrusion-motor-body\/\" target=\"_blank\">Aluminium Extrusion Motor Body<\/a><\/li>\r\n<li><a href=\"https:\/\/sinoextrud.com\/product\/aluminium-extrusion-6082-5083-aluminum-alloy-profile\/\" target=\"_blank\">Aluminium Extrusion 6082 5083 Aluminum Alloy Profile<\/a><\/li>\r\n<li><a href=\"https:\/\/sinoextrud.com\/product\/aluminium-edge-trim-profiles\/\" target=\"_blank\">Aluminium Edge Trim Profiles<\/a><\/li>\r\n<li><a href=\"https:\/\/sinoextrud.com\/product\/led-plant-growth-light-aluminum-profile\/\" target=\"_blank\">Led Plant Growth Light Aluminum Profile<\/a><\/li>\r\n<li><a href=\"https:\/\/sinoextrud.com\/product\/anodized-small-aluminum-extrusions\/\" target=\"_blank\">Anodized Small Aluminum Extrusions<\/a><\/li>\r\n<li><a href=\"https:\/\/sinoextrud.com\/product\/t-slot-aluminium-extrusion-profile\/\" target=\"_blank\">T Slot Aluminium Extrusion Profile<\/a><\/li>\r\n<li><a href=\"https:\/\/sinoextrud.com\/product\/extruded-aluminum-heatsink\/\" target=\"_blank\">Extruded Aluminum Heatsink<\/a><\/li>\r\n<li><a href=\"https:\/\/sinoextrud.com\/product\/aluminium-light-box-profile\/\" target=\"_blank\">Aluminium Light Box Profile<\/a><\/li>\r\n<li><a href=\"https:\/\/sinoextrud.com\/product\/aluminum-profile-extrusion-of-heatsink-sections-for-sale\/\" target=\"_blank\">Aluminum Profile Extrusion Of Heatsink Sections For Sale<\/a><\/li>\r\n<li><a href=\"https:\/\/sinoextrud.com\/product\/aluminium-tube-profiles\/\" target=\"_blank\">Aluminium Tube Profiles<\/a><\/li>"},"feature_list":[]},"_links":{"self":[{"href":"https:\/\/sinoextrud.com\/fr\/wp-json\/wp\/v2\/product\/6160","targetHints":{"allow":["GET"]}}],"collection":[{"href":"https:\/\/sinoextrud.com\/fr\/wp-json\/wp\/v2\/product"}],"about":[{"href":"https:\/\/sinoextrud.com\/fr\/wp-json\/wp\/v2\/types\/product"}],"wp:featuredmedia":[{"embeddable":true,"href":"https:\/\/sinoextrud.com\/fr\/wp-json\/wp\/v2\/media\/6159"}],"wp:attachment":[{"href":"https:\/\/sinoextrud.com\/fr\/wp-json\/wp\/v2\/media?parent=6160"}],"wp:term":[{"taxonomy":"category","embeddable":true,"href":"https:\/\/sinoextrud.com\/fr\/wp-json\/wp\/v2\/categories?post=6160"}],"curies":[{"name":"wp","href":"https:\/\/api.w.org\/{rel}","templated":true}]}}