{"id":6158,"date":"2025-05-25T14:46:09","date_gmt":"2025-05-25T14:46:09","guid":{"rendered":"https:\/\/sinoextrud.com\/product\/aluminium-edge-trim-profiles\/"},"modified":"2025-06-24T03:54:20","modified_gmt":"2025-06-24T03:54:20","slug":"profiles-de-bordure-en-aluminium","status":"publish","type":"product","link":"https:\/\/sinoextrud.com\/fr\/product\/aluminium-edge-trim-profiles\/","title":{"rendered":"Profil\u00e9s de bordure en aluminium"},"content":{"rendered":"<h2>D\u00e9tails des produits<\/h2>\n<table class=\"custom-table\">\n<tr>\n<td class=\"label\">Nom du produit<\/td>\n<td>profil\u00e9s de bordure en aluminium<\/td>\n<\/tr>\n<tr>\n<td class=\"label\">Gamme de produits<\/td>\n<td>extrusions d'aluminium pour bordures en aluminium, profil\u00e9s en aluminium, bordures de carrelage, bordures m\u00e9talliques, bordures, etc.<\/td>\n<\/tr>\n<tr>\n<td class=\"label\">Syst\u00e8mes adapt\u00e9s Types<\/td>\n<td>Profil\u00e9 d'aluminium ultra-petit, profil\u00e9 d'aluminium ultra-mince, bande de rive, parapet, bande anti-collision, bande de protection, bande d'aluminium pour la d\u00e9coration int\u00e9rieure, etc.<\/td>\n<\/tr>\n<tr>\n<td class=\"label\">Traitement de surface<\/td>\n<td>finition en usine, anodisation, grain de bois, rev\u00eatement en poudre, sablage, \u00e9lectrophor\u00e8se, brossage, polissage, etc.<\/td>\n<\/tr>\n<tr>\n<td class=\"label\">Traitement en profondeur CNC<\/td>\n<td>couper, percer, usiner, poin\u00e7onner, plier, tarauder, etc.<\/td>\n<\/tr>\n<tr>\n<td class=\"label\">Certifications<\/td>\n<td>CE, ISO, SGS, TUV, ROHS<\/td>\n<\/tr>\n<tr>\n<td class=\"label\">\u00c9chantillons<\/td>\n<td>\u00e9chantillon gratuit. Livraison en 1-3 jours.<\/td>\n<\/tr>\n<tr>\n<td class=\"label\">MOQ<\/td>\n<td>200KG pour chaque profil<\/td>\n<\/tr>\n<tr>\n<td class=\"label\">D\u00e9lai de livraison<\/td>\n<td>La mise au point du moule et la confirmation de l'\u00e9chantillon prennent 12 \u00e0 15 jours, puis la production prend 15 \u00e0 25 jours apr\u00e8s r\u00e9ception de l'acompte de l'acheteur.<\/td>\n<\/tr>\n<tr>\n<td class=\"label\">Conditions de paiement<\/td>\n<td>30% d\u00e9p\u00f4t avant la production, et le solde avant l'exp\u00e9dition.<\/td>\n<\/tr>\n<\/table>\n<h2>Notre base de production<\/h2>\n<h3>Panorama de l'usine<\/h3>\n<p><img decoding=\"async\" src=\"\/wp-content\/uploads\/factory-01.webp\"\/><\/p>\n<h3>Atelier de fabrication de barres d'aluminium<\/h3>\n<p><img decoding=\"async\" src=\"\/wp-content\/uploads\/factory-02.webp\"\/><\/p>\n<p><img decoding=\"async\" src=\"\/wp-content\/uploads\/factory-03.webp\"\/><\/p>\n<h3>Entrep\u00f4t de stockage des moules<\/h3>\n<p><img decoding=\"async\" src=\"\/wp-content\/uploads\/factory-04.webp\"\/><\/p>\n<h3>43 lignes d'extrusion d'aluminium (500 \u00e0 5500 tonnes)<\/h3>\n<p><img decoding=\"async\" src=\"\/wp-content\/uploads\/factory-05.webp\"\/><\/p>\n<p><img decoding=\"async\" src=\"\/wp-content\/uploads\/factory-06.webp\"\/><\/p>\n<p><img decoding=\"async\" src=\"\/wp-content\/uploads\/factory-07.webp\"\/><\/p>\n<h3>Atelier de peinture en poudre<\/h3>\n<p><img decoding=\"async\" src=\"\/wp-content\/uploads\/factory-09.webp\"\/><\/p>\n<h3>Atelier d'anodisation<\/h3>\n<p><img decoding=\"async\" src=\"\/wp-content\/uploads\/factory-10.webp\"\/><\/p>\n<h3>Atelier sur le traitement en profondeur<\/h3>\n<p><img decoding=\"async\" src=\"\/wp-content\/uploads\/factory-11.webp\"\/><\/p>\n<h3>Atelier d'usinage de pr\u00e9cision CNC<\/h3>\n<p><img decoding=\"async\" src=\"\/wp-content\/uploads\/factory-11.5.webp\"\/><\/p>\n<h3>Entrep\u00f4t de produits finis et d'exportation<\/h3>\n<p><img decoding=\"async\" src=\"\/wp-content\/uploads\/factory-12.webp\"\/><\/p>\n<p><img decoding=\"async\" src=\"\/wp-content\/uploads\/factory-13.webp\"\/><\/p>\n<p><img decoding=\"async\" src=\"\/wp-content\/uploads\/factory-14.webp\"\/><\/p>\n<h2>FAQ<\/h2>\n<p><p><b>1) Qu'est-ce qu'un profil\u00e9 de bordure en aluminium ? <\/b><\/p>\n<p> Les profil\u00e9s de bordure en aluminium sont des extrusions d'aluminium sp\u00e9cialement con\u00e7ues pour la finition et la protection des bords de surfaces telles que les carreaux, les panneaux ou les comptoirs.<br \/>\n<\/p><br \/>\n<br \/>\n<p><b>2) Quels sont les avantages de l'utilisation de profil\u00e9s d'habillage des bords en aluminium ? <\/b><\/p>\n<p> Les profil\u00e9s de bordure en aluminium offrent une finition nette, une protection des bords, une r\u00e9sistance \u00e0 la corrosion et une durabilit\u00e9 accrue pour les applications int\u00e9rieures et ext\u00e9rieures.<br \/>\n<\/p><br \/>\n<br \/>\n<p><b>3. pourquoi choisir l'aluminium pour les profil\u00e9s d'habillage des bords ? <\/b><\/p>\n<p> L'aluminium est l\u00e9ger, inoxydable, solide et facile \u00e0 fabriquer, ce qui en fait un mat\u00e9riau id\u00e9al pour les profil\u00e9s d'habillage des bords dans les secteurs r\u00e9sidentiel, commercial et industriel.<br \/>\n<\/p><br \/>\n<br \/>\n<p><b>4. O\u00f9 les profil\u00e9s d'habillage des bords en aluminium sont-ils couramment utilis\u00e9s ? <\/b><\/p>\n<p> Les profil\u00e9s de bordure en aluminium sont largement utilis\u00e9s dans les installations de carrelage, les panneaux muraux, les meubles, les rev\u00eatements de sol et les bordures de surface d\u00e9coratives pour un aspect professionnel.<br \/>\n<\/p><br \/>\n<br \/>\n<p><b>5. les profil\u00e9s d'habillage des bords en aluminium am\u00e9liorent-ils l'esth\u00e9tique ? <\/b><\/p>\n<p> Oui, les profil\u00e9s de bordure en aluminium offrent une finition \u00e9l\u00e9gante et moderne qui rehausse l'attrait visuel et la valeur des conceptions architecturales et int\u00e9rieures.<br \/>\n<\/p><br \/>\n<br \/>\n<p><b>6. les bordures en aluminium sont-elles r\u00e9sistantes \u00e0 la corrosion ? <\/b><\/p>\n<p> Absolument, les profil\u00e9s de bordure en aluminium sont tr\u00e8s r\u00e9sistants \u00e0 la corrosion et conviennent parfaitement \u00e0 une utilisation dans des environnements humides, mouill\u00e9s ou ext\u00e9rieurs.<br \/>\n<\/p><br \/>\n<br \/>\n<p><b>7. les profil\u00e9s d'habillage des bords en aluminium peuvent-ils \u00eatre personnalis\u00e9s ? <\/b><\/p>\n<p> Oui, les profil\u00e9s de bordure en aluminium sont disponibles en diff\u00e9rentes formes, tailles, couleurs et finitions, et peuvent \u00eatre fabriqu\u00e9s sur mesure pour r\u00e9pondre \u00e0 des besoins de conception sp\u00e9cifiques.<br \/>\n<\/p><br \/>\n<br \/>\n<p><b>8. les profil\u00e9s d'habillage des bords en aluminium sont-ils faciles \u00e0 installer ? <\/b><\/p>\n<p> Oui, les profil\u00e9s de bordure en aluminium sont con\u00e7us pour \u00eatre facilement install\u00e9s \u00e0 l'aide d'adh\u00e9sifs, de vis ou de syst\u00e8mes d'encliquetage, ce qui les rend adapt\u00e9s au bricolage et \u00e0 l'utilisation professionnelle.<br \/>\n<\/p><br \/>\n<br \/>\n<p><b>9. Quelles sont les finitions disponibles pour les bordures en aluminium ? <\/b><\/p>\n<p> Les bordures en aluminium sont anodis\u00e9es, bross\u00e9es, peintes par poudrage ou polies pour s'adapter \u00e0 diff\u00e9rents styles et exigences fonctionnelles.<br \/>\n<\/p><br \/>\n<br \/>\n<p><b>10.Comment les profil\u00e9s d'habillage des bords en aluminium prot\u00e8gent-ils les surfaces ? <\/b><\/p>\n<p> Les profil\u00e9s d'habillage des bords en aluminium prot\u00e8gent les bords expos\u00e9s contre l'\u00e9caillage, l'humidit\u00e9 et les dommages dus aux chocs, tout en garantissant la durabilit\u00e9 \u00e0 long terme de la surface et la nettet\u00e9 des lignes.<br \/>\n<\/p><br \/><\/p>","protected":false},"featured_media":6157,"template":"","categories":[58],"class_list":["post-6158","product","type-product","status-publish","has-post-thumbnail","hentry","category-aluminium-extrusion-profiles"],"meta_box":{"hilight_text_group":{"product_hilight_text":"<li>Provides clean, finished edges for panels and surfaces<\/li>\r\r\n<li>Durable and corrosion-resistant for long-term use<\/li>\r\r\n<li>Easy to install with snap-in or adhesive options<\/li>\r\r\n<li>Available in various shapes and finishes to match design styles<\/li>\r\r\n<li>Protects edges from wear, impact, and moisture<\/li>","product_chanpin_chanpin":"<li><a href=\"https:\/\/sinoextrud.com\/product\/retractable-awning-aluminum-tube\/\" target=\"_blank\">Retractable Awning Aluminum Tube<\/a><\/li>\r\n<li><a href=\"https:\/\/sinoextrud.com\/product\/aluminum-sign-extrusions\/\" target=\"_blank\">Aluminum Sign Extrusions<\/a><\/li>\r\n<li><a href=\"https:\/\/sinoextrud.com\/product\/aluminium-extrusion-motor-body\/\" target=\"_blank\">Aluminium Extrusion Motor Body<\/a><\/li>\r\n<li><a href=\"https:\/\/sinoextrud.com\/product\/aluminium-extrusion-6082-5083-aluminum-alloy-profile\/\" target=\"_blank\">Aluminium Extrusion 6082 5083 Aluminum Alloy Profile<\/a><\/li>\r\n<li><a href=\"https:\/\/sinoextrud.com\/product\/aluminium-edge-trim-profiles\/\" target=\"_blank\">Aluminium Edge Trim Profiles<\/a><\/li>\r\n<li><a href=\"https:\/\/sinoextrud.com\/product\/led-plant-growth-light-aluminum-profile\/\" target=\"_blank\">Led Plant Growth Light Aluminum Profile<\/a><\/li>\r\n<li><a href=\"https:\/\/sinoextrud.com\/product\/anodized-small-aluminum-extrusions\/\" target=\"_blank\">Anodized Small Aluminum Extrusions<\/a><\/li>\r\n<li><a href=\"https:\/\/sinoextrud.com\/product\/t-slot-aluminium-extrusion-profile\/\" target=\"_blank\">T Slot Aluminium Extrusion Profile<\/a><\/li>\r\n<li><a href=\"https:\/\/sinoextrud.com\/product\/extruded-aluminum-heatsink\/\" target=\"_blank\">Extruded Aluminum Heatsink<\/a><\/li>\r\n<li><a href=\"https:\/\/sinoextrud.com\/product\/industrial-aluminum-extrusion\/\" target=\"_blank\">Industrial Aluminum Extrusion<\/a><\/li>\r\n<li><a href=\"https:\/\/sinoextrud.com\/product\/aluminium-profile-cutting\/\" target=\"_blank\">Aluminium Profile Cutting<\/a><\/li>"},"feature_list":[]},"_links":{"self":[{"href":"https:\/\/sinoextrud.com\/fr\/wp-json\/wp\/v2\/product\/6158","targetHints":{"allow":["GET"]}}],"collection":[{"href":"https:\/\/sinoextrud.com\/fr\/wp-json\/wp\/v2\/product"}],"about":[{"href":"https:\/\/sinoextrud.com\/fr\/wp-json\/wp\/v2\/types\/product"}],"wp:featuredmedia":[{"embeddable":true,"href":"https:\/\/sinoextrud.com\/fr\/wp-json\/wp\/v2\/media\/6157"}],"wp:attachment":[{"href":"https:\/\/sinoextrud.com\/fr\/wp-json\/wp\/v2\/media?parent=6158"}],"wp:term":[{"taxonomy":"category","embeddable":true,"href":"https:\/\/sinoextrud.com\/fr\/wp-json\/wp\/v2\/categories?post=6158"}],"curies":[{"name":"wp","href":"https:\/\/api.w.org\/{rel}","templated":true}]}}