{"id":6154,"date":"2025-05-25T14:39:29","date_gmt":"2025-05-25T14:39:29","guid":{"rendered":"https:\/\/sinoextrud.com\/product\/aluminium-extrusion-motor-body\/"},"modified":"2025-06-24T03:54:15","modified_gmt":"2025-06-24T03:54:15","slug":"corps-du-moteur-en-aluminium-extrude","status":"publish","type":"product","link":"https:\/\/sinoextrud.com\/fr\/product\/aluminium-extrusion-motor-body\/","title":{"rendered":"Corps du moteur en aluminium extrud\u00e9"},"content":{"rendered":"<h2>D\u00e9tails des produits<\/h2>\n<table class=\"custom-table\">\n<tr>\n<td class=\"label\">Nom du produit<\/td>\n<td>corps du moteur en aluminium extrud\u00e9<\/td>\n<\/tr>\n<tr>\n<td class=\"label\">Gamme de produits<\/td>\n<td>extrusions d'aluminium pour la thailande pi\u00e8ces de moteur et accessoires, pi\u00e8ces de rechange de moteur raider, coque de moteur, moteur scorpion, bases de moteur, pi\u00e8ces de motorcraft, moteur muller, moteur silver crest, etc.<\/td>\n<\/tr>\n<tr>\n<td class=\"label\">Syst\u00e8mes adapt\u00e9s Types<\/td>\n<td>instruments, capteurs, communications, \u00e9lectronique, automatisation, cartes intelligentes, contr\u00f4le industriel, machines de pr\u00e9cision, moteurs r\u00e9ducteurs de vitesse, etc.<\/td>\n<\/tr>\n<tr>\n<td class=\"label\">Alliage d'aluminium<\/td>\n<td>S\u00e9rie 1000, s\u00e9rie 200, s\u00e9rie 3000, s\u00e9rie 5000, s\u00e9rie 6000, s\u00e9rie 7000<\/td>\n<\/tr>\n<tr>\n<td class=\"label\">Temp\u00e9rer<\/td>\n<td>T3-T8<\/td>\n<\/tr>\n<tr>\n<td class=\"label\">Forme<\/td>\n<td>Selon les demandes des clients<\/td>\n<\/tr>\n<tr>\n<td class=\"label\">Couleur<\/td>\n<td>Selon les demandes des clients<\/td>\n<\/tr>\n<tr>\n<td class=\"label\">Traitement de surface<\/td>\n<td>finition en usine, anodisation, grain de bois, rev\u00eatement en poudre, sablage, \u00e9lectrophor\u00e8se, brossage, polissage, etc.<\/td>\n<\/tr>\n<tr>\n<td class=\"label\">Traitement en profondeur CNC<\/td>\n<td>couper, percer, usiner, poin\u00e7onner, plier, tarauder, etc.<\/td>\n<\/tr>\n<tr>\n<td class=\"label\">Certifications<\/td>\n<td>CE, ISO, SGS, TUV, ROHS<\/td>\n<\/tr>\n<tr>\n<td class=\"label\">\u00c9chantillons<\/td>\n<td>\u00e9chantillon gratuit. Livraison en 1-3 jours.<\/td>\n<\/tr>\n<tr>\n<td class=\"label\">MOQ<\/td>\n<td>200KG pour chaque profil<\/td>\n<\/tr>\n<tr>\n<td class=\"label\">D\u00e9lai de livraison<\/td>\n<td>La mise au point du moule et la confirmation de l'\u00e9chantillon prennent 12 \u00e0 15 jours, puis la production prend 15 \u00e0 25 jours apr\u00e8s r\u00e9ception de l'acompte de l'acheteur.<\/td>\n<\/tr>\n<tr>\n<td class=\"label\">Conditions de paiement<\/td>\n<td>30% d\u00e9p\u00f4t avant la production, et le solde avant l'exp\u00e9dition.<\/td>\n<\/tr>\n<\/table>\n<h2>Notre base de production<\/h2>\n<h3>Panorama de l'usine<\/h3>\n<p><img decoding=\"async\" src=\"\/wp-content\/uploads\/factory-01.webp\"\/><\/p>\n<h3>Atelier de fabrication de barres d'aluminium<\/h3>\n<p><img decoding=\"async\" src=\"\/wp-content\/uploads\/factory-02.webp\"\/><\/p>\n<p><img decoding=\"async\" src=\"\/wp-content\/uploads\/factory-03.webp\"\/><\/p>\n<h3>Entrep\u00f4t de stockage des moules<\/h3>\n<p><img decoding=\"async\" src=\"\/wp-content\/uploads\/factory-04.webp\"\/><\/p>\n<h3>43 lignes d'extrusion d'aluminium (500-5500 tonnes)<\/h3>\n<p><img decoding=\"async\" src=\"\/wp-content\/uploads\/factory-05.webp\"\/><\/p>\n<p><img decoding=\"async\" src=\"\/wp-content\/uploads\/factory-06.webp\"\/><\/p>\n<p><img decoding=\"async\" src=\"\/wp-content\/uploads\/factory-07.webp\"\/><\/p>\n<h3>Atelier de peinture en poudre<\/h3>\n<p><img decoding=\"async\" src=\"\/wp-content\/uploads\/factory-09.webp\"\/><\/p>\n<h3>Atelier d'anodisation<\/h3>\n<p><img decoding=\"async\" src=\"\/wp-content\/uploads\/factory-10.webp\"\/><\/p>\n<h3>Atelier sur le traitement en profondeur<\/h3>\n<p><img decoding=\"async\" src=\"\/wp-content\/uploads\/factory-11.webp\"\/><\/p>\n<h3>Atelier d'usinage de pr\u00e9cision CNC<\/h3>\n<p><img decoding=\"async\" src=\"\/wp-content\/uploads\/factory-11.5.webp\"\/><\/p>\n<h3>Entrep\u00f4t de produits finis et d'exportation<\/h3>\n<p><img decoding=\"async\" src=\"\/wp-content\/uploads\/factory-12.webp\"\/><\/p>\n<p><img decoding=\"async\" src=\"\/wp-content\/uploads\/factory-13.webp\"\/><\/p>\n<p><img decoding=\"async\" src=\"\/wp-content\/uploads\/factory-14.webp\"\/><\/p>\n<h2>FAQ<\/h2>\n<p><p><b>1) Qu'est-ce qu'un corps de moteur en aluminium extrud\u00e9 ? <\/b><\/p>\n<p> Un corps de moteur en aluminium extrud\u00e9 est un bo\u00eetier fabriqu\u00e9 avec pr\u00e9cision \u00e0 partir d'aluminium extrud\u00e9, utilis\u00e9 pour envelopper et prot\u00e9ger les composants d'un moteur \u00e9lectrique.<br \/>\n<\/p><br \/>\n<br \/>\n<p><b>2. quels sont les avantages des corps de moteur en aluminium extrud\u00e9 ? <\/b><\/p>\n<p> Les corps de moteur en aluminium extrud\u00e9 offrent une excellente dissipation de la chaleur, une grande l\u00e9g\u00e8ret\u00e9, une r\u00e9sistance \u00e0 la corrosion et une grande pr\u00e9cision dimensionnelle pour les assemblages de moteurs.<br \/>\n<\/p><br \/>\n<br \/>\n<p><b>3. pourquoi choisir l'aluminium pour l'extrusion du corps du moteur ? <\/b><\/p>\n<p> L'aluminium est id\u00e9al pour l'extrusion de corps de moteur en raison de sa conductivit\u00e9 thermique sup\u00e9rieure, de son faible poids, de sa r\u00e9sistance \u00e0 la corrosion et de sa facilit\u00e9 d'usinage.<br \/>\n<\/p><br \/>\n<br \/>\n<p><b>4) Comment l'extrusion d'aluminium am\u00e9liore-t-elle le refroidissement du moteur ? <\/b><\/p>\n<p> Les corps de moteur en aluminium extrud\u00e9 sont dot\u00e9s d'ailettes int\u00e9gr\u00e9es et d'une grande surface, ce qui permet une dissipation efficace de la chaleur et am\u00e9liore les performances du moteur.<br \/>\n<\/p><br \/>\n<br \/>\n<p><b>5. Les corps de moteurs en aluminium extrud\u00e9 sont-ils personnalisables ? <\/b><\/p>\n<p> Oui, les corps de moteurs en aluminium peuvent \u00eatre personnalis\u00e9s en termes de longueur, de section transversale, de finition de surface et de caract\u00e9ristiques de montage pour s'adapter \u00e0 diff\u00e9rentes conceptions de moteurs.<br \/>\n<\/p><br \/>\n<br \/>\n<p><b>6) Quelles sont les industries qui utilisent des corps de moteur en aluminium extrud\u00e9 ? <\/b><\/p>\n<p> Les corps de moteur en aluminium extrud\u00e9 sont couramment utilis\u00e9s dans les v\u00e9hicules \u00e9lectriques, les syst\u00e8mes de chauffage, de ventilation et de climatisation, les machines industrielles et les \u00e9quipements d'automatisation pour assurer la fiabilit\u00e9 du logement du moteur.<br \/>\n<\/p><br \/>\n<br \/>\n<p><b>7) Les corps de moteur en aluminium r\u00e9duisent-ils le poids total du moteur ? <\/b><\/p>\n<p> Oui, les corps de moteur en aluminium r\u00e9duisent consid\u00e9rablement le poids des moteurs par rapport aux bo\u00eetiers en acier, ce qui am\u00e9liore l'efficacit\u00e9 et la portabilit\u00e9.<br \/>\n<\/p><br \/>\n<br \/>\n<p><b>8. les corps de moteurs en aluminium extrud\u00e9 sont-ils durables ? <\/b><\/p>\n<p> Absolument, les corps de moteurs en aluminium extrud\u00e9 sont tr\u00e8s durables, offrant une r\u00e9sistance \u00e0 l'usure, \u00e0 la corrosion et aux contraintes m\u00e9caniques au fil du temps.<br \/>\n<\/p><br \/>\n<br \/>\n<p><b>9. quelles sont les finitions de surface disponibles pour les corps de moteurs en aluminium ? <\/b><\/p>\n<p> Les corps des moteurs en aluminium extrud\u00e9 peuvent \u00eatre anodis\u00e9s, rev\u00eatus de poudre ou sabl\u00e9s pour am\u00e9liorer la r\u00e9sistance \u00e0 la corrosion, l'esth\u00e9tique et l'isolation \u00e9lectrique.<br \/>\n<\/p><br \/>\n<br \/>\n<p><b>10. Comment les carrosseries des moteurs d'extrusion d'aluminium soutiennent-elles le d\u00e9veloppement durable ? <\/b><\/p>\n<p> L'aluminium est recyclable et sa transformation est \u00e9conome en \u00e9nergie, ce qui fait des corps de moteurs extrud\u00e9s en aluminium un choix \u00e9cologique pour les applications de moteurs \u00e9lectriques.<br \/>\n<\/p><br \/><\/p>","protected":false},"featured_media":6153,"template":"","categories":[58],"class_list":["post-6154","product","type-product","status-publish","has-post-thumbnail","hentry","category-aluminium-extrusion-profiles"],"meta_box":{"hilight_text_group":{"product_hilight_text":"<li>Excellent heat dissipation for efficient motor cooling<\/li>\r\r\n<li>Lightweight yet strong structure reduces overall motor weight<\/li>\r\r\n<li>Precision extruded for high dimensional accuracy<\/li>\r\r\n<li>Corrosion-resistant surface ensures long service life<\/li>\r\r\n<li>Customizable profiles to fit various motor designs<\/li>","product_chanpin_chanpin":"<li><a href=\"https:\/\/sinoextrud.com\/product\/linear-rail-aluminium-extrusion\/\" target=\"_blank\">Linear Rail Aluminium Extrusion<\/a><\/li>\r\n<li><a href=\"https:\/\/sinoextrud.com\/product\/led-strip-lights-aluminum-profile\/\" target=\"_blank\">Led Strip Lights Aluminum Profile<\/a><\/li>\r\n<li><a href=\"https:\/\/sinoextrud.com\/product\/retractable-awning-aluminum-tube\/\" target=\"_blank\">Retractable Awning Aluminum Tube<\/a><\/li>\r\n<li><a href=\"https:\/\/sinoextrud.com\/product\/aluminum-sign-extrusions\/\" target=\"_blank\">Aluminum Sign Extrusions<\/a><\/li>\r\n<li><a href=\"https:\/\/sinoextrud.com\/product\/aluminium-extrusion-motor-body\/\" target=\"_blank\">Aluminium Extrusion Motor Body<\/a><\/li>\r\n<li><a href=\"https:\/\/sinoextrud.com\/product\/aluminium-extrusion-6082-5083-aluminum-alloy-profile\/\" target=\"_blank\">Aluminium Extrusion 6082 5083 Aluminum Alloy Profile<\/a><\/li>\r\n<li><a href=\"https:\/\/sinoextrud.com\/product\/aluminium-edge-trim-profiles\/\" target=\"_blank\">Aluminium Edge Trim Profiles<\/a><\/li>\r\n<li><a href=\"https:\/\/sinoextrud.com\/product\/led-plant-growth-light-aluminum-profile\/\" target=\"_blank\">Led Plant Growth Light Aluminum Profile<\/a><\/li>\r\n<li><a href=\"https:\/\/sinoextrud.com\/product\/anodized-small-aluminum-extrusions\/\" target=\"_blank\">Anodized Small Aluminum Extrusions<\/a><\/li>\r\n<li><a href=\"https:\/\/sinoextrud.com\/product\/aluminum-extrusions-milling-cutting-and-assembly\/\" target=\"_blank\">Aluminum Extrusions Milling Cutting and Assembly<\/a><\/li>\r\n<li><a href=\"https:\/\/sinoextrud.com\/product\/extruded-aluminum-stock\/\" target=\"_blank\">Extruded Aluminum Stock<\/a><\/li>"},"feature_list":[]},"_links":{"self":[{"href":"https:\/\/sinoextrud.com\/fr\/wp-json\/wp\/v2\/product\/6154","targetHints":{"allow":["GET"]}}],"collection":[{"href":"https:\/\/sinoextrud.com\/fr\/wp-json\/wp\/v2\/product"}],"about":[{"href":"https:\/\/sinoextrud.com\/fr\/wp-json\/wp\/v2\/types\/product"}],"wp:featuredmedia":[{"embeddable":true,"href":"https:\/\/sinoextrud.com\/fr\/wp-json\/wp\/v2\/media\/6153"}],"wp:attachment":[{"href":"https:\/\/sinoextrud.com\/fr\/wp-json\/wp\/v2\/media?parent=6154"}],"wp:term":[{"taxonomy":"category","embeddable":true,"href":"https:\/\/sinoextrud.com\/fr\/wp-json\/wp\/v2\/categories?post=6154"}],"curies":[{"name":"wp","href":"https:\/\/api.w.org\/{rel}","templated":true}]}}