{"id":6149,"date":"2025-05-25T12:37:02","date_gmt":"2025-05-25T12:37:02","guid":{"rendered":"https:\/\/sinoextrud.com\/product\/retractable-awning-aluminum-tube\/"},"modified":"2025-06-24T03:54:11","modified_gmt":"2025-06-24T03:54:11","slug":"store-retractable-tube-aluminium","status":"publish","type":"product","link":"https:\/\/sinoextrud.com\/fr\/product\/retractable-awning-aluminum-tube\/","title":{"rendered":"Tube aluminium pour store r\u00e9tractable"},"content":{"rendered":"<h2>D\u00e9tails des produits<\/h2>\n<table class=\"custom-table\">\n<tr>\n<td class=\"label\">Nom du produit<\/td>\n<td>Tube aluminium pour store r\u00e9tractable<\/td>\n<\/tr>\n<tr>\n<td class=\"label\">Gamme de produits<\/td>\n<td>extrusions d'aluminium pour auvents \u00e9lectriques r\u00e9tractables, auvents en aluminium r\u00e9tractables, auvents r\u00e9tractables, tubes r\u00e9tractables, auvents de voiture r\u00e9tractables, bras d'auvents r\u00e9tractables, auvents r\u00e9tractables, etc.<\/td>\n<\/tr>\n<tr>\n<td class=\"label\">Alliage d'aluminium<\/td>\n<td>S\u00e9rie 1000, s\u00e9rie 200, s\u00e9rie 3000, s\u00e9rie 5000, s\u00e9rie 6000, s\u00e9rie 7000<\/td>\n<\/tr>\n<tr>\n<td class=\"label\">Temp\u00e9rer<\/td>\n<td>T3-T8<\/td>\n<\/tr>\n<tr>\n<td class=\"label\">Forme<\/td>\n<td>ronds, carr\u00e9s, etc.<\/td>\n<\/tr>\n<tr>\n<td class=\"label\">Couleur<\/td>\n<td>personnalisation<\/td>\n<\/tr>\n<tr>\n<td class=\"label\">Traitement de surface<\/td>\n<td>finition en usine, anodisation, grain de bois, rev\u00eatement en poudre, sablage, \u00e9lectrophor\u00e8se, brossage, polissage, etc.<\/td>\n<\/tr>\n<tr>\n<td class=\"label\">Traitement en profondeur CNC<\/td>\n<td>couper, percer, usiner, poin\u00e7onner, plier, tarauder, etc.<\/td>\n<\/tr>\n<tr>\n<td class=\"label\">Certifications<\/td>\n<td>CE, ISO, SGS, TUV, ROHS<\/td>\n<\/tr>\n<tr>\n<td class=\"label\">\u00c9chantillons<\/td>\n<td>\u00e9chantillon gratuit. Livraison en 1-3 jours.<\/td>\n<\/tr>\n<tr>\n<td class=\"label\">MOQ<\/td>\n<td>200KG pour chaque profil<\/td>\n<\/tr>\n<tr>\n<td class=\"label\">D\u00e9lai de livraison<\/td>\n<td>La mise au point du moule et la confirmation de l'\u00e9chantillon prennent 12 \u00e0 15 jours, puis la production prend 15 \u00e0 25 jours apr\u00e8s r\u00e9ception de l'acompte de l'acheteur.<\/td>\n<\/tr>\n<tr>\n<td class=\"label\">Conditions de paiement<\/td>\n<td>30% d\u00e9p\u00f4t avant la production, et le solde avant l'exp\u00e9dition.<\/td>\n<\/tr>\n<\/table>\n<h2>Notre base de production<\/h2>\n<h3>Panorama de l'usine<\/h3>\n<p><img decoding=\"async\" src=\"\/wp-content\/uploads\/factory-01.webp\"\/><\/p>\n<h3>Atelier de fabrication de barres d'aluminium<\/h3>\n<p><img decoding=\"async\" src=\"\/wp-content\/uploads\/factory-02.webp\"\/><\/p>\n<p><img decoding=\"async\" src=\"\/wp-content\/uploads\/factory-03.webp\"\/><\/p>\n<h3>Entrep\u00f4t de stockage des moules<\/h3>\n<p><img decoding=\"async\" src=\"\/wp-content\/uploads\/factory-04.webp\"\/><\/p>\n<h3>43 lignes d'extrusion d'aluminium (500 \u00e0 5500 tonnes)<\/h3>\n<p><img decoding=\"async\" src=\"\/wp-content\/uploads\/factory-05.webp\"\/><\/p>\n<p><img decoding=\"async\" src=\"\/wp-content\/uploads\/factory-06.webp\"\/><\/p>\n<p><img decoding=\"async\" src=\"\/wp-content\/uploads\/factory-07.webp\"\/><\/p>\n<h3>Atelier de peinture en poudre<\/h3>\n<p><img decoding=\"async\" src=\"\/wp-content\/uploads\/factory-09.webp\"\/><\/p>\n<h3>Atelier d'anodisation<\/h3>\n<p><img decoding=\"async\" src=\"\/wp-content\/uploads\/factory-10.webp\"\/><\/p>\n<h3>Atelier sur le traitement en profondeur<\/h3>\n<p><img decoding=\"async\" src=\"\/wp-content\/uploads\/factory-11.webp\"\/><\/p>\n<h3>Atelier d'usinage de pr\u00e9cision CNC<\/h3>\n<p><img decoding=\"async\" src=\"\/wp-content\/uploads\/factory-11.5.webp\"\/><\/p>\n<h3>Entrep\u00f4t de produits finis et d'exportation<\/h3>\n<p><img decoding=\"async\" src=\"\/wp-content\/uploads\/factory-12.webp\"\/><\/p>\n<p><img decoding=\"async\" src=\"\/wp-content\/uploads\/factory-13.webp\"\/><\/p>\n<p><img decoding=\"async\" src=\"\/wp-content\/uploads\/factory-14.webp\"\/><\/p>\n<h2>FAQ<\/h2>\n<p><p><b>1) Qu'est-ce qu'un tube en aluminium pour store r\u00e9tractable ? <\/b><\/p>\n<p> Le tube en aluminium d'un auvent r\u00e9tractable est le composant structurel central qui soutient et enroule la toile des auvents r\u00e9tractables, offrant solidit\u00e9 et r\u00e9sistance \u00e0 la corrosion.<br \/>\n<\/p><br \/>\n<br \/>\n<p><b>2) Quels sont les avantages de l'utilisation de tubes en aluminium pour les stores r\u00e9tractables ? <\/b><\/p>\n<p> Les tubes en aluminium offrent une durabilit\u00e9 l\u00e9g\u00e8re, une r\u00e9sistance \u00e0 la rouille, une stabilit\u00e9 structurelle et un fonctionnement souple, ce qui les rend id\u00e9aux pour les syst\u00e8mes de stores r\u00e9tractables.<br \/>\n<\/p><br \/>\n<br \/>\n<p><b>3) Pourquoi choisir un tube en aluminium pour un store r\u00e9tractable ? <\/b><\/p>\n<p> Les tubes en aluminium sont pr\u00e9f\u00e9r\u00e9s pour les stores r\u00e9tractables en raison de leur excellent rapport poids\/r\u00e9sistance, de leur r\u00e9sistance aux intemp\u00e9ries et de leur fiabilit\u00e9 \u00e0 long terme.<br \/>\n<\/p><br \/>\n<br \/>\n<p><b>4. les tubes en aluminium des auvents r\u00e9tractables sont-ils r\u00e9sistants aux intemp\u00e9ries ? <\/b><\/p>\n<p> Oui, les tubes en aluminium des stores r\u00e9tractables sont tr\u00e8s r\u00e9sistants aux intemp\u00e9ries et peuvent supporter le soleil, la pluie et le vent sans rouiller ni se d\u00e9t\u00e9riorer avec le temps.<br \/>\n<\/p><br \/>\n<br \/>\n<p><b>5. les tubes en aluminium de l'auvent r\u00e9tractable peuvent-ils supporter de grandes port\u00e9es ? <\/b><\/p>\n<p> Absolument, les tubes en aluminium de haute qualit\u00e9 sont con\u00e7us pour supporter de grandes port\u00e9es de toile de store sans se plier ou s'affaisser, assurant ainsi une couverture stable.<br \/>\n<\/p><br \/>\n<br \/>\n<p><b>6) Quelle est la l\u00e9g\u00e8ret\u00e9 des tubes en aluminium pour les stores r\u00e9tractables ? <\/b><\/p>\n<p> Les tubes en aluminium sont beaucoup plus l\u00e9gers que l'acier, ce qui r\u00e9duit la charge du moteur, simplifie l'installation et am\u00e9liore la facilit\u00e9 d'utilisation des syst\u00e8mes r\u00e9tractables.<br \/>\n<\/p><br \/>\n<br \/>\n<p><b>7. les tubes en aluminium peuvent-ils \u00eatre personnalis\u00e9s pour diff\u00e9rents mod\u00e8les d'auvents ? <\/b><\/p>\n<p> Oui, les tubes en aluminium peuvent \u00eatre coup\u00e9s \u00e0 des longueurs sp\u00e9cifiques, anodis\u00e9s ou rev\u00eatus d'une peinture en poudre pour s'harmoniser avec les diff\u00e9rents styles d'auvents r\u00e9tractables et les diff\u00e9rentes couleurs.<br \/>\n<\/p><br \/>\n<br \/>\n<p><b>8. les tubes en aluminium am\u00e9liorent-ils la long\u00e9vit\u00e9 des stores r\u00e9tractables ? <\/b><\/p>\n<p> Oui, l'utilisation de tubes en aluminium am\u00e9liore la durabilit\u00e9 et la dur\u00e9e de vie des stores r\u00e9tractables en r\u00e9sistant \u00e0 la corrosion et \u00e0 l'usure m\u00e9canique.<br \/>\n<\/p><br \/>\n<br \/>\n<p><b>9. Comment les tubes en aluminium sont-ils install\u00e9s dans les auvents r\u00e9tractables ? <\/b><\/p>\n<p> Les tubes en aluminium sont g\u00e9n\u00e9ralement mont\u00e9s dans le m\u00e9canisme d'enroulement de l'auvent et fix\u00e9s \u00e0 l'aide de supports et d'embouts, ce qui garantit une r\u00e9traction et une extension en douceur.<br \/>\n<\/p><br \/>\n<br \/>\n<p><b>10. pourquoi l'aluminium est-il pr\u00e9f\u00e9rable \u00e0 l'acier pour les tubes des stores r\u00e9tractables ? <\/b><\/p>\n<p> L'aluminium est inoxydable, plus l\u00e9ger et plus facile \u00e0 manipuler que l'acier, ce qui en fait un mat\u00e9riau de qualit\u00e9 sup\u00e9rieure pour les tubes de stores r\u00e9tractables dans les environnements ext\u00e9rieurs.<br \/>\n<\/p><br \/><\/p>","protected":false},"featured_media":6148,"template":"","categories":[58],"class_list":["post-6149","product","type-product","status-publish","has-post-thumbnail","hentry","category-aluminium-extrusion-profiles"],"meta_box":{"hilight_text_group":{"product_hilight_text":"<li>High-strength aluminum ensures durability and wind resistance<\/li>\r\r\n<li>Lightweight for easy installation and smooth retraction<\/li>\r\r\n<li>Corrosion-resistant finish suitable for outdoor environments<\/li>\r\r\n<li>Supports custom lengths and diameters for various awning systems<\/li>\r\r\n<li>Compatible with manual and motorized retractable mechanisms<\/li>","product_chanpin_chanpin":"<li><a href=\"https:\/\/sinoextrud.com\/product\/aluminium-door-extrusions-profiles\/\" target=\"_blank\">Aluminium Door Extrusions Profiles<\/a><\/li>\r\n<li><a href=\"https:\/\/sinoextrud.com\/product\/aluminium-extrusion-profile-handle\/\" target=\"_blank\">Aluminium Extrusion Profile Handle<\/a><\/li>\r\n<li><a href=\"https:\/\/sinoextrud.com\/product\/linear-rail-aluminium-extrusion\/\" target=\"_blank\">Linear Rail Aluminium Extrusion<\/a><\/li>\r\n<li><a href=\"https:\/\/sinoextrud.com\/product\/led-strip-lights-aluminum-profile\/\" target=\"_blank\">Led Strip Lights Aluminum Profile<\/a><\/li>\r\n<li><a href=\"https:\/\/sinoextrud.com\/product\/retractable-awning-aluminum-tube\/\" target=\"_blank\">Retractable Awning Aluminum Tube<\/a><\/li>\r\n<li><a href=\"https:\/\/sinoextrud.com\/product\/aluminum-sign-extrusions\/\" target=\"_blank\">Aluminum Sign Extrusions<\/a><\/li>\r\n<li><a href=\"https:\/\/sinoextrud.com\/product\/aluminium-extrusion-motor-body\/\" target=\"_blank\">Aluminium Extrusion Motor Body<\/a><\/li>\r\n<li><a href=\"https:\/\/sinoextrud.com\/product\/aluminium-extrusion-6082-5083-aluminum-alloy-profile\/\" target=\"_blank\">Aluminium Extrusion 6082 5083 Aluminum Alloy Profile<\/a><\/li>\r\n<li><a href=\"https:\/\/sinoextrud.com\/product\/aluminium-edge-trim-profiles\/\" target=\"_blank\">Aluminium Edge Trim Profiles<\/a><\/li>\r\n<li><a href=\"https:\/\/sinoextrud.com\/product\/aluminum-machining-round-tube-processing-by-aluminum-profile-cad-vs-aluminium-alloy-customized-anodized\/\" target=\"_blank\">aluminum machining round tube processing by aluminum profile cad  vs aluminium alloy Customized Anodized<\/a><\/li>\r\n<li><a href=\"https:\/\/sinoextrud.com\/product\/aluminum-casement-door\/\" target=\"_blank\">Aluminum Casement Door<\/a><\/li>"},"feature_list":[]},"_links":{"self":[{"href":"https:\/\/sinoextrud.com\/fr\/wp-json\/wp\/v2\/product\/6149","targetHints":{"allow":["GET"]}}],"collection":[{"href":"https:\/\/sinoextrud.com\/fr\/wp-json\/wp\/v2\/product"}],"about":[{"href":"https:\/\/sinoextrud.com\/fr\/wp-json\/wp\/v2\/types\/product"}],"wp:featuredmedia":[{"embeddable":true,"href":"https:\/\/sinoextrud.com\/fr\/wp-json\/wp\/v2\/media\/6148"}],"wp:attachment":[{"href":"https:\/\/sinoextrud.com\/fr\/wp-json\/wp\/v2\/media?parent=6149"}],"wp:term":[{"taxonomy":"category","embeddable":true,"href":"https:\/\/sinoextrud.com\/fr\/wp-json\/wp\/v2\/categories?post=6149"}],"curies":[{"name":"wp","href":"https:\/\/api.w.org\/{rel}","templated":true}]}}