{"id":6058,"date":"2025-05-24T03:40:03","date_gmt":"2025-05-24T03:40:03","guid":{"rendered":"https:\/\/sinoextrud.com\/product\/anodized-aluminum\/"},"modified":"2025-06-24T03:53:58","modified_gmt":"2025-06-24T03:53:58","slug":"aluminium-anodise","status":"publish","type":"product","link":"https:\/\/sinoextrud.com\/fr\/product\/anodized-aluminum\/","title":{"rendered":"Aluminium anodis\u00e9"},"content":{"rendered":"<h2>D\u00e9tails des produits<\/h2>\n<table class=\"custom-table\">\n<tr>\n<td class=\"label\">Nom du produit<\/td>\n<td>Aluminium anodis\u00e9<\/td>\n<\/tr>\n<tr>\n<td class=\"label\">Mat\u00e9riau<\/td>\n<td>S\u00e9rie 6000, comme 6063-t5<\/td>\n<\/tr>\n<tr>\n<td class=\"label\">\u00c9paisseur<\/td>\n<td>Epaisseur des profil\u00e9s : ?1.2 mm ; anodisation ferme : 10 microns<\/td>\n<\/tr>\n<tr>\n<td class=\"label\">Longueur<\/td>\n<td>1m -9m par pi\u00e8ce.<\/td>\n<\/tr>\n<tr>\n<td class=\"label\">Forme<\/td>\n<td>Poign\u00e9e de fen\u00eatre en aluminium, 30*28mm<\/td>\n<\/tr>\n<tr>\n<td class=\"label\">Traitement de surface<\/td>\n<td>anodis\u00e9 argent mat<\/td>\n<\/tr>\n<tr>\n<td class=\"label\">Couleur<\/td>\n<td>argent liquide<\/td>\n<\/tr>\n<tr>\n<td class=\"label\">Application<\/td>\n<td>fen\u00eatre en aluminium, porte coulissante. Profil\u00e9 d\u00e9coratif<\/td>\n<\/tr>\n<tr>\n<td class=\"label\">MOQ<\/td>\n<td>200KG pour chaque article<\/td>\n<\/tr>\n<\/table>\n<h2>Notre base de production<\/h2>\n<h3>Panorama de l'usine<\/h3>\n<p><img decoding=\"async\" src=\"\/wp-content\/uploads\/factory-01.webp\"\/><\/p>\n<h3>Atelier de fabrication de barres d'aluminium<\/h3>\n<p><img decoding=\"async\" src=\"\/wp-content\/uploads\/factory-02.webp\"\/><\/p>\n<\/p>\n<p><img decoding=\"async\" src=\"\/wp-content\/uploads\/factory-03.webp\"\/><\/p>\n<h3>Entrep\u00f4t de stockage des moules<\/h3>\n<p><img decoding=\"async\" src=\"\/wp-content\/uploads\/factory-04.webp\"\/><\/p>\n<h3>43 lignes d'extrusion d'aluminium (500-5500 tonnes)<\/h3>\n<p><img decoding=\"async\" src=\"\/wp-content\/uploads\/factory-05.webp\"\/><\/p>\n<p><img decoding=\"async\" src=\"\/wp-content\/uploads\/factory-06.webp\"\/><\/p>\n<p><img decoding=\"async\" src=\"\/wp-content\/uploads\/factory-07.webp\"\/><\/p>\n<h3>Atelier de peinture en poudre<\/h3>\n<p><img decoding=\"async\" src=\"\/wp-content\/uploads\/factory-09.webp\"\/><\/p>\n<h3>Atelier d'anodisation<\/h3>\n<p><img decoding=\"async\" src=\"\/wp-content\/uploads\/factory-10.webp\"\/><\/p>\n<h3>Atelier sur le traitement en profondeur<\/h3>\n<p><img decoding=\"async\" src=\"\/wp-content\/uploads\/factory-11.webp\"\/><\/p>\n<h3>Atelier d'usinage de pr\u00e9cision CNC<\/h3>\n<p><img decoding=\"async\" src=\"\/wp-content\/uploads\/factory-11.5.webp\"\/><\/p>\n<h3>Entrep\u00f4t de produits finis et d'exportation<\/h3>\n<p><img decoding=\"async\" src=\"\/wp-content\/uploads\/factory-12.webp\"\/><\/p>\n<p><img decoding=\"async\" src=\"\/wp-content\/uploads\/factory-13.webp\"\/><\/p>\n<p><img decoding=\"async\" src=\"\/wp-content\/uploads\/factory-14.webp\"\/><\/p>\n<h2>FAQ<\/h2>\n<p><b>1) Qu'est-ce que l'aluminium anodis\u00e9 ? <\/b><\/p>\n<p> L'aluminium anodis\u00e9 est un aluminium qui a \u00e9t\u00e9 trait\u00e9 par un processus \u00e9lectrochimique pour cr\u00e9er une couche d'oxyde durable, r\u00e9sistante \u00e0 la corrosion et d\u00e9corative.\n<\/p>\n<p><\/p>\n<p><b>2) Quels sont les principaux avantages de l'aluminium anodis\u00e9 ? <\/b><\/p>\n<p> L'aluminium anodis\u00e9 offre une meilleure r\u00e9sistance \u00e0 la corrosion, une plus grande duret\u00e9 de la surface, une protection contre les UV, une couleur durable et une finition m\u00e9tallique \u00e9l\u00e9gante.\n<\/p>\n<p><\/p>\n<p><b>3. pourquoi choisir l'aluminium anodis\u00e9 plut\u00f4t que l'aluminium non anodis\u00e9 ? <\/b><\/p>\n<p> L'aluminium anodis\u00e9 est plus durable, r\u00e9sistant aux rayures et visuellement attrayant, ce qui le rend id\u00e9al pour les applications fonctionnelles et d\u00e9coratives.\n<\/p>\n<p><\/p>\n<p><b>4. l'aluminium anodis\u00e9 convient-il \u00e0 une utilisation en ext\u00e9rieur ? <\/b><\/p>\n<p> Oui, la surface anodis\u00e9e prot\u00e8ge contre les rayons UV, l'humidit\u00e9 et la corrosion environnementale, ce qui en fait un produit id\u00e9al pour les applications ext\u00e9rieures et architecturales.\n<\/p>\n<p><\/p>\n<p><b>5. l'aluminium anodis\u00e9 peut-il \u00eatre color\u00e9 ? <\/b><\/p>\n<p> Absolument, le processus d'anodisation permet l'int\u00e9gration de diff\u00e9rentes couleurs, dont le noir, l'argent, le bronze, l'or et le champagne, tout en conservant l'aspect m\u00e9tallique.\n<\/p>\n<p><\/p>\n<p><b>6) Quelles sont les industries qui utilisent couramment l'aluminium anodis\u00e9 ? <\/b><\/p>\n<p> Il est largement utilis\u00e9 dans la construction, l'\u00e9lectronique, l'automobile, l'a\u00e9rospatiale, l'ameublement, la signalisation et les produits de consommation en raison de sa r\u00e9sistance et de son attrait visuel.\n<\/p>\n<p><\/p>\n<p><b>7. quelle est la durabilit\u00e9 de la finition anodis\u00e9e ? <\/b><\/p>\n<p> La couche anodis\u00e9e est extr\u00eamement durable, ne s'\u00e9caille pas et peut durer des d\u00e9cennies dans des conditions normales d'utilisation et d'environnement.\n<\/p>\n<p><\/p>\n<p><b>8. l'aluminium anodis\u00e9 est-il \u00e9cologique ? <\/b><\/p>\n<p> Oui, l'aluminium est 100% recyclable et le processus d'anodisation est non toxique et sans danger pour l'environnement, ce qui en fait un choix de mat\u00e9riau durable.\n<\/p>\n<p><\/p>\n<p><b>9. l'aluminium anodis\u00e9 n\u00e9cessite-t-il un entretien ? <\/b><\/p>\n<p> L'entretien est minime : il suffit de le nettoyer avec de l'eau et du savon doux pour en pr\u00e9server l'aspect et les performances.\n<\/p>\n<p><\/p>\n<p><b>10. l'aluminium anodis\u00e9 peut-il \u00eatre personnalis\u00e9 ? <\/b><\/p>\n<p> Oui, il peut \u00eatre extrud\u00e9, fa\u00e7onn\u00e9 et anodis\u00e9 dans diff\u00e9rentes couleurs et finitions pour r\u00e9pondre \u00e0 des exigences sp\u00e9cifiques en mati\u00e8re de conception et de fonctionnalit\u00e9.\n<\/p>\n<p><\/p>","protected":false},"featured_media":6057,"template":"","categories":[57],"class_list":["post-6058","product","type-product","status-publish","has-post-thumbnail","hentry","category-anodized-aluminum-profile"],"meta_box":{"hilight_text_group":{"product_hilight_text":"<li>Enhanced corrosion and wear resistance for long-term durability<\/li>\r\r\n<li>Attractive and uniform surface finish ideal for visible applications<\/li>\r\r\n<li>Available in various colors and textures for design flexibility<\/li>\r\r\n<li>Improved surface hardness suitable for demanding environments<\/li>\r\r\n<li>Low maintenance and environmentally friendly surface treatment<\/li>","product_chanpin_chanpin":"<li><a href=\"https:\/\/sinoextrud.com\/product\/extruded-aluminum-stock\/\" target=\"_blank\">Extruded Aluminum Stock<\/a><\/li>\r\n<li><a href=\"https:\/\/sinoextrud.com\/product\/custom-anodized-aluminium-profiles\/\" target=\"_blank\">Custom Anodized Aluminium Profiles<\/a><\/li>\r\n<li><a href=\"https:\/\/sinoextrud.com\/product\/aluminium-profile-corner-joint\/\" target=\"_blank\">Aluminium Profile Corner Joint<\/a><\/li>\r\n<li><a href=\"https:\/\/sinoextrud.com\/product\/industrial-aluminum-brushed-polish-profile-for-railing-and-showroom-decoration\/\" target=\"_blank\">Industrial Aluminum Brushed Polish Profile For Railing And Showroom Decoration<\/a><\/li>\r\n<li><a href=\"https:\/\/sinoextrud.com\/product\/anodized-aluminum\/\" target=\"_blank\">Anodized Aluminum<\/a><\/li>\r\n<li><a href=\"https:\/\/sinoextrud.com\/product\/large-aluminum-extrusion-2\/\" target=\"_blank\">Large Aluminum Extrusion<\/a><\/li>\r\n<li><a href=\"https:\/\/sinoextrud.com\/product\/aluminium-door-extrusions-profiles\/\" target=\"_blank\">Aluminium Door Extrusions Profiles<\/a><\/li>\r\n<li><a href=\"https:\/\/sinoextrud.com\/product\/aluminium-extrusion-profile-handle\/\" target=\"_blank\">Aluminium Extrusion Profile Handle<\/a><\/li>\r\n<li><a href=\"https:\/\/sinoextrud.com\/product\/linear-rail-aluminium-extrusion\/\" target=\"_blank\">Linear Rail Aluminium Extrusion<\/a><\/li>\r\n<li><a href=\"https:\/\/sinoextrud.com\/product\/aluminum-handrail-profiles\/\" target=\"_blank\">Aluminum Handrail Profiles<\/a><\/li>\r\n<li><a href=\"https:\/\/sinoextrud.com\/product\/round-aluminum-extrusion-profiles\/\" target=\"_blank\">Round Aluminum Extrusion Profiles<\/a><\/li>"},"feature_list":[]},"_links":{"self":[{"href":"https:\/\/sinoextrud.com\/fr\/wp-json\/wp\/v2\/product\/6058","targetHints":{"allow":["GET"]}}],"collection":[{"href":"https:\/\/sinoextrud.com\/fr\/wp-json\/wp\/v2\/product"}],"about":[{"href":"https:\/\/sinoextrud.com\/fr\/wp-json\/wp\/v2\/types\/product"}],"wp:featuredmedia":[{"embeddable":true,"href":"https:\/\/sinoextrud.com\/fr\/wp-json\/wp\/v2\/media\/6057"}],"wp:attachment":[{"href":"https:\/\/sinoextrud.com\/fr\/wp-json\/wp\/v2\/media?parent=6058"}],"wp:term":[{"taxonomy":"category","embeddable":true,"href":"https:\/\/sinoextrud.com\/fr\/wp-json\/wp\/v2\/categories?post=6058"}],"curies":[{"name":"wp","href":"https:\/\/api.w.org\/{rel}","templated":true}]}}