{"id":6050,"date":"2025-05-24T03:18:57","date_gmt":"2025-05-24T03:18:57","guid":{"rendered":"https:\/\/sinoextrud.com\/product\/extruded-aluminum-stock\/"},"modified":"2025-06-24T03:53:48","modified_gmt":"2025-06-24T03:53:48","slug":"stock-daluminium-extrude","status":"publish","type":"product","link":"https:\/\/sinoextrud.com\/fr\/product\/extruded-aluminum-stock\/","title":{"rendered":"Aluminium extrud\u00e9"},"content":{"rendered":"<h2>D\u00e9tails des produits<\/h2>\n<table class=\"custom-table\">\n<tr>\n<td class=\"label\">Nom<\/td>\n<td>Aluminium extrud\u00e9<\/td>\n<\/tr>\n<tr>\n<td class=\"label\">Cat\u00e9gorie<\/td>\n<td>Sections en aluminium<\/td>\n<\/tr>\n<tr>\n<td class=\"label\">Type<\/td>\n<td>Type lourd ou l\u00e9ger disponible<\/td>\n<\/tr>\n<tr>\n<td class=\"label\">Mat\u00e9riau<\/td>\n<td>La norme 6061 est largement utilis\u00e9e. 6063, 6463, 6005, 6082 sont \u00e9galement disponibles.<\/td>\n<\/tr>\n<tr>\n<td class=\"label\">Temp\u00e9rer<\/td>\n<td>T5-T8<\/td>\n<\/tr>\n<tr>\n<td class=\"label\">Longueur<\/td>\n<td>1-9m ou personnalisation<\/td>\n<\/tr>\n<tr>\n<td class=\"label\">Taille (mm)<\/td>\n<td>Diff\u00e9rentes tailles, vous pouvez nous contacter pour plus de d\u00e9tails.<\/td>\n<\/tr>\n<tr>\n<td class=\"label\">\u00c9paisseur<\/td>\n<td>Sup\u00e9rieure \u00e0 0,7MM<\/td>\n<\/tr>\n<tr>\n<td class=\"label\">Forme<\/td>\n<td>Personnalisation<\/td>\n<\/tr>\n<tr>\n<td class=\"label\">Traitement de surface<\/td>\n<td>Finition en usine, anodisation, sablage, \u00e9lectrophor\u00e8se, rev\u00eatement, etc.<\/td>\n<\/tr>\n<tr>\n<td class=\"label\">Couleur<\/td>\n<td>Argent, noir, blanc, rouge, jaune, champagne ou couleur personnalis\u00e9e<\/td>\n<\/tr>\n<tr>\n<td class=\"label\">De<\/td>\n<td>Guangdong, Chine<\/td>\n<\/tr>\n<tr>\n<td class=\"label\">Application<\/td>\n<td>Industrie, b\u00e2timent, architecture, d\u00e9coration<\/td>\n<\/tr>\n<tr>\n<td class=\"label\"><\/td>\n<td><\/td>\n<td><\/td>\n<td><\/td>\n<\/tr>\n<\/table>\n<h2>Notre base de production<\/h2>\n<h3>Panorama de l'usine<\/h3>\n<p><img decoding=\"async\" src=\"\/wp-content\/uploads\/factory-01.webp\"\/><\/p>\n<h3>Atelier de fabrication de barres d'aluminium<\/h3>\n<p><img decoding=\"async\" src=\"\/wp-content\/uploads\/factory-02.webp\"\/><\/p>\n<\/p>\n<p><img decoding=\"async\" src=\"\/wp-content\/uploads\/factory-03.webp\"\/><\/p>\n<h3>Entrep\u00f4t de stockage des moules<\/h3>\n<p><img decoding=\"async\" src=\"\/wp-content\/uploads\/factory-04.webp\"\/><\/p>\n<h3>43 lignes d'extrusion d'aluminium (500 \u00e0 5500 tonnes)<\/h3>\n<p><img decoding=\"async\" src=\"\/wp-content\/uploads\/factory-05.webp\"\/><\/p>\n<p><img decoding=\"async\" src=\"\/wp-content\/uploads\/factory-06.webp\"\/><\/p>\n<p><img decoding=\"async\" src=\"\/wp-content\/uploads\/factory-07.webp\"\/><\/p>\n<h3>Atelier de peinture en poudre<\/h3>\n<p><img decoding=\"async\" src=\"\/wp-content\/uploads\/factory-09.webp\"\/><\/p>\n<h3>Atelier d'anodisation<\/h3>\n<p><img decoding=\"async\" src=\"\/wp-content\/uploads\/factory-10.webp\"\/><\/p>\n<h3>Atelier sur le traitement en profondeur<\/h3>\n<p><img decoding=\"async\" src=\"\/wp-content\/uploads\/factory-11.webp\"\/><\/p>\n<h3>Atelier d'usinage de pr\u00e9cision CNC<\/h3>\n<p><img decoding=\"async\" src=\"\/wp-content\/uploads\/factory-11.5.webp\"\/><\/p>\n<h3>Entrep\u00f4t de produits finis et d'exportation<\/h3>\n<p><img decoding=\"async\" src=\"\/wp-content\/uploads\/factory-12.webp\"\/><\/p>\n<p><img decoding=\"async\" src=\"\/wp-content\/uploads\/factory-13.webp\"\/><\/p>\n<p><img decoding=\"async\" src=\"\/wp-content\/uploads\/factory-14.webp\"\/><\/p>\n<h2>FAQ<\/h2>\n<p><b>1) Qu'est-ce que l'aluminium extrud\u00e9 ? <\/b><\/p>\n<p> Le stock d'aluminium extrud\u00e9 fait r\u00e9f\u00e9rence aux profils d'aluminium pr\u00e9form\u00e9s cr\u00e9\u00e9s en for\u00e7ant l'aluminium \u00e0 travers une matrice, disponibles dans des formes et des tailles standard pour une utilisation imm\u00e9diate dans la fabrication et l'industrie.\n<\/p>\n<p><\/p>\n<p><b>2. quels sont les avantages de l'utilisation de l'aluminium extrud\u00e9 ? <\/b><\/p>\n<p> L'aluminium extrud\u00e9 offre un rapport r\u00e9sistance\/poids \u00e9lev\u00e9, une r\u00e9sistance \u00e0 la corrosion, une facilit\u00e9 d'usinage et une disponibilit\u00e9 rentable pour une large gamme d'applications.\n<\/p>\n<p><\/p>\n<p><b>3. pourquoi choisir l'aluminium extrud\u00e9 plut\u00f4t que d'autres mat\u00e9riaux ? <\/b><\/p>\n<p> L'aluminium extrud\u00e9 est l\u00e9ger, durable, recyclable et facile \u00e0 travailler, ce qui le rend id\u00e9al pour les utilisations structurelles, architecturales et industrielles.\n<\/p>\n<p><\/p>\n<p><b>4) Quelles sont les formes disponibles pour les produits en aluminium extrud\u00e9 ? <\/b><\/p>\n<p> Les formes courantes comprennent les angles, les canaux, les tubes, les barres et les profil\u00e9s sur mesure, adapt\u00e9s \u00e0 divers besoins en mati\u00e8re de construction et d'ing\u00e9nierie.\n<\/p>\n<p><\/p>\n<p><b>5. le stock d'aluminium extrud\u00e9 est-il personnalisable ? <\/b><\/p>\n<p> En effet, si le stock standard est facilement disponible, il peut \u00e9galement \u00eatre personnalis\u00e9 en termes d'alliage, de taille, de longueur et de finition pour r\u00e9pondre aux exigences sp\u00e9cifiques d'un projet.\n<\/p>\n<p><\/p>\n<p><b>6) Quelles sont les industries qui utilisent l'aluminium extrud\u00e9 ? <\/b><\/p>\n<p> Les industries telles que la construction, le transport, l'a\u00e9rospatiale, l'\u00e9lectronique et la fabrication de meubles utilisent largement l'aluminium extrud\u00e9 pour les cadres, les supports et les bo\u00eetiers.\n<\/p>\n<p><\/p>\n<p><b>7. l'aluminium extrud\u00e9 peut-il \u00eatre anodis\u00e9 ou recouvert d'un rev\u00eatement en poudre ? <\/b><\/p>\n<p> L'aluminium extrud\u00e9 peut \u00eatre facilement anodis\u00e9 ou rev\u00eatu de poudre pour am\u00e9liorer la r\u00e9sistance \u00e0 la corrosion et l'attrait esth\u00e9tique.\n<\/p>\n<p><\/p>\n<p><b>8. l'aluminium extrud\u00e9 est-il adapt\u00e9 aux applications ext\u00e9rieures ? <\/b><\/p>\n<p> Oui, lorsqu'il est trait\u00e9 avec des finitions protectrices, il r\u00e9siste bien aux environnements ext\u00e9rieurs, \u00e0 la rouille, aux rayons UV et \u00e0 l'humidit\u00e9.\n<\/p>\n<p><\/p>\n<p><b>9. est-il facile de travailler avec de l'aluminium extrud\u00e9 ? <\/b><\/p>\n<p> Il est tr\u00e8s facile \u00e0 couper, \u00e0 percer, \u00e0 souder et \u00e0 assembler, ce qui en fait un choix privil\u00e9gi\u00e9 pour le bricolage, la fabrication industrielle et commerciale.\n<\/p>\n<p><\/p>\n<p><b>10. le stock d'aluminium extrud\u00e9 est-il un mat\u00e9riau \u00e9cologique ? <\/b><\/p>\n<p> Oui, l'aluminium est 100% recyclable et le processus d'extrusion g\u00e9n\u00e8re un minimum de d\u00e9chets, ce qui favorise les pratiques de fabrication durables.\n<\/p>\n<p><\/p>","protected":false},"featured_media":6049,"template":"","categories":[57],"class_list":["post-6050","product","type-product","status-publish","has-post-thumbnail","hentry","category-anodized-aluminum-profile"],"meta_box":{"hilight_text_group":{"product_hilight_text":"<li>Ready-to-ship inventory ensures fast delivery and reduced lead times<\/li>\r\r\n<li>Wide range of standard shapes and sizes suitable for various industries<\/li>\r\r\n<li>Made from high-quality alloys like 6061 and 6063 for strength and machinability<\/li>\r\r\n<li>Ideal for structural, architectural, and fabrication applications<\/li>\r\r\n<li>Cost-effective solution for prototyping and small-batch production<\/li>","product_chanpin_chanpin":"<li><a href=\"https:\/\/sinoextrud.com\/product\/anodized-extruded-aluminum-edging-for-plywood\/\" target=\"_blank\">Anodized Extruded Aluminum Edging For Plywood<\/a><\/li>\r\n<li><a href=\"https:\/\/sinoextrud.com\/product\/extruded-aluminium-profile-with-sand-blasted-treatment\/\" target=\"_blank\">Extruded Aluminium Profile With Sand Blasted Treatment<\/a><\/li>\r\n<li><a href=\"https:\/\/sinoextrud.com\/product\/anodized-aluminum-trim-molding\/\" target=\"_blank\">Anodized Aluminum Trim Molding<\/a><\/li>\r\n<li><a href=\"https:\/\/sinoextrud.com\/product\/sandblasted-aluminum-profile\/\" target=\"_blank\">Sandblasted Aluminum Profile<\/a><\/li>\r\n<li><a href=\"https:\/\/sinoextrud.com\/product\/extruded-aluminum-stock\/\" target=\"_blank\">Extruded Aluminum Stock<\/a><\/li>\r\n<li><a href=\"https:\/\/sinoextrud.com\/product\/custom-anodized-aluminium-profiles\/\" target=\"_blank\">Custom Anodized Aluminium Profiles<\/a><\/li>\r\n<li><a href=\"https:\/\/sinoextrud.com\/product\/aluminium-profile-corner-joint\/\" target=\"_blank\">Aluminium Profile Corner Joint<\/a><\/li>\r\n<li><a href=\"https:\/\/sinoextrud.com\/product\/industrial-aluminum-brushed-polish-profile-for-railing-and-showroom-decoration\/\" target=\"_blank\">Industrial Aluminum Brushed Polish Profile For Railing And Showroom Decoration<\/a><\/li>\r\n<li><a href=\"https:\/\/sinoextrud.com\/product\/anodized-aluminum\/\" target=\"_blank\">Anodized Aluminum<\/a><\/li>\r\n<li><a href=\"https:\/\/sinoextrud.com\/product\/extruded-aluminum-door-frame\/\" target=\"_blank\">Extruded Aluminum Door Frame<\/a><\/li>\r\n<li><a href=\"https:\/\/sinoextrud.com\/product\/6463-brightness-polished-shower-room-u-channel-aluminum-profile\/\" target=\"_blank\">6463 Brightness Polished Shower Room U Channel Aluminum Profile<\/a><\/li>"},"feature_list":[]},"_links":{"self":[{"href":"https:\/\/sinoextrud.com\/fr\/wp-json\/wp\/v2\/product\/6050","targetHints":{"allow":["GET"]}}],"collection":[{"href":"https:\/\/sinoextrud.com\/fr\/wp-json\/wp\/v2\/product"}],"about":[{"href":"https:\/\/sinoextrud.com\/fr\/wp-json\/wp\/v2\/types\/product"}],"wp:featuredmedia":[{"embeddable":true,"href":"https:\/\/sinoextrud.com\/fr\/wp-json\/wp\/v2\/media\/6049"}],"wp:attachment":[{"href":"https:\/\/sinoextrud.com\/fr\/wp-json\/wp\/v2\/media?parent=6050"}],"wp:term":[{"taxonomy":"category","embeddable":true,"href":"https:\/\/sinoextrud.com\/fr\/wp-json\/wp\/v2\/categories?post=6050"}],"curies":[{"name":"wp","href":"https:\/\/api.w.org\/{rel}","templated":true}]}}