{"id":6046,"date":"2025-05-24T03:13:01","date_gmt":"2025-05-24T03:13:01","guid":{"rendered":"https:\/\/sinoextrud.com\/product\/anodized-aluminum-trim-molding\/"},"modified":"2025-06-24T03:53:44","modified_gmt":"2025-06-24T03:53:44","slug":"moulure-de-garniture-en-aluminium-anodise","status":"publish","type":"product","link":"https:\/\/sinoextrud.com\/fr\/product\/anodized-aluminum-trim-molding\/","title":{"rendered":"Moulure de garniture en aluminium anodis\u00e9"},"content":{"rendered":"<h2>D\u00e9tails des produits<\/h2>\n<table class=\"custom-table\">\n<tr>\n<td class=\"label\">Nom du produit<\/td>\n<td>Moulure de garniture en aluminium anodis\u00e9<\/td>\n<\/tr>\n<tr>\n<td class=\"label\">Mat\u00e9riau<\/td>\n<td>6063,6061,6463,6082<\/td>\n<\/tr>\n<tr>\n<td class=\"label\">Forme<\/td>\n<td>Selon les besoins du client<\/td>\n<\/tr>\n<tr>\n<td class=\"label\">Taille<\/td>\n<td>Selon les besoins du client<\/td>\n<\/tr>\n<tr>\n<td class=\"label\">Couleur<\/td>\n<td>Toutes les couleurs sont disponibles<\/td>\n<\/tr>\n<tr>\n<td class=\"label\">Longueur<\/td>\n<td>1-9M, autres longueurs n\u00e9gociables<\/td>\n<\/tr>\n<tr>\n<td class=\"label\">Application typique<\/td>\n<td>Industriel, architectural, d\u00e9coration<\/td>\n<\/tr>\n<tr>\n<td class=\"label\">MOQ<\/td>\n<td>200KG pour chaque article\/couleur<\/td>\n<\/tr>\n<tr>\n<td class=\"label\">Processus CNC<\/td>\n<td>Fraisage, poin\u00e7onnage, per\u00e7age, taraudage et pliage CNC<\/td>\n<\/tr>\n<tr>\n<td class=\"label\">Traitement de surface<\/td>\n<td>Grain de bois, anodis\u00e9, rev\u00eatement en poudre, \u00e9lectrophor\u00e8se, rev\u00eatement PVDF, bross\u00e9, etc.<\/td>\n<\/tr>\n<tr>\n<td class=\"label\">Certifications<\/td>\n<td>ISO9001,ISO4001,CQM,SGS,CE,BV,SONCAP\/GB,ISO,JIS,AS,NZS,QUALICOAT<\/td>\n<\/tr>\n<tr>\n<td class=\"label\">D\u00e9lai d'ex\u00e9cution<\/td>\n<td>Ouverture du moule et confirmation de l'\u00e9chantillon 12-15 jours<\/td>\n<\/tr>\n<tr>\n<td class=\"label\"><\/td>\n<td>Production de masse 25-30 jours<\/td>\n<\/tr>\n<tr>\n<td class=\"label\">D\u00e9lai de livraison<\/td>\n<td> Foshan\/Guangzhou\/Shenzhen<\/td>\n<\/tr>\n<\/table>\n<h2>Notre base de production<\/h2>\n<h3>Panorama de l'usine<\/h3>\n<p><img decoding=\"async\" src=\"\/wp-content\/uploads\/factory-01.webp\"\/><\/p>\n<h3>Atelier de fabrication de barres d'aluminium<\/h3>\n<p><img decoding=\"async\" src=\"\/wp-content\/uploads\/factory-02.webp\"\/><\/p>\n<\/p>\n<p><img decoding=\"async\" src=\"\/wp-content\/uploads\/factory-03.webp\"\/><\/p>\n<h3>Entrep\u00f4t de stockage des moules<\/h3>\n<p><img decoding=\"async\" src=\"\/wp-content\/uploads\/factory-04.webp\"\/><\/p>\n<h3>43 lignes d'extrusion d'aluminium (500-5500 tonnes)<\/h3>\n<p><img decoding=\"async\" src=\"\/wp-content\/uploads\/factory-05.webp\"\/><\/p>\n<p><img decoding=\"async\" src=\"\/wp-content\/uploads\/factory-06.webp\"\/><\/p>\n<p><img decoding=\"async\" src=\"\/wp-content\/uploads\/factory-07.webp\"\/><\/p>\n<h3>Atelier de peinture en poudre<\/h3>\n<p><img decoding=\"async\" src=\"\/wp-content\/uploads\/factory-09.webp\"\/><\/p>\n<h3>Atelier d'anodisation<\/h3>\n<p><img decoding=\"async\" src=\"\/wp-content\/uploads\/factory-10.webp\"\/><\/p>\n<h3>Atelier sur le traitement en profondeur<\/h3>\n<p><img decoding=\"async\" src=\"\/wp-content\/uploads\/factory-11.webp\"\/><\/p>\n<h3>Atelier d'usinage de pr\u00e9cision CNC<\/h3>\n<p><img decoding=\"async\" src=\"\/wp-content\/uploads\/factory-11.5.webp\"\/><\/p>\n<h3>Entrep\u00f4t de produits finis et d'exportation<\/h3>\n<p><img decoding=\"async\" src=\"\/wp-content\/uploads\/factory-12.webp\"\/><\/p>\n<p><img decoding=\"async\" src=\"\/wp-content\/uploads\/factory-13.webp\"\/><\/p>\n<p><img decoding=\"async\" src=\"\/wp-content\/uploads\/factory-14.webp\"\/><\/p>\n<h2>FAQ<\/h2>\n<p><b>1) Qu'est-ce qu'une moulure de garniture en aluminium anodis\u00e9 ? <\/b><\/p>\n<p> Les moulures en aluminium anodis\u00e9 sont des bandes d'aluminium d\u00e9coratives et protectrices avec une finition anodis\u00e9e, utilis\u00e9es pour d\u00e9limiter, coiffer ou faire la transition entre les surfaces dans la construction et la conception.\n<\/p>\n<p><\/p>\n<p><b>2) Quels sont les avantages des moulures de garniture en aluminium anodis\u00e9 ? <\/b><\/p>\n<p> Il offre une excellente r\u00e9sistance \u00e0 la corrosion, une durabilit\u00e9 accrue de la surface, un aspect m\u00e9tallique \u00e9l\u00e9gant et une couleur durable sans d\u00e9coloration ni \u00e9caillage.\n<\/p>\n<p><\/p>\n<p><b>3) Pourquoi choisir une moulure anodis\u00e9e plut\u00f4t qu'une moulure peinte ou en plastique ? <\/b><\/p>\n<p> L'aluminium anodis\u00e9 est plus durable, plus r\u00e9sistant aux UV et aux rayures, et conserve mieux sa finition que la peinture ou le plastique.\n<\/p>\n<p><\/p>\n<p><b>4. les moulures en aluminium anodis\u00e9 peuvent-elles \u00eatre utilis\u00e9es \u00e0 l'int\u00e9rieur et \u00e0 l'ext\u00e9rieur ? <\/b><\/p>\n<p> Oui, le rev\u00eatement anodis\u00e9 prot\u00e8ge contre les intemp\u00e9ries, l'exposition aux UV et l'humidit\u00e9, ce qui permet de l'utiliser aussi bien \u00e0 l'int\u00e9rieur qu'\u00e0 l'ext\u00e9rieur.\n<\/p>\n<p><\/p>\n<p><b>5) Quelles sont les finitions disponibles pour les moulures de garniture en aluminium anodis\u00e9 ? <\/b><\/p>\n<p> Les finitions disponibles sont satin\u00e9es, bross\u00e9es, mates et brillantes, dans une vari\u00e9t\u00e9 de couleurs telles que l'argent, le noir, l'or, le bronze et le champagne.\n<\/p>\n<p><\/p>\n<p><b>6. la moulure de garniture en aluminium anodis\u00e9 est-elle facile \u00e0 installer ? <\/b><\/p>\n<p> Absolument, il est l\u00e9ger et peut \u00eatre coup\u00e9, perc\u00e9 et fix\u00e9 facilement \u00e0 l'aide d'adh\u00e9sifs ou d'attaches, ce qui est id\u00e9al pour les bricoleurs et les professionnels.\n<\/p>\n<p><\/p>\n<p><b>7. quelles sont les applications des moulures de garniture en aluminium anodis\u00e9 ? <\/b><\/p>\n<p> Il est largement utilis\u00e9 dans les cuisines, les salles de bains, les meubles, les panneaux muraux, les transitions entre les carreaux, les pr\u00e9sentoirs de vente au d\u00e9tail et les d\u00e9tails architecturaux.\n<\/p>\n<p><\/p>\n<p><b>8. l'anodisation am\u00e9liore-t-elle la dur\u00e9e de vie des garnitures en aluminium ? <\/b><\/p>\n<p> Oui, la couche anodis\u00e9e prolonge consid\u00e9rablement la dur\u00e9e de vie du produit en offrant une surface dure et protectrice qui r\u00e9siste \u00e0 l'usure et \u00e0 la corrosion.\n<\/p>\n<p><\/p>\n<p><b>9. les moulures de garniture en aluminium anodis\u00e9 sont-elles personnalisables ? <\/b><\/p>\n<p> Oui, il peut \u00eatre produit dans diff\u00e9rentes formes, tailles, \u00e9paisseurs et couleurs anodis\u00e9es pour r\u00e9pondre \u00e0 des besoins sp\u00e9cifiques en mati\u00e8re de design et de fonctionnalit\u00e9.\n<\/p>\n<p><\/p>\n<p><b>10. les moulures de garniture en aluminium anodis\u00e9 sont-elles respectueuses de l'environnement ? <\/b><\/p>\n<p> Oui, l'aluminium est enti\u00e8rement recyclable et le processus d'anodisation est non toxique, ce qui en fait un choix durable pour les projets respectueux de l'environnement.\n<\/p>\n<p><\/p>","protected":false},"featured_media":6045,"template":"","categories":[57],"class_list":["post-6046","product","type-product","status-publish","has-post-thumbnail","hentry","category-anodized-aluminum-profile"],"meta_box":{"hilight_text_group":{"product_hilight_text":"<li>Durable anodized finish provides corrosion and scratch resistance<\/li>\r\r\n<li>Clean, modern appearance enhances architectural and interior designs<\/li>\r\r\n<li>Lightweight and easy to install with standard tools and adhesives<\/li>\r\r\n<li>Available in various profiles, lengths, and colors for design flexibility<\/li>\r\r\n<li>Ideal for edge protection, panel transitions, and decorative detailing<\/li>","product_chanpin_chanpin":"<li><a href=\"https:\/\/sinoextrud.com\/product\/anodized-mill-finish-auminium-extrusion-angle\/\" target=\"_blank\">Anodized Mill Finish Auminium Extrusion Angle<\/a><\/li>\r\n<li><a href=\"https:\/\/sinoextrud.com\/product\/anodised-aluminium-extrusions\/\" target=\"_blank\">Anodised Aluminium Extrusions<\/a><\/li>\r\n<li><a href=\"https:\/\/sinoextrud.com\/product\/anodized-extruded-aluminum-edging-for-plywood\/\" target=\"_blank\">Anodized Extruded Aluminum Edging For Plywood<\/a><\/li>\r\n<li><a href=\"https:\/\/sinoextrud.com\/product\/extruded-aluminium-profile-with-sand-blasted-treatment\/\" target=\"_blank\">Extruded Aluminium Profile With Sand Blasted Treatment<\/a><\/li>\r\n<li><a href=\"https:\/\/sinoextrud.com\/product\/anodized-aluminum-trim-molding\/\" target=\"_blank\">Anodized Aluminum Trim Molding<\/a><\/li>\r\n<li><a href=\"https:\/\/sinoextrud.com\/product\/sandblasted-aluminum-profile\/\" target=\"_blank\">Sandblasted Aluminum Profile<\/a><\/li>\r\n<li><a href=\"https:\/\/sinoextrud.com\/product\/extruded-aluminum-stock\/\" target=\"_blank\">Extruded Aluminum Stock<\/a><\/li>\r\n<li><a href=\"https:\/\/sinoextrud.com\/product\/custom-anodized-aluminium-profiles\/\" target=\"_blank\">Custom Anodized Aluminium Profiles<\/a><\/li>\r\n<li><a href=\"https:\/\/sinoextrud.com\/product\/aluminium-profile-corner-joint\/\" target=\"_blank\">Aluminium Profile Corner Joint<\/a><\/li>\r\n<li><a href=\"https:\/\/sinoextrud.com\/product\/aluminum-irrigation-pipe-for-sale\/\" target=\"_blank\">Aluminum Irrigation Pipe For Sale<\/a><\/li>\r\n<li><a href=\"https:\/\/sinoextrud.com\/product\/aluminium-lipped-channel-extrusions\/\" target=\"_blank\">Aluminium Lipped Channel Extrusions<\/a><\/li>"},"feature_list":[]},"_links":{"self":[{"href":"https:\/\/sinoextrud.com\/fr\/wp-json\/wp\/v2\/product\/6046","targetHints":{"allow":["GET"]}}],"collection":[{"href":"https:\/\/sinoextrud.com\/fr\/wp-json\/wp\/v2\/product"}],"about":[{"href":"https:\/\/sinoextrud.com\/fr\/wp-json\/wp\/v2\/types\/product"}],"wp:featuredmedia":[{"embeddable":true,"href":"https:\/\/sinoextrud.com\/fr\/wp-json\/wp\/v2\/media\/6045"}],"wp:attachment":[{"href":"https:\/\/sinoextrud.com\/fr\/wp-json\/wp\/v2\/media?parent=6046"}],"wp:term":[{"taxonomy":"category","embeddable":true,"href":"https:\/\/sinoextrud.com\/fr\/wp-json\/wp\/v2\/categories?post=6046"}],"curies":[{"name":"wp","href":"https:\/\/api.w.org\/{rel}","templated":true}]}}