{"id":6031,"date":"2025-05-24T02:37:47","date_gmt":"2025-05-24T02:37:47","guid":{"rendered":"https:\/\/sinoextrud.com\/product\/anodized-champagne-aluminium-color-matte-anodized-sand-blasting-6063-alloy-extrusion-profiles\/"},"modified":"2025-06-24T03:53:32","modified_gmt":"2025-06-24T03:53:32","slug":"aluminium-anodise-champagne-couleur-anodise-mat-sablage-profiles-dextrusion-en-alliage-6063","status":"publish","type":"product","link":"https:\/\/sinoextrud.com\/fr\/product\/anodized-champagne-aluminium-color-matte-anodized-sand-blasting-6063-alloy-extrusion-profiles\/","title":{"rendered":"Profil\u00e9s d'extrusion en alliage 6063 anodis\u00e9 Champagne couleur aluminium anodis\u00e9 mat par sablage"},"content":{"rendered":"<h2>D\u00e9tails des produits<\/h2>\n<table class=\"custom-table\">\n<tr>\n<td class=\"label\">Marque :<\/td>\n<td>Profil\u00e9s d'extrusion en alliage 6063 anodis\u00e9 Champagne couleur aluminium anodis\u00e9 mat par sablage<\/td>\n<\/tr>\n<tr>\n<td class=\"label\">Mat\u00e9riau :<\/td>\n<td>Alliage-6063-T5<\/td>\n<\/tr>\n<tr>\n<td class=\"label\">Traitement de surface :<\/td>\n<td>aluminium anodis\u00e9, rev\u00eatement en poudre,<\/td>\n<\/tr>\n<tr>\n<td class=\"label\">Option de couleur :<\/td>\n<td>Argent, Champage, Bronze, Dor\u00e9, Noir, Rev\u00eatement de sable, Argent mat ou Personnalis\u00e9<\/td>\n<\/tr>\n<tr>\n<td class=\"label\">Norme de film :<\/td>\n<td>Anodis\u00e9 : 7-23micron<\/td>\n<\/tr>\n<tr>\n<td class=\"label\">MOQ :<\/td>\n<td>200KGS<\/td>\n<\/tr>\n<tr>\n<td class=\"label\">D\u00e9lai de livraison :<\/td>\n<td>15-30 jours<\/td>\n<\/tr>\n<tr>\n<td class=\"label\">Longueur :<\/td>\n<td>5.8-6M ou sur mesure<\/td>\n<\/tr>\n<\/table>\n<h2>Notre base de production<\/h2>\n<h3>Panorama de l'usine<\/h3>\n<p><img decoding=\"async\" src=\"\/wp-content\/uploads\/factory-01.webp\"\/><\/p>\n<h3>Atelier de fabrication de barres d'aluminium<\/h3>\n<p><img decoding=\"async\" src=\"\/wp-content\/uploads\/factory-02.webp\"\/><\/p>\n<\/p>\n<p><img decoding=\"async\" src=\"\/wp-content\/uploads\/factory-03.webp\"\/><\/p>\n<h3>Entrep\u00f4t de stockage des moules<\/h3>\n<p><img decoding=\"async\" src=\"\/wp-content\/uploads\/factory-04.webp\"\/><\/p>\n<h3>43 lignes d'extrusion d'aluminium (500 \u00e0 5500 tonnes)<\/h3>\n<p><img decoding=\"async\" src=\"\/wp-content\/uploads\/factory-05.webp\"\/><\/p>\n<p><img decoding=\"async\" src=\"\/wp-content\/uploads\/factory-06.webp\"\/><\/p>\n<p><img decoding=\"async\" src=\"\/wp-content\/uploads\/factory-07.webp\"\/><\/p>\n<h3>Atelier de peinture en poudre<\/h3>\n<p><img decoding=\"async\" src=\"\/wp-content\/uploads\/factory-09.webp\"\/><\/p>\n<h3>Atelier d'anodisation<\/h3>\n<p><img decoding=\"async\" src=\"\/wp-content\/uploads\/factory-10.webp\"\/><\/p>\n<h3>Atelier sur le traitement en profondeur<\/h3>\n<p><img decoding=\"async\" src=\"\/wp-content\/uploads\/factory-11.webp\"\/><\/p>\n<h3>Atelier d'usinage de pr\u00e9cision CNC<\/h3>\n<p><img decoding=\"async\" src=\"\/wp-content\/uploads\/factory-11.5.webp\"\/><\/p>\n<h3>Entrep\u00f4t de produits finis et d'exportation<\/h3>\n<p><img decoding=\"async\" src=\"\/wp-content\/uploads\/factory-12.webp\"\/><\/p>\n<p><img decoding=\"async\" src=\"\/wp-content\/uploads\/factory-13.webp\"\/><\/p>\n<p><img decoding=\"async\" src=\"\/wp-content\/uploads\/factory-14.webp\"\/><\/p>\n<h2>FAQ<\/h2>\n<p><b>1) Qu'est-ce qu'un profil\u00e9 d'extrusion en alliage 6063 anodis\u00e9 couleur champagne aluminium mat ? <\/b><\/p>\n<p> Il s'agit de profils d'extrusion en aluminium 6063 finis par sablage et anodisation mate dans une couleur champagne, offrant un aspect haut de gamme et une durabilit\u00e9 de surface accrue.\n<\/p>\n<p><\/p>\n<p><b>2. quelles sont les principales caract\u00e9ristiques des profils en aluminium 6063 anodis\u00e9 champagne ? <\/b><\/p>\n<p> Ils pr\u00e9sentent une \u00e9l\u00e9gante finition champagne mat, une excellente r\u00e9sistance \u00e0 la corrosion, une texture de surface uniforme et sont id\u00e9aux pour une utilisation d\u00e9corative et structurelle.\n<\/p>\n<p><\/p>\n<p><b>3. pourquoi choisir l'alliage 6063 pour les profil\u00e9s d'extrusion anodis\u00e9s ? <\/b><\/p>\n<p> L'alliage d'aluminium 6063 offre une excellente extrudabilit\u00e9, une excellente qualit\u00e9 de finition de surface et convient parfaitement aux processus d'anodisation, en particulier pour les applications architecturales.\n<\/p>\n<p><\/p>\n<p><b>4) Quels sont les avantages du sablage avant l'anodisation des profil\u00e9s en aluminium ? <\/b><\/p>\n<p> Le sablage \u00e9limine les lignes m\u00e9caniques et les imperfections, ce qui permet d'obtenir une surface mate, lisse et homog\u00e8ne, id\u00e9ale pour les finitions anodis\u00e9es de qualit\u00e9 sup\u00e9rieure.\n<\/p>\n<p><\/p>\n<p><b>5. O\u00f9 les profil\u00e9s en aluminium champagne anodis\u00e9 sont-ils couramment utilis\u00e9s ? <\/b><\/p>\n<p> Ces profil\u00e9s sont utilis\u00e9s dans la d\u00e9coration int\u00e9rieure, l'ameublement, l'architecture, les syst\u00e8mes d'affichage haut de gamme et les encadrements d\u00e9coratifs.\n<\/p>\n<p><\/p>\n<p><b>6. la finition anodis\u00e9e champagne est-elle durable pour les applications ext\u00e9rieures ? <\/b><\/p>\n<p> Oui, la couche anodis\u00e9e offre une forte r\u00e9sistance aux UV et aux intemp\u00e9ries, ce qui permet de l'utiliser aussi bien \u00e0 l'int\u00e9rieur qu'\u00e0 l'ext\u00e9rieur.\n<\/p>\n<p><\/p>\n<p><b>7. Les profil\u00e9s en aluminium anodis\u00e9 champagne peuvent-ils \u00eatre personnalis\u00e9s ? <\/b><\/p>\n<p> Absolument, ils peuvent \u00eatre personnalis\u00e9s en termes de forme, de taille, d'\u00e9paisseur de paroi et de couleur anodis\u00e9e pour r\u00e9pondre aux exigences sp\u00e9cifiques d'un projet.\n<\/p>\n<p><\/p>\n<p><b>8. Les profil\u00e9s en aluminium anodis\u00e9 mat sont-ils faciles \u00e0 entretenir ? <\/b><\/p>\n<p> Oui, la surface anodis\u00e9e mate est r\u00e9sistante aux traces de doigts, \u00e0 la salet\u00e9 et \u00e0 la corrosion, et ne n\u00e9cessite qu'un nettoyage l\u00e9ger pour l'entretien.\n<\/p>\n<p><\/p>\n<p><b>9. l'aluminium champagne anodis\u00e9 est-il \u00e9cologique ? <\/b><\/p>\n<p> Oui, l'aluminium est recyclable et le processus d'anodisation est sans danger pour l'environnement et non toxique, ce qui contribue \u00e0 une conception durable.\n<\/p>\n<p><\/p>\n<p><b>10. en quoi la couleur champagne am\u00e9liore-t-elle l'esth\u00e9tique du produit ? <\/b><\/p>\n<p> La finition champagne ajoute un aspect moderne et \u00e9l\u00e9gant, offrant un ton m\u00e9tallique luxueux mais subtil, id\u00e9al pour les applications de design haut de gamme.\n<\/p>\n<p><\/p>","protected":false},"featured_media":6030,"template":"","categories":[57],"class_list":["post-6031","product","type-product","status-publish","has-post-thumbnail","hentry","category-anodized-aluminum-profile"],"meta_box":{"hilight_text_group":{"product_hilight_text":"<li>Elegant champagne matte finish achieved through anodizing and sandblasting<\/li>\r\r\n<li>6063 alloy ensures excellent surface quality, corrosion resistance, and formability<\/li>\r\r\n<li>Premium aesthetic suitable for high-end architectural and interior applications<\/li>\r\r\n<li>Durable, low-maintenance surface resistant to fading, scratching, and wear<\/li>\r\r\n<li>Customizable dimensions and profiles to meet diverse project specifications<\/li>","product_chanpin_chanpin":"<li><a href=\"https:\/\/sinoextrud.com\/product\/powder-coating-decorative-aluminum-railing\/\" target=\"_blank\">Powder Coating Decorative Aluminum Railing<\/a><\/li>\r\n<li><a href=\"https:\/\/sinoextrud.com\/product\/wood-grain-customize-aluminium-extrusion-rail\/\" target=\"_blank\">Wood Grain Customize Aluminium Extrusion Rail<\/a><\/li>\r\n<li><a href=\"https:\/\/sinoextrud.com\/product\/sandblasted-mechanical-streak-removed-aluminium-profiles\/\" target=\"_blank\">Sandblasted Mechanical streak removed aluminium profiles<\/a><\/li>\r\n<li><a href=\"https:\/\/sinoextrud.com\/product\/anodized-extruded-aluminium-glazing-profiles\/\" target=\"_blank\">Anodized Extruded Aluminium Glazing Profiles<\/a><\/li>\r\n<li><a href=\"https:\/\/sinoextrud.com\/product\/anodized-champagne-aluminium-color-matte-anodized-sand-blasting-6063-alloy-extrusion-profiles\/\" target=\"_blank\">Anodized Champagne aluminium color matte anodized sand blasting 6063 alloy extrusion profiles<\/a><\/li>\r\n<li><a href=\"https:\/\/sinoextrud.com\/product\/anodized-aluminium-extrusion-profile-for-frame-construction-system\/\" target=\"_blank\">Anodized aluminium extrusion profile for frame construction system<\/a><\/li>\r\n<li><a href=\"https:\/\/sinoextrud.com\/product\/anodized-mill-finish-auminium-extrusion-angle\/\" target=\"_blank\">Anodized Mill Finish Auminium Extrusion Angle<\/a><\/li>\r\n<li><a href=\"https:\/\/sinoextrud.com\/product\/anodised-aluminium-extrusions\/\" target=\"_blank\">Anodised Aluminium Extrusions<\/a><\/li>\r\n<li><a href=\"https:\/\/sinoextrud.com\/product\/anodized-extruded-aluminum-edging-for-plywood\/\" target=\"_blank\">Anodized Extruded Aluminum Edging For Plywood<\/a><\/li>\r\n<li><a href=\"https:\/\/sinoextrud.com\/product\/66-mm-aluminum-glass-railing-for-balcony-led-strip-u-channel-stair-railings\/\" target=\"_blank\">6+6 MM Aluminum Glass Railing For Balcony LED Strip U Channel Stair Railings<\/a><\/li>\r\n<li><a href=\"https:\/\/sinoextrud.com\/product\/aluminum-extruded-products\/\" target=\"_blank\">Aluminum Extruded Products<\/a><\/li>"},"feature_list":[]},"_links":{"self":[{"href":"https:\/\/sinoextrud.com\/fr\/wp-json\/wp\/v2\/product\/6031","targetHints":{"allow":["GET"]}}],"collection":[{"href":"https:\/\/sinoextrud.com\/fr\/wp-json\/wp\/v2\/product"}],"about":[{"href":"https:\/\/sinoextrud.com\/fr\/wp-json\/wp\/v2\/types\/product"}],"wp:featuredmedia":[{"embeddable":true,"href":"https:\/\/sinoextrud.com\/fr\/wp-json\/wp\/v2\/media\/6030"}],"wp:attachment":[{"href":"https:\/\/sinoextrud.com\/fr\/wp-json\/wp\/v2\/media?parent=6031"}],"wp:term":[{"taxonomy":"category","embeddable":true,"href":"https:\/\/sinoextrud.com\/fr\/wp-json\/wp\/v2\/categories?post=6031"}],"curies":[{"name":"wp","href":"https:\/\/api.w.org\/{rel}","templated":true}]}}