{"id":6029,"date":"2025-05-24T02:33:42","date_gmt":"2025-05-24T02:33:42","guid":{"rendered":"https:\/\/sinoextrud.com\/product\/anodized-extruded-aluminium-glazing-profiles\/"},"modified":"2025-06-24T03:53:30","modified_gmt":"2025-06-24T03:53:30","slug":"profiles-de-vitrage-en-aluminium-extrude-anodise","status":"publish","type":"product","link":"https:\/\/sinoextrud.com\/fr\/product\/anodized-extruded-aluminium-glazing-profiles\/","title":{"rendered":"Profil\u00e9s de vitrage en aluminium extrud\u00e9 anodis\u00e9"},"content":{"rendered":"<h2>D\u00e9tails des produits<\/h2>\n<table class=\"custom-table\">\n<tr>\n<td class=\"label\">Grade :<\/td>\n<td>6063 -t5<\/td>\n<\/tr>\n<tr>\n<td class=\"label\">Technique :<\/td>\n<td>Profil\u00e9s de vitrage en aluminium extrud\u00e9 anodis\u00e9<\/td>\n<\/tr>\n<tr>\n<td class=\"label\">Temp\u00e9rer :<\/td>\n<td>T3 - T8<\/td>\n<\/tr>\n<tr>\n<td class=\"label\">Services d'usinage :<\/td>\n<td>Per\u00e7age, taraudage, rivetage, assemblage, etc.<\/td>\n<\/tr>\n<tr>\n<td class=\"label\">Marque d\u00e9pos\u00e9e :<\/td>\n<td>Zhonglian Pailian Zhongchang<\/td>\n<\/tr>\n<tr>\n<td class=\"label\">Type :<\/td>\n<td>Profil\u00e9s de vitrage en aluminium extrud\u00e9 anodis\u00e9<\/td>\n<\/tr>\n<tr>\n<td class=\"label\">Forme :<\/td>\n<td>Con\u00e7us par les clients<\/td>\n<\/tr>\n<tr>\n<td class=\"label\">Traitement de surface :<\/td>\n<td>Finition broyage Anodis\u00e9 Bross\u00e9<\/td>\n<\/tr>\n<tr>\n<td class=\"label\">Longueur :<\/td>\n<td>3m \u00e0 6m par longueur<\/td>\n<\/tr>\n<tr>\n<td class=\"label\">Couleurs :<\/td>\n<td>Argent Noir<\/td>\n<\/tr>\n<tr>\n<td class=\"label\">Code HS :<\/td>\n<td>76042990<\/td>\n<\/tr>\n<\/table>\n<h2>Notre base de production<\/h2>\n<h3>Panorama de l'usine<\/h3>\n<p><img decoding=\"async\" src=\"\/wp-content\/uploads\/factory-01.webp\"\/><\/p>\n<h3>Atelier de fabrication de barres d'aluminium<\/h3>\n<p><img decoding=\"async\" src=\"\/wp-content\/uploads\/factory-02.webp\"\/><\/p>\n<p><img decoding=\"async\" src=\"\/wp-content\/uploads\/factory-03.webp\"\/><\/p>\n<h3>Entrep\u00f4t de stockage des moules<\/h3>\n<p><img decoding=\"async\" src=\"\/wp-content\/uploads\/factory-04.webp\"\/><\/p>\n<h3>43 lignes d'extrusion d'aluminium (500-5500 tonnes)<\/h3>\n<p><img decoding=\"async\" src=\"\/wp-content\/uploads\/factory-05.webp\"\/><\/p>\n<p><img decoding=\"async\" src=\"\/wp-content\/uploads\/factory-06.webp\"\/><\/p>\n<p><img decoding=\"async\" src=\"\/wp-content\/uploads\/factory-07.webp\"\/><\/p>\n<h3>Atelier de peinture en poudre<\/h3>\n<p><img decoding=\"async\" src=\"\/wp-content\/uploads\/factory-09.webp\"\/><\/p>\n<h3>Atelier d'anodisation<\/h3>\n<p><img decoding=\"async\" src=\"\/wp-content\/uploads\/factory-10.webp\"\/><\/p>\n<h3>Atelier sur le traitement en profondeur<\/h3>\n<p><img decoding=\"async\" src=\"\/wp-content\/uploads\/factory-11.webp\"\/><\/p>\n<h3>Atelier d'usinage de pr\u00e9cision CNC<\/h3>\n<p><img decoding=\"async\" src=\"\/wp-content\/uploads\/factory-11.5.webp\"\/><\/p>\n<h3>Entrep\u00f4t de produits finis et d'exportation<\/h3>\n<p><img decoding=\"async\" src=\"\/wp-content\/uploads\/factory-12.webp\"\/><\/p>\n<p><img decoding=\"async\" src=\"\/wp-content\/uploads\/factory-13.webp\"\/><\/p>\n<p><img decoding=\"async\" src=\"\/wp-content\/uploads\/factory-14.webp\"\/><\/p>\n<h2>FAQ<\/h2>\n<p><p><b>1.Qu'est-ce qu'un profil\u00e9 de vitrage en aluminium extrud\u00e9 anodis\u00e9 ? <\/b><\/p>\n<p> Les profil\u00e9s de vitrage en aluminium extrud\u00e9 anodis\u00e9 sont des cadres en aluminium con\u00e7us pour recevoir des panneaux de verre. Ils sont dot\u00e9s d'une finition anodis\u00e9e qui les rend plus durables et plus r\u00e9sistants \u00e0 la corrosion.<br \/>\n<\/p><br \/>\n<br \/>\n<p><b>2. quels sont les avantages des profil\u00e9s de vitrage en aluminium anodis\u00e9 ? <\/b><\/p>\n<p> Ces profil\u00e9s offrent une r\u00e9sistance sup\u00e9rieure \u00e0 la corrosion, une grande solidit\u00e9, un attrait esth\u00e9tique et des performances durables dans les syst\u00e8mes de vitrage.<br \/>\n<\/p><br \/>\n<br \/>\n<p><b>3) Pourquoi choisir la finition anodis\u00e9e pour les profil\u00e9s en aluminium pour vitrage ? <\/b><\/p>\n<p> La finition anodis\u00e9e am\u00e9liore la duret\u00e9 de la surface, prot\u00e8ge contre les intemp\u00e9ries et donne un aspect \u00e9l\u00e9gant et moderne avec une couleur uniforme.<br \/>\n<\/p><br \/>\n<br \/>\n<p><b>4. les profil\u00e9s de vitrage en aluminium extrud\u00e9 anodis\u00e9 conviennent-ils pour un usage ext\u00e9rieur ? <\/b><\/p>\n<p> Oui, le rev\u00eatement anodis\u00e9 prot\u00e8ge l'aluminium des UV, de l'humidit\u00e9 et des polluants environnementaux, ce qui le rend id\u00e9al pour les applications ext\u00e9rieures.<br \/>\n<\/p><br \/>\n<br \/>\n<p><b>5. Les profil\u00e9s de vitrage en aluminium anodis\u00e9 peuvent-ils \u00eatre personnalis\u00e9s ? <\/b><\/p>\n<p> Absolument, ils peuvent \u00eatre personnalis\u00e9s en termes de longueur, d'\u00e9paisseur, de couleur et de conception pour r\u00e9pondre aux exigences architecturales et de syst\u00e8mes de vitrage sp\u00e9cifiques.<br \/>\n<\/p><br \/>\n<br \/>\n<p><b>6. quelles sont les applications des profil\u00e9s vitr\u00e9s en aluminium extrud\u00e9 anodis\u00e9 ? <\/b><\/p>\n<p> Ils sont couramment utilis\u00e9s dans les murs-rideaux, les fen\u00eatres, les portes, les fa\u00e7ades et les syst\u00e8mes de puits de lumi\u00e8re pour les b\u00e2timents r\u00e9sidentiels et commerciaux.<br \/>\n<\/p><br \/>\n<br \/>\n<p><b>7. Quelle est la dur\u00e9e de vie de la finition anodis\u00e9e des profil\u00e9s de vitrage en aluminium ? <\/b><\/p>\n<p> La couche anodis\u00e9e est tr\u00e8s durable et peut durer des d\u00e9cennies sans se d\u00e9colorer, s'\u00e9cailler ou se corroder, m\u00eame dans des environnements difficiles.<br \/>\n<\/p><br \/>\n<br \/>\n<p><b>8. Les profil\u00e9s de vitrage anodis\u00e9s sont-ils respectueux de l'environnement ? <\/b><\/p>\n<p> Oui, l'aluminium est enti\u00e8rement recyclable et l'anodisation est un proc\u00e9d\u00e9 non toxique, ce qui fait de ces profil\u00e9s un choix durable pour la construction \u00e9cologique.<br \/>\n<\/p><br \/>\n<br \/>\n<p><b>9. les profil\u00e9s de vitrage en aluminium anodis\u00e9 n\u00e9cessitent-ils un entretien ? <\/b><\/p>\n<p> L'entretien est tr\u00e8s minime : il suffit de les nettoyer occasionnellement avec de l'eau et un chiffon doux pour en pr\u00e9server l'aspect.<br \/>\n<\/p><br \/>\n<br \/>\n<p><b>10. Comment les profil\u00e9s en aluminium anodis\u00e9 am\u00e9liorent-ils la conception architecturale ? <\/b><\/p>\n<p> Ils offrent des lignes \u00e9pur\u00e9es, une finition m\u00e9tallique de qualit\u00e9 sup\u00e9rieure et peuvent \u00eatre assortis aux couleurs pour s'harmoniser avec les styles architecturaux modernes.<br \/>\n<\/p><br \/><\/p>","protected":false},"featured_media":6028,"template":"","categories":[57],"class_list":["post-6029","product","type-product","status-publish","has-post-thumbnail","hentry","category-anodized-aluminum-profile"],"meta_box":{"hilight_text_group":{"product_hilight_text":"<li>Anodized surface provides superior corrosion and weather resistance<\/li>\r\r\n<li>Precision-extruded for secure and seamless glass panel installation<\/li>\r\r\n<li>Lightweight yet strong, ideal for modern architectural glazing systems<\/li>\r\r\n<li>Available in multiple finishes and colors to match design aesthetics<\/li>\r\r\n<li>Customizable profiles to accommodate various glass thicknesses and configurations<\/li>","product_chanpin_chanpin":"<li><a href=\"https:\/\/sinoextrud.com\/product\/anodized-aluminum-manufacturer-supply-anodized-aluminium-extrusion-tube-6063\/\" target=\"_blank\">anodized aluminum Manufacturer Supply anodized Aluminium Extrusion Tube 6063<\/a><\/li>\r\n<li><a href=\"https:\/\/sinoextrud.com\/product\/powder-coating-decorative-aluminum-railing\/\" target=\"_blank\">Powder Coating Decorative Aluminum Railing<\/a><\/li>\r\n<li><a href=\"https:\/\/sinoextrud.com\/product\/wood-grain-customize-aluminium-extrusion-rail\/\" target=\"_blank\">Wood Grain Customize Aluminium Extrusion Rail<\/a><\/li>\r\n<li><a href=\"https:\/\/sinoextrud.com\/product\/sandblasted-mechanical-streak-removed-aluminium-profiles\/\" target=\"_blank\">Sandblasted Mechanical streak removed aluminium profiles<\/a><\/li>\r\n<li><a href=\"https:\/\/sinoextrud.com\/product\/anodized-extruded-aluminium-glazing-profiles\/\" target=\"_blank\">Anodized Extruded Aluminium Glazing Profiles<\/a><\/li>\r\n<li><a href=\"https:\/\/sinoextrud.com\/product\/anodized-champagne-aluminium-color-matte-anodized-sand-blasting-6063-alloy-extrusion-profiles\/\" target=\"_blank\">Anodized Champagne aluminium color matte anodized sand blasting 6063 alloy extrusion profiles<\/a><\/li>\r\n<li><a href=\"https:\/\/sinoextrud.com\/product\/anodized-aluminium-extrusion-profile-for-frame-construction-system\/\" target=\"_blank\">Anodized aluminium extrusion profile for frame construction system<\/a><\/li>\r\n<li><a href=\"https:\/\/sinoextrud.com\/product\/anodized-mill-finish-auminium-extrusion-angle\/\" target=\"_blank\">Anodized Mill Finish Auminium Extrusion Angle<\/a><\/li>\r\n<li><a href=\"https:\/\/sinoextrud.com\/product\/anodised-aluminium-extrusions\/\" target=\"_blank\">Anodised Aluminium Extrusions<\/a><\/li>\r\n<li><a href=\"https:\/\/sinoextrud.com\/product\/custom-wood-grain-aluminium-profiles\/\" target=\"_blank\">Custom Wood Grain Aluminium Profiles<\/a><\/li>\r\n<li><a href=\"https:\/\/sinoextrud.com\/product\/aluminum-alloy-cnc-aluminum-controller-shell\/\" target=\"_blank\">Aluminum Alloy CNC Aluminum Controller Shell<\/a><\/li>"},"feature_list":[]},"_links":{"self":[{"href":"https:\/\/sinoextrud.com\/fr\/wp-json\/wp\/v2\/product\/6029","targetHints":{"allow":["GET"]}}],"collection":[{"href":"https:\/\/sinoextrud.com\/fr\/wp-json\/wp\/v2\/product"}],"about":[{"href":"https:\/\/sinoextrud.com\/fr\/wp-json\/wp\/v2\/types\/product"}],"wp:featuredmedia":[{"embeddable":true,"href":"https:\/\/sinoextrud.com\/fr\/wp-json\/wp\/v2\/media\/6028"}],"wp:attachment":[{"href":"https:\/\/sinoextrud.com\/fr\/wp-json\/wp\/v2\/media?parent=6029"}],"wp:term":[{"taxonomy":"category","embeddable":true,"href":"https:\/\/sinoextrud.com\/fr\/wp-json\/wp\/v2\/categories?post=6029"}],"curies":[{"name":"wp","href":"https:\/\/api.w.org\/{rel}","templated":true}]}}