{"id":6027,"date":"2025-05-24T02:31:23","date_gmt":"2025-05-24T02:31:23","guid":{"rendered":"https:\/\/sinoextrud.com\/product\/sandblasted-mechanical-streak-removed-aluminium-profiles\/"},"modified":"2025-06-24T03:53:28","modified_gmt":"2025-06-24T03:53:28","slug":"profiles-daluminium-sables-avec-elimination-des-stries-mecaniques","status":"publish","type":"product","link":"https:\/\/sinoextrud.com\/fr\/product\/sandblasted-mechanical-streak-removed-aluminium-profiles\/","title":{"rendered":"Profil\u00e9s d'aluminium sabl\u00e9s sans stries m\u00e9caniques"},"content":{"rendered":"<h2>D\u00e9tails des produits<\/h2>\n<table class=\"custom-table\">\n<tr>\n<td class=\"label\">Nom : <\/td>\n<td>Profil\u00e9s d'aluminium sabl\u00e9s sans stries m\u00e9caniques<\/td>\n<\/tr>\n<\/table>\n<h2>Notre base de production<\/h2>\n<h3>Panorama de l'usine<\/h3>\n<p><img decoding=\"async\" src=\"\/wp-content\/uploads\/factory-01.webp\"\/><\/p>\n<h3>Atelier de fabrication de barres d'aluminium<\/h3>\n<p><img decoding=\"async\" src=\"\/wp-content\/uploads\/factory-02.webp\"\/><\/p>\n<p><img decoding=\"async\" src=\"\/wp-content\/uploads\/factory-03.webp\"\/><\/p>\n<h3>Entrep\u00f4t de stockage des moules<\/h3>\n<p><img decoding=\"async\" src=\"\/wp-content\/uploads\/factory-04.webp\"\/><\/p>\n<h3>43 lignes d'extrusion d'aluminium (500-5500 tonnes)<\/h3>\n<p><img decoding=\"async\" src=\"\/wp-content\/uploads\/factory-05.webp\"\/><\/p>\n<p><img decoding=\"async\" src=\"\/wp-content\/uploads\/factory-06.webp\"\/><\/p>\n<p><img decoding=\"async\" src=\"\/wp-content\/uploads\/factory-07.webp\"\/><\/p>\n<h3>Atelier de peinture en poudre<\/h3>\n<p><img decoding=\"async\" src=\"\/wp-content\/uploads\/factory-09.webp\"\/><\/p>\n<h3>Atelier d'anodisation<\/h3>\n<p><img decoding=\"async\" src=\"\/wp-content\/uploads\/factory-10.webp\"\/><\/p>\n<h3>Atelier sur le traitement en profondeur<\/h3>\n<p><img decoding=\"async\" src=\"\/wp-content\/uploads\/factory-11.webp\"\/><\/p>\n<h3>Atelier d'usinage de pr\u00e9cision CNC<\/h3>\n<p><img decoding=\"async\" src=\"\/wp-content\/uploads\/factory-11.5.webp\"\/><\/p>\n<h3>Entrep\u00f4t de produits finis et d'exportation<\/h3>\n<p><img decoding=\"async\" src=\"\/wp-content\/uploads\/factory-12.webp\"\/><\/p>\n<p><img decoding=\"async\" src=\"\/wp-content\/uploads\/factory-13.webp\"\/><\/p>\n<p><img decoding=\"async\" src=\"\/wp-content\/uploads\/factory-14.webp\"\/><\/p>\n<h2>FAQ<\/h2>\n<p><p><b>1) Qu'est-ce qu'un profil\u00e9 en aluminium sabl\u00e9 et m\u00e9caniquement stri\u00e9 ? <\/b><\/p>\n<p> Les profil\u00e9s en aluminium sabl\u00e9s \u00e0 \u00e9limination m\u00e9canique des stries sont des extrusions d'aluminium trait\u00e9es pour \u00e9liminer les stries de surface et obtenir une finition lisse et mate par sablage.<br \/>\n<\/p><br \/>\n<br \/>\n<p><b>2) Quels sont les avantages du sablage des profil\u00e9s en aluminium ? <\/b><\/p>\n<p> Le sablage permet d'\u00e9liminer les imperfections de la surface, d'am\u00e9liorer l'uniformit\u00e9 de la texture et de pr\u00e9parer l'aluminium \u00e0 d'autres finitions telles que l'anodisation ou le rev\u00eatement par poudre.<br \/>\n<\/p><br \/>\n<br \/>\n<p><b>3) Pourquoi choisir les profil\u00e9s en aluminium \u00e0 \u00e9limination m\u00e9canique des stries ? <\/b><\/p>\n<p> Ces profils garantissent un aspect plus net et plus raffin\u00e9, ce qui est particuli\u00e8rement important pour les applications architecturales ou d\u00e9coratives visibles.<br \/>\n<\/p><br \/>\n<br \/>\n<p><b>4. Comment le sablage am\u00e9liore-t-il la qualit\u00e9 de la surface de l'aluminium ? <\/b><\/p>\n<p> Le sablage permet d'\u00e9galiser la surface, d'\u00e9liminer les lignes d'extrusion et de cr\u00e9er une texture mate coh\u00e9rente qui am\u00e9liore l'attrait visuel et tactile.<br \/>\n<\/p><br \/>\n<br \/>\n<p><b>5) Quelles sont les industries qui utilisent les profil\u00e9s en aluminium sabl\u00e9s avec \u00e9limination m\u00e9canique des stries ? <\/b><\/p>\n<p> Les secteurs les plus courants sont l'architecture, l'\u00e9lectronique grand public, l'architecture d'int\u00e9rieur et l'automobile, tant pour les composants esth\u00e9tiques que fonctionnels.<br \/>\n<\/p><br \/>\n<br \/>\n<p><b>6. le sablage est-il adapt\u00e9 aux profils en aluminium anodis\u00e9 ? <\/b><\/p>\n<p> Oui, le sablage est un pr\u00e9traitement id\u00e9al pour l'anodisation, car il am\u00e9liore l'adh\u00e9rence du rev\u00eatement et permet d'obtenir une finition anodis\u00e9e mate de premi\u00e8re qualit\u00e9.<br \/>\n<\/p><br \/>\n<br \/>\n<p><b>7. Ces profil\u00e9s en aluminium sont-ils personnalisables ? <\/b><\/p>\n<p> Dans l'absolu, les profil\u00e9s peuvent \u00eatre adapt\u00e9s en termes de forme, de taille, d'alliage et de post-traitement pour r\u00e9pondre \u00e0 des exigences sp\u00e9cifiques en mati\u00e8re de conception et de performance.<br \/>\n<\/p><br \/>\n<br \/>\n<p><b>8) Le sablage affecte-t-il la durabilit\u00e9 des profil\u00e9s en aluminium ? <\/b><\/p>\n<p> Non, le sablage ne fait que modifier la surface et ne compromet pas la r\u00e9sistance structurelle ou les performances de l'aluminium.<br \/>\n<\/p><br \/>\n<br \/>\n<p><b>9. les profil\u00e9s en aluminium sabl\u00e9s sont-ils \u00e9cologiques ? <\/b><\/p>\n<p> Oui, l'aluminium est recyclable et le sablage est un proc\u00e9d\u00e9 sec et sans produits chimiques, ce qui le rend sans danger pour l'environnement.<br \/>\n<\/p><br \/>\n<br \/>\n<p><b>10. Quel est l'entretien n\u00e9cessaire pour les surfaces d'aluminium sabl\u00e9es ? <\/b><\/p>\n<p> L'entretien est minime : un d\u00e9poussi\u00e9rage r\u00e9gulier et un nettoyage en douceur permettent de conserver l'aspect mat uniforme sans qu'il soit n\u00e9cessaire de le polir.<br \/>\n<\/p><br \/><\/p>","protected":false},"featured_media":6026,"template":"","categories":[57],"class_list":["post-6027","product","type-product","status-publish","has-post-thumbnail","hentry","category-anodized-aluminum-profile"],"meta_box":{"hilight_text_group":{"product_hilight_text":"<li>Sandblasted finish removes mechanical streaks for a smooth, uniform appearance<\/li>\r\r\n<li>Enhanced surface texture ideal for high-end architectural and decorative applications<\/li>\r\r\n<li>Improved paint and coating adhesion for secondary surface treatments<\/li>\r\r\n<li>Corrosion-resistant and low-maintenance for long-lasting performance<\/li>\r\r\n<li>Available in custom shapes and sizes to meet specific design requirements<\/li>","product_chanpin_chanpin":"<li><a href=\"https:\/\/sinoextrud.com\/product\/aluminum-anodized-surface-profile\/\" target=\"_blank\">Aluminum Anodized Surface Profile<\/a><\/li>\r\n<li><a href=\"https:\/\/sinoextrud.com\/product\/anodized-aluminum-manufacturer-supply-anodized-aluminium-extrusion-tube-6063\/\" target=\"_blank\">anodized aluminum Manufacturer Supply anodized Aluminium Extrusion Tube 6063<\/a><\/li>\r\n<li><a href=\"https:\/\/sinoextrud.com\/product\/powder-coating-decorative-aluminum-railing\/\" target=\"_blank\">Powder Coating Decorative Aluminum Railing<\/a><\/li>\r\n<li><a href=\"https:\/\/sinoextrud.com\/product\/wood-grain-customize-aluminium-extrusion-rail\/\" target=\"_blank\">Wood Grain Customize Aluminium Extrusion Rail<\/a><\/li>\r\n<li><a href=\"https:\/\/sinoextrud.com\/product\/sandblasted-mechanical-streak-removed-aluminium-profiles\/\" target=\"_blank\">Sandblasted Mechanical streak removed aluminium profiles<\/a><\/li>\r\n<li><a href=\"https:\/\/sinoextrud.com\/product\/anodized-extruded-aluminium-glazing-profiles\/\" target=\"_blank\">Anodized Extruded Aluminium Glazing Profiles<\/a><\/li>\r\n<li><a href=\"https:\/\/sinoextrud.com\/product\/anodized-champagne-aluminium-color-matte-anodized-sand-blasting-6063-alloy-extrusion-profiles\/\" target=\"_blank\">Anodized Champagne aluminium color matte anodized sand blasting 6063 alloy extrusion profiles<\/a><\/li>\r\n<li><a href=\"https:\/\/sinoextrud.com\/product\/anodized-aluminium-extrusion-profile-for-frame-construction-system\/\" target=\"_blank\">Anodized aluminium extrusion profile for frame construction system<\/a><\/li>\r\n<li><a href=\"https:\/\/sinoextrud.com\/product\/anodized-mill-finish-auminium-extrusion-angle\/\" target=\"_blank\">Anodized Mill Finish Auminium Extrusion Angle<\/a><\/li>\r\n<li><a href=\"https:\/\/sinoextrud.com\/product\/aluminum-tube-framing\/\" target=\"_blank\">Aluminum Tube Framing<\/a><\/li>\r\n<li><a href=\"https:\/\/sinoextrud.com\/product\/aluminum-skirting-profile\/\" target=\"_blank\">Aluminum Skirting Profile<\/a><\/li>"},"feature_list":[]},"_links":{"self":[{"href":"https:\/\/sinoextrud.com\/fr\/wp-json\/wp\/v2\/product\/6027","targetHints":{"allow":["GET"]}}],"collection":[{"href":"https:\/\/sinoextrud.com\/fr\/wp-json\/wp\/v2\/product"}],"about":[{"href":"https:\/\/sinoextrud.com\/fr\/wp-json\/wp\/v2\/types\/product"}],"wp:featuredmedia":[{"embeddable":true,"href":"https:\/\/sinoextrud.com\/fr\/wp-json\/wp\/v2\/media\/6026"}],"wp:attachment":[{"href":"https:\/\/sinoextrud.com\/fr\/wp-json\/wp\/v2\/media?parent=6027"}],"wp:term":[{"taxonomy":"category","embeddable":true,"href":"https:\/\/sinoextrud.com\/fr\/wp-json\/wp\/v2\/categories?post=6027"}],"curies":[{"name":"wp","href":"https:\/\/api.w.org\/{rel}","templated":true}]}}