{"id":6022,"date":"2025-05-24T02:18:05","date_gmt":"2025-05-24T02:18:05","guid":{"rendered":"https:\/\/sinoextrud.com\/product\/powder-coating-decorative-aluminum-railing\/"},"modified":"2025-06-24T03:53:24","modified_gmt":"2025-06-24T03:53:24","slug":"revetement-par-poudre-des-rampes-decoratives-en-aluminium","status":"publish","type":"product","link":"https:\/\/sinoextrud.com\/fr\/product\/powder-coating-decorative-aluminum-railing\/","title":{"rendered":"Rev\u00eatement par poudrage des rampes d\u00e9coratives en aluminium"},"content":{"rendered":"<h2>D\u00e9tails des produits<\/h2>\n<table class=\"custom-table\">\n<tr>\n<td class=\"label\">Grade :<\/td>\n<td>6063 -t5<\/td>\n<\/tr>\n<tr>\n<td class=\"label\">Technique :<\/td>\n<td>Rev\u00eatement par poudrage des rampes d\u00e9coratives en aluminium<\/td>\n<\/tr>\n<tr>\n<td class=\"label\">Temp\u00e9rer :<\/td>\n<td>T3 - T8<\/td>\n<\/tr>\n<tr>\n<td class=\"label\">Services d'usinage :<\/td>\n<td>Per\u00e7age, taraudage, rivetage, assemblage, etc.<\/td>\n<\/tr>\n<tr>\n<td class=\"label\">Type :<\/td>\n<td>Rev\u00eatement par poudrage des rampes d\u00e9coratives en aluminium<\/td>\n<\/tr>\n<tr>\n<td class=\"label\">Forme :<\/td>\n<td>Con\u00e7us par les clients<\/td>\n<\/tr>\n<tr>\n<td class=\"label\">Traitement de surface :<\/td>\n<td>Finition broyage Anodis\u00e9 Bross\u00e9<\/td>\n<\/tr>\n<tr>\n<td class=\"label\">Longueur :<\/td>\n<td>3m \u00e0 6m par longueur<\/td>\n<\/tr>\n<tr>\n<td class=\"label\">Couleurs :<\/td>\n<td>Argent Noir<\/td>\n<\/tr>\n<\/table>\n<h2>Notre base de production<\/h2>\n<h3>Panorama de l'usine<\/h3>\n<p><img decoding=\"async\" src=\"\/wp-content\/uploads\/factory-01.webp\"\/><\/p>\n<h3>Atelier de fabrication de barres d'aluminium<\/h3>\n<p><img decoding=\"async\" src=\"\/wp-content\/uploads\/factory-02.webp\"\/><\/p>\n<p><img decoding=\"async\" src=\"\/wp-content\/uploads\/factory-03.webp\"\/><\/p>\n<h3>Entrep\u00f4t de stockage des moules<\/h3>\n<p><img decoding=\"async\" src=\"\/wp-content\/uploads\/factory-04.webp\"\/><\/p>\n<h3>43 lignes d'extrusion d'aluminium (500-5500 tonnes)<\/h3>\n<p><img decoding=\"async\" src=\"\/wp-content\/uploads\/factory-05.webp\"\/><\/p>\n<p><img decoding=\"async\" src=\"\/wp-content\/uploads\/factory-06.webp\"\/><\/p>\n<p><img decoding=\"async\" src=\"\/wp-content\/uploads\/factory-07.webp\"\/><\/p>\n<h3>Atelier de peinture en poudre<\/h3>\n<p><img decoding=\"async\" src=\"\/wp-content\/uploads\/factory-09.webp\"\/><\/p>\n<h3>Atelier d'anodisation<\/h3>\n<p><img decoding=\"async\" src=\"\/wp-content\/uploads\/factory-10.webp\"\/><\/p>\n<h3>Atelier sur le traitement en profondeur<\/h3>\n<p><img decoding=\"async\" src=\"\/wp-content\/uploads\/factory-11.webp\"\/><\/p>\n<h3>Atelier d'usinage de pr\u00e9cision CNC<\/h3>\n<p><img decoding=\"async\" src=\"\/wp-content\/uploads\/factory-11.5.webp\"\/><\/p>\n<h3>Entrep\u00f4t de produits finis et d'exportation<\/h3>\n<p><img decoding=\"async\" src=\"\/wp-content\/uploads\/factory-12.webp\"\/><\/p>\n<p><img decoding=\"async\" src=\"\/wp-content\/uploads\/factory-13.webp\"\/><\/p>\n<p><img decoding=\"async\" src=\"\/wp-content\/uploads\/factory-14.webp\"\/><\/p>\n<h2>FAQ<\/h2>\n<p><p><b>1) Qu'est-ce que le rev\u00eatement par poudre des rampes d\u00e9coratives en aluminium ? <\/b><\/p>\n<p> Les rampes en aluminium d\u00e9coratif \u00e0 rev\u00eatement en poudre sont des syst\u00e8mes de rampes en aluminium trait\u00e9s avec un rev\u00eatement en poudre pour une meilleure durabilit\u00e9, une vari\u00e9t\u00e9 de couleurs et un attrait d\u00e9coratif.<br \/>\n<\/p><br \/>\n<br \/>\n<p><b>2) Quels sont les principaux avantages du rev\u00eatement par poudre des rampes d\u00e9coratives en aluminium ? <\/b><\/p>\n<p> Ces garde-corps offrent une r\u00e9sistance sup\u00e9rieure aux intemp\u00e9ries, un entretien r\u00e9duit, une couleur durable et une esth\u00e9tique haut de gamme adapt\u00e9e \u00e0 l'int\u00e9rieur et \u00e0 l'ext\u00e9rieur.<br \/>\n<\/p><br \/>\n<br \/>\n<p><b>3. pourquoi choisir un garde-corps en aluminium peint par poudrage plut\u00f4t qu'un garde-corps en acier peint ? <\/b><\/p>\n<p> L'aluminium rev\u00eatu d'une peinture en poudre est plus l\u00e9ger, ne rouille pas, est plus durable et n\u00e9cessite moins d'entretien que l'acier peint, ce qui en fait un meilleur investissement \u00e0 long terme.<br \/>\n<\/p><br \/>\n<br \/>\n<p><b>4) Pourquoi le rev\u00eatement par poudre est-il id\u00e9al pour les garde-corps en aluminium ? <\/b><\/p>\n<p> Le rev\u00eatement par poudre cr\u00e9e une finition solide et uniforme qui r\u00e9siste \u00e0 la d\u00e9coloration, \u00e0 l'\u00e9caillage et \u00e0 la corrosion, tout en permettant une large gamme de couleurs et de textures.<br \/>\n<\/p><br \/>\n<br \/>\n<p><b>5. les rampes en aluminium d\u00e9coratif avec rev\u00eatement par poudre conviennent-elles aux applications ext\u00e9rieures ? <\/b><\/p>\n<p> Oui, la surface thermolaqu\u00e9e offre une excellente r\u00e9sistance aux UV et \u00e0 l'humidit\u00e9, ce qui la rend parfaite pour les balcons, les terrasses, les cl\u00f4tures et les abris de piscine.<br \/>\n<\/p><br \/>\n<br \/>\n<p><b>6. les rampes en aluminium d\u00e9coratif avec rev\u00eatement par poudre peuvent-elles \u00eatre personnalis\u00e9es ? <\/b><\/p>\n<p> Absolument, il peut \u00eatre adapt\u00e9 en termes de style, de couleur, de taille et de motif pour correspondre aux th\u00e8mes architecturaux et aux pr\u00e9f\u00e9rences des clients.<br \/>\n<\/p><br \/>\n<br \/>\n<p><b>7) Quel est l'entretien requis pour les rampes en aluminium d\u00e9coratif avec rev\u00eatement par poudre ? <\/b><\/p>\n<p> Tr\u00e8s peu - juste un nettoyage occasionnel avec de l'eau et un savon doux pour maintenir son apparence et \u00e9viter les accumulations.<br \/>\n<\/p><br \/>\n<br \/>\n<p><b>8. les rampes d\u00e9coratives en aluminium rev\u00eatues de peinture en poudre sont-elles respectueuses de l'environnement ? <\/b><\/p>\n<p> Oui, l'aluminium est enti\u00e8rement recyclable et le rev\u00eatement par poudre n'\u00e9met pas de COV nocifs, ce qui fait de ce syst\u00e8me une solution de construction durable.<br \/>\n<\/p><br \/>\n<br \/>\n<p><b>9) Quelle est la dur\u00e9e de vie de la finition thermolaqu\u00e9e des garde-corps en aluminium ? <\/b><\/p>\n<p> La finition peut durer plus de 20 ans sans se d\u00e9colorer ou se d\u00e9grader de mani\u00e8re significative, surtout si elle est correctement entretenue.<br \/>\n<\/p><br \/>\n<br \/>\n<p><b>10. quels sont les secteurs d'activit\u00e9 et les projets qui utilisent couramment les rampes en aluminium d\u00e9coratif avec rev\u00eatement par poudre ? <\/b><\/p>\n<p> Les projets r\u00e9sidentiels, commerciaux, h\u00f4teliers et d'infrastructures publiques utilisent ces garde-corps pour leur s\u00e9curit\u00e9, leur style et leur durabilit\u00e9.<br \/>\n<\/p><br \/><\/p>","protected":false},"featured_media":6021,"template":"","categories":[57],"class_list":["post-6022","product","type-product","status-publish","has-post-thumbnail","hentry","category-anodized-aluminum-profile"],"meta_box":{"hilight_text_group":{"product_hilight_text":"<li>Durable powder coating provides long-lasting color and weather resistance<\/li>\r\r\n<li>Elegant design suitable for residential, commercial, and public spaces<\/li>\r\r\n<li>Corrosion-resistant aluminum ensures low maintenance and longevity<\/li>\r\r\n<li>Lightweight structure allows for easy transport and installation<\/li>\r\r\n<li>Custom colors, styles, and sizes available to match project aesthetics<\/li>","product_chanpin_chanpin":"<li><a href=\"https:\/\/sinoextrud.com\/product\/anodized-aluminium-profiles\/\" target=\"_blank\">Anodized Aluminium Profiles<\/a><\/li>\r\n<li><a href=\"https:\/\/sinoextrud.com\/product\/aluminum-angle-channel-bright-polished-mirror\/\" target=\"_blank\">Aluminum Angle Channel Bright Polished Mirror<\/a><\/li>\r\n<li><a href=\"https:\/\/sinoextrud.com\/product\/aluminum-anodized-surface-profile\/\" target=\"_blank\">Aluminum Anodized Surface Profile<\/a><\/li>\r\n<li><a href=\"https:\/\/sinoextrud.com\/product\/anodized-aluminum-manufacturer-supply-anodized-aluminium-extrusion-tube-6063\/\" target=\"_blank\">anodized aluminum Manufacturer Supply anodized Aluminium Extrusion Tube 6063<\/a><\/li>\r\n<li><a href=\"https:\/\/sinoextrud.com\/product\/powder-coating-decorative-aluminum-railing\/\" target=\"_blank\">Powder Coating Decorative Aluminum Railing<\/a><\/li>\r\n<li><a href=\"https:\/\/sinoextrud.com\/product\/wood-grain-customize-aluminium-extrusion-rail\/\" target=\"_blank\">Wood Grain Customize Aluminium Extrusion Rail<\/a><\/li>\r\n<li><a href=\"https:\/\/sinoextrud.com\/product\/sandblasted-mechanical-streak-removed-aluminium-profiles\/\" target=\"_blank\">Sandblasted Mechanical streak removed aluminium profiles<\/a><\/li>\r\n<li><a href=\"https:\/\/sinoextrud.com\/product\/anodized-extruded-aluminium-glazing-profiles\/\" target=\"_blank\">Anodized Extruded Aluminium Glazing Profiles<\/a><\/li>\r\n<li><a href=\"https:\/\/sinoextrud.com\/product\/anodized-champagne-aluminium-color-matte-anodized-sand-blasting-6063-alloy-extrusion-profiles\/\" target=\"_blank\">Anodized Champagne aluminium color matte anodized sand blasting 6063 alloy extrusion profiles<\/a><\/li>\r\n<li><a href=\"https:\/\/sinoextrud.com\/product\/aluminum-extrusion-rail\/\" target=\"_blank\">Aluminum Extrusion Rail<\/a><\/li>\r\n<li><a href=\"https:\/\/sinoextrud.com\/product\/aluminium-piping\/\" target=\"_blank\">Aluminium Piping<\/a><\/li>"},"feature_list":[]},"_links":{"self":[{"href":"https:\/\/sinoextrud.com\/fr\/wp-json\/wp\/v2\/product\/6022","targetHints":{"allow":["GET"]}}],"collection":[{"href":"https:\/\/sinoextrud.com\/fr\/wp-json\/wp\/v2\/product"}],"about":[{"href":"https:\/\/sinoextrud.com\/fr\/wp-json\/wp\/v2\/types\/product"}],"wp:featuredmedia":[{"embeddable":true,"href":"https:\/\/sinoextrud.com\/fr\/wp-json\/wp\/v2\/media\/6021"}],"wp:attachment":[{"href":"https:\/\/sinoextrud.com\/fr\/wp-json\/wp\/v2\/media?parent=6022"}],"wp:term":[{"taxonomy":"category","embeddable":true,"href":"https:\/\/sinoextrud.com\/fr\/wp-json\/wp\/v2\/categories?post=6022"}],"curies":[{"name":"wp","href":"https:\/\/api.w.org\/{rel}","templated":true}]}}