{"id":6017,"date":"2025-05-24T01:54:41","date_gmt":"2025-05-24T01:54:41","guid":{"rendered":"https:\/\/sinoextrud.com\/product\/aluminum-anodized-surface-profile\/"},"modified":"2025-06-24T03:53:18","modified_gmt":"2025-06-24T03:53:18","slug":"profil-de-surface-anodise-en-aluminium","status":"publish","type":"product","link":"https:\/\/sinoextrud.com\/fr\/product\/aluminum-anodized-surface-profile\/","title":{"rendered":"Aluminium anodis\u00e9 Profil de surface"},"content":{"rendered":"<h2>D\u00e9tails des produits<\/h2>\n<table class=\"custom-table\">\n<tr>\n<td class=\"label\">Nom du produit<\/td>\n<td>Profil de surface anodis\u00e9 en aluminium<\/td>\n<\/tr>\n<tr>\n<td class=\"label\">Mat\u00e9riau<\/td>\n<td>6063, 6061, 6463, 6082 Alliage d'aluminium<\/td>\n<\/tr>\n<tr>\n<td class=\"label\">Couleur<\/td>\n<td>Sur mesure<\/td>\n<\/tr>\n<tr>\n<td class=\"label\">Standard<\/td>\n<td>GB2008<\/td>\n<\/tr>\n<tr>\n<td class=\"label\">Grade<\/td>\n<td>S\u00e9rie 6000<\/td>\n<\/tr>\n<tr>\n<td class=\"label\">\u00c9paisseur<\/td>\n<td>Sur mesure<\/td>\n<\/tr>\n<tr>\n<td class=\"label\">Utilisation<\/td>\n<td>D\u00e9coration<\/td>\n<\/tr>\n<tr>\n<td class=\"label\">Temp\u00e9rer<\/td>\n<td>T3-T8<\/td>\n<\/tr>\n<tr>\n<td class=\"label\">Longueur<\/td>\n<td>Sur mesure<\/td>\n<\/tr>\n<tr>\n<td class=\"label\">Traitement de surface<\/td>\n<td>Rev\u00eatement en poudre, finition en usine, PVDF, anodis\u00e9, grain de bois, poli, bross\u00e9, etc.<\/td>\n<\/tr>\n<tr>\n<td class=\"label\">Orgin<\/td>\n<td>CHINE<\/td>\n<\/tr>\n<tr>\n<td class=\"label\">Est-il en alliage ou non ?<\/td>\n<td>Est un alliage<\/td>\n<\/tr>\n<tr>\n<td class=\"label\">Port<\/td>\n<td>Guangzhou, Shenzhen, Foshan<\/td>\n<\/tr>\n<\/table>\n<h2>Notre base de production<\/h2>\n<h3>Panorama de l'usine<\/h3>\n<p><img decoding=\"async\" src=\"\/wp-content\/uploads\/factory-01.webp\"\/><\/p>\n<h3>Atelier de fabrication de barres d'aluminium<\/h3>\n<p><img decoding=\"async\" src=\"\/wp-content\/uploads\/factory-02.webp\"\/><\/p>\n<\/p>\n<p><img decoding=\"async\" src=\"\/wp-content\/uploads\/factory-03.webp\"\/><\/p>\n<h3>Entrep\u00f4t de stockage des moules<\/h3>\n<p><img decoding=\"async\" src=\"\/wp-content\/uploads\/factory-04.webp\"\/><\/p>\n<h3>43 lignes d'extrusion d'aluminium (500 \u00e0 5500 tonnes)<\/h3>\n<p><img decoding=\"async\" src=\"\/wp-content\/uploads\/factory-05.webp\"\/><\/p>\n<p><img decoding=\"async\" src=\"\/wp-content\/uploads\/factory-06.webp\"\/><\/p>\n<p><img decoding=\"async\" src=\"\/wp-content\/uploads\/factory-07.webp\"\/><\/p>\n<h3>Atelier de peinture en poudre<\/h3>\n<p><img decoding=\"async\" src=\"\/wp-content\/uploads\/factory-09.webp\"\/><\/p>\n<h3>Atelier d'anodisation<\/h3>\n<p><img decoding=\"async\" src=\"\/wp-content\/uploads\/factory-10.webp\"\/><\/p>\n<h3>Atelier sur le traitement en profondeur<\/h3>\n<p><img decoding=\"async\" src=\"\/wp-content\/uploads\/factory-11.webp\"\/><\/p>\n<h3>Atelier d'usinage de pr\u00e9cision CNC<\/h3>\n<p><img decoding=\"async\" src=\"\/wp-content\/uploads\/factory-11.5.webp\"\/><\/p>\n<h3>Entrep\u00f4t de produits finis et d'exportation<\/h3>\n<p><img decoding=\"async\" src=\"\/wp-content\/uploads\/factory-12.webp\"\/><\/p>\n<p><img decoding=\"async\" src=\"\/wp-content\/uploads\/factory-13.webp\"\/><\/p>\n<p><img decoding=\"async\" src=\"\/wp-content\/uploads\/factory-14.webp\"\/><\/p>\n<h2>FAQ<\/h2>\n<p><b>1) Qu'est-ce qu'un profil de surface anodis\u00e9 en aluminium ? <\/b><\/p>\n<p> Un profil\u00e9 de surface anodis\u00e9 en aluminium est un composant en aluminium extrud\u00e9 qui a subi une anodisation pour cr\u00e9er une couche de surface durable, r\u00e9sistante \u00e0 la corrosion et esth\u00e9tique.\n<\/p>\n<p><b>2. quels sont les avantages des profil\u00e9s de surface anodis\u00e9s en aluminium ? <\/b><\/p>\n<p> Ces profil\u00e9s offrent une r\u00e9sistance sup\u00e9rieure \u00e0 la corrosion, une duret\u00e9 de surface accrue, une stabilit\u00e9 aux UV et une finition m\u00e9tallique moderne id\u00e9ale pour diverses applications.\n<\/p>\n<p><\/p>\n<p><b>3. Pourquoi l'anodisation est-elle importante pour les profil\u00e9s en aluminium ? <\/b><\/p>\n<p> L'anodisation renforce la couche d'oxyde naturelle de l'aluminium, assurant une protection durable, une conservation des couleurs et une r\u00e9sistance accrue \u00e0 l'usure.\n<\/p>\n<p><\/p>\n<p><b>4. les profil\u00e9s de surface en aluminium anodis\u00e9 peuvent-ils \u00eatre utilis\u00e9s \u00e0 l'ext\u00e9rieur ? <\/b><\/p>\n<p> Oui, les profil\u00e9s en aluminium anodis\u00e9 sont id\u00e9aux pour une utilisation en ext\u00e9rieur en raison de leur excellente r\u00e9sistance aux intemp\u00e9ries, \u00e0 la d\u00e9coloration et \u00e0 la corrosion.\n<\/p>\n<p><\/p>\n<p><b>5.Quelles sont les applications des profil\u00e9s de surface anodis\u00e9s en aluminium ? <\/b><\/p>\n<p> Parmi les applications courantes, citons les cadres architecturaux, les meubles, les bo\u00eetiers \u00e9lectroniques, les garnitures automobiles et les \u00e9l\u00e9ments de d\u00e9coration int\u00e9rieure.\n<\/p>\n<p><\/p>\n<p><b>6. les profil\u00e9s de surface anodis\u00e9s en aluminium sont-ils disponibles en plusieurs couleurs ? <\/b><\/p>\n<p> Oui, le processus d'anodisation permet d'obtenir une vari\u00e9t\u00e9 de couleurs tout en conservant l'\u00e9clat m\u00e9tallique et la durabilit\u00e9 de la surface.\n<\/p>\n<p><\/p>\n<p><b>7. les profil\u00e9s de surface anodis\u00e9s en aluminium n\u00e9cessitent-ils un entretien ? <\/b><\/p>\n<p> Tr\u00e8s peu d'entretien est n\u00e9cessaire ; un nettoyage occasionnel avec de l'eau et du savon doux permet \u00e0 la surface de rester neuve et brillante.\n<\/p>\n<p><\/p>\n<p><b>8. la finition anodis\u00e9e est-elle respectueuse de l'environnement ? <\/b><\/p>\n<p> Oui, l'anodisation est un proc\u00e9d\u00e9 non toxique et \u00e0 faible impact, et l'aluminium est enti\u00e8rement recyclable, ce qui en fait un choix durable.\n<\/p>\n<p><\/p>\n<p><b>9. Des dimensions et des formes personnalis\u00e9es sont-elles disponibles pour les profil\u00e9s de surface en aluminium anodis\u00e9 ? <\/b><\/p>\n<p> Dans l'absolu, ces profils peuvent \u00eatre extrud\u00e9s et anodis\u00e9s pour s'adapter \u00e0 des dimensions et \u00e0 des exigences de conception sp\u00e9cifiques.\n<\/p>\n<p><\/p>\n<p><b>10. Quelle est la dur\u00e9e de vie de la couche anodis\u00e9e sur les profil\u00e9s en aluminium ? <\/b><\/p>\n<p> La couche anodis\u00e9e est extr\u00eamement durable et peut durer des d\u00e9cennies sans s'\u00e9cailler ni se d\u00e9colorer dans des conditions normales.\n<\/p>\n<p><\/p>","protected":false},"featured_media":6016,"template":"","categories":[57],"class_list":["post-6017","product","type-product","status-publish","has-post-thumbnail","hentry","category-anodized-aluminum-profile"],"meta_box":{"hilight_text_group":{"product_hilight_text":"<li>Durable anodized surface enhances resistance to corrosion, abrasion, and weathering<\/li>\r\r\n<li>Professional, aesthetic finish ideal for visible structural and architectural use<\/li>\r\r\n<li>Available in multiple colors and finishes for branding or design flexibility<\/li>\r\r\n<li>Low-maintenance surface that retains appearance over time<\/li>\r\r\n<li>Environmentally friendly and non-toxic surface treatment process<\/li>","product_chanpin_chanpin":"<li><a href=\"https:\/\/sinoextrud.com\/product\/factory-offer-aluminum-handrail-extrusions\/\" target=\"_blank\">Factory Offer Aluminum Handrail Extrusions<\/a><\/li>\r\n<li><a href=\"https:\/\/sinoextrud.com\/product\/customize-6063-z-section-aluminium-extrusion\/\" target=\"_blank\">Customize 6063 Z Section Aluminium Extrusion<\/a><\/li>\r\n<li><a href=\"https:\/\/sinoextrud.com\/product\/anodized-aluminium-profiles\/\" target=\"_blank\">Anodized Aluminium Profiles<\/a><\/li>\r\n<li><a href=\"https:\/\/sinoextrud.com\/product\/aluminum-angle-channel-bright-polished-mirror\/\" target=\"_blank\">Aluminum Angle Channel Bright Polished Mirror<\/a><\/li>\r\n<li><a href=\"https:\/\/sinoextrud.com\/product\/aluminum-anodized-surface-profile\/\" target=\"_blank\">Aluminum Anodized Surface Profile<\/a><\/li>\r\n<li><a href=\"https:\/\/sinoextrud.com\/product\/anodized-aluminum-manufacturer-supply-anodized-aluminium-extrusion-tube-6063\/\" target=\"_blank\">anodized aluminum Manufacturer Supply anodized Aluminium Extrusion Tube 6063<\/a><\/li>\r\n<li><a href=\"https:\/\/sinoextrud.com\/product\/powder-coating-decorative-aluminum-railing\/\" target=\"_blank\">Powder Coating Decorative Aluminum Railing<\/a><\/li>\r\n<li><a href=\"https:\/\/sinoextrud.com\/product\/wood-grain-customize-aluminium-extrusion-rail\/\" target=\"_blank\">Wood Grain Customize Aluminium Extrusion Rail<\/a><\/li>\r\n<li><a href=\"https:\/\/sinoextrud.com\/product\/sandblasted-mechanical-streak-removed-aluminium-profiles\/\" target=\"_blank\">Sandblasted Mechanical streak removed aluminium profiles<\/a><\/li>\r\n<li><a href=\"https:\/\/sinoextrud.com\/product\/u-shaped-with-open-linear-ceiling-system\/\" target=\"_blank\">U-Shaped With Open Linear Ceiling System<\/a><\/li>\r\n<li><a href=\"https:\/\/sinoextrud.com\/product\/brushed-aluminium-profile\/\" target=\"_blank\">Brushed Aluminium Profile<\/a><\/li>"},"feature_list":[]},"_links":{"self":[{"href":"https:\/\/sinoextrud.com\/fr\/wp-json\/wp\/v2\/product\/6017","targetHints":{"allow":["GET"]}}],"collection":[{"href":"https:\/\/sinoextrud.com\/fr\/wp-json\/wp\/v2\/product"}],"about":[{"href":"https:\/\/sinoextrud.com\/fr\/wp-json\/wp\/v2\/types\/product"}],"wp:featuredmedia":[{"embeddable":true,"href":"https:\/\/sinoextrud.com\/fr\/wp-json\/wp\/v2\/media\/6016"}],"wp:attachment":[{"href":"https:\/\/sinoextrud.com\/fr\/wp-json\/wp\/v2\/media?parent=6017"}],"wp:term":[{"taxonomy":"category","embeddable":true,"href":"https:\/\/sinoextrud.com\/fr\/wp-json\/wp\/v2\/categories?post=6017"}],"curies":[{"name":"wp","href":"https:\/\/api.w.org\/{rel}","templated":true}]}}