{"id":6015,"date":"2025-05-24T01:39:59","date_gmt":"2025-05-24T01:39:59","guid":{"rendered":"https:\/\/sinoextrud.com\/?post_type=product&#038;p=6015"},"modified":"2025-06-24T03:53:16","modified_gmt":"2025-06-24T03:53:16","slug":"canal-dangle-en-aluminium-poli-brillant-miroir","status":"publish","type":"product","link":"https:\/\/sinoextrud.com\/fr\/product\/aluminum-angle-channel-bright-polished-mirror\/","title":{"rendered":"Profil\u00e9 d'angle en aluminium Brillant Poli Miroir"},"content":{"rendered":"<h2>D\u00e9tails des produits<\/h2>\n<table class=\"custom-table\">\n<tr>\n<td class=\"label\">Traitement de surface<\/td>\n<td>Anodisation, polissage, sur demande rev\u00eatement en poudre<\/td>\n<\/tr>\n<tr>\n<td class=\"label\">Mat\u00e9riau et temp\u00e9rature<\/td>\n<td>Alliage 6063-T5,6061-T6<\/td>\n<\/tr>\n<tr>\n<td class=\"label\">Longueur<\/td>\n<td>Sur mesure<\/td>\n<\/tr>\n<tr>\n<td class=\"label\">Couleur<\/td>\n<td>Argent, bronze, champagne, ou selon la demande<\/td>\n<\/tr>\n<tr>\n<td class=\"label\">\u00c9paisseur<\/td>\n<td>Sur mesure<\/td>\n<\/tr>\n<tr>\n<td class=\"label\">Grade<\/td>\n<td>S\u00e9rie 6000<\/td>\n<\/tr>\n<tr>\n<td class=\"label\">Application<\/td>\n<td>Aluminium architectural, aluminium industriel g\u00e9n\u00e9ral, aluminium de construction<\/td>\n<\/tr>\n<tr>\n<td class=\"label\">Type<\/td>\n<td>6063<\/td>\n<\/tr>\n<tr>\n<td class=\"label\">Finition de surface<\/td>\n<td>Aluminium anodis\u00e9<\/td>\n<\/tr>\n<tr>\n<td class=\"label\">Alliage ou non<\/td>\n<td>Est un alliage<\/td>\n<\/tr>\n<tr>\n<td class=\"label\">Temp\u00e9rer<\/td>\n<td>T3-T8<\/td>\n<\/tr>\n<tr>\n<td class=\"label\">Forme<\/td>\n<td>Autres<\/td>\n<\/tr>\n<\/table>\n<h2>Notre base de production<\/h2>\n<h3>Panorama de l'usine<\/h3>\n<p><img decoding=\"async\" src=\"\/wp-content\/uploads\/factory-01.webp\"\/><\/p>\n<h3>Atelier de fabrication de barres d'aluminium<\/h3>\n<p><img decoding=\"async\" src=\"\/wp-content\/uploads\/factory-02.webp\"\/><\/p>\n<\/p>\n<p><img decoding=\"async\" src=\"\/wp-content\/uploads\/factory-03.webp\"\/><\/p>\n<h3>Entrep\u00f4t de stockage des moules<\/h3>\n<p><img decoding=\"async\" src=\"\/wp-content\/uploads\/factory-04.webp\"\/><\/p>\n<h3>43 lignes d'extrusion d'aluminium (500 \u00e0 5500 tonnes)<\/h3>\n<p><img decoding=\"async\" src=\"\/wp-content\/uploads\/factory-05.webp\"\/><\/p>\n<p><img decoding=\"async\" src=\"\/wp-content\/uploads\/factory-06.webp\"\/><\/p>\n<p><img decoding=\"async\" src=\"\/wp-content\/uploads\/factory-07.webp\"\/><\/p>\n<h3>Atelier de peinture en poudre<\/h3>\n<p><img decoding=\"async\" src=\"\/wp-content\/uploads\/factory-09.webp\"\/><\/p>\n<h3>Atelier d'anodisation<\/h3>\n<p><img decoding=\"async\" src=\"\/wp-content\/uploads\/factory-10.webp\"\/><\/p>\n<h3>Atelier sur le traitement en profondeur<\/h3>\n<p><img decoding=\"async\" src=\"\/wp-content\/uploads\/factory-11.webp\"\/><\/p>\n<h3>Atelier d'usinage de pr\u00e9cision CNC<\/h3>\n<p><img decoding=\"async\" src=\"\/wp-content\/uploads\/factory-11.5.webp\"\/><\/p>\n<h3>Entrep\u00f4t de produits finis et d'exportation<\/h3>\n<p><img decoding=\"async\" src=\"\/wp-content\/uploads\/factory-12.webp\"\/><\/p>\n<p><img decoding=\"async\" src=\"\/wp-content\/uploads\/factory-13.webp\"\/><\/p>\n<p><img decoding=\"async\" src=\"\/wp-content\/uploads\/factory-14.webp\"\/><\/p>\n<h2>FAQ<\/h2>\n<p><b>1) Qu'est-ce qu'un profil\u00e9 d'angle en aluminium poli miroir ? <\/b><\/p>\n<p> Le profil\u00e9 d'angle en aluminium Bright Polished Mirror est un profil\u00e9 d'aluminium en forme de L avec une surface polie tr\u00e8s r\u00e9fl\u00e9chissante, semblable \u00e0 un miroir, utilis\u00e9 pour des applications d\u00e9coratives et structurelles.\n<\/p>\n<p><\/p>\n<p><b>2) Quels sont les avantages des corni\u00e8res en aluminium poli brillant ? <\/b><\/p>\n<p> Ces profil\u00e9s offrent une apparence \u00e9l\u00e9gante, une r\u00e9sistance \u00e0 la corrosion, un poids l\u00e9ger et sont id\u00e9aux pour l'am\u00e9nagement int\u00e9rieur et ext\u00e9rieur.\n<\/p>\n<p><\/p>\n<p><b>3. pourquoi choisir une finition miroir sur les corni\u00e8res en aluminium ? <\/b><\/p>\n<p> La finition miroir renforce l'attrait visuel, refl\u00e8te la lumi\u00e8re pour \u00e9clairer les espaces et conf\u00e8re un aspect premium et moderne aux projets architecturaux et d'exposition.\n<\/p>\n<p><\/p>\n<p><b>4) Quelles sont les industries qui utilisent les profil\u00e9s en aluminium \u00e0 angle droit polis brillants et miroirs ? <\/b><\/p>\n<p> Les secteurs les plus courants sont la d\u00e9coration d'int\u00e9rieur, l'ameublement, les pr\u00e9sentoirs de vente au d\u00e9tail, la signalisation et les d\u00e9tails architecturaux.\n<\/p>\n<p><\/p>\n<p><b>5. l'aluminium poli miroir est-il r\u00e9sistant \u00e0 la corrosion ? <\/b><\/p>\n<p> Oui, la surface en aluminium poli est naturellement r\u00e9sistante \u00e0 la corrosion et peut \u00eatre prot\u00e9g\u00e9e par une anodisation ou un rev\u00eatement transparent.\n<\/p>\n<p><\/p>\n<p><b>6. les corni\u00e8res en aluminium peuvent-elles \u00eatre personnalis\u00e9es ? <\/b><\/p>\n<p> Dans l'absolu, ces profil\u00e9s peuvent \u00eatre coup\u00e9s sur mesure et produits dans diff\u00e9rentes dimensions pour r\u00e9pondre aux exigences sp\u00e9cifiques d'un projet.\n<\/p>\n<p><\/p>\n<p><b>7. les caniveaux en aluminium poli miroir conviennent-ils pour une utilisation en ext\u00e9rieur ? <\/b><\/p>\n<p> Oui, lorsqu'ils sont correctement rev\u00eatus, ils sont suffisamment durables pour \u00eatre utilis\u00e9s \u00e0 l'ext\u00e9rieur et conservent leur finition r\u00e9fl\u00e9chissante m\u00eame dans des environnements difficiles.\n<\/p>\n<p><\/p>\n<p><b>8) Quelle est la facilit\u00e9 d'installation des profil\u00e9s d'angle en aluminium polis brillants et miroirs ? <\/b><\/p>\n<p> Ces profil\u00e9s l\u00e9gers sont faciles \u00e0 couper, \u00e0 percer et \u00e0 monter, ce qui rend l'installation rapide et efficace.\n<\/p>\n<p><\/p>\n<p><b>9. les canaux en aluminium poli miroir n\u00e9cessitent-ils un entretien ? <\/b><\/p>\n<p> L'entretien est minime ; il suffit de les nettoyer r\u00e9guli\u00e8rement avec un chiffon non abrasif pour pr\u00e9server leur \u00e9clat et \u00e9viter qu'ils ne se ternissent.\n<\/p>\n<p><\/p>\n<p><b>10. les profil\u00e9s d'aluminium \u00e0 angle droit polis miroir sont-ils respectueux de l'environnement ? <\/b><\/p>\n<p> Oui, l'aluminium est enti\u00e8rement recyclable et le processus de polissage ajoute de la durabilit\u00e9 sans compromettre le d\u00e9veloppement durable.\n<\/p>\n<p><\/p>","protected":false},"featured_media":6014,"template":"","categories":[57],"class_list":["post-6015","product","type-product","status-publish","has-post-thumbnail","hentry","category-anodized-aluminum-profile"],"meta_box":{"hilight_text_group":{"product_hilight_text":"<li>Bright polished mirror finish offers a high-end, reflective appearance<\/li>\r\r\n<li>Ideal for decorative, architectural, and interior design applications<\/li>\r\r\n<li>Corrosion-resistant aluminum suitable for both indoor and outdoor use<\/li>\r\r\n<li>Lightweight yet strong for easy handling and structural support<\/li>\r\r\n<li>Available in angle and channel shapes for versatile installation options<\/li>","product_chanpin_chanpin":"<li><a href=\"https:\/\/sinoextrud.com\/product\/anodized-extruded-aluminum\/\" target=\"_blank\">Anodized Extruded Aluminum<\/a><\/li>\r\n<li><a href=\"https:\/\/sinoextrud.com\/product\/factory-offer-aluminum-handrail-extrusions\/\" target=\"_blank\">Factory Offer Aluminum Handrail Extrusions<\/a><\/li>\r\n<li><a href=\"https:\/\/sinoextrud.com\/product\/customize-6063-z-section-aluminium-extrusion\/\" target=\"_blank\">Customize 6063 Z Section Aluminium Extrusion<\/a><\/li>\r\n<li><a href=\"https:\/\/sinoextrud.com\/product\/anodized-aluminium-profiles\/\" target=\"_blank\">Anodized Aluminium Profiles<\/a><\/li>\r\n<li><a href=\"https:\/\/sinoextrud.com\/product\/aluminum-angle-channel-bright-polished-mirror\/\" target=\"_blank\">Aluminum Angle Channel Bright Polished Mirror<\/a><\/li>\r\n<li><a href=\"https:\/\/sinoextrud.com\/product\/aluminum-anodized-surface-profile\/\" target=\"_blank\">Aluminum Anodized Surface Profile<\/a><\/li>\r\n<li><a href=\"https:\/\/sinoextrud.com\/product\/anodized-aluminum-manufacturer-supply-anodized-aluminium-extrusion-tube-6063\/\" target=\"_blank\">anodized aluminum Manufacturer Supply anodized Aluminium Extrusion Tube 6063<\/a><\/li>\r\n<li><a href=\"https:\/\/sinoextrud.com\/product\/powder-coating-decorative-aluminum-railing\/\" target=\"_blank\">Powder Coating Decorative Aluminum Railing<\/a><\/li>\r\n<li><a href=\"https:\/\/sinoextrud.com\/product\/wood-grain-customize-aluminium-extrusion-rail\/\" target=\"_blank\">Wood Grain Customize Aluminium Extrusion Rail<\/a><\/li>\r\n<li><a href=\"https:\/\/sinoextrud.com\/product\/aluminium-solar-profile\/\" target=\"_blank\">Aluminium Solar Profile<\/a><\/li>\r\n<li><a href=\"https:\/\/sinoextrud.com\/product\/t-shaped-aluminum-extrusion\/\" target=\"_blank\">T Shaped Aluminum Extrusion<\/a><\/li>"},"feature_list":[]},"_links":{"self":[{"href":"https:\/\/sinoextrud.com\/fr\/wp-json\/wp\/v2\/product\/6015","targetHints":{"allow":["GET"]}}],"collection":[{"href":"https:\/\/sinoextrud.com\/fr\/wp-json\/wp\/v2\/product"}],"about":[{"href":"https:\/\/sinoextrud.com\/fr\/wp-json\/wp\/v2\/types\/product"}],"wp:featuredmedia":[{"embeddable":true,"href":"https:\/\/sinoextrud.com\/fr\/wp-json\/wp\/v2\/media\/6014"}],"wp:attachment":[{"href":"https:\/\/sinoextrud.com\/fr\/wp-json\/wp\/v2\/media?parent=6015"}],"wp:term":[{"taxonomy":"category","embeddable":true,"href":"https:\/\/sinoextrud.com\/fr\/wp-json\/wp\/v2\/categories?post=6015"}],"curies":[{"name":"wp","href":"https:\/\/api.w.org\/{rel}","templated":true}]}}