{"id":6003,"date":"2025-05-23T16:32:19","date_gmt":"2025-05-23T16:32:19","guid":{"rendered":"https:\/\/sinoextrud.com\/?post_type=product&#038;p=6003"},"modified":"2025-06-24T03:53:08","modified_gmt":"2025-06-24T03:53:08","slug":"aluminium-extrude-anodise","status":"publish","type":"product","link":"https:\/\/sinoextrud.com\/fr\/product\/anodized-extruded-aluminum\/","title":{"rendered":"Aluminium extrud\u00e9 anodis\u00e9"},"content":{"rendered":"<h2>D\u00e9tails des produits<\/h2>\n<table class=\"custom-table\">\n<tr>\n<td class=\"label\">TYPE<\/td>\n<td>\u00c9PAISSEUR ANODIS\u00c9E<\/td>\n<td>\u00c9PAISSEUR DU REV\u00caTEMENT<\/td>\n<td>EFFET D'ENROBAGE<\/td>\n<td>REV\u00caTEMENT<\/td>\n<td>UTILISATION<\/td>\n<\/tr>\n<tr>\n<td class=\"label\">A<\/td>\n<td>\u226510.0\u03bcm<\/td>\n<td>\u226515.0\u03bcm<\/td>\n<td>Brillant, mat<\/td>\n<td>anodis\u00e9, rev\u00eatement par poudre<\/td>\n<td>Mauvais environnement b\u00e2timent construction ext\u00e9rieur<\/td>\n<\/tr>\n<tr>\n<td class=\"label\">B<\/td>\n<td>\u226510.0\u03bcm<\/td>\n<td>\u22659.0\u03bcm<\/td>\n<td>Brillant, mat<\/td>\n<td>anodis\u00e9, rev\u00eatement par poudre<\/td>\n<td>Environnement normal b\u00e2timent construction ext\u00e9rieur<\/td>\n<\/tr>\n<tr>\n<td class=\"label\">C<\/td>\n<td>\u22656.0\u03bcm<\/td>\n<td>\u22659.0\u03bcm<\/td>\n<td>Brillant, mat<\/td>\n<td>anodis\u00e9, rev\u00eatement par poudre<\/td>\n<td>Construction de b\u00e2timents dans un environnement normal, construction de machines \u00e9lectriques<\/td>\n<\/tr>\n<tr>\n<td class=\"label\">S<\/td>\n<td>\u22656.0\u03bcm<\/td>\n<td>\u226515.0\u03bcm<\/td>\n<td>Brillant, mat<\/td>\n<td>anodis\u00e9, rev\u00eatement par poudre<\/td>\n<td>Construction d'un b\u00e2timent \u00e0 l'ext\u00e9rieur, construction d'une machine automobile<\/td>\n<\/tr>\n<\/table>\n<h2>Notre base de production<\/h2>\n<h3>Panorama de l'usine<\/h3>\n<p><img decoding=\"async\" src=\"\/wp-content\/uploads\/factory-01.webp\"\/><\/p>\n<h3>Atelier de fabrication de barres d'aluminium<\/h3>\n<p><img decoding=\"async\" src=\"\/wp-content\/uploads\/factory-02.webp\"\/><\/p>\n<\/p>\n<p><img decoding=\"async\" src=\"\/wp-content\/uploads\/factory-03.webp\"\/><\/p>\n<h3>Entrep\u00f4t de stockage des moules<\/h3>\n<p><img decoding=\"async\" src=\"\/wp-content\/uploads\/factory-04.webp\"\/><\/p>\n<h3>43 lignes d'extrusion d'aluminium (500-5500 tonnes)<\/h3>\n<p><img decoding=\"async\" src=\"\/wp-content\/uploads\/factory-05.webp\"\/><\/p>\n<p><img decoding=\"async\" src=\"\/wp-content\/uploads\/factory-06.webp\"\/><\/p>\n<p><img decoding=\"async\" src=\"\/wp-content\/uploads\/factory-07.webp\"\/><\/p>\n<h3>Atelier de peinture en poudre<\/h3>\n<p><img decoding=\"async\" src=\"\/wp-content\/uploads\/factory-09.webp\"\/><\/p>\n<h3>Atelier d'anodisation<\/h3>\n<p><img decoding=\"async\" src=\"\/wp-content\/uploads\/factory-10.webp\"\/><\/p>\n<h3>Atelier sur le traitement en profondeur<\/h3>\n<p><img decoding=\"async\" src=\"\/wp-content\/uploads\/factory-11.webp\"\/><\/p>\n<h3>Atelier d'usinage de pr\u00e9cision CNC<\/h3>\n<p><img decoding=\"async\" src=\"\/wp-content\/uploads\/factory-11.5.webp\"\/><\/p>\n<h3>Entrep\u00f4t de produits finis et d'exportation<\/h3>\n<p><img decoding=\"async\" src=\"\/wp-content\/uploads\/factory-12.webp\"\/><\/p>\n<p><img decoding=\"async\" src=\"\/wp-content\/uploads\/factory-13.webp\"\/><\/p>\n<p><img decoding=\"async\" src=\"\/wp-content\/uploads\/factory-14.webp\"\/><\/p>\n<h2>FAQ<\/h2>\n<p><b>1) Qu'est-ce que l'aluminium extrud\u00e9 anodis\u00e9 ? <\/b><\/p>\n<p> L'aluminium extrud\u00e9 anodis\u00e9 est un aluminium qui a \u00e9t\u00e9 fa\u00e7onn\u00e9 par extrusion puis trait\u00e9 par un proc\u00e9d\u00e9 d'anodisation afin d'am\u00e9liorer la duret\u00e9 de sa surface, sa r\u00e9sistance \u00e0 la corrosion et son apparence.\n<\/p>\n<p><\/p>\n<p><b>2) Quels sont les principaux avantages de l'aluminium extrud\u00e9 anodis\u00e9 ? <\/b><\/p>\n<p> L'aluminium extrud\u00e9 anodis\u00e9 offre une excellente r\u00e9sistance \u00e0 la corrosion, une durabilit\u00e9 accrue de la surface, une esth\u00e9tique am\u00e9lior\u00e9e et une meilleure protection contre l'usure.\n<\/p>\n<p><\/p>\n<p><b>3) Pourquoi l'anodisation est-elle importante pour l'aluminium extrud\u00e9 ? <\/b><\/p>\n<p> L'anodisation forme une couche d'oxyde protectrice qui rend l'aluminium plus r\u00e9sistant aux intemp\u00e9ries, aux rayures et \u00e0 la d\u00e9coloration, prolongeant ainsi la dur\u00e9e de vie du produit.\n<\/p>\n<p><\/p>\n<p><b>4. quelles sont les applications de l'aluminium extrud\u00e9 anodis\u00e9 ? <\/b><\/p>\n<p> Il est couramment utilis\u00e9 dans les structures architecturales, les cadres de fen\u00eatres, le mobilier, l'\u00e9lectronique et les pi\u00e8ces automobiles \u00e0 des fins fonctionnelles et d\u00e9coratives.\n<\/p>\n<p><\/p>\n<p><b>5. l'aluminium extrud\u00e9 anodis\u00e9 est-il disponible en diff\u00e9rentes couleurs ? <\/b><\/p>\n<p> Oui, le processus d'anodisation peut incorporer divers colorants, offrant une gamme de couleurs tout en maintenant la protection de la surface et la finition m\u00e9tallique.\n<\/p>\n<p><\/p>\n<p><b>6) Comment l'aluminium extrud\u00e9 anodis\u00e9 se comporte-t-il \u00e0 l'ext\u00e9rieur ? <\/b><\/p>\n<p> Il se comporte exceptionnellement bien en ext\u00e9rieur gr\u00e2ce \u00e0 sa r\u00e9sistance accrue aux UV, \u00e0 sa protection contre la corrosion et \u00e0 ses besoins d'entretien minimes.\n<\/p>\n<p><\/p>\n<p><b>7. l'aluminium extrud\u00e9 anodis\u00e9 est-il \u00e9cologique ? <\/b><\/p>\n<p> Oui, l'aluminium est enti\u00e8rement recyclable et le processus d'anodisation n'est pas toxique, ce qui en fait un choix de mat\u00e9riau durable et sans danger pour l'environnement.\n<\/p>\n<p><\/p>\n<p><b>8. l'anodisation affecte-t-elle la r\u00e9sistance de l'aluminium extrud\u00e9 ? <\/b><\/p>\n<p> Non, l'anodisation ne modifie que la surface et n'a pas d'incidence sur la r\u00e9sistance structurelle du profil\u00e9 en aluminium.\n<\/p>\n<p><\/p>\n<p><b>9. l'aluminium extrud\u00e9 anodis\u00e9 peut-il \u00eatre utilis\u00e9 en milieu marin ? <\/b><\/p>\n<p> En effet, sa grande r\u00e9sistance \u00e0 la corrosion en fait un produit id\u00e9al pour les applications marines et c\u00f4ti\u00e8res o\u00f9 l'humidit\u00e9 et l'exposition au sel sont courantes.\n<\/p>\n<p><\/p>\n<p><b>10. Quelle est la dur\u00e9e de vie de la finition anodis\u00e9e de l'aluminium extrud\u00e9 ? <\/b><\/p>\n<p> Les finitions anodis\u00e9es sont tr\u00e8s durables et peuvent durer des dizaines d'ann\u00e9es si elles sont correctement entretenues, en particulier dans des environnements non abrasifs.\n<\/p>\n<p><\/p>","protected":false},"featured_media":6002,"template":"","categories":[57],"class_list":["post-6003","product","type-product","status-publish","has-post-thumbnail","hentry","category-anodized-aluminum-profile"],"meta_box":{"hilight_text_group":{"product_hilight_text":"<li>Durable anodized finish enhances corrosion and wear resistance<\/li>\r\r\n<li>Attractive metallic appearance suitable for visible structural applications<\/li>\r\r\n<li>Improved surface hardness and longevity for industrial use<\/li>\r\r\n<li>Available in various colors and finishes to match branding or design needs<\/li>\r\r\n<li>Low maintenance and environmentally friendly surface treatment<\/li>","product_chanpin_chanpin":"<li><a href=\"https:\/\/sinoextrud.com\/product\/aluminium-extrusion-profile-section\/\" target=\"_blank\">Aluminium Extrusion Profile Section(Great Wall panel aluminum profile)<\/a><\/li>\r\n<li><a href=\"https:\/\/sinoextrud.com\/product\/industrial-aluminum-profiles\/\" target=\"_blank\">Industrial Aluminum Profiles<\/a><\/li>\r\n<li><a href=\"https:\/\/sinoextrud.com\/product\/aluminum-extruded-profile\/\" target=\"_blank\">Aluminum Extruded Profile<\/a><\/li>\r\n<li><a href=\"https:\/\/sinoextrud.com\/product\/aluminium-corner-extrusion\/\" target=\"_blank\">Aluminium Corner Extrusion<\/a><\/li>\r\n<li><a href=\"https:\/\/sinoextrud.com\/product\/anodized-extruded-aluminum\/\" target=\"_blank\">Anodized Extruded Aluminum<\/a><\/li>\r\n<li><a href=\"https:\/\/sinoextrud.com\/product\/factory-offer-aluminum-handrail-extrusions\/\" target=\"_blank\">Factory Offer Aluminum Handrail Extrusions<\/a><\/li>\r\n<li><a href=\"https:\/\/sinoextrud.com\/product\/customize-6063-z-section-aluminium-extrusion\/\" target=\"_blank\">Customize 6063 Z Section Aluminium Extrusion<\/a><\/li>\r\n<li><a href=\"https:\/\/sinoextrud.com\/product\/anodized-aluminium-profiles\/\" target=\"_blank\">Anodized Aluminium Profiles<\/a><\/li>\r\n<li><a href=\"https:\/\/sinoextrud.com\/product\/aluminum-angle-channel-bright-polished-mirror\/\" target=\"_blank\">Aluminum Angle Channel Bright Polished Mirror<\/a><\/li>\r\n<li><a href=\"https:\/\/sinoextrud.com\/product\/anodized-aluminum-eectronic-equipment-enclosure\/\" target=\"_blank\">Anodized Aluminum Eectronic Equipment Enclosure<\/a><\/li>\r\n<li><a href=\"https:\/\/sinoextrud.com\/product\/bending-aluminium-tube\/\" target=\"_blank\">Bending Aluminium Tube<\/a><\/li>"},"feature_list":[]},"_links":{"self":[{"href":"https:\/\/sinoextrud.com\/fr\/wp-json\/wp\/v2\/product\/6003","targetHints":{"allow":["GET"]}}],"collection":[{"href":"https:\/\/sinoextrud.com\/fr\/wp-json\/wp\/v2\/product"}],"about":[{"href":"https:\/\/sinoextrud.com\/fr\/wp-json\/wp\/v2\/types\/product"}],"wp:featuredmedia":[{"embeddable":true,"href":"https:\/\/sinoextrud.com\/fr\/wp-json\/wp\/v2\/media\/6002"}],"wp:attachment":[{"href":"https:\/\/sinoextrud.com\/fr\/wp-json\/wp\/v2\/media?parent=6003"}],"wp:term":[{"taxonomy":"category","embeddable":true,"href":"https:\/\/sinoextrud.com\/fr\/wp-json\/wp\/v2\/categories?post=6003"}],"curies":[{"name":"wp","href":"https:\/\/api.w.org\/{rel}","templated":true}]}}