{"id":5998,"date":"2025-05-23T16:20:26","date_gmt":"2025-05-23T16:20:26","guid":{"rendered":"https:\/\/sinoextrud.com\/?post_type=product&#038;p=5998"},"modified":"2025-06-24T03:53:05","modified_gmt":"2025-06-24T03:53:05","slug":"extrusion-dangle-en-aluminium","status":"publish","type":"product","link":"https:\/\/sinoextrud.com\/fr\/product\/aluminium-corner-extrusion\/","title":{"rendered":"Extrusion d'angle en aluminium"},"content":{"rendered":"<h2>D\u00e9tails des produits<\/h2>\n<table class=\"custom-table\">\n<tr>\n<td class=\"label\">Nom :<\/td>\n<td>Profil\u00e9 extrud\u00e9 en aluminium, profil\u00e9 d'angle en aluminium<\/td>\n<\/tr>\n<tr>\n<td class=\"label\">Mat\u00e9riau :<\/td>\n<td>Alliage d'aluminium.<\/td>\n<\/tr>\n<tr>\n<td class=\"label\">Grade :<\/td>\n<td>S\u00e9rie 6000.<\/td>\n<\/tr>\n<tr>\n<td class=\"label\">Temp\u00e9rer :<\/td>\n<td>T5-T8.<\/td>\n<\/tr>\n<tr>\n<td class=\"label\">Traitement de surface :<\/td>\n<td>Finition en usine, anodisation, rev\u00eatement en poudre, sablage, cataphor\u00e8se, etc.<\/td>\n<\/tr>\n<tr>\n<td class=\"label\">Certificat :<\/td>\n<td>ISO 9001:2008, ROHS, CE, IQNET.<\/td>\n<\/tr>\n<tr>\n<td class=\"label\">Couleur :<\/td>\n<td>personnalis\u00e9<\/td>\n<\/tr>\n<tr>\n<td class=\"label\">Taille :<\/td>\n<td>Identique aux dessins. personnalis\u00e9<\/td>\n<\/tr>\n<\/table>\n<h2>Notre base de production<\/h2>\n<h3>Panorama de l'usine<\/h3>\n<p><img decoding=\"async\" src=\"\/wp-content\/uploads\/factory-01.webp\"\/><\/p>\n<h3>Atelier de fabrication de barres d'aluminium<\/h3>\n<p><img decoding=\"async\" src=\"\/wp-content\/uploads\/factory-02.webp\"\/><\/p>\n<\/p>\n<p><img decoding=\"async\" src=\"\/wp-content\/uploads\/factory-03.webp\"\/><\/p>\n<h3>Entrep\u00f4t de stockage des moules<\/h3>\n<p><img decoding=\"async\" src=\"\/wp-content\/uploads\/factory-04.webp\"\/><\/p>\n<h3>43 lignes d'extrusion d'aluminium (500 \u00e0 5500 tonnes)<\/h3>\n<p><img decoding=\"async\" src=\"\/wp-content\/uploads\/factory-05.webp\"\/><\/p>\n<p><img decoding=\"async\" src=\"\/wp-content\/uploads\/factory-06.webp\"\/><\/p>\n<p><img decoding=\"async\" src=\"\/wp-content\/uploads\/factory-07.webp\"\/><\/p>\n<h3>Atelier de peinture en poudre<\/h3>\n<p><img decoding=\"async\" src=\"\/wp-content\/uploads\/factory-09.webp\"\/><\/p>\n<h3>Atelier d'anodisation<\/h3>\n<p><img decoding=\"async\" src=\"\/wp-content\/uploads\/factory-10.webp\"\/><\/p>\n<h3>Atelier sur le traitement en profondeur<\/h3>\n<p><img decoding=\"async\" src=\"\/wp-content\/uploads\/factory-11.webp\"\/><\/p>\n<h3>Atelier d'usinage de pr\u00e9cision CNC<\/h3>\n<p><img decoding=\"async\" src=\"\/wp-content\/uploads\/factory-11.5.webp\"\/><\/p>\n<h3>Entrep\u00f4t de produits finis et d'exportation<\/h3>\n<p><img decoding=\"async\" src=\"\/wp-content\/uploads\/factory-12.webp\"\/><\/p>\n<p><img decoding=\"async\" src=\"\/wp-content\/uploads\/factory-13.webp\"\/><\/p>\n<p><img decoding=\"async\" src=\"\/wp-content\/uploads\/factory-14.webp\"\/><\/p>\n<h2>FAQ<\/h2>\n<p><b>1) Qu'est-ce qu'une extrusion d'angle en aluminium ? <\/b><\/p>\n<p> Un profil\u00e9 d'angle en aluminium est un profil\u00e9 d'aluminium \u00e0 angle droit utilis\u00e9 pour joindre, prot\u00e9ger ou finir les bords dans la construction, le mobilier et les syst\u00e8mes d'encadrement.\n<\/p>\n<p><\/p>\n<p><b>2) Quels sont les principaux avantages de l'extrusion de coins en aluminium ? <\/b><\/p>\n<p> Les profil\u00e9s d'angle en aluminium offrent une r\u00e9sistance \u00e0 la corrosion, une l\u00e9g\u00e8ret\u00e9 et une esth\u00e9tique soign\u00e9e, ce qui les rend id\u00e9aux pour les applications fonctionnelles et d\u00e9coratives.\n<\/p>\n<p><\/p>\n<p><b>3. O\u00f9 les profil\u00e9s d'angle en aluminium sont-ils couramment utilis\u00e9s ? <\/b><\/p>\n<p> Ils sont largement utilis\u00e9s dans la construction, l'am\u00e9nagement int\u00e9rieur, les syst\u00e8mes d'encadrement en aluminium, les armoires et les structures d'exposition pour la protection et l'alignement des angles.\n<\/p>\n<p><\/p>\n<p><b>4. Les profil\u00e9s d'angle en aluminium sont-ils personnalisables ? <\/b><\/p>\n<p> Oui, ils peuvent \u00eatre extrud\u00e9s en diff\u00e9rentes tailles, angles, \u00e9paisseurs et finitions de surface pour r\u00e9pondre aux exigences sp\u00e9cifiques de conception et d'application.\n<\/p>\n<p><\/p>\n<p><b>5. pourquoi choisir l'extrusion d'angle en aluminium plut\u00f4t que le plastique ou l'acier ? <\/b><\/p>\n<p> Les profil\u00e9s d'angle en aluminium sont plus durables que le plastique, plus l\u00e9gers et plus r\u00e9sistants \u00e0 la corrosion que l'acier, ce qui leur conf\u00e8re une fiabilit\u00e9 \u00e0 long terme.\n<\/p>\n<p><\/p>\n<p><b>6. les profil\u00e9s d'angle en aluminium peuvent-ils \u00eatre anodis\u00e9s ou rev\u00eatus ? <\/b><\/p>\n<p> Dans l'absolu, ils supportent des finitions telles que l'anodisation, le rev\u00eatement par poudre ou la peinture pour am\u00e9liorer l'aspect et la protection.\n<\/p>\n<p><\/p>\n<p><b>7. les profil\u00e9s d'angle en aluminium am\u00e9liorent-ils l'int\u00e9grit\u00e9 structurelle ? <\/b><\/p>\n<p> Oui, ils renforcent les angles, ajoutent de la solidit\u00e9 aux cadres et aident \u00e0 r\u00e9partir uniform\u00e9ment les charges dans les assemblages structurels.\n<\/p>\n<p><\/p>\n<p><b>8. les profil\u00e9s d'angle en aluminium sont-ils faciles \u00e0 installer ? <\/b><\/p>\n<p> Oui, leur conception permet une installation simple \u00e0 l'aide de vis, d'adh\u00e9sifs ou de supports, ce qui r\u00e9duit le temps de travail et la complexit\u00e9.\n<\/p>\n<p><\/p>\n<p><b>9. les profil\u00e9s d'angle en aluminium peuvent-ils \u00eatre utilis\u00e9s \u00e0 l'ext\u00e9rieur ? <\/b><\/p>\n<p> Oui, sa r\u00e9sistance naturelle \u00e0 la corrosion et les rev\u00eatements de protection optionnels en font un produit id\u00e9al pour les environnements ext\u00e9rieurs et \u00e0 forte humidit\u00e9.\n<\/p>\n<p><\/p>\n<p><b>10. les profil\u00e9s d'angle en aluminium sont-ils \u00e9cologiques ? <\/b><\/p>\n<p> Oui, l'aluminium est enti\u00e8rement recyclable et sa production est \u00e9conome en \u00e9nergie, ce qui fait de ces extrusions un mat\u00e9riau de construction durable.\n<\/p>\n<p><\/p>","protected":false},"featured_media":5996,"template":"","categories":[57],"class_list":["post-5998","product","type-product","status-publish","has-post-thumbnail","hentry","category-anodized-aluminum-profile"],"meta_box":{"hilight_text_group":{"product_hilight_text":"<li>Provides strong and clean corner joints for frames and structures<\/li>\r\r\n<li>Precision-extruded for consistent fit and alignment<\/li>\r\r\n<li>Lightweight yet durable, ideal for industrial and architectural applications<\/li>\r\r\n<li>Corrosion-resistant surface for indoor and outdoor use<\/li>\r\r\n<li>Available in standard and custom angles to meet various design needs<\/li>","product_chanpin_chanpin":"<li><a href=\"https:\/\/sinoextrud.com\/product\/aluminium-profile-systems\/\" target=\"_blank\">Aluminium Profile Systems<\/a><\/li>\r\n<li><a href=\"https:\/\/sinoextrud.com\/product\/aluminium-extrusion-profile-section\/\" target=\"_blank\">Aluminium Extrusion Profile Section(Great Wall panel aluminum profile)<\/a><\/li>\r\n<li><a href=\"https:\/\/sinoextrud.com\/product\/industrial-aluminum-profiles\/\" target=\"_blank\">Industrial Aluminum Profiles<\/a><\/li>\r\n<li><a href=\"https:\/\/sinoextrud.com\/product\/aluminum-extruded-profile\/\" target=\"_blank\">Aluminum Extruded Profile<\/a><\/li>\r\n<li><a href=\"https:\/\/sinoextrud.com\/product\/aluminium-corner-extrusion\/\" target=\"_blank\">Aluminium Corner Extrusion<\/a><\/li>\r\n<li><a href=\"https:\/\/sinoextrud.com\/product\/anodized-extruded-aluminum\/\" target=\"_blank\">Anodized Extruded Aluminum<\/a><\/li>\r\n<li><a href=\"https:\/\/sinoextrud.com\/product\/factory-offer-aluminum-handrail-extrusions\/\" target=\"_blank\">Factory Offer Aluminum Handrail Extrusions<\/a><\/li>\r\n<li><a href=\"https:\/\/sinoextrud.com\/product\/customize-6063-z-section-aluminium-extrusion\/\" target=\"_blank\">Customize 6063 Z Section Aluminium Extrusion<\/a><\/li>\r\n<li><a href=\"https:\/\/sinoextrud.com\/product\/anodized-aluminium-profiles\/\" target=\"_blank\">Anodized Aluminium Profiles<\/a><\/li>\r\n<li><a href=\"https:\/\/sinoextrud.com\/product\/extrusion-aluminum-profile-for-powder-coating-window-and-door-alloy-6063\/\" target=\"_blank\">Extrusion Aluminum Profile For Powder Coating Window and Door Alloy 6063<\/a><\/li>\r\n<li><a href=\"https:\/\/sinoextrud.com\/product\/extruded-aluminum-for-outdoor-light-heat-sink\/\" target=\"_blank\">Extruded Aluminum For Outdoor Light Heat Sink<\/a><\/li>"},"feature_list":[]},"_links":{"self":[{"href":"https:\/\/sinoextrud.com\/fr\/wp-json\/wp\/v2\/product\/5998","targetHints":{"allow":["GET"]}}],"collection":[{"href":"https:\/\/sinoextrud.com\/fr\/wp-json\/wp\/v2\/product"}],"about":[{"href":"https:\/\/sinoextrud.com\/fr\/wp-json\/wp\/v2\/types\/product"}],"wp:featuredmedia":[{"embeddable":true,"href":"https:\/\/sinoextrud.com\/fr\/wp-json\/wp\/v2\/media\/5996"}],"wp:attachment":[{"href":"https:\/\/sinoextrud.com\/fr\/wp-json\/wp\/v2\/media?parent=5998"}],"wp:term":[{"taxonomy":"category","embeddable":true,"href":"https:\/\/sinoextrud.com\/fr\/wp-json\/wp\/v2\/categories?post=5998"}],"curies":[{"name":"wp","href":"https:\/\/api.w.org\/{rel}","templated":true}]}}