{"id":5997,"date":"2025-05-23T16:15:15","date_gmt":"2025-05-23T16:15:15","guid":{"rendered":"https:\/\/sinoextrud.com\/?post_type=product&#038;p=5997"},"modified":"2025-06-24T03:53:03","modified_gmt":"2025-06-24T03:53:03","slug":"profile-extrude-en-aluminium","status":"publish","type":"product","link":"https:\/\/sinoextrud.com\/fr\/product\/aluminum-extruded-profile\/","title":{"rendered":"Profil\u00e9 extrud\u00e9 en aluminium"},"content":{"rendered":"<h2>D\u00e9tails des produits<\/h2>\n<table class=\"custom-table\">\n<tr>\n<td class=\"label\">Nom :<\/td>\n<td>Profil\u00e9 extrud\u00e9 en aluminium<\/td>\n<\/tr>\n<tr>\n<td class=\"label\">Mat\u00e9riau :<\/td>\n<td>Alliage d'aluminium.<\/td>\n<\/tr>\n<tr>\n<td class=\"label\">Grade :<\/td>\n<td>S\u00e9rie 6000.<\/td>\n<\/tr>\n<tr>\n<td class=\"label\">Temp\u00e9rer :<\/td>\n<td>T5-T8.<\/td>\n<\/tr>\n<tr>\n<td class=\"label\">Traitement de surface :<\/td>\n<td>Finition en usine, anodisation, rev\u00eatement en poudre, sablage, cataphor\u00e8se, etc.<\/td>\n<\/tr>\n<tr>\n<td class=\"label\">Certificat :<\/td>\n<td>ISO 9001:2008, ROHS, CE, IQNET.<\/td>\n<\/tr>\n<tr>\n<td class=\"label\">Couleur :<\/td>\n<td>personnalis\u00e9<\/td>\n<\/tr>\n<tr>\n<td class=\"label\">Taille :<\/td>\n<td>Identique aux dessins. personnalis\u00e9<\/td>\n<\/tr>\n<tr>\n<td class=\"label\">Application :<\/td>\n<td>Architectural et industriel, etc.<\/td>\n<\/tr>\n<tr>\n<td class=\"label\">Paquet :<\/td>\n<td>1. EPE pour chaque profil ; 2. envelopp\u00e9 d'un film r\u00e9tractable \u00e0 l'ext\u00e9rieur ; 3. emball\u00e9 selon la demande du client.<\/td>\n<\/tr>\n<tr>\n<td class=\"label\">Livraison :<\/td>\n<td>20-25 jours<\/td>\n<\/tr>\n<tr>\n<td class=\"label\">Traitement en profondeur :<\/td>\n<td>coupe, per\u00e7age, poin\u00e7onnage, pliage, etc.<\/td>\n<\/tr>\n<\/table>\n<h2>Notre base de production<\/h2>\n<h3>Panorama de l'usine<\/h3>\n<p><img decoding=\"async\" src=\"\/wp-content\/uploads\/factory-01.webp\"\/><\/p>\n<h3>Atelier de fabrication de barres d'aluminium<\/h3>\n<p><img decoding=\"async\" src=\"\/wp-content\/uploads\/factory-02.webp\"\/><\/p>\n<\/p>\n<p><img decoding=\"async\" src=\"\/wp-content\/uploads\/factory-03.webp\"\/><\/p>\n<h3>Entrep\u00f4t de stockage des moules<\/h3>\n<p><img decoding=\"async\" src=\"\/wp-content\/uploads\/factory-04.webp\"\/><\/p>\n<h3>43 lignes d'extrusion d'aluminium (500 \u00e0 5500 tonnes)<\/h3>\n<p><img decoding=\"async\" src=\"\/wp-content\/uploads\/factory-05.webp\"\/><\/p>\n<p><img decoding=\"async\" src=\"\/wp-content\/uploads\/factory-06.webp\"\/><\/p>\n<p><img decoding=\"async\" src=\"\/wp-content\/uploads\/factory-07.webp\"\/><\/p>\n<h3>Atelier de peinture en poudre<\/h3>\n<p><img decoding=\"async\" src=\"\/wp-content\/uploads\/factory-09.webp\"\/><\/p>\n<h3>Atelier d'anodisation<\/h3>\n<p><img decoding=\"async\" src=\"\/wp-content\/uploads\/factory-10.webp\"\/><\/p>\n<h3>Atelier sur le traitement en profondeur<\/h3>\n<p><img decoding=\"async\" src=\"\/wp-content\/uploads\/factory-11.webp\"\/><\/p>\n<h3>Atelier d'usinage de pr\u00e9cision CNC<\/h3>\n<p><img decoding=\"async\" src=\"\/wp-content\/uploads\/factory-11.5.webp\"\/><\/p>\n<h3>Entrep\u00f4t de produits finis et d'exportation<\/h3>\n<p><img decoding=\"async\" src=\"\/wp-content\/uploads\/factory-12.webp\"\/><\/p>\n<p><img decoding=\"async\" src=\"\/wp-content\/uploads\/factory-13.webp\"\/><\/p>\n<p><img decoding=\"async\" src=\"\/wp-content\/uploads\/factory-14.webp\"\/><\/p>\n<h2>FAQ<\/h2>\n<p><b>1) Qu'est-ce qu'un profil\u00e9 extrud\u00e9 en aluminium ? <\/b><\/p>\n<p> Un profil\u00e9 extrud\u00e9 en aluminium est un composant en aluminium de forme personnalis\u00e9e cr\u00e9\u00e9 en for\u00e7ant l'aluminium \u00e0 travers une fili\u00e8re, couramment utilis\u00e9 dans la construction, l'automobile et les applications industrielles.\n<\/p>\n<p><\/p>\n<p><b>2) Quels sont les principaux avantages des profil\u00e9s extrud\u00e9s en aluminium ? <\/b><\/p>\n<p> Les profil\u00e9s extrud\u00e9s en aluminium offrent un rapport poids\/r\u00e9sistance \u00e9lev\u00e9, une r\u00e9sistance \u00e0 la corrosion, une grande souplesse de conception et une production efficace pour une large gamme d'utilisations.\n<\/p>\n<p><\/p>\n<p><b>3. Pourquoi l'extrusion d'aluminium est-elle populaire dans l'industrie manufacturi\u00e8re ? <\/b><\/p>\n<p> L'extrusion d'aluminium permet d'obtenir des formes complexes et pr\u00e9cises avec un minimum de perte de mati\u00e8re, ce qui en fait la solution id\u00e9ale pour une fabrication rentable et \u00e9volutive.\n<\/p>\n<p><\/p>\n<p><b>4. les profil\u00e9s extrud\u00e9s en aluminium sont-ils personnalisables ? <\/b><\/p>\n<p> Oui, les profil\u00e9s peuvent \u00eatre adapt\u00e9s en termes de forme, de taille, d'alliage et de finition pour r\u00e9pondre \u00e0 des exigences fonctionnelles et esth\u00e9tiques sp\u00e9cifiques.\n<\/p>\n<p><\/p>\n<p><b>5. quelles industries utilisent les profil\u00e9s extrud\u00e9s en aluminium ? <\/b><\/p>\n<p> Les industries telles que la construction, le transport, l'\u00e9lectronique, l'a\u00e9rospatiale et les \u00e9nergies renouvelables utilisent des profil\u00e9s en aluminium extrud\u00e9 pour leur polyvalence et leurs performances.\n<\/p>\n<p><\/p>\n<p><b>6. les profil\u00e9s extrud\u00e9s en aluminium favorisent-ils la conception durable ? <\/b><\/p>\n<p> Absolument, l'aluminium est 100% recyclable, ce qui fait des profil\u00e9s extrud\u00e9s un choix \u00e9cologique pour la construction verte et le d\u00e9veloppement de produits durables.\n<\/p>\n<p><\/p>\n<p><b>7. Quelle est la r\u00e9sistance des profil\u00e9s extrud\u00e9s en aluminium ? <\/b><\/p>\n<p> En fonction de l'alliage utilis\u00e9, les profil\u00e9s en aluminium extrud\u00e9 peuvent offrir une excellente r\u00e9sistance structurelle tout en restant l\u00e9gers.\n<\/p>\n<p><\/p>\n<p><b>8) Quels sont les traitements de surface disponibles pour les profil\u00e9s extrud\u00e9s en aluminium ? <\/b><\/p>\n<p> Les finitions courantes comprennent l'anodisation, le rev\u00eatement par poudre et le brossage, ce qui am\u00e9liore la durabilit\u00e9, la r\u00e9sistance \u00e0 la corrosion et l'apparence.\n<\/p>\n<p><\/p>\n<p><b>9. les profil\u00e9s extrud\u00e9s en aluminium sont-ils faciles \u00e0 fabriquer et \u00e0 assembler ? <\/b><\/p>\n<p> Oui, ils sont faciles \u00e0 couper, \u00e0 usiner et \u00e0 assembler, ce qui simplifie la fabrication et r\u00e9duit le temps d'assemblage dans la production.\n<\/p>\n<p><\/p>\n<p><b>10. les profil\u00e9s extrud\u00e9s en aluminium conviennent-ils pour des applications int\u00e9rieures et ext\u00e9rieures ? <\/b><\/p>\n<p> En effet, leur r\u00e9sistance \u00e0 la corrosion et leurs options de finition les rendent id\u00e9ales pour les cadres int\u00e9rieurs et les environnements ext\u00e9rieurs difficiles.\n<\/p>\n<p><\/p>","protected":false},"featured_media":6001,"template":"","categories":[57],"class_list":["post-5997","product","type-product","status-publish","has-post-thumbnail","hentry","category-anodized-aluminum-profile"],"meta_box":{"hilight_text_group":{"product_hilight_text":"<li>Customizable shapes and sizes for a wide range of industrial applications<\/li>\r\r\n<li>High strength-to-weight ratio ideal for structural and mechanical use<\/li>\r\r\n<li>Excellent surface finish and corrosion resistance with anodizing options<\/li>\r\r\n<li>Supports precise machining, drilling, and cutting for easy integration<\/li>\r\r\n<li>Cost-effective solution for mass production with consistent quality<\/li>","product_chanpin_chanpin":"<li><a href=\"https:\/\/sinoextrud.com\/product\/aluminum-extrusion-industry-modular-components-profile\/\" target=\"_blank\">Aluminum Extrusion Industry Modular Components Profile<\/a><\/li>\r\n<li><a href=\"https:\/\/sinoextrud.com\/product\/aluminium-profile-systems\/\" target=\"_blank\">Aluminium Profile Systems<\/a><\/li>\r\n<li><a href=\"https:\/\/sinoextrud.com\/product\/aluminium-extrusion-profile-section\/\" target=\"_blank\">Aluminium Extrusion Profile Section(Great Wall panel aluminum profile)<\/a><\/li>\r\n<li><a href=\"https:\/\/sinoextrud.com\/product\/industrial-aluminum-profiles\/\" target=\"_blank\">Industrial Aluminum Profiles<\/a><\/li>\r\n<li><a href=\"https:\/\/sinoextrud.com\/product\/aluminum-extruded-profile\/\" target=\"_blank\">Aluminum Extruded Profile<\/a><\/li>\r\n<li><a href=\"https:\/\/sinoextrud.com\/product\/aluminium-corner-extrusion\/\" target=\"_blank\">Aluminium Corner Extrusion<\/a><\/li>\r\n<li><a href=\"https:\/\/sinoextrud.com\/product\/anodized-extruded-aluminum\/\" target=\"_blank\">Anodized Extruded Aluminum<\/a><\/li>\r\n<li><a href=\"https:\/\/sinoextrud.com\/product\/factory-offer-aluminum-handrail-extrusions\/\" target=\"_blank\">Factory Offer Aluminum Handrail Extrusions<\/a><\/li>\r\n<li><a href=\"https:\/\/sinoextrud.com\/product\/customize-6063-z-section-aluminium-extrusion\/\" target=\"_blank\">Customize 6063 Z Section Aluminium Extrusion<\/a><\/li>\r\n<li><a href=\"https:\/\/sinoextrud.com\/product\/6063-cnc-machining-aluminum-extrusion-hinge\/\" target=\"_blank\">6063 CNC Machining Aluminum Extrusion Hinge<\/a><\/li>\r\n<li><a href=\"https:\/\/sinoextrud.com\/product\/aluminum-square-tube-in-wooden-grain\/\" target=\"_blank\">Aluminum Square Tube In Wooden Grain<\/a><\/li>"},"feature_list":[]},"_links":{"self":[{"href":"https:\/\/sinoextrud.com\/fr\/wp-json\/wp\/v2\/product\/5997","targetHints":{"allow":["GET"]}}],"collection":[{"href":"https:\/\/sinoextrud.com\/fr\/wp-json\/wp\/v2\/product"}],"about":[{"href":"https:\/\/sinoextrud.com\/fr\/wp-json\/wp\/v2\/types\/product"}],"wp:featuredmedia":[{"embeddable":true,"href":"https:\/\/sinoextrud.com\/fr\/wp-json\/wp\/v2\/media\/6001"}],"wp:attachment":[{"href":"https:\/\/sinoextrud.com\/fr\/wp-json\/wp\/v2\/media?parent=5997"}],"wp:term":[{"taxonomy":"category","embeddable":true,"href":"https:\/\/sinoextrud.com\/fr\/wp-json\/wp\/v2\/categories?post=5997"}],"curies":[{"name":"wp","href":"https:\/\/api.w.org\/{rel}","templated":true}]}}