{"id":5995,"date":"2025-05-23T15:39:44","date_gmt":"2025-05-23T15:39:44","guid":{"rendered":"https:\/\/sinoextrud.com\/?post_type=product&#038;p=5995"},"modified":"2025-06-24T03:53:00","modified_gmt":"2025-06-24T03:53:00","slug":"profiles-industriels-en-aluminium","status":"publish","type":"product","link":"https:\/\/sinoextrud.com\/fr\/product\/industrial-aluminum-profiles\/","title":{"rendered":"Profil\u00e9s industriels en aluminium"},"content":{"rendered":"<h2>D\u00e9tails des produits<\/h2>\n<table class=\"custom-table\">\n<tr>\n<td class=\"label\">Nom du produit<\/td>\n<td>profil\u00e9s industriels en aluminium (aluminium industriel, mat\u00e9riau d'extrusion en aluminium industriel)<\/td>\n<\/tr>\n<tr>\n<td class=\"label\">Gamme de produits<\/td>\n<td>Ligne d'assemblage de production, \u00e9tabli de production, cloison de bureau, \u00e9cran, cl\u00f4ture industrielle et divers cadres, \u00e9tag\u00e8res d'exposition, \u00e9tag\u00e8res, couvercle de joint anti-poussi\u00e8re m\u00e9canique, etc.<\/td>\n<\/tr>\n<tr>\n<td class=\"label\">Alliage d'aluminium<\/td>\n<td>S\u00e9rie 1000, s\u00e9rie 2000, s\u00e9rie 3000, s\u00e9rie 5000, s\u00e9rie 6000, s\u00e9rie 7000<\/td>\n<\/tr>\n<tr>\n<td class=\"label\">Temp\u00e9rer<\/td>\n<td>T3-T8<\/td>\n<\/tr>\n<tr>\n<td class=\"label\">Forme<\/td>\n<td>personnalisation<\/td>\n<\/tr>\n<tr>\n<td class=\"label\">Couleur<\/td>\n<td>personnalisation<\/td>\n<\/tr>\n<tr>\n<td class=\"label\">Traitement de surface<\/td>\n<td>finition en usine, anodisation, grain de bois, rev\u00eatement en poudre, sablage, \u00e9lectrophor\u00e8se, brossage, polissage, etc.<\/td>\n<\/tr>\n<tr>\n<td class=\"label\">Traitement en profondeur CNC<\/td>\n<td>couper, percer, usiner, poin\u00e7onner, plier, tarauder, etc.<\/td>\n<\/tr>\n<tr>\n<td class=\"label\">Certifications<\/td>\n<td>CE, ISO, SGS, TUV, ROHS<\/td>\n<\/tr>\n<tr>\n<td class=\"label\">\u00c9chantillons<\/td>\n<td>\u00e9chantillon gratuit. Livraison en 1-3 jours.<\/td>\n<\/tr>\n<tr>\n<td class=\"label\">MOQ<\/td>\n<td>200KG pour chaque profil<\/td>\n<\/tr>\n<tr>\n<td class=\"label\">D\u00e9lai de livraison<\/td>\n<td>La mise au point du moule et la confirmation de l'\u00e9chantillon prennent 12 \u00e0 15 jours, puis la production prend 15 \u00e0 25 jours apr\u00e8s r\u00e9ception de l'acompte de l'acheteur.<\/td>\n<\/tr>\n<tr>\n<td class=\"label\">Conditions de paiement<\/td>\n<td>30% d\u00e9p\u00f4t avant la production, et le solde avant l'exp\u00e9dition.<\/td>\n<\/tr>\n<\/table>\n<h2>Notre base de production<\/h2>\n<h3>Panorama de l'usine<\/h3>\n<p><img decoding=\"async\" src=\"\/wp-content\/uploads\/factory-01.webp\"\/><\/p>\n<h3>Atelier de fabrication de barres d'aluminium<\/h3>\n<p><img decoding=\"async\" src=\"\/wp-content\/uploads\/factory-02.webp\"\/><\/p>\n<\/p>\n<p><img decoding=\"async\" src=\"\/wp-content\/uploads\/factory-03.webp\"\/><\/p>\n<h3>Entrep\u00f4t de stockage des moules<\/h3>\n<p><img decoding=\"async\" src=\"\/wp-content\/uploads\/factory-04.webp\"\/><\/p>\n<h3>43 lignes d'extrusion d'aluminium (500 \u00e0 5500 tonnes)<\/h3>\n<p><img decoding=\"async\" src=\"\/wp-content\/uploads\/factory-05.webp\"\/><\/p>\n<p><img decoding=\"async\" src=\"\/wp-content\/uploads\/factory-06.webp\"\/><\/p>\n<p><img decoding=\"async\" src=\"\/wp-content\/uploads\/factory-07.webp\"\/><\/p>\n<h3>Atelier de peinture en poudre<\/h3>\n<p><img decoding=\"async\" src=\"\/wp-content\/uploads\/factory-09.webp\"\/><\/p>\n<h3>Atelier d'anodisation<\/h3>\n<p><img decoding=\"async\" src=\"\/wp-content\/uploads\/factory-10.webp\"\/><\/p>\n<h3>Atelier sur le traitement en profondeur<\/h3>\n<p><img decoding=\"async\" src=\"\/wp-content\/uploads\/factory-11.webp\"\/><\/p>\n<h3>Atelier d'usinage de pr\u00e9cision CNC<\/h3>\n<p><img decoding=\"async\" src=\"\/wp-content\/uploads\/factory-11.5.webp\"\/><\/p>\n<h3>Entrep\u00f4t de produits finis et d'exportation<\/h3>\n<p><img decoding=\"async\" src=\"\/wp-content\/uploads\/factory-12.webp\"\/><\/p>\n<p><img decoding=\"async\" src=\"\/wp-content\/uploads\/factory-13.webp\"\/><\/p>\n<p><img decoding=\"async\" src=\"\/wp-content\/uploads\/factory-14.webp\"\/><\/p>\n<h2>FAQ<\/h2>\n<p><b>1.Qu'est-ce qu'un profil\u00e9 industriel en aluminium ? <\/b><\/p>\n<p> Les profil\u00e9s industriels en aluminium sont des composants en aluminium extrud\u00e9 utilis\u00e9s pour la construction de cadres, de structures de machines, de syst\u00e8mes d'automatisation et de postes de travail dans les environnements industriels.\n<\/p>\n<p><\/p>\n<p><b>2) Quels sont les principaux avantages des profil\u00e9s industriels en aluminium ? <\/b><\/p>\n<p> Les profil\u00e9s industriels en aluminium offrent une grande l\u00e9g\u00e8ret\u00e9, une r\u00e9sistance \u00e0 la corrosion, une conception modulaire et une grande facilit\u00e9 d'assemblage, ce qui les rend id\u00e9aux pour les applications industrielles.\n<\/p>\n<p><\/p>\n<p><b>3. Comment les profil\u00e9s industriels en aluminium soutiennent-ils la construction modulaire ? <\/b><\/p>\n<p> Leurs fentes et syst\u00e8mes de connexion standardis\u00e9s permettent un assemblage, une expansion et une reconfiguration rapides sans soudure ni outils sp\u00e9ciaux.\n<\/p>\n<p><\/p>\n<p><b>4. pourquoi choisir les profil\u00e9s industriels en aluminium plut\u00f4t que l'acier ? <\/b><\/p>\n<p> Les profil\u00e9s industriels en aluminium sont plus l\u00e9gers, ne rouillent pas, sont plus faciles \u00e0 usiner et plus adaptables que les structures traditionnelles en acier, ce qui r\u00e9duit les co\u00fbts d'installation et de maintenance.\n<\/p>\n<p><\/p>\n<p><b>5.Les profil\u00e9s industriels en aluminium sont-ils personnalisables ? <\/b><\/p>\n<p> Oui, ils peuvent \u00eatre extrud\u00e9s sur mesure dans diff\u00e9rentes formes, tailles et finitions pour r\u00e9pondre aux exigences de projets industriels sp\u00e9cifiques.\n<\/p>\n<p><\/p>\n<p><b>6. quelles industries utilisent les profil\u00e9s industriels en aluminium ? <\/b><\/p>\n<p> Les industries telles que la fabrication, l'automatisation, la robotique, la logistique et l'\u00e9lectronique utilisent largement les profil\u00e9s industriels en aluminium pour les cadres structurels et m\u00e9caniques.\n<\/p>\n<p><\/p>\n<p><b>7.Les profil\u00e9s industriels en aluminium favorisent-ils la fabrication durable ? <\/b><\/p>\n<p> Absolument, l'aluminium est recyclable et \u00e9conome en \u00e9nergie, ce qui fait de ces profil\u00e9s une solution \u00e9cologique pour le design industriel et la construction.\n<\/p>\n<p><\/p>\n<p><b>8. Comment les profil\u00e9s industriels en aluminium am\u00e9liorent-ils l'efficacit\u00e9 ? <\/b><\/p>\n<p> Leur conception modulaire r\u00e9duit le temps d'assemblage et permet des ajustements rapides, ce qui se traduit par des mises en place de production plus rapides et une plus grande flexibilit\u00e9 op\u00e9rationnelle.\n<\/p>\n<p><\/p>\n<p><b>9. quels sont les types de finitions disponibles pour les profil\u00e9s industriels en aluminium ? <\/b><\/p>\n<p> Les finitions courantes comprennent l'anodisation, le rev\u00eatement en poudre et le brossage, qui am\u00e9liorent l'aspect, la durabilit\u00e9 et la r\u00e9sistance \u00e0 la corrosion.\n<\/p>\n<p><\/p>\n<p><b>10. les profil\u00e9s industriels en aluminium peuvent-ils s'int\u00e9grer \u00e0 des composants d'automatisation ? <\/b><\/p>\n<p> Oui, leur conception permet une int\u00e9gration transparente avec les capteurs, les actionneurs, les convoyeurs et les syst\u00e8mes de contr\u00f4le dans les installations industrielles automatis\u00e9es.\n<\/p>\n<p><\/p>","protected":false},"featured_media":5994,"template":"","categories":[55],"class_list":["post-5995","product","type-product","status-publish","has-post-thumbnail","hentry","category-extruded-aluminum-profiles"],"meta_box":{"hilight_text_group":{"product_hilight_text":"<li>Versatile profiles suitable for machine frames, safety enclosures, and automation systems<\/li>\r\r\n<li>Easy to cut, assemble, and modify on-site without welding<\/li>\r\r\n<li>Strong load-bearing capacity with lightweight design<\/li>\r\r\n<li>Standardized slots support universal connectors and accessories<\/li>\r\r\n<li>Durable anodized surface resists wear, corrosion, and scratches<\/li>","product_chanpin_chanpin":"<li><a href=\"https:\/\/sinoextrud.com\/product\/aluminium-profile-bed-frame\/\" target=\"_blank\">Aluminium Profile Bed Frame<\/a><\/li>\r\n<li><a href=\"https:\/\/sinoextrud.com\/product\/aluminum-extrusion-industry-modular-components-profile\/\" target=\"_blank\">Aluminum Extrusion Industry Modular Components Profile<\/a><\/li>\r\n<li><a href=\"https:\/\/sinoextrud.com\/product\/aluminium-profile-systems\/\" target=\"_blank\">Aluminium Profile Systems<\/a><\/li>\r\n<li><a href=\"https:\/\/sinoextrud.com\/product\/aluminium-extrusion-profile-section\/\" target=\"_blank\">Aluminium Extrusion Profile Section(Great Wall panel aluminum profile)<\/a><\/li>\r\n<li><a href=\"https:\/\/sinoextrud.com\/product\/industrial-aluminum-profiles\/\" target=\"_blank\">Industrial Aluminum Profiles<\/a><\/li>\r\n<li><a href=\"https:\/\/sinoextrud.com\/product\/aluminum-extruded-profile\/\" target=\"_blank\">Aluminum Extruded Profile<\/a><\/li>\r\n<li><a href=\"https:\/\/sinoextrud.com\/product\/aluminium-corner-extrusion\/\" target=\"_blank\">Aluminium Corner Extrusion<\/a><\/li>\r\n<li><a href=\"https:\/\/sinoextrud.com\/product\/anodized-extruded-aluminum\/\" target=\"_blank\">Anodized Extruded Aluminum<\/a><\/li>\r\n<li><a href=\"https:\/\/sinoextrud.com\/product\/factory-offer-aluminum-handrail-extrusions\/\" target=\"_blank\">Factory Offer Aluminum Handrail Extrusions<\/a><\/li>\r\n<li><a href=\"https:\/\/sinoextrud.com\/product\/small-aluminium-extrusions\/\" target=\"_blank\">Small Aluminium Extrusions<\/a><\/li>\r\n<li><a href=\"https:\/\/sinoextrud.com\/product\/aluminum-door-jamb-extrusions\/\" target=\"_blank\">Aluminum Door Jamb Extrusions<\/a><\/li>"},"feature_list":[]},"_links":{"self":[{"href":"https:\/\/sinoextrud.com\/fr\/wp-json\/wp\/v2\/product\/5995","targetHints":{"allow":["GET"]}}],"collection":[{"href":"https:\/\/sinoextrud.com\/fr\/wp-json\/wp\/v2\/product"}],"about":[{"href":"https:\/\/sinoextrud.com\/fr\/wp-json\/wp\/v2\/types\/product"}],"wp:featuredmedia":[{"embeddable":true,"href":"https:\/\/sinoextrud.com\/fr\/wp-json\/wp\/v2\/media\/5994"}],"wp:attachment":[{"href":"https:\/\/sinoextrud.com\/fr\/wp-json\/wp\/v2\/media?parent=5995"}],"wp:term":[{"taxonomy":"category","embeddable":true,"href":"https:\/\/sinoextrud.com\/fr\/wp-json\/wp\/v2\/categories?post=5995"}],"curies":[{"name":"wp","href":"https:\/\/api.w.org\/{rel}","templated":true}]}}