{"id":5993,"date":"2025-05-23T15:36:29","date_gmt":"2025-05-23T15:36:29","guid":{"rendered":"https:\/\/sinoextrud.com\/?post_type=product&#038;p=5993"},"modified":"2025-06-24T03:52:58","modified_gmt":"2025-06-24T03:52:58","slug":"profile-dextrusion-en-aluminium","status":"publish","type":"product","link":"https:\/\/sinoextrud.com\/fr\/product\/aluminium-extrusion-profile-section\/","title":{"rendered":"Profil\u00e9 d'extrusion en aluminium (profil\u00e9 d'aluminium du panneau Great Wall)"},"content":{"rendered":"<h2>D\u00e9tails des produits<\/h2>\n<table class=\"custom-table\">\n<tr>\n<td class=\"label\">Nom du produit<\/td>\n<td>profil\u00e9 d'extrusion en aluminium<\/td>\n<\/tr>\n<tr>\n<td class=\"label\">Application<\/td>\n<td>Profil\u00e9s industriels en aluminium, profil\u00e9s de construction en aluminium, portes et fen\u00eatres en aluminium, armoires en aluminium, plafonds en aluminium, tubes et tuyaux en aluminium, garde-corps en verre en aluminium, etc.<\/td>\n<\/tr>\n<tr>\n<td class=\"label\">Alliage d'aluminium<\/td>\n<td>S\u00e9rie 1000, s\u00e9rie 2000, s\u00e9rie 3000, s\u00e9rie 6000, s\u00e9rie 7000, etc.<\/td>\n<\/tr>\n<tr>\n<td class=\"label\">Temp\u00e9rer<\/td>\n<td>T3-T8<\/td>\n<\/tr>\n<tr>\n<td class=\"label\">Forme<\/td>\n<td>selon les demandes du client<\/td>\n<\/tr>\n<tr>\n<td class=\"label\">Couleur<\/td>\n<td>selon les demandes du client<\/td>\n<\/tr>\n<tr>\n<td class=\"label\">Longueur<\/td>\n<td>1-9m ou personnalisation<\/td>\n<\/tr>\n<tr>\n<td class=\"label\">Traitement de surface<\/td>\n<td>finition en usine, anodisation, rev\u00eatement m\u00e9canique, sablage, \u00e9lectrophor\u00e8se, brossage, polissage, etc.<\/td>\n<\/tr>\n<tr>\n<td class=\"label\">Traitement en profondeur CNC<\/td>\n<td>couper, percer, usiner, poin\u00e7onner, plier, tarauder, etc.<\/td>\n<\/tr>\n<tr>\n<td class=\"label\">Certifications<\/td>\n<td>CE, ISO, SGS, TUV, ROHS<\/td>\n<\/tr>\n<tr>\n<td class=\"label\">\u00c9chantillons<\/td>\n<td>\u00e9chantillon gratuit. Livraison en 1-3 jours.<\/td>\n<\/tr>\n<tr>\n<td class=\"label\">MOQ<\/td>\n<td>200KG pour chaque profil<\/td>\n<\/tr>\n<tr>\n<td class=\"label\">D\u00e9lai de livraison<\/td>\n<td>Le d\u00e9veloppement du moule et la conformation de l'\u00e9chantillon prennent 12 \u00e0 15 jours, puis la dur\u00e9e de production est de 15 \u00e0 25 jours apr\u00e8s r\u00e9ception de l'acompte de l'acheteur.<\/td>\n<\/tr>\n<tr>\n<td class=\"label\">Conditions de paiement<\/td>\n<td>30% d\u00e9p\u00f4t, 70% solde avant exp\u00e9dition<\/td>\n<\/tr>\n<\/table>\n<h2>Notre base de production<\/h2>\n<h3>Panorama de l'usine<\/h3>\n<p><img decoding=\"async\" src=\"\/wp-content\/uploads\/factory-01.webp\"\/><\/p>\n<h3>Atelier de fabrication de barres d'aluminium<\/h3>\n<p><img decoding=\"async\" src=\"\/wp-content\/uploads\/factory-02.webp\"\/><\/p>\n<\/p>\n<p><img decoding=\"async\" src=\"\/wp-content\/uploads\/factory-03.webp\"\/><\/p>\n<h3>Entrep\u00f4t de stockage des moules<\/h3>\n<p><img decoding=\"async\" src=\"\/wp-content\/uploads\/factory-04.webp\"\/><\/p>\n<h3>43 lignes d'extrusion d'aluminium (500-5500 tonnes)<\/h3>\n<p><img decoding=\"async\" src=\"\/wp-content\/uploads\/factory-05.webp\"\/><\/p>\n<p><img decoding=\"async\" src=\"\/wp-content\/uploads\/factory-06.webp\"\/><\/p>\n<p><img decoding=\"async\" src=\"\/wp-content\/uploads\/factory-07.webp\"\/><\/p>\n<h3>Atelier de peinture en poudre<\/h3>\n<p><img decoding=\"async\" src=\"\/wp-content\/uploads\/factory-09.webp\"\/><\/p>\n<h3>Atelier d'anodisation<\/h3>\n<p><img decoding=\"async\" src=\"\/wp-content\/uploads\/factory-10.webp\"\/><\/p>\n<h3>Atelier sur le traitement en profondeur<\/h3>\n<p><img decoding=\"async\" src=\"\/wp-content\/uploads\/factory-11.webp\"\/><\/p>\n<h3>Atelier d'usinage de pr\u00e9cision CNC<\/h3>\n<p><img decoding=\"async\" src=\"\/wp-content\/uploads\/factory-11.5.webp\"\/><\/p>\n<h3>Entrep\u00f4t de produits finis et d'exportation<\/h3>\n<p><img decoding=\"async\" src=\"\/wp-content\/uploads\/factory-12.webp\"\/><\/p>\n<p><img decoding=\"async\" src=\"\/wp-content\/uploads\/factory-13.webp\"\/><\/p>\n<p><img decoding=\"async\" src=\"\/wp-content\/uploads\/factory-14.webp\"\/><\/p>\n<h2>FAQ<\/h2>\n<p><b>1) Qu'est-ce qu'un profil\u00e9 d'extrusion en aluminium ? <\/b><\/p>\n<p> Un profil\u00e9 d'extrusion en aluminium est un composant en aluminium fa\u00e7onn\u00e9 cr\u00e9\u00e9 par le processus d'extrusion, utilis\u00e9 dans la construction, la fabrication et les applications structurelles.\n<\/p>\n<p><\/p>\n<p><b>2) Quels sont les principaux avantages des profil\u00e9s d'extrusion en aluminium ? <\/b><\/p>\n<p> Les profil\u00e9s d'extrusion en aluminium offrent un rapport poids\/r\u00e9sistance \u00e9lev\u00e9, une r\u00e9sistance \u00e0 la corrosion et une grande souplesse de conception pour diverses utilisations industrielles et architecturales.\n<\/p>\n<p><\/p>\n<p><b>3. Pourquoi l'extrusion d'aluminium est-elle pr\u00e9f\u00e9r\u00e9e pour les profil\u00e9s ? <\/b><\/p>\n<p> L'extrusion d'aluminium permet de produire des formes pr\u00e9cises et complexes de mani\u00e8re rentable, avec une excellente finition de surface et un minimum de d\u00e9chets.\n<\/p>\n<p><\/p>\n<p><b>4.Les profil\u00e9s d'extrusion en aluminium sont-ils personnalisables ? <\/b><\/p>\n<p> Oui, ils peuvent \u00eatre adapt\u00e9s en termes de forme, de taille, d'alliage et de traitement de surface pour r\u00e9pondre \u00e0 des exigences sp\u00e9cifiques en mati\u00e8re de performance et d'esth\u00e9tique.\n<\/p>\n<p><\/p>\n<p><b>5. Quelle est la durabilit\u00e9 des profil\u00e9s d'extrusion en aluminium ? <\/b><\/p>\n<p> Ces profil\u00e9s sont tr\u00e8s durables, capables de r\u00e9sister \u00e0 des environnements difficiles et de conserver leur int\u00e9grit\u00e9 structurelle au fil du temps.\n<\/p>\n<p><\/p>\n<p><b>6. Quelles sont les industries qui utilisent couramment les profil\u00e9s d'extrusion en aluminium ? <\/b><\/p>\n<p> Les industries telles que l'a\u00e9rospatiale, l'automobile, la construction, l'\u00e9lectronique et les \u00e9nergies renouvelables utilisent largement les profil\u00e9s d'extrusion en aluminium.\n<\/p>\n<p><\/p>\n<p><b>7. les profil\u00e9s extrud\u00e9s en aluminium favorisent-ils la construction l\u00e9g\u00e8re ? <\/b><\/p>\n<p> Absolument, leur l\u00e9g\u00e8ret\u00e9 les rend id\u00e9ales pour r\u00e9duire le poids total de la structure sans compromettre la r\u00e9sistance.\n<\/p>\n<p><\/p>\n<p><b>8. les profil\u00e9s d'extrusion en aluminium peuvent-ils \u00eatre finis dans diff\u00e9rents styles ? <\/b><\/p>\n<p> Oui, ils peuvent recevoir diverses finitions telles que l'anodisation, le rev\u00eatement par poudre et la peinture pour am\u00e9liorer l'aspect et la protection.\n<\/p>\n<p><\/p>\n<p><b>9) Qu'est-ce qui rend les profil\u00e9s d'extrusion en aluminium rentables ? <\/b><\/p>\n<p> Leur r\u00e9utilisation, leur entretien minimal et leur production efficace en font un choix rentable pour les projets \u00e0 grande \u00e9chelle.\n<\/p>\n<p><\/p>\n<p><b>10. les profil\u00e9s d'extrusion en aluminium sont-ils respectueux de l'environnement ? <\/b><\/p>\n<p> Oui, l'aluminium est 100% recyclable et sa transformation n\u00e9cessite moins d'\u00e9nergie, ce qui fait de ces profil\u00e9s un choix de mat\u00e9riau durable.\n<\/p>\n<p><\/p>","protected":false},"featured_media":5992,"template":"","categories":[55],"class_list":["post-5993","product","type-product","status-publish","has-post-thumbnail","hentry","category-extruded-aluminum-profiles"],"meta_box":{"hilight_text_group":{"product_hilight_text":"<li>Customizable cross-sections to fit specific structural and design requirements<\/li>\r\r\n<li>High precision and consistent quality suitable for mass production<\/li>\r\r\n<li>Lightweight yet strong material ideal for reducing overall system weight<\/li>\r\r\n<li>Excellent thermal and electrical conductivity for specialized applications<\/li>\r\r\n<li>Corrosion-resistant finish ensures long-term durability in harsh environments<\/li>\r\r\n<li>Aluminum decorative materials for wall and ceiling applications <\/li>","product_chanpin_chanpin":"<li><a href=\"https:\/\/sinoextrud.com\/product\/extruded-aluminum-tubing-shapes-supplier\/\" target=\"_blank\">Extruded Aluminum Tubing Shapes Supplier<\/a><\/li>\r\n<li><a href=\"https:\/\/sinoextrud.com\/product\/aluminium-profile-bed-frame\/\" target=\"_blank\">Aluminium Profile Bed Frame<\/a><\/li>\r\n<li><a href=\"https:\/\/sinoextrud.com\/product\/aluminum-extrusion-industry-modular-components-profile\/\" target=\"_blank\">Aluminum Extrusion Industry Modular Components Profile<\/a><\/li>\r\n<li><a href=\"https:\/\/sinoextrud.com\/product\/aluminium-profile-systems\/\" target=\"_blank\">Aluminium Profile Systems<\/a><\/li>\r\n<li><a href=\"https:\/\/sinoextrud.com\/product\/aluminium-extrusion-profile-section\/\" target=\"_blank\">Aluminium Extrusion Profile Section(Great Wall panel aluminum profile)<\/a><\/li>\r\n<li><a href=\"https:\/\/sinoextrud.com\/product\/industrial-aluminum-profiles\/\" target=\"_blank\">Industrial Aluminum Profiles<\/a><\/li>\r\n<li><a href=\"https:\/\/sinoextrud.com\/product\/aluminum-extruded-profile\/\" target=\"_blank\">Aluminum Extruded Profile<\/a><\/li>\r\n<li><a href=\"https:\/\/sinoextrud.com\/product\/aluminium-corner-extrusion\/\" target=\"_blank\">Aluminium Corner Extrusion<\/a><\/li>\r\n<li><a href=\"https:\/\/sinoextrud.com\/product\/anodized-extruded-aluminum\/\" target=\"_blank\">Anodized Extruded Aluminum<\/a><\/li>\r\n<li><a href=\"https:\/\/sinoextrud.com\/product\/customized-structural-aluminum-profiles\/\" target=\"_blank\">Customized Structural Aluminum Profiles<\/a><\/li>\r\n<li><a href=\"https:\/\/sinoextrud.com\/product\/aluminum-structural-framing-system\/\" target=\"_blank\">Aluminum Structural Framing System<\/a><\/li>"},"feature_list":[]},"_links":{"self":[{"href":"https:\/\/sinoextrud.com\/fr\/wp-json\/wp\/v2\/product\/5993","targetHints":{"allow":["GET"]}}],"collection":[{"href":"https:\/\/sinoextrud.com\/fr\/wp-json\/wp\/v2\/product"}],"about":[{"href":"https:\/\/sinoextrud.com\/fr\/wp-json\/wp\/v2\/types\/product"}],"wp:featuredmedia":[{"embeddable":true,"href":"https:\/\/sinoextrud.com\/fr\/wp-json\/wp\/v2\/media\/5992"}],"wp:attachment":[{"href":"https:\/\/sinoextrud.com\/fr\/wp-json\/wp\/v2\/media?parent=5993"}],"wp:term":[{"taxonomy":"category","embeddable":true,"href":"https:\/\/sinoextrud.com\/fr\/wp-json\/wp\/v2\/categories?post=5993"}],"curies":[{"name":"wp","href":"https:\/\/api.w.org\/{rel}","templated":true}]}}