{"id":5991,"date":"2025-05-23T15:32:45","date_gmt":"2025-05-23T15:32:45","guid":{"rendered":"https:\/\/sinoextrud.com\/?post_type=product&#038;p=5991"},"modified":"2025-06-24T03:52:57","modified_gmt":"2025-06-24T03:52:57","slug":"systemes-de-profiles-en-aluminium","status":"publish","type":"product","link":"https:\/\/sinoextrud.com\/fr\/product\/aluminium-profile-systems\/","title":{"rendered":"Syst\u00e8mes de profil\u00e9s en aluminium"},"content":{"rendered":"<h2>D\u00e9tails des produits<\/h2>\n<table class=\"custom-table\">\n<tr>\n<td class=\"label\">Nom du produit<\/td>\n<td>syst\u00e8mes de profil\u00e9s en aluminium<\/td>\n<\/tr>\n<tr>\n<td class=\"label\">Gamme de produits<\/td>\n<td>tubes\/tuyaux en aluminium, syst\u00e8mes de garde-corps en verre en aluminium, syst\u00e8mes de rainures en T en aluminium, syst\u00e8mes de plafonds en aluminium, syst\u00e8mes de portes et fen\u00eatres en aluminium, etc.<\/td>\n<\/tr>\n<tr>\n<td class=\"label\">Syst\u00e8mes adapt\u00e9s Types<\/td>\n<td>Profil\u00e9 industriel en aluminium, profil\u00e9 de construction en aluminium, etc.<\/td>\n<\/tr>\n<tr>\n<td class=\"label\">Temp\u00e9rer<\/td>\n<td>T3-T8<\/td>\n<\/tr>\n<tr>\n<td class=\"label\">Forme<\/td>\n<td>sur mesure<\/td>\n<\/tr>\n<tr>\n<td class=\"label\">Couleur<\/td>\n<td>sur mesure<\/td>\n<\/tr>\n<tr>\n<td class=\"label\">Traitement de surface<\/td>\n<td>finition en usine, anodisation, rev\u00eatement par \u00e9lectrophor\u00e8se, sablage, \u00e9lectrophor\u00e8se, brossage, polissage, etc.<\/td>\n<\/tr>\n<tr>\n<td class=\"label\">Traitement en profondeur CNC<\/td>\n<td>couper, percer, usiner, poin\u00e7onner, plier, tarauder, etc.<\/td>\n<\/tr>\n<tr>\n<td class=\"label\">Certifications<\/td>\n<td>CE, ISO, SGS, TUV, ROHS<\/td>\n<\/tr>\n<tr>\n<td class=\"label\">\u00c9chantillons<\/td>\n<td>\u00e9chantillon gratuit. Livraison en 1-3 jours.<\/td>\n<\/tr>\n<tr>\n<td class=\"label\">MOQ<\/td>\n<td>200KG pour chaque profil<\/td>\n<\/tr>\n<tr>\n<td class=\"label\">D\u00e9lai de livraison<\/td>\n<td>Le d\u00e9veloppement du moule et la conformation de l'\u00e9chantillon prennent 12 \u00e0 15 jours, puis la dur\u00e9e de production est de 15 \u00e0 25 jours apr\u00e8s r\u00e9ception de l'acompte de l'acheteur.<\/td>\n<\/tr>\n<tr>\n<td class=\"label\">Conditions de paiement<\/td>\n<td>30% d\u00e9p\u00f4t, 70% solde avant exp\u00e9dition<\/td>\n<\/tr>\n<\/table>\n<h2>Notre base de production<\/h2>\n<h3>Panorama de l'usine<\/h3>\n<p><img decoding=\"async\" src=\"\/wp-content\/uploads\/factory-01.webp\"\/><\/p>\n<h3>Atelier de fabrication de barres d'aluminium<\/h3>\n<p><img decoding=\"async\" src=\"\/wp-content\/uploads\/factory-02.webp\"\/><\/p>\n<\/p>\n<p><img decoding=\"async\" src=\"\/wp-content\/uploads\/factory-03.webp\"\/><\/p>\n<h3>Entrep\u00f4t de stockage des moules<\/h3>\n<p><img decoding=\"async\" src=\"\/wp-content\/uploads\/factory-04.webp\"\/><\/p>\n<h3>43 lignes d'extrusion d'aluminium (500 \u00e0 5500 tonnes)<\/h3>\n<p><img decoding=\"async\" src=\"\/wp-content\/uploads\/factory-05.webp\"\/><\/p>\n<p><img decoding=\"async\" src=\"\/wp-content\/uploads\/factory-06.webp\"\/><\/p>\n<p><img decoding=\"async\" src=\"\/wp-content\/uploads\/factory-07.webp\"\/><\/p>\n<h3>Atelier de peinture en poudre<\/h3>\n<p><img decoding=\"async\" src=\"\/wp-content\/uploads\/factory-09.webp\"\/><\/p>\n<h3>Atelier d'anodisation<\/h3>\n<p><img decoding=\"async\" src=\"\/wp-content\/uploads\/factory-10.webp\"\/><\/p>\n<h3>Atelier sur le traitement en profondeur<\/h3>\n<p><img decoding=\"async\" src=\"\/wp-content\/uploads\/factory-11.webp\"\/><\/p>\n<h3>Atelier d'usinage de pr\u00e9cision CNC<\/h3>\n<p><img decoding=\"async\" src=\"\/wp-content\/uploads\/factory-11.5.webp\"\/><\/p>\n<h3>Entrep\u00f4t de produits finis et d'exportation<\/h3>\n<p><img decoding=\"async\" src=\"\/wp-content\/uploads\/factory-12.webp\"\/><\/p>\n<p><img decoding=\"async\" src=\"\/wp-content\/uploads\/factory-13.webp\"\/><\/p>\n<p><img decoding=\"async\" src=\"\/wp-content\/uploads\/factory-14.webp\"\/><\/p>\n<h2>FAQ<\/h2>\n<p><b>1.Qu'est-ce qu'un syst\u00e8me de profil\u00e9s en aluminium ? <\/b><\/p>\n<p> Les syst\u00e8mes de profil\u00e9s en aluminium sont des \u00e9l\u00e9ments de construction modulaires fabriqu\u00e9s \u00e0 partir d'extrusions d'aluminium, utilis\u00e9s dans diverses applications telles que les cadres, les armoires, les convoyeurs et les postes de travail.\n<\/p>\n<p><\/p>\n<p><b>2. quels sont les avantages des syst\u00e8mes de profil\u00e9s en aluminium ? <\/b><\/p>\n<p> Les syst\u00e8mes de profil\u00e9s en aluminium offrent flexibilit\u00e9, l\u00e9g\u00e8ret\u00e9, r\u00e9sistance \u00e0 la corrosion et facilit\u00e9 d'assemblage, ce qui les rend id\u00e9aux pour une utilisation industrielle et commerciale.\n<\/p>\n<p><\/p>\n<p><b>3. Dans quelle mesure les syst\u00e8mes de profil\u00e9s en aluminium sont-ils personnalisables ? <\/b><\/p>\n<p> Les syst\u00e8mes de profil\u00e9s en aluminium peuvent \u00eatre facilement coup\u00e9s, raccord\u00e9s et modifi\u00e9s, ce qui permet de r\u00e9aliser des conceptions personnalis\u00e9es adapt\u00e9es aux besoins sp\u00e9cifiques des projets.\n<\/p>\n<p><\/p>\n<p><b>4. pourquoi choisir les syst\u00e8mes de profil\u00e9s en aluminium plut\u00f4t que les structures en acier traditionnelles ? <\/b><\/p>\n<p> Les syst\u00e8mes de profil\u00e9s en aluminium sont plus l\u00e9gers, plus faciles \u00e0 installer et n\u00e9cessitent moins d'entretien que l'acier, ce qui r\u00e9duit les co\u00fbts et les efforts globaux du projet.\n<\/p>\n<p><\/p>\n<p><b>5. les syst\u00e8mes de profil\u00e9s en aluminium conviennent-ils aux applications lourdes ? <\/b><\/p>\n<p> Oui, les profil\u00e9s en aluminium de haute qualit\u00e9 sont con\u00e7us pour supporter de lourdes charges tout en conservant leur int\u00e9grit\u00e9 structurelle et leurs performances.\n<\/p>\n<p><\/p>\n<p><b>6. les syst\u00e8mes de profil\u00e9s en aluminium favorisent-ils la construction \u00e9cologique ? <\/b><\/p>\n<p> Absolument, l'aluminium est 100% recyclable, et sa longue dur\u00e9e de vie r\u00e9duit les d\u00e9chets, ce qui fait des syst\u00e8mes de profil\u00e9s en aluminium une solution de construction durable.\n<\/p>\n<p><\/p>\n<p><b>7. Quelles sont les industries qui utilisent les syst\u00e8mes de profil\u00e9s en aluminium ? <\/b><\/p>\n<p> Les industries telles que la fabrication, l'automatisation, l'\u00e9lectronique, la logistique et les salles blanches s'appuient sur les syst\u00e8mes de profil\u00e9s en aluminium pour cr\u00e9er des structures polyvalentes et efficaces.\n<\/p>\n<p><\/p>\n<p><b>8. Comment les syst\u00e8mes de profil\u00e9s en aluminium am\u00e9liorent-ils l'efficacit\u00e9 de la production ? <\/b><\/p>\n<p> Leur conception modulaire permet des ajustements et des extensions rapides, ce qui minimise les temps d'arr\u00eat et optimise le flux de travail dans les environnements industriels.\n<\/p>\n<p><\/p>\n<p><b>9. les syst\u00e8mes de profil\u00e9s en aluminium peuvent-ils s'int\u00e9grer \u00e0 des \u00e9quipements d'automatisation ? <\/b><\/p>\n<p> Oui, ces syst\u00e8mes sont con\u00e7us pour \u00eatre compatibles avec des capteurs, des actionneurs et d'autres composants d'automatisation pour une int\u00e9gration transparente.\n<\/p>\n<p><\/p>\n<p><b>10. Quel entretien les syst\u00e8mes de profil\u00e9s en aluminium n\u00e9cessitent-ils ? <\/b><\/p>\n<p> Les syst\u00e8mes de profil\u00e9s en aluminium n\u00e9cessitent un entretien minimal, gr\u00e2ce \u00e0 leurs surfaces r\u00e9sistantes \u00e0 la corrosion et \u00e0 leur conception robuste.\n<\/p>\n<p><\/p>","protected":false},"featured_media":5990,"template":"","categories":[55],"class_list":["post-5991","product","type-product","status-publish","has-post-thumbnail","hentry","category-extruded-aluminum-profiles"],"meta_box":{"hilight_text_group":{"product_hilight_text":"<li>Flexible profile systems adaptable to various industrial applications and layouts<\/li>\r\r\n<li>Quick and tool-free assembly reduces installation time and labor costs<\/li>\r\r\n<li>High load-bearing capacity suitable for frames, workstations, enclosures, and conveyors<\/li>\r\r\n<li>Standardized connectors and accessories ensure seamless integration<\/li>\r\r\n<li>Low maintenance with corrosion-resistant anodized surfaces<\/li>","product_chanpin_chanpin":"<li><a href=\"https:\/\/sinoextrud.com\/product\/extruded-aluminum-flat-bar-6061-7075\/\" target=\"_blank\">Extruded Aluminum Flat Bar 6061 7075<\/a><\/li>\r\n<li><a href=\"https:\/\/sinoextrud.com\/product\/extruded-aluminum-tubing-shapes-supplier\/\" target=\"_blank\">Extruded Aluminum Tubing Shapes Supplier<\/a><\/li>\r\n<li><a href=\"https:\/\/sinoextrud.com\/product\/aluminium-profile-bed-frame\/\" target=\"_blank\">Aluminium Profile Bed Frame<\/a><\/li>\r\n<li><a href=\"https:\/\/sinoextrud.com\/product\/aluminum-extrusion-industry-modular-components-profile\/\" target=\"_blank\">Aluminum Extrusion Industry Modular Components Profile<\/a><\/li>\r\n<li><a href=\"https:\/\/sinoextrud.com\/product\/aluminium-profile-systems\/\" target=\"_blank\">Aluminium Profile Systems<\/a><\/li>\r\n<li><a href=\"https:\/\/sinoextrud.com\/product\/aluminium-extrusion-profile-section\/\" target=\"_blank\">Aluminium Extrusion Profile Section(Great Wall panel aluminum profile)<\/a><\/li>\r\n<li><a href=\"https:\/\/sinoextrud.com\/product\/industrial-aluminum-profiles\/\" target=\"_blank\">Industrial Aluminum Profiles<\/a><\/li>\r\n<li><a href=\"https:\/\/sinoextrud.com\/product\/aluminum-extruded-profile\/\" target=\"_blank\">Aluminum Extruded Profile<\/a><\/li>\r\n<li><a href=\"https:\/\/sinoextrud.com\/product\/aluminium-corner-extrusion\/\" target=\"_blank\">Aluminium Corner Extrusion<\/a><\/li>\r\n<li><a href=\"https:\/\/sinoextrud.com\/product\/modular-aluminum-framing-system\/\" target=\"_blank\">Modular Aluminum Framing System<\/a><\/li>\r\n<li><a href=\"https:\/\/sinoextrud.com\/product\/aluminium-frame\/\" target=\"_blank\">Aluminium Frame<\/a><\/li>"},"feature_list":[]},"_links":{"self":[{"href":"https:\/\/sinoextrud.com\/fr\/wp-json\/wp\/v2\/product\/5991","targetHints":{"allow":["GET"]}}],"collection":[{"href":"https:\/\/sinoextrud.com\/fr\/wp-json\/wp\/v2\/product"}],"about":[{"href":"https:\/\/sinoextrud.com\/fr\/wp-json\/wp\/v2\/types\/product"}],"wp:featuredmedia":[{"embeddable":true,"href":"https:\/\/sinoextrud.com\/fr\/wp-json\/wp\/v2\/media\/5990"}],"wp:attachment":[{"href":"https:\/\/sinoextrud.com\/fr\/wp-json\/wp\/v2\/media?parent=5991"}],"wp:term":[{"taxonomy":"category","embeddable":true,"href":"https:\/\/sinoextrud.com\/fr\/wp-json\/wp\/v2\/categories?post=5991"}],"curies":[{"name":"wp","href":"https:\/\/api.w.org\/{rel}","templated":true}]}}