{"id":5983,"date":"2025-05-23T15:20:00","date_gmt":"2025-05-23T15:20:00","guid":{"rendered":"https:\/\/sinoextrud.com\/?post_type=product&#038;p=5983"},"modified":"2025-06-24T03:52:50","modified_gmt":"2025-06-24T03:52:50","slug":"barre-plate-en-aluminium-extrude-6061-7075","status":"publish","type":"product","link":"https:\/\/sinoextrud.com\/fr\/product\/extruded-aluminum-flat-bar-6061-7075\/","title":{"rendered":"Barre plate en aluminium extrud\u00e9 6061 7075"},"content":{"rendered":"<h2>D\u00e9tails des produits<\/h2>\n<table class=\"custom-table\">\n<tr>\n<td class=\"label\">Nom du produit<\/td>\n<td>Barre plate en aluminium extrud\u00e9 6061 7075<\/td>\n<\/tr>\n<tr>\n<td class=\"label\">Alliage<\/td>\n<td>6061, 7075<\/td>\n<\/tr>\n<tr>\n<td class=\"label\">Traitement de surface<\/td>\n<td>finition en usine, anodisation, grain de bois, rev\u00eatement en poudre, sablage, \u00e9lectrophor\u00e8se, brossage, polissage, etc.<\/td>\n<\/tr>\n<tr>\n<td class=\"label\">Traitement en profondeur CNC<\/td>\n<td>couper, percer, usiner, poin\u00e7onner, plier, tarauder, etc.<\/td>\n<\/tr>\n<tr>\n<td class=\"label\">Certifications<\/td>\n<td>CE, ISO, SGS, TUV, ROHS<\/td>\n<\/tr>\n<tr>\n<td class=\"label\">\u00c9chantillons<\/td>\n<td>\u00e9chantillon gratuit. Livraison en 1-3 jours.<\/td>\n<\/tr>\n<tr>\n<td class=\"label\">MOQ<\/td>\n<td>300KG pour chaque profil<\/td>\n<\/tr>\n<tr>\n<td class=\"label\">D\u00e9lai de livraison<\/td>\n<td>La mise au point du moule et la confirmation de l'\u00e9chantillon prennent 12 \u00e0 15 jours, puis la production prend 15 \u00e0 25 jours apr\u00e8s r\u00e9ception de l'acompte de l'acheteur.<\/td>\n<\/tr>\n<tr>\n<td class=\"label\">Conditions de paiement<\/td>\n<td>30% d\u00e9p\u00f4t avant la production, et le solde avant l'exp\u00e9dition.<\/td>\n<\/tr>\n<\/table>\n<h2>Notre base de production<\/h2>\n<h3>Panorama de l'usine<\/h3>\n<p><img decoding=\"async\" src=\"\/wp-content\/uploads\/factory-01.webp\"\/><\/p>\n<h3>Atelier de fabrication de barres d'aluminium<\/h3>\n<p><img decoding=\"async\" src=\"\/wp-content\/uploads\/factory-02.webp\"\/><\/p>\n<\/p>\n<p><img decoding=\"async\" src=\"\/wp-content\/uploads\/factory-03.webp\"\/><\/p>\n<h3>Entrep\u00f4t de stockage des moules<\/h3>\n<p><img decoding=\"async\" src=\"\/wp-content\/uploads\/factory-04.webp\"\/><\/p>\n<h3>43 lignes d'extrusion d'aluminium (500 \u00e0 5500 tonnes)<\/h3>\n<p><img decoding=\"async\" src=\"\/wp-content\/uploads\/factory-05.webp\"\/><\/p>\n<p><img decoding=\"async\" src=\"\/wp-content\/uploads\/factory-06.webp\"\/><\/p>\n<p><img decoding=\"async\" src=\"\/wp-content\/uploads\/factory-07.webp\"\/><\/p>\n<h3>Atelier de peinture en poudre<\/h3>\n<p><img decoding=\"async\" src=\"\/wp-content\/uploads\/factory-09.webp\"\/><\/p>\n<h3>Atelier d'anodisation<\/h3>\n<p><img decoding=\"async\" src=\"\/wp-content\/uploads\/factory-10.webp\"\/><\/p>\n<h3>Atelier sur le traitement en profondeur<\/h3>\n<p><img decoding=\"async\" src=\"\/wp-content\/uploads\/factory-11.webp\"\/><\/p>\n<h3>Atelier d'usinage de pr\u00e9cision CNC<\/h3>\n<p><img decoding=\"async\" src=\"\/wp-content\/uploads\/factory-11.5.webp\"\/><\/p>\n<h3>Entrep\u00f4t de produits finis et d'exportation<\/h3>\n<p><img decoding=\"async\" src=\"\/wp-content\/uploads\/factory-12.webp\"\/><\/p>\n<p><img decoding=\"async\" src=\"\/wp-content\/uploads\/factory-13.webp\"\/><\/p>\n<p><img decoding=\"async\" src=\"\/wp-content\/uploads\/factory-14.webp\"\/><\/p>\n<h2>FAQ<\/h2>\n<p><b>1) Qu'est-ce qu'une barre plate en aluminium extrud\u00e9 6061 7075 ? <\/b><\/p>\n<p> Une barre plate en aluminium extrud\u00e9 6061 7075 est une barre rectangulaire en aluminium produite par extrusion, disponible dans les alliages 6061 et 7075, largement utilis\u00e9e dans les applications structurelles et d'usinage.\n<\/p>\n<p><\/p>\n<p><b>2) Quelles sont les principales diff\u00e9rences entre les barres plates en aluminium 6061 et 7075 ? <\/b><\/p>\n<p> Les barres plates en aluminium 6061 offrent une bonne r\u00e9sistance \u00e0 la corrosion et une bonne soudabilit\u00e9, tandis que les barres plates en aluminium 7075 offrent une plus grande r\u00e9sistance et sont id\u00e9ales pour les applications a\u00e9rospatiales et de haute performance.\n<\/p>\n<p><\/p>\n<p><b>3) Quels sont les avantages de l'utilisation de la barre plate en aluminium extrud\u00e9 6061 ? <\/b><\/p>\n<p> Les barres plates en aluminium 6061 offrent une excellente usinabilit\u00e9, une r\u00e9sistance \u00e0 la corrosion et une grande polyvalence pour les applications g\u00e9n\u00e9rales d'ing\u00e9nierie et de structure.\n<\/p>\n<p><\/p>\n<p><b>4. quels sont les avantages de la barre plate en aluminium extrud\u00e9 7075 ? <\/b><\/p>\n<p> Les barres plates en aluminium 7075 pr\u00e9sentent un rapport r\u00e9sistance\/poids et une r\u00e9sistance \u00e0 la fatigue exceptionnels, ce qui les rend parfaites pour les utilisations exigeantes dans les domaines de l'a\u00e9rospatiale, de l'automobile et de la d\u00e9fense.\n<\/p>\n<p><\/p>\n<p><b>5. les m\u00e9plats d'aluminium extrud\u00e9s sont-ils faciles \u00e0 usiner ? <\/b><\/p>\n<p> Oui, les barres plates en aluminium extrud\u00e9 6061 et 7075 offrent une excellente usinabilit\u00e9, ce qui les rend adapt\u00e9es aux op\u00e9rations CNC et \u00e0 la fabrication.\n<\/p>\n<p><\/p>\n<p><b>6. les barres plates en aluminium extrud\u00e9 6061 7075 peuvent-elles \u00eatre anodis\u00e9es ? <\/b><\/p>\n<p> Absolument, les barres plates en aluminium 6061 et 7075 peuvent \u00eatre anodis\u00e9es et subir d'autres traitements de surface pour une durabilit\u00e9 et une esth\u00e9tique accrues.\n<\/p>\n<p><\/p>\n<p><b>7) Quelles industries utilisent les barres plates en aluminium extrud\u00e9 6061 7075 ? <\/b><\/p>\n<p> Ces barres plates en aluminium sont couramment utilis\u00e9es dans les secteurs de l'a\u00e9rospatiale, de l'automobile, de la marine, de la construction et de l'usinage de pr\u00e9cision.\n<\/p>\n<p><\/p>\n<p><b>8) Quelle est la r\u00e9sistance des barres plates en aluminium extrud\u00e9 6061 et 7075 ? <\/b><\/p>\n<p> Le 7075 est l'un des alliages d'aluminium les plus solides disponibles, tandis que le 6061 offre une r\u00e9sistance suffisante pour la plupart des applications structurelles, avec une r\u00e9sistance accrue \u00e0 la corrosion.\n<\/p>\n<p><\/p>\n<p><b>9. les barres plates en aluminium extrud\u00e9 6061 7075 sont-elles r\u00e9sistantes \u00e0 la corrosion ? <\/b><\/p>\n<p> Oui, en particulier le 6061, qui pr\u00e9sente une excellente r\u00e9sistance \u00e0 la corrosion ; le 7075 donne \u00e9galement de bons r\u00e9sultats lorsqu'il est correctement trait\u00e9 ou rev\u00eatu.\n<\/p>\n<p><\/p>\n<p><b>10. les barres plates en aluminium 6061 et 7075 sont-elles respectueuses de l'environnement ? <\/b><\/p>\n<p> Oui, l'aluminium est 100% recyclable, ce qui fait des barres plates extrud\u00e9es 6061 et 7075 des choix durables pour une utilisation industrielle.\n<\/p>\n<p><\/p>","protected":false},"featured_media":5982,"template":"","categories":[55],"class_list":["post-5983","product","type-product","status-publish","has-post-thumbnail","hentry","category-extruded-aluminum-profiles"],"meta_box":{"hilight_text_group":{"product_hilight_text":"<li>Available in high-performance alloys 6061 and 7075 for strength and machinability<\/li>\r\r\n<li>Excellent strength-to-weight ratio, ideal for structural and aerospace applications<\/li>\r\r\n<li>Superior corrosion resistance (6061) and high fatigue strength (7075)<\/li>\r\r\n<li>Consistent flatness and dimensional accuracy for precision fabrication<\/li>\r\r\n<li>Easy to machine, weld, and surface finish for various industrial uses<\/li>","product_chanpin_chanpin":"<li><a href=\"https:\/\/sinoextrud.com\/product\/aluminum-extrusion-6101b-conductive-rail-aluminum-profile\/\" target=\"_blank\">Aluminum Extrusion 6101B Conductive Rail Aluminum Profile<\/a><\/li>\r\n<li><a href=\"https:\/\/sinoextrud.com\/product\/aluminum-extrusion-aluminum-rolling-shutters-profile\/\" target=\"_blank\">Aluminum Extrusion Aluminum Rolling Shutters Profile<\/a><\/li>\r\n<li><a href=\"https:\/\/sinoextrud.com\/product\/aluminum-extrusion-7003-7005-7020\/\" target=\"_blank\">Aluminum Extrusion 7003 7005 7020 High Hardness Anodized Aluminum Profile<\/a><\/li>\r\n<li><a href=\"https:\/\/sinoextrud.com\/product\/aluminum-extrusion-flood-control-barrier-aluminum-profile\/\" target=\"_blank\">Aluminum Extrusion Flood Control Barrier Aluminum Profile<\/a><\/li>\r\n<li><a href=\"https:\/\/sinoextrud.com\/product\/extruded-aluminum-flat-bar-6061-7075\/\" target=\"_blank\">Extruded Aluminum Flat Bar 6061 7075<\/a><\/li>\r\n<li><a href=\"https:\/\/sinoextrud.com\/product\/extruded-aluminum-tubing-shapes-supplier\/\" target=\"_blank\">Extruded Aluminum Tubing Shapes Supplier<\/a><\/li>\r\n<li><a href=\"https:\/\/sinoextrud.com\/product\/aluminium-profile-bed-frame\/\" target=\"_blank\">Aluminium Profile Bed Frame<\/a><\/li>\r\n<li><a href=\"https:\/\/sinoextrud.com\/product\/aluminum-extrusion-industry-modular-components-profile\/\" target=\"_blank\">Aluminum Extrusion Industry Modular Components Profile<\/a><\/li>\r\n<li><a href=\"https:\/\/sinoextrud.com\/product\/aluminium-profile-systems\/\" target=\"_blank\">Aluminium Profile Systems<\/a><\/li>\r\n<li><a href=\"https:\/\/sinoextrud.com\/product\/extruded-aluminum-handrail\/\" target=\"_blank\">Extruded Aluminum Handrail<\/a><\/li>\r\n<li><a href=\"https:\/\/sinoextrud.com\/product\/aluminum-profile-for-shower-enclosure\/\" target=\"_blank\">Aluminum Profile For Shower Enclosure<\/a><\/li>"},"feature_list":[]},"_links":{"self":[{"href":"https:\/\/sinoextrud.com\/fr\/wp-json\/wp\/v2\/product\/5983","targetHints":{"allow":["GET"]}}],"collection":[{"href":"https:\/\/sinoextrud.com\/fr\/wp-json\/wp\/v2\/product"}],"about":[{"href":"https:\/\/sinoextrud.com\/fr\/wp-json\/wp\/v2\/types\/product"}],"wp:featuredmedia":[{"embeddable":true,"href":"https:\/\/sinoextrud.com\/fr\/wp-json\/wp\/v2\/media\/5982"}],"wp:attachment":[{"href":"https:\/\/sinoextrud.com\/fr\/wp-json\/wp\/v2\/media?parent=5983"}],"wp:term":[{"taxonomy":"category","embeddable":true,"href":"https:\/\/sinoextrud.com\/fr\/wp-json\/wp\/v2\/categories?post=5983"}],"curies":[{"name":"wp","href":"https:\/\/api.w.org\/{rel}","templated":true}]}}