{"id":5981,"date":"2025-05-23T15:13:02","date_gmt":"2025-05-23T15:13:02","guid":{"rendered":"https:\/\/sinoextrud.com\/?post_type=product&#038;p=5981"},"modified":"2025-06-24T03:52:46","modified_gmt":"2025-06-24T03:52:46","slug":"extrusion-daluminium-barriere-anti-inondation-profile-daluminium","status":"publish","type":"product","link":"https:\/\/sinoextrud.com\/fr\/product\/aluminum-extrusion-flood-control-barrier-aluminum-profile\/","title":{"rendered":"Extrusion d'aluminium Barri\u00e8re anti-inondation Profil\u00e9 d'aluminium"},"content":{"rendered":"<h2>D\u00e9tails des produits<\/h2>\n<table class=\"custom-table\">\n<tr>\n<td class=\"label\">Nom du produit<\/td>\n<td>Extrusion d'aluminium Barri\u00e8re anti-inondation Profil\u00e9 d'aluminium<\/td>\n<\/tr>\n<tr>\n<td class=\"label\">Alliage d'aluminium<\/td>\n<td>S\u00e9rie 5000, s\u00e9rie 6000, s\u00e9rie 7000<\/td>\n<\/tr>\n<tr>\n<td class=\"label\">Temp\u00e9rer<\/td>\n<td>T3-T8<\/td>\n<\/tr>\n<tr>\n<td class=\"label\">Forme<\/td>\n<td>personnalisation<\/td>\n<\/tr>\n<tr>\n<td class=\"label\">Gamme de produits<\/td>\n<td>extrusions d'aluminium pour barri\u00e8res anti-inondation en aluminium, syst\u00e8me de contr\u00f4le des inondations en profil\u00e9s d'aluminium, protection contre les inondations avec des extrusions d'aluminium, barri\u00e8res anti-inondation en profil\u00e9s d'aluminium, barri\u00e8res anti-inondation en aluminium extrud\u00e9, protection contre les inondations avec des profil\u00e9s d'aluminium extrud\u00e9s, portes anti-inondation en aluminium, murs anti-inondation en aluminium extrud\u00e9, etc.<\/td>\n<\/tr>\n<tr>\n<td class=\"label\">Traitement de surface<\/td>\n<td>finition en usine, anodisation, grain de bois, rev\u00eatement en poudre, sablage, \u00e9lectrophor\u00e8se, brossage, polissage, etc.<\/td>\n<\/tr>\n<tr>\n<td class=\"label\">Traitement en profondeur CNC<\/td>\n<td>couper, percer, usiner, poin\u00e7onner, plier, tarauder, etc.<\/td>\n<\/tr>\n<tr>\n<td class=\"label\">Certifications<\/td>\n<td>CE, ISO, SGS, TUV, ROHS<\/td>\n<\/tr>\n<tr>\n<td class=\"label\">\u00c9chantillons<\/td>\n<td>\u00e9chantillon gratuit. Livraison en 1-3 jours.<\/td>\n<\/tr>\n<tr>\n<td class=\"label\">MOQ<\/td>\n<td>200KG pour chaque profil<\/td>\n<\/tr>\n<tr>\n<td class=\"label\">D\u00e9lai de livraison<\/td>\n<td>La mise au point du moule et la confirmation de l'\u00e9chantillon prennent 12 \u00e0 15 jours, puis la production prend 15 \u00e0 25 jours apr\u00e8s r\u00e9ception de l'acompte de l'acheteur.<\/td>\n<\/tr>\n<tr>\n<td class=\"label\">Conditions de paiement<\/td>\n<td>30% d\u00e9p\u00f4t avant la production, et le solde avant l'exp\u00e9dition.<\/td>\n<\/tr>\n<\/table>\n<h2>Notre base de production<\/h2>\n<h3>Panorama de l'usine<\/h3>\n<p><img decoding=\"async\" src=\"\/wp-content\/uploads\/factory-01.webp\"\/><\/p>\n<h3>Atelier de fabrication de barres d'aluminium<\/h3>\n<p><img decoding=\"async\" src=\"\/wp-content\/uploads\/factory-02.webp\"\/><\/p>\n<\/p>\n<p><img decoding=\"async\" src=\"\/wp-content\/uploads\/factory-03.webp\"\/><\/p>\n<h3>Entrep\u00f4t de stockage des moules<\/h3>\n<p><img decoding=\"async\" src=\"\/wp-content\/uploads\/factory-04.webp\"\/><\/p>\n<h3>43 lignes d'extrusion d'aluminium (500 \u00e0 5500 tonnes)<\/h3>\n<p><img decoding=\"async\" src=\"\/wp-content\/uploads\/factory-05.webp\"\/><\/p>\n<p><img decoding=\"async\" src=\"\/wp-content\/uploads\/factory-06.webp\"\/><\/p>\n<p><img decoding=\"async\" src=\"\/wp-content\/uploads\/factory-07.webp\"\/><\/p>\n<h3>Atelier de peinture en poudre<\/h3>\n<p><img decoding=\"async\" src=\"\/wp-content\/uploads\/factory-09.webp\"\/><\/p>\n<h3>Atelier d'anodisation<\/h3>\n<p><img decoding=\"async\" src=\"\/wp-content\/uploads\/factory-10.webp\"\/><\/p>\n<h3>Atelier sur le traitement en profondeur<\/h3>\n<p><img decoding=\"async\" src=\"\/wp-content\/uploads\/factory-11.webp\"\/><\/p>\n<h3>Atelier d'usinage de pr\u00e9cision CNC<\/h3>\n<p><img decoding=\"async\" src=\"\/wp-content\/uploads\/factory-11.5.webp\"\/><\/p>\n<h3>Entrep\u00f4t de produits finis et d'exportation<\/h3>\n<p><img decoding=\"async\" src=\"\/wp-content\/uploads\/factory-12.webp\"\/><\/p>\n<p><img decoding=\"async\" src=\"\/wp-content\/uploads\/factory-13.webp\"\/><\/p>\n<p><img decoding=\"async\" src=\"\/wp-content\/uploads\/factory-14.webp\"\/><\/p>\n<h2>FAQ<\/h2>\n<p><b>1) Qu'est-ce qu'un profil\u00e9 d'aluminium extrud\u00e9 pour la protection contre les inondations ? <\/b><\/p>\n<p> Un profil\u00e9 d'aluminium extrud\u00e9 pour barri\u00e8re anti-inondation est un composant structurel en aluminium sp\u00e9cialement con\u00e7u et utilis\u00e9 dans les syst\u00e8mes de protection contre les inondations pour bloquer ou d\u00e9tourner l'eau de mani\u00e8re efficace.\n<\/p>\n<p><\/p>\n<p><b>2) Quels sont les avantages de l'utilisation de l'extrusion d'aluminium pour les barri\u00e8res anti-inondation ? <\/b><\/p>\n<p> L'extrusion d'aluminium offre une grande solidit\u00e9, une r\u00e9sistance \u00e0 la corrosion et des propri\u00e9t\u00e9s de l\u00e9g\u00e8ret\u00e9, ce qui en fait un mat\u00e9riau id\u00e9al pour les barri\u00e8res de contr\u00f4le des inondations.\n<\/p>\n<p><\/p>\n<p><b>3) Quelle est la durabilit\u00e9 d'un profil\u00e9 d'aluminium extrud\u00e9 destin\u00e9 \u00e0 la lutte contre les inondations ? <\/b><\/p>\n<p> Le profil\u00e9 en aluminium extrud\u00e9 pour la protection contre les inondations est tr\u00e8s durable, r\u00e9sistant \u00e0 la rouille et capable de r\u00e9sister aux conditions climatiques difficiles et \u00e0 la pression de l'eau au fil du temps.\n<\/p>\n<p><\/p>\n<p><b>4. le profil\u00e9 en aluminium extrud\u00e9 pour barri\u00e8res anti-inondation est-il facile \u00e0 installer ? <\/b><\/p>\n<p> Oui, gr\u00e2ce \u00e0 la conception sur mesure et \u00e0 la l\u00e9g\u00e8ret\u00e9 des profil\u00e9s en aluminium, l'installation est rapide et ne n\u00e9cessite qu'un minimum de travail.\n<\/p>\n<p><\/p>\n<p><b>5. les barri\u00e8res anti-inondation en extrusion d'aluminium peuvent-elles \u00eatre personnalis\u00e9es ? <\/b><\/p>\n<p> Absolument, ces profil\u00e9s en aluminium peuvent \u00eatre personnalis\u00e9s en termes de forme, de taille et de finition pour r\u00e9pondre aux exigences sp\u00e9cifiques de protection contre les inondations et aux pr\u00e9f\u00e9rences esth\u00e9tiques.\n<\/p>\n<p><\/p>\n<p><b>6. pourquoi choisir l'aluminium plut\u00f4t que l'acier pour les barri\u00e8res de protection contre les inondations ? <\/b><\/p>\n<p> L'aluminium est pr\u00e9f\u00e9r\u00e9 \u00e0 l'acier pour les barri\u00e8res de protection contre les inondations en raison de son poids plus l\u00e9ger, de sa r\u00e9sistance \u00e0 la corrosion et de ses besoins moindres en mati\u00e8re d'entretien.\n<\/p>\n<p><\/p>\n<p><b>7. les profil\u00e9s d'aluminium extrud\u00e9s pour la protection contre les inondations sont-ils \u00e9cologiques ? <\/b><\/p>\n<p> Oui, l'aluminium est 100% recyclable et sa production est \u00e9conome en \u00e9nergie, ce qui fait de ces profil\u00e9s une solution de contr\u00f4le des inondations respectueuse de l'environnement.\n<\/p>\n<p><\/p>\n<p><b>8) Quelles sont les industries qui utilisent couramment les profil\u00e9s extrud\u00e9s en aluminium pour la lutte contre les inondations ? <\/b><\/p>\n<p> Ces profil\u00e9s en aluminium sont largement utilis\u00e9s dans les infrastructures municipales, les propri\u00e9t\u00e9s r\u00e9sidentielles, les b\u00e2timents commerciaux et les syst\u00e8mes industriels de protection contre les inondations.\n<\/p>\n<p><\/p>\n<p><b>9. comment les profil\u00e9s d'aluminium extrud\u00e9s pour la protection contre les inondations am\u00e9liorent-ils la s\u00e9curit\u00e9 contre les inondations ? <\/b><\/p>\n<p> Ils constituent une d\u00e9fense fiable, solide et rapide \u00e0 d\u00e9ployer contre les inondations, r\u00e9duisant les d\u00e9g\u00e2ts des eaux et prot\u00e9geant les personnes et les biens.\n<\/p>\n<p><\/p>\n<p><b>10. les barri\u00e8res anti-inondation en extrusion d'aluminium sont-elles conformes aux normes de s\u00e9curit\u00e9 ? <\/b><\/p>\n<p> Oui, la plupart des profil\u00e9s extrud\u00e9s en aluminium pour barri\u00e8res anti-inondation sont fabriqu\u00e9s pour r\u00e9pondre aux normes internationales de s\u00e9curit\u00e9 et de r\u00e9sistance aux inondations.\n<\/p>\n<p><\/p>","protected":false},"featured_media":5980,"template":"","categories":[55],"class_list":["post-5981","product","type-product","status-publish","has-post-thumbnail","hentry","category-extruded-aluminum-profiles"],"meta_box":{"hilight_text_group":{"product_hilight_text":"<li>High-strength aluminum profiles ensure reliable flood protection.<\/li>\r\r\n<li>Corrosion-resistant materials for long-term outdoor use.<\/li>\r\r\n<li>Lightweight design enables quick transport and installation.<\/li>\r\r\n<li>Customizable dimensions and finishes to meet project needs.<\/li>\r\r\n<li>Low maintenance cost, ideal for large-scale infrastructure projects.<\/li>\r\r\n<li>Modular system allows flexible deployment in various environments.<\/li>","product_chanpin_chanpin":"<li><a href=\"https:\/\/sinoextrud.com\/product\/aluminium-extrud-6061-6082-7075-aluminum-alloy-profiles\/\" target=\"_blank\">Aluminum Extrusion 2024 7001 7003 Aluminum Profile<\/a><\/li>\r\n<li><a href=\"https:\/\/sinoextrud.com\/product\/aluminum-extrusion-6101b-conductive-rail-aluminum-profile\/\" target=\"_blank\">Aluminum Extrusion 6101B Conductive Rail Aluminum Profile<\/a><\/li>\r\n<li><a href=\"https:\/\/sinoextrud.com\/product\/aluminum-extrusion-aluminum-rolling-shutters-profile\/\" target=\"_blank\">Aluminum Extrusion Aluminum Rolling Shutters Profile<\/a><\/li>\r\n<li><a href=\"https:\/\/sinoextrud.com\/product\/aluminum-extrusion-7003-7005-7020\/\" target=\"_blank\">Aluminum Extrusion 7003 7005 7020 High Hardness Anodized Aluminum Profile<\/a><\/li>\r\n<li><a href=\"https:\/\/sinoextrud.com\/product\/aluminum-extrusion-flood-control-barrier-aluminum-profile\/\" target=\"_blank\">Aluminum Extrusion Flood Control Barrier Aluminum Profile<\/a><\/li>\r\n<li><a href=\"https:\/\/sinoextrud.com\/product\/extruded-aluminum-flat-bar-6061-7075\/\" target=\"_blank\">Extruded Aluminum Flat Bar 6061 7075<\/a><\/li>\r\n<li><a href=\"https:\/\/sinoextrud.com\/product\/extruded-aluminum-tubing-shapes-supplier\/\" target=\"_blank\">Extruded Aluminum Tubing Shapes Supplier<\/a><\/li>\r\n<li><a href=\"https:\/\/sinoextrud.com\/product\/aluminium-profile-bed-frame\/\" target=\"_blank\">Aluminium Profile Bed Frame<\/a><\/li>\r\n<li><a href=\"https:\/\/sinoextrud.com\/product\/aluminum-extrusion-industry-modular-components-profile\/\" target=\"_blank\">Aluminum Extrusion Industry Modular Components Profile<\/a><\/li>\r\n<li><a href=\"https:\/\/sinoextrud.com\/product\/aluminum-shutter\/\" target=\"_blank\">Aluminum Shutter<\/a><\/li>\r\n<li><a href=\"https:\/\/sinoextrud.com\/product\/soundproofed-watertigh\/\" target=\"_blank\">Soundproofed Watertight Wind resistant occulting frame powder coated Facade Cladding and Glass wall aluminium profile<\/a><\/li>"},"feature_list":[]},"_links":{"self":[{"href":"https:\/\/sinoextrud.com\/fr\/wp-json\/wp\/v2\/product\/5981","targetHints":{"allow":["GET"]}}],"collection":[{"href":"https:\/\/sinoextrud.com\/fr\/wp-json\/wp\/v2\/product"}],"about":[{"href":"https:\/\/sinoextrud.com\/fr\/wp-json\/wp\/v2\/types\/product"}],"wp:featuredmedia":[{"embeddable":true,"href":"https:\/\/sinoextrud.com\/fr\/wp-json\/wp\/v2\/media\/5980"}],"wp:attachment":[{"href":"https:\/\/sinoextrud.com\/fr\/wp-json\/wp\/v2\/media?parent=5981"}],"wp:term":[{"taxonomy":"category","embeddable":true,"href":"https:\/\/sinoextrud.com\/fr\/wp-json\/wp\/v2\/categories?post=5981"}],"curies":[{"name":"wp","href":"https:\/\/api.w.org\/{rel}","templated":true}]}}