{"id":5612,"date":"2025-05-15T15:07:44","date_gmt":"2025-05-15T15:07:44","guid":{"rendered":"https:\/\/sinoextrud.com\/?post_type=product&#038;p=5612"},"modified":"2025-06-24T03:52:37","modified_gmt":"2025-06-24T03:52:37","slug":"profiles-en-aluminium-extrudes-6061-6082-7075-alliage-daluminium","status":"publish","type":"product","link":"https:\/\/sinoextrud.com\/fr\/product\/aluminium-extrud-6061-6082-7075-aluminum-alloy-profiles\/","title":{"rendered":"Extrusion d'aluminium 2024 7001 7003 Profil\u00e9 d'aluminium"},"content":{"rendered":"<h2>D\u00e9tails des produits<\/h2>\n<table class=\"custom-table\">\n<tr>\n<td class=\"label\">Objet<\/td>\n<td>Extrusion d'aluminium 2024 7001 7003 Profil\u00e9 d'aluminium<\/td>\n<\/tr>\n<tr>\n<td class=\"label\">Mat\u00e9riau<\/td>\n<td>2024, 7001, 7003, etc.<\/td>\n<\/tr>\n<tr>\n<td class=\"label\">Temp\u00e9rer<\/td>\n<td>T4,T5,T6<\/td>\n<\/tr>\n<tr>\n<td class=\"label\">Taille \/ Epaisseur<\/td>\n<td>\u00c9paisseur des profil\u00e9s g\u00e9n\u00e9raux de 0,8 \u00e0 5,0 mm, longueur de 3 \u00e0 6 m ou sur mesure ; \u00e9paisseur du film de protection anodis\u00e9 de 8 \u00e0 25 um, rev\u00eatement en poudre de 40 \u00e0 120 um.<\/td>\n<\/tr>\n<tr>\n<td class=\"label\">Forme<\/td>\n<td>Carr\u00e9, rond, rectangulaire, personnalis\u00e9<\/td>\n<\/tr>\n<tr>\n<td class=\"label\">Application<\/td>\n<td>Industrie \/ B\u00e2timent \/ \u00c9quipement m\u00e9dical \/ Bateau \/ Voiture \/ Aviation, etc.<\/td>\n<\/tr>\n<tr>\n<td class=\"label\">Traitement de surface<\/td>\n<td>rev\u00eatement en poudre, \u00e9lectrophor\u00e8se, grain de bois, anodis\u00e9, bross\u00e9, poli<\/td>\n<\/tr>\n<tr>\n<td class=\"label\">Couleurs<\/td>\n<td>couleur personnalis\u00e9e disponible<\/td>\n<\/tr>\n<tr>\n<td class=\"label\">Processus en profondeur<\/td>\n<td>assemblage, per\u00e7age, fraisage, d\u00e9coupage, soudage, cintrage<\/td>\n<\/tr>\n<tr>\n<td class=\"label\">Certificat<\/td>\n<td>CQM, SGS, CE, BV, SONCAP \/ GB, ISO, JIS, AS, NZS, QUALICOAT, QUOLANOD disponibles<\/td>\n<\/tr>\n<tr>\n<td class=\"label\">D\u00e9lai de paiement :<\/td>\n<td>30% d\u00e9p\u00f4t, 70% solde avant livraison<\/td>\n<\/tr>\n<\/table>\n<h2>Notre base de production<\/h2>\n<h3>Panorama de l'usine<\/h3>\n<p><img decoding=\"async\" src=\"\/wp-content\/uploads\/factory-01.webp\"\/><\/p>\n<h3>Atelier de fabrication de barres d'aluminium<\/h3>\n<p><img decoding=\"async\" src=\"\/wp-content\/uploads\/factory-02.webp\"\/><\/p>\n<\/p>\n<p><img decoding=\"async\" src=\"\/wp-content\/uploads\/factory-03.webp\"\/><\/p>\n<h3>Entrep\u00f4t de stockage des moules<\/h3>\n<p><img decoding=\"async\" src=\"\/wp-content\/uploads\/factory-04.webp\"\/><\/p>\n<h3>43 lignes d'extrusion d'aluminium (500-5500 tonnes)<\/h3>\n<p><img decoding=\"async\" src=\"\/wp-content\/uploads\/factory-05.webp\"\/><\/p>\n<p><img decoding=\"async\" src=\"\/wp-content\/uploads\/factory-06.webp\"\/><\/p>\n<p><img decoding=\"async\" src=\"\/wp-content\/uploads\/factory-07.webp\"\/><\/p>\n<h3>Atelier de peinture en poudre<\/h3>\n<p><img decoding=\"async\" src=\"\/wp-content\/uploads\/factory-09.webp\"\/><\/p>\n<h3>Atelier d'anodisation<\/h3>\n<p><img decoding=\"async\" src=\"\/wp-content\/uploads\/factory-10.webp\"\/><\/p>\n<h3>Atelier sur le traitement en profondeur<\/h3>\n<p><img decoding=\"async\" src=\"\/wp-content\/uploads\/factory-11.webp\"\/><\/p>\n<h3>Atelier d'usinage de pr\u00e9cision CNC<\/h3>\n<p><img decoding=\"async\" src=\"\/wp-content\/uploads\/factory-11.5.webp\"\/><\/p>\n<h3>Entrep\u00f4t de produits finis et d'exportation<\/h3>\n<p><img decoding=\"async\" src=\"\/wp-content\/uploads\/factory-12.webp\"\/><\/p>\n<p><img decoding=\"async\" src=\"\/wp-content\/uploads\/factory-13.webp\"\/><\/p>\n<p><img decoding=\"async\" src=\"\/wp-content\/uploads\/factory-14.webp\"\/><\/p>\n<h2>FAQ<\/h2>\n<p><b>1) Qu'est-ce qu'un profil\u00e9 en aluminium extrud\u00e9 2024 7001 7003 ?<\/b><\/p>\n<p>Un profil\u00e9 en aluminium extrud\u00e9 2024 7001 7003 est un profil\u00e9 en alliage d'aluminium \u00e0 haute r\u00e9sistance produit par extrusion, couramment utilis\u00e9 dans l'a\u00e9rospatiale, l'automobile et les applications structurelles \u00e0 haute performance.\n<\/p>\n<p><\/p>\n<p><b>2. quelles sont les principales caract\u00e9ristiques des profil\u00e9s d'extrusion en aluminium en 2024 ?<\/b><\/p>\n<p>Les profil\u00e9s en aluminium 2024 offrent un rapport r\u00e9sistance\/poids \u00e9lev\u00e9, une excellente r\u00e9sistance \u00e0 la fatigue et une bonne usinabilit\u00e9, ce qui les rend id\u00e9aux pour les composants a\u00e9rospatiaux et structurels.\n<\/p>\n<p><\/p>\n<p><b>3. Pourquoi utiliser les profil\u00e9s en aluminium 7001 dans les applications d'extrusion ?<\/b><\/p>\n<p>Les profil\u00e9s en aluminium 7001 offrent une r\u00e9sistance \u00e0 la traction et \u00e0 la corrosion sup\u00e9rieure, ce qui les rend appropri\u00e9s pour des applications structurelles l\u00e9g\u00e8res mais durables telles que les m\u00e2ts de tente et les \u00e9quipements sportifs.\n<\/p>\n<p><\/p>\n<p><b>4. quels sont les avantages des profil\u00e9s d'extrusion en aluminium 7003 ?<\/b><\/p>\n<p>Les profil\u00e9s d'extrusion en aluminium 7003 combinent une haute r\u00e9sistance, une bonne soudabilit\u00e9 et une r\u00e9sistance \u00e0 la corrosion sous contrainte, id\u00e9ale pour les structures porteuses et les pi\u00e8ces automobiles.\n<\/p>\n<p><\/p>\n<p><b>5) Quelle est la performance de l'aluminium 2024 par rapport \u00e0 celle de l'aluminium 7001 et 7003 ?<\/b><\/p>\n<p>Le 2024 excelle en termes de r\u00e9sistance \u00e0 la fatigue et de solidit\u00e9 pour les applications a\u00e9rospatiales, tandis que le 7001 et le 7003 offrent une meilleure r\u00e9sistance \u00e0 la corrosion et une meilleure soudabilit\u00e9 pour les applications ext\u00e9rieures et structurelles.\n<\/p>\n<p><\/p>\n<p><b>6. les profil\u00e9s en aluminium extrud\u00e9 2024 7001 7003 peuvent-ils \u00eatre trait\u00e9s thermiquement ?<\/b><\/p>\n<p>Oui, les trois alliages - 2024, 7001 et 7003 - peuvent \u00eatre trait\u00e9s thermiquement, ce qui permet d'am\u00e9liorer les propri\u00e9t\u00e9s m\u00e9caniques et les performances dans des environnements exigeants.\n<\/p>\n<p><\/p>\n<p><b>7) Quelles sont les industries qui utilisent couramment les profil\u00e9s en aluminium 2024 7001 7003 ?<\/b><\/p>\n<p>Les industries telles que l'a\u00e9rospatiale, le transport, l'automobile et les sports de plein air utilisent ces profil\u00e9s d'extrusion d'aluminium \u00e0 haute r\u00e9sistance pour des applications structurelles critiques.\n<\/p>\n<p><\/p>\n<p><b>8. les profil\u00e9s en aluminium 2024 7001 7003 peuvent-ils \u00eatre anodis\u00e9s ?<\/b><\/p>\n<p>Oui, ces profil\u00e9s en aluminium peuvent \u00eatre anodis\u00e9s, mais l'aspect de la surface et la qualit\u00e9 de la finition peuvent varier en fonction de l'alliage, en particulier pour le 2024.\n<\/p>\n<p><\/p>\n<p><b>9. ces profil\u00e9s d'extrusion en aluminium peuvent-ils \u00eatre soud\u00e9s ?<\/b><\/p>\n<p>Les profils d'aluminium 7001 et 7003 offrent une meilleure soudabilit\u00e9 que le 2024, dont la soudabilit\u00e9 est limit\u00e9e en raison de sa teneur en cuivre.\n<\/p>\n<p><\/p>\n<p><b>10. l'extrusion d'aluminium 2024 7001 7003 est-elle respectueuse de l'environnement ?<\/b><\/p>\n<p>Oui, l'aluminium est enti\u00e8rement recyclable et l'utilisation d'extrusions \u00e0 haute r\u00e9sistance permet de r\u00e9duire l'utilisation de mat\u00e9riaux tout en maintenant les performances, ce qui favorise la fabrication durable.\n<\/p>\n<p><\/p>","protected":false},"featured_media":5796,"template":"","categories":[55],"class_list":["post-5612","product","type-product","status-publish","has-post-thumbnail","hentry","category-extruded-aluminum-profiles"],"meta_box":{"hilight_text_group":{"product_hilight_text":"Aluminum Extrusion 2024 7001 7003 Aluminum Profile is a high-quality product that is widely used in a variety of industries. The extrusion process allows for the creation of complex shapes and cross-sections with precise tolerances, making it perfect for applications where strength and durability are essential.","product_chanpin_chanpin":"<li><a href=\"https:\/\/sinoextrud.com\/product\/6061-6063-6082-street-lamp-column-aluminum-profile\/\" target=\"_blank\">6061 6063 6082 Street Lamp Column Aluminum Profile<\/a><\/li>\r\n<li><a href=\"https:\/\/sinoextrud.com\/product\/aluminum-extrusion-linear-led-lighting-aluminum-profile\/\" target=\"_blank\">Aluminum Extrusion Linear LED Lighting Aluminum Profile<\/a><\/li>\r\n<li><a href=\"https:\/\/sinoextrud.com\/product\/aluminum-extrusion-electroplated-shower-room-aluminum-profile\/\" target=\"_blank\">Aluminum Extrusion Electroplated Shower Room Aluminum Profile<\/a><\/li>\r\n<li><a href=\"https:\/\/sinoextrud.com\/product\/aluminum-extrusion-hard-anodizing-aluminum-profiles\/\" target=\"_blank\">Aluminum Extrusion Hard Anodizing Aluminum Profiles<\/a><\/li>\r\n<li><a href=\"https:\/\/sinoextrud.com\/product\/aluminium-extrud-6061-6082-7075-aluminum-alloy-profiles\/\" target=\"_blank\">Aluminum Extrusion 2024 7001 7003 Aluminum Profile<\/a><\/li>\r\n<li><a href=\"https:\/\/sinoextrud.com\/product\/aluminum-extrusion-6101b-conductive-rail-aluminum-profile\/\" target=\"_blank\">Aluminum Extrusion 6101B Conductive Rail Aluminum Profile<\/a><\/li>\r\n<li><a href=\"https:\/\/sinoextrud.com\/product\/aluminum-extrusion-aluminum-rolling-shutters-profile\/\" target=\"_blank\">Aluminum Extrusion Aluminum Rolling Shutters Profile<\/a><\/li>\r\n<li><a href=\"https:\/\/sinoextrud.com\/product\/aluminum-extrusion-7003-7005-7020\/\" target=\"_blank\">Aluminum Extrusion 7003 7005 7020 High Hardness Anodized Aluminum Profile<\/a><\/li>\r\n<li><a href=\"https:\/\/sinoextrud.com\/product\/aluminum-extrusion-flood-control-barrier-aluminum-profile\/\" target=\"_blank\">Aluminum Extrusion Flood Control Barrier Aluminum Profile<\/a><\/li>\r\n<li><a href=\"https:\/\/sinoextrud.com\/product\/aluminium-profile-channel-factory\/\" target=\"_blank\">Aluminium Profile Channel Factory<\/a><\/li>\r\n<li><a href=\"https:\/\/sinoextrud.com\/product\/aluminum-profile-for-solar-panel\/\" target=\"_blank\">Aluminum Profile For Solar Panel<\/a><\/li>"},"feature_list":[]},"_links":{"self":[{"href":"https:\/\/sinoextrud.com\/fr\/wp-json\/wp\/v2\/product\/5612","targetHints":{"allow":["GET"]}}],"collection":[{"href":"https:\/\/sinoextrud.com\/fr\/wp-json\/wp\/v2\/product"}],"about":[{"href":"https:\/\/sinoextrud.com\/fr\/wp-json\/wp\/v2\/types\/product"}],"wp:featuredmedia":[{"embeddable":true,"href":"https:\/\/sinoextrud.com\/fr\/wp-json\/wp\/v2\/media\/5796"}],"wp:attachment":[{"href":"https:\/\/sinoextrud.com\/fr\/wp-json\/wp\/v2\/media?parent=5612"}],"wp:term":[{"taxonomy":"category","embeddable":true,"href":"https:\/\/sinoextrud.com\/fr\/wp-json\/wp\/v2\/categories?post=5612"}],"curies":[{"name":"wp","href":"https:\/\/api.w.org\/{rel}","templated":true}]}}