{"id":5600,"date":"2025-05-15T13:39:40","date_gmt":"2025-05-15T13:39:40","guid":{"rendered":"https:\/\/sinoextrud.com\/?post_type=product&#038;p=5600"},"modified":"2025-06-24T03:52:27","modified_gmt":"2025-06-24T03:52:27","slug":"extrusion-daluminium-6061-6063-profile-daluminium-pour-lampadaire","status":"publish","type":"product","link":"https:\/\/sinoextrud.com\/fr\/product\/aluminum-extrusion-6061-6063-aluminum-profile-for-lamppost\/","title":{"rendered":"Extrusion d'aluminium 6061 6063 Profil\u00e9 d'aluminium pour lampadaire"},"content":{"rendered":"<h2>D\u00e9tails des produits<\/h2>\n<table class=\"custom-table\">\n<tr>\n<td class=\"label\">Nom du produit<\/td>\n<td>extrusion d'aluminium 6061 6063 profil\u00e9 d'aluminium pour lampadaire<\/td>\n<\/tr>\n<tr>\n<td class=\"label\">Gamme de produits<\/td>\n<td>extrusions d'aluminium pour profil\u00e9s d'aluminium 6061, profil\u00e9s d'aluminium 6063<\/td>\n<\/tr>\n<tr>\n<td class=\"label\">Syst\u00e8mes adapt\u00e9s Types<\/td>\n<td>profil\u00e9s d'extrusion en aluminium, tubes en aluminium extrud\u00e9, tubes en aluminium CNC<\/td>\n<\/tr>\n<tr>\n<td class=\"label\">Application<\/td>\n<td>Lampadaire<\/td>\n<\/tr>\n<tr>\n<td class=\"label\">Traitement de surface<\/td>\n<td>finition en usine, anodisation, grain de bois, rev\u00eatement en poudre, sablage, \u00e9lectrophor\u00e8se, brossage, polissage, etc.<\/td>\n<\/tr>\n<tr>\n<td class=\"label\">Traitement en profondeur CNC<\/td>\n<td>couper, percer, usiner, poin\u00e7onner, plier, tarauder, etc.<\/td>\n<\/tr>\n<tr>\n<td class=\"label\">Certifications<\/td>\n<td>CE, ISO, SGS, TUV, ROHS<\/td>\n<\/tr>\n<tr>\n<td class=\"label\">\u00c9chantillons<\/td>\n<td>\u00e9chantillon gratuit. Livraison en 1-3 jours.<\/td>\n<\/tr>\n<tr>\n<td class=\"label\">MOQ<\/td>\n<td>200KG pour chaque profil<\/td>\n<\/tr>\n<tr>\n<td class=\"label\">D\u00e9lai de livraison<\/td>\n<td>La mise au point du moule et la confirmation de l'\u00e9chantillon prennent 12 \u00e0 15 jours, puis la production prend 15 \u00e0 25 jours apr\u00e8s r\u00e9ception de l'acompte de l'acheteur.<\/td>\n<\/tr>\n<tr>\n<td class=\"label\">Conditions de paiement<\/td>\n<td>30% d\u00e9p\u00f4t avant la production, et le solde avant l'exp\u00e9dition.<\/td>\n<\/tr>\n<\/table>\n<h2>Notre base de production<\/h2>\n<h3>Panorama de l'usine<\/h3>\n<p><img decoding=\"async\" src=\"\/wp-content\/uploads\/factory-01.webp\"\/><\/p>\n<h3>Atelier de fabrication de barres d'aluminium<\/h3>\n<p><img decoding=\"async\" src=\"\/wp-content\/uploads\/factory-02.webp\"\/><\/p>\n<\/p>\n<p><img decoding=\"async\" src=\"\/wp-content\/uploads\/factory-03.webp\"\/><\/p>\n<h3>Entrep\u00f4t de stockage des moules<\/h3>\n<p><img decoding=\"async\" src=\"\/wp-content\/uploads\/factory-04.webp\"\/><\/p>\n<h3>43 lignes d'extrusion d'aluminium (500 \u00e0 5500 tonnes)<\/h3>\n<p><img decoding=\"async\" src=\"\/wp-content\/uploads\/factory-05.webp\"\/><\/p>\n<p><img decoding=\"async\" src=\"\/wp-content\/uploads\/factory-06.webp\"\/><\/p>\n<p><img decoding=\"async\" src=\"\/wp-content\/uploads\/factory-07.webp\"\/><\/p>\n<h3>Atelier de peinture en poudre<\/h3>\n<p><img decoding=\"async\" src=\"\/wp-content\/uploads\/factory-09.webp\"\/><\/p>\n<h3>Atelier d'anodisation<\/h3>\n<p><img decoding=\"async\" src=\"\/wp-content\/uploads\/factory-10.webp\"\/><\/p>\n<h3>Atelier sur le traitement en profondeur<\/h3>\n<p><img decoding=\"async\" src=\"\/wp-content\/uploads\/factory-11.webp\"\/><\/p>\n<h3>Atelier d'usinage de pr\u00e9cision CNC<\/h3>\n<p><img decoding=\"async\" src=\"\/wp-content\/uploads\/factory-11.5.webp\"\/><\/p>\n<h3>Entrep\u00f4t de produits finis et d'exportation<\/h3>\n<p><img decoding=\"async\" src=\"\/wp-content\/uploads\/factory-12.webp\"\/><\/p>\n<p><img decoding=\"async\" src=\"\/wp-content\/uploads\/factory-13.webp\"\/><\/p>\n<p><img decoding=\"async\" src=\"\/wp-content\/uploads\/factory-14.webp\"\/><\/p>\n<h2>FAQ<\/h2>\n<p><b>1) Qu'est-ce qu'un profil\u00e9 d'aluminium extrud\u00e9 6061 6063 pour lampadaire ?<\/b><\/p>\n<p>Extrusion d'aluminium 6061 6063 Profil\u00e9 d'aluminium pour lampadaire d\u00e9signe les composants structurels en aluminium fabriqu\u00e9s \u00e0 partir d'alliages 6061 ou 6063, con\u00e7us sp\u00e9cifiquement pour la construction de r\u00e9verb\u00e8res ou de lampadaires.\n<\/p>\n<p><\/p>\n<p><b>2) Quels sont les avantages de l'utilisation de l'aluminium 6061 pour les lampadaires ?<\/b><\/p>\n<p>L'aluminium 6061 offre une grande solidit\u00e9, une r\u00e9sistance \u00e0 la corrosion et une excellente soudabilit\u00e9, ce qui en fait un mat\u00e9riau id\u00e9al pour les applications de lampadaires durables et r\u00e9sistants aux intemp\u00e9ries.\n<\/p>\n<p><\/p>\n<p><b>3. Pourquoi choisir les profil\u00e9s en aluminium 6063 pour les structures des lampadaires ?<\/b><\/p>\n<p>L'aluminium 6063 est connu pour sa finition de surface sup\u00e9rieure, sa r\u00e9sistance \u00e0 la corrosion et sa bonne extrudabilit\u00e9, parfaite pour des lampadaires l\u00e9gers et esth\u00e9tiques.\n<\/p>\n<p><\/p>\n<p><b>4. Quelle est la diff\u00e9rence entre les profils d'aluminium 6061 et 6063 dans l'utilisation des lampadaires ?<\/b><\/p>\n<p>L'aluminium 6061 est plus solide et utilis\u00e9 pour la r\u00e9sistance structurelle, tandis que l'aluminium 6063 offre une meilleure qualit\u00e9 de surface et est pr\u00e9f\u00e9r\u00e9 pour les conceptions d\u00e9coratives ou l\u00e9g\u00e8res.\n<\/p>\n<p><\/p>\n<p><b>5. les profil\u00e9s d'extrusion d'aluminium 6061 6063 conviennent-ils \u00e0 une utilisation en ext\u00e9rieur ?<\/b><\/p>\n<p>Oui, les profil\u00e9s en aluminium 6061 et 6063 sont r\u00e9sistants \u00e0 la corrosion et aux intemp\u00e9ries, ce qui les rend tout \u00e0 fait adapt\u00e9s aux applications ext\u00e9rieures des lampadaires.\n<\/p>\n<p><\/p>\n<p><b>6. Pourquoi l'extrusion d'aluminium est-elle id\u00e9ale pour la fabrication de lampadaires ?<\/b><\/p>\n<p>L'extrusion d'aluminium permet de r\u00e9aliser des conceptions complexes, l\u00e9g\u00e8res et personnalisables avec une grande pr\u00e9cision, ce qui r\u00e9duit les d\u00e9chets de mat\u00e9riaux et simplifie l'installation.\n<\/p>\n<p><\/p>\n<p><b>7. les profil\u00e9s de lampadaires en aluminium 6061 6063 peuvent-ils \u00eatre anodis\u00e9s ?<\/b><\/p>\n<p>Oui, les profil\u00e9s en aluminium 6061 et 6063 peuvent \u00eatre anodis\u00e9s pour am\u00e9liorer la r\u00e9sistance \u00e0 la corrosion, la durabilit\u00e9 et l'aspect de la surface.\n<\/p>\n<p><\/p>\n<p><b>8. quels sont les avantages environnementaux des profil\u00e9s de lampadaires en aluminium ?<\/b><\/p>\n<p>Les profil\u00e9s en aluminium sont 100% recyclables, l\u00e9gers et peu gourmands en \u00e9nergie, ce qui en fait un choix \u00e9cologique pour les lampadaires.\n<\/p>\n<p><\/p>\n<p><b>9. Quelle est la r\u00e9sistance des profil\u00e9s en aluminium 6061 6063 dans les applications structurelles ?<\/b><\/p>\n<p>Le 6061 offre une r\u00e9sistance \u00e0 la traction plus \u00e9lev\u00e9e pour les structures porteuses, tandis que le 6063 offre une r\u00e9sistance ad\u00e9quate avec une finition de surface am\u00e9lior\u00e9e pour les lampadaires \u00e0 usage mod\u00e9r\u00e9.\n<\/p>\n<p><\/p>\n<p><b>10. est-il facile d'installer des lampadaires fabriqu\u00e9s avec des profil\u00e9s d'extrusion en aluminium ?<\/b><\/p>\n<p>Oui, les profil\u00e9s en aluminium extrud\u00e9 6061 6063 sont l\u00e9gers et faciles \u00e0 usiner, ce qui permet une installation plus rapide, plus s\u00fbre et plus rentable des lampadaires.\n<\/p>\n<p><\/p>","protected":false},"featured_media":5599,"template":"","categories":[55],"class_list":["post-5600","product","type-product","status-publish","has-post-thumbnail","hentry","category-extruded-aluminum-profiles"],"meta_box":{"hilight_text_group":{"product_hilight_text":"Aluminum extrusion 6061 and 6063 aluminum profiles are ideal materials for lampposts due to their durability, strength, and resistance to corrosion. Both alloys are widely used in the construction industry for their versatility and affordability, making them a top choice for lighting applications.","product_chanpin_chanpin":"<li><a href=\"https:\/\/sinoextrud.com\/product\/aluminum-extrud-7003-aluminum-pipe\/\" target=\"_blank\">Aluminum Extrusion 7003 Aluminum Pipe<\/a><\/li>\r\n<li><a href=\"https:\/\/sinoextrud.com\/product\/aluminum-extrusion-2024-aluminum-profile\/\" target=\"_blank\">Aluminum Extrusion 2024 Aluminum Profile<\/a><\/li>\r\n<li><a href=\"https:\/\/sinoextrud.com\/product\/linear-sliding-modules-aluminum-profiles\/\" target=\"_blank\">Linear Sliding Modules Aluminum Profiles<\/a><\/li>\r\n<li><a href=\"https:\/\/sinoextrud.com\/product\/aluminum-extrusion-1060-aluminum-profile\/\" target=\"_blank\">Aluminum Extrusion 1060 Aluminum Profile<\/a><\/li>\r\n<li><a href=\"https:\/\/sinoextrud.com\/product\/aluminum-extrusion-6061-6063-aluminum-profile-for-lamppost\/\" target=\"_blank\">Aluminum Extrusion 6061 6063 Aluminum Profile For Lamppost<\/a><\/li>\r\n<li><a href=\"https:\/\/sinoextrud.com\/product\/6061-6063-6082-street-lamp-column-aluminum-profile\/\" target=\"_blank\">6061 6063 6082 Street Lamp Column Aluminum Profile<\/a><\/li>\r\n<li><a href=\"https:\/\/sinoextrud.com\/product\/aluminum-extrusion-linear-led-lighting-aluminum-profile\/\" target=\"_blank\">Aluminum Extrusion Linear LED Lighting Aluminum Profile<\/a><\/li>\r\n<li><a href=\"https:\/\/sinoextrud.com\/product\/aluminum-extrusion-electroplated-shower-room-aluminum-profile\/\" target=\"_blank\">Aluminum Extrusion Electroplated Shower Room Aluminum Profile<\/a><\/li>\r\n<li><a href=\"https:\/\/sinoextrud.com\/product\/aluminum-extrusion-hard-anodizing-aluminum-profiles\/\" target=\"_blank\">Aluminum Extrusion Hard Anodizing Aluminum Profiles<\/a><\/li>\r\n<li><a href=\"https:\/\/sinoextrud.com\/product\/linear-rail-aluminum-extrusion\/\" target=\"_blank\">Linear Rail Aluminum Extrusion<\/a><\/li>\r\n<li><a href=\"https:\/\/sinoextrud.com\/product\/glass-balcony-railing-aluminum-u-channel-design\/\" target=\"_blank\">Glass Balcony Railing Aluminum U Channel Design<\/a><\/li>"},"feature_list":[]},"_links":{"self":[{"href":"https:\/\/sinoextrud.com\/fr\/wp-json\/wp\/v2\/product\/5600","targetHints":{"allow":["GET"]}}],"collection":[{"href":"https:\/\/sinoextrud.com\/fr\/wp-json\/wp\/v2\/product"}],"about":[{"href":"https:\/\/sinoextrud.com\/fr\/wp-json\/wp\/v2\/types\/product"}],"wp:featuredmedia":[{"embeddable":true,"href":"https:\/\/sinoextrud.com\/fr\/wp-json\/wp\/v2\/media\/5599"}],"wp:attachment":[{"href":"https:\/\/sinoextrud.com\/fr\/wp-json\/wp\/v2\/media?parent=5600"}],"wp:term":[{"taxonomy":"category","embeddable":true,"href":"https:\/\/sinoextrud.com\/fr\/wp-json\/wp\/v2\/categories?post=5600"}],"curies":[{"name":"wp","href":"https:\/\/api.w.org\/{rel}","templated":true}]}}