{"id":5598,"date":"2025-05-15T13:24:40","date_gmt":"2025-05-15T13:24:40","guid":{"rendered":"https:\/\/sinoextrud.com\/?post_type=product&#038;p=5598"},"modified":"2025-06-24T03:52:25","modified_gmt":"2025-06-24T03:52:25","slug":"extrusion-daluminium-1060-profile-daluminium","status":"publish","type":"product","link":"https:\/\/sinoextrud.com\/fr\/product\/aluminum-extrusion-1060-aluminum-profile\/","title":{"rendered":"Extrusion d'aluminium Profil\u00e9 d'aluminium 1060"},"content":{"rendered":"<h2>D\u00e9tails des produits<\/h2>\n<table class=\"custom-table\">\n<tr>\n<td class=\"label\">Objet<\/td>\n<td>Extrusion d'aluminium Profil\u00e9 d'aluminium 1060<\/td>\n<\/tr>\n<tr>\n<td class=\"label\">Mat\u00e9riau<\/td>\n<td>Profil\u00e9 en aluminium 1060<\/td>\n<\/tr>\n<tr>\n<td class=\"label\">Temp\u00e9rer<\/td>\n<td>T4\uff0cT5\uff0cT6<\/td>\n<\/tr>\n<tr>\n<td class=\"label\">Oxyd\u00e9 Taille\/\u00e9paisseur<\/td>\n<td>\u00c9paisseur des profil\u00e9s g\u00e9n\u00e9raux de 0,8 \u00e0 5,0 mm, longueur de 3 \u00e0 6 m ou sur mesure ; \u00e9paisseur du film de protection anodis\u00e9 de 8 \u00e0 25 um, rev\u00eatement en poudre de 40 \u00e0 120 um.<\/td>\n<\/tr>\n<tr>\n<td class=\"label\">MOQ<\/td>\n<td>200KGS<\/td>\n<\/tr>\n<tr>\n<td class=\"label\">Duret\u00e9<\/td>\n<td>Pas de duret\u00e9<\/td>\n<\/tr>\n<tr>\n<td class=\"label\">Paquet<\/td>\n<td>\u00e9tag\u00e8re en bois<\/td>\n<\/tr>\n<tr>\n<td class=\"label\">Forme<\/td>\n<td>Carr\u00e9\uff0cRond\uff0cRectangulaire\uff0cPersonnalis\u00e9<\/td>\n<\/tr>\n<tr>\n<td class=\"label\">Application<\/td>\n<td>disques et feuilles d'aluminium, ustensiles de cuisine, feuilles d'aluminium, bo\u00eetiers de lampes, mat\u00e9riaux d\u00e9coratifs et certains appareils \u00e9lectroniques<\/td>\n<\/tr>\n<tr>\n<td class=\"label\">Traitement de surface<\/td>\n<td>rev\u00eatement en poudre\uff0c\u00e9lectrophor\u00e8se\uff0c grain de bois\uff0canodis\u00e9\uff0cbross\u00e9\uff0cPolissage<\/td>\n<\/tr>\n<tr>\n<td class=\"label\">Couleurs<\/td>\n<td>couleur personnalis\u00e9e disponible<\/td>\n<\/tr>\n<tr>\n<td class=\"label\">Processus en profondeur<\/td>\n<td>DCNC\uff0cDrilling\uff0cMilling\uff0cCutting\uff0cWelding\uff0cbending\uff0cassembling<\/td>\n<\/tr>\n<\/table>\n<h2>Notre base de production<\/h2>\n<h3>Panorama de l'usine<\/h3>\n<p><img decoding=\"async\" src=\"\/wp-content\/uploads\/factory-01.webp\"\/><\/p>\n<h3>Atelier de fabrication de barres d'aluminium<\/h3>\n<p><img decoding=\"async\" src=\"\/wp-content\/uploads\/factory-02.webp\"\/><\/p>\n<\/p>\n<p><img decoding=\"async\" src=\"\/wp-content\/uploads\/factory-03.webp\"\/><\/p>\n<h3>Entrep\u00f4t de stockage des moules<\/h3>\n<p><img decoding=\"async\" src=\"\/wp-content\/uploads\/factory-04.webp\"\/><\/p>\n<h3>43 lignes d'extrusion d'aluminium (500 \u00e0 5500 tonnes)<\/h3>\n<p><img decoding=\"async\" src=\"\/wp-content\/uploads\/factory-05.webp\"\/><\/p>\n<p><img decoding=\"async\" src=\"\/wp-content\/uploads\/factory-06.webp\"\/><\/p>\n<p><img decoding=\"async\" src=\"\/wp-content\/uploads\/factory-07.webp\"\/><\/p>\n<h3>Atelier de peinture en poudre<\/h3>\n<p><img decoding=\"async\" src=\"\/wp-content\/uploads\/factory-09.webp\"\/><\/p>\n<h3>Atelier d'anodisation<\/h3>\n<p><img decoding=\"async\" src=\"\/wp-content\/uploads\/factory-10.webp\"\/><\/p>\n<h3>Atelier sur le traitement en profondeur<\/h3>\n<p><img decoding=\"async\" src=\"\/wp-content\/uploads\/factory-11.webp\"\/><\/p>\n<h3>Atelier d'usinage de pr\u00e9cision CNC<\/h3>\n<p><img decoding=\"async\" src=\"\/wp-content\/uploads\/factory-11.5.webp\"\/><\/p>\n<h3>Entrep\u00f4t de produits finis et d'exportation<\/h3>\n<p><img decoding=\"async\" src=\"\/wp-content\/uploads\/factory-12.webp\"\/><\/p>\n<p><img decoding=\"async\" src=\"\/wp-content\/uploads\/factory-13.webp\"\/><\/p>\n<p><img decoding=\"async\" src=\"\/wp-content\/uploads\/factory-14.webp\"\/><\/p>\n<h2>FAQ<\/h2>\n<p><b>1) Qu'est-ce qu'un profil\u00e9 d'aluminium extrud\u00e9 1060 ?<\/b><\/p>\n<p>Extrusion d'aluminium Le profil\u00e9 d'aluminium 1060 est un alliage d'aluminium de haute puret\u00e9 form\u00e9 par extrusion, connu pour son excellente conductivit\u00e9, sa r\u00e9sistance \u00e0 la corrosion et sa facilit\u00e9 de mise en forme.\n<\/p>\n<p><\/p>\n<p><b>2) Quelles sont les principales caract\u00e9ristiques du profil\u00e9 en aluminium 1060 ?<\/b><\/p>\n<p>Le profil\u00e9 en aluminium 1060 contient plus de 99,6% d'aluminium, ce qui lui conf\u00e8re une conductivit\u00e9 \u00e9lectrique \u00e9lev\u00e9e, d'excellentes performances thermiques et une r\u00e9sistance exceptionnelle \u00e0 la corrosion.\n<\/p>\n<p><\/p>\n<p><b>3. pourquoi choisir l'aluminium 1060 pour les profil\u00e9s d'extrusion ?<\/b><\/p>\n<p>L'aluminium 1060 est id\u00e9al pour l'extrusion en raison de son excellente ductilit\u00e9, de sa finition de surface lisse et de sa rentabilit\u00e9 pour les applications n\u00e9cessitant des performances thermiques ou \u00e9lectriques \u00e9lev\u00e9es.\n<\/p>\n<p><\/p>\n<p><b>4. quels sont les avantages de l'utilisation des profil\u00e9s d'extrusion d'aluminium 1060 ?<\/b><\/p>\n<p>Les avantages sont notamment une structure l\u00e9g\u00e8re, une r\u00e9sistance \u00e9lev\u00e9e \u00e0 la corrosion, une fabrication facile et la possibilit\u00e9 d'utiliser des \u00e9quipements \u00e9lectriques et chimiques.\n<\/p>\n<p><\/p>\n<p><b>5) Dans quelles industries les profil\u00e9s en aluminium 1060 sont-ils couramment utilis\u00e9s ?<\/b><\/p>\n<p>Les profil\u00e9s en aluminium 1060 sont largement utilis\u00e9s dans les syst\u00e8mes d'alimentation, les bo\u00eetiers \u00e9lectriques, la signalisation et les \u00e9quipements de traitement chimique en raison de leur conductivit\u00e9 et de leur r\u00e9sistance \u00e0 la corrosion.\n<\/p>\n<p><\/p>\n<p><b>6. le profil\u00e9 en aluminium 1060 convient-il \u00e0 l'anodisation ?<\/b><\/p>\n<p>Oui, les profil\u00e9s en aluminium 1060 peuvent \u00eatre facilement anodis\u00e9s pour renforcer la duret\u00e9 de la surface, am\u00e9liorer la r\u00e9sistance \u00e0 la corrosion et obtenir une finition d\u00e9corative.\n<\/p>\n<p><\/p>\n<p><b>7) Comment l'aluminium 1060 se compare-t-il aux autres qualit\u00e9s d'aluminium ?<\/b><\/p>\n<p>Compar\u00e9 \u00e0 d'autres grades, l'aluminium 1060 offre une plus grande puret\u00e9, une meilleure conductivit\u00e9 et une plus grande facilit\u00e9 de mise en forme, mais une r\u00e9sistance plus faible, ce qui le rend adapt\u00e9 \u00e0 des applications non structurelles sp\u00e9cifiques.\n<\/p>\n<p><\/p>\n<p><b>8. les extrusions d'aluminium 1060 peuvent-elles \u00eatre soud\u00e9es ?<\/b><\/p>\n<p>Oui, l'aluminium 1060 offre une excellente soudabilit\u00e9, ce qui en fait un mat\u00e9riau de choix pour les applications n\u00e9cessitant un assemblage.\n<\/p>\n<p><\/p>\n<p><b>9. quels sont les traitements de surface disponibles pour les profil\u00e9s en aluminium 1060 ?<\/b><\/p>\n<p>Les traitements de surface disponibles comprennent l'anodisation, le rev\u00eatement par poudre et le polissage pour am\u00e9liorer la durabilit\u00e9 et l'attrait esth\u00e9tique.\n<\/p>\n<p><\/p>\n<p><b>10. le profil\u00e9 aluminium 1060 est-il respectueux de l'environnement ?<\/b><\/p>\n<p>Oui, l'aluminium 1060 est enti\u00e8rement recyclable, l\u00e9ger et \u00e9conome en \u00e9nergie, ce qui en fait un choix \u00e9cologique pour une fabrication durable.\n<\/p>\n<p><\/p>","protected":false},"featured_media":5597,"template":"","categories":[55],"class_list":["post-5598","product","type-product","status-publish","has-post-thumbnail","hentry","category-extruded-aluminum-profiles"],"meta_box":{"hilight_text_group":{"product_hilight_text":"<ul>\r\r\n<li>1. 1060 aluminum alloy has the characteristics of conducting electricity and heat conduction.<\/li>\r\r\n<li>2. Used for electric heating pipes, oil tanks, gasoline or lubricating oil pipes, conductive materials, heat exchangers, chemical devices, household products, decorative materials, case materials.<\/li>\r\r\n<li>3. It has excellent weldability, and good welding effect can be obtained by brazing, gas welding, electric arc welding and other methods.<\/li>\r\r\n<li>4.Can produce bar, wire, pipe and profile.<\/li>\r\r\n<\/ul>","product_chanpin_chanpin":"<li><a href=\"https:\/\/sinoextrud.com\/product\/aluminium-extrusion-tube\/\" target=\"_blank\">Aluminium Extrusion Tube<\/a><\/li>\r\n<li><a href=\"https:\/\/sinoextrud.com\/product\/aluminum-extrud-7003-aluminum-pipe\/\" target=\"_blank\">Aluminum Extrusion 7003 Aluminum Pipe<\/a><\/li>\r\n<li><a href=\"https:\/\/sinoextrud.com\/product\/aluminum-extrusion-2024-aluminum-profile\/\" target=\"_blank\">Aluminum Extrusion 2024 Aluminum Profile<\/a><\/li>\r\n<li><a href=\"https:\/\/sinoextrud.com\/product\/linear-sliding-modules-aluminum-profiles\/\" target=\"_blank\">Linear Sliding Modules Aluminum Profiles<\/a><\/li>\r\n<li><a href=\"https:\/\/sinoextrud.com\/product\/aluminum-extrusion-1060-aluminum-profile\/\" target=\"_blank\">Aluminum Extrusion 1060 Aluminum Profile<\/a><\/li>\r\n<li><a href=\"https:\/\/sinoextrud.com\/product\/aluminum-extrusion-6061-6063-aluminum-profile-for-lamppost\/\" target=\"_blank\">Aluminum Extrusion 6061 6063 Aluminum Profile For Lamppost<\/a><\/li>\r\n<li><a href=\"https:\/\/sinoextrud.com\/product\/6061-6063-6082-street-lamp-column-aluminum-profile\/\" target=\"_blank\">6061 6063 6082 Street Lamp Column Aluminum Profile<\/a><\/li>\r\n<li><a href=\"https:\/\/sinoextrud.com\/product\/aluminum-extrusion-linear-led-lighting-aluminum-profile\/\" target=\"_blank\">Aluminum Extrusion Linear LED Lighting Aluminum Profile<\/a><\/li>\r\n<li><a href=\"https:\/\/sinoextrud.com\/product\/aluminum-extrusion-electroplated-shower-room-aluminum-profile\/\" target=\"_blank\">Aluminum Extrusion Electroplated Shower Room Aluminum Profile<\/a><\/li>\r\n<li><a href=\"https:\/\/sinoextrud.com\/product\/t-slot-aluminum-profile\/\" target=\"_blank\">T-slot Aluminum Profile<\/a><\/li>\r\n<li><a href=\"https:\/\/sinoextrud.com\/product\/aluminum-cnc-profile\/\" target=\"_blank\">Aluminum CNC Profile<\/a><\/li>"},"feature_list":[]},"_links":{"self":[{"href":"https:\/\/sinoextrud.com\/fr\/wp-json\/wp\/v2\/product\/5598","targetHints":{"allow":["GET"]}}],"collection":[{"href":"https:\/\/sinoextrud.com\/fr\/wp-json\/wp\/v2\/product"}],"about":[{"href":"https:\/\/sinoextrud.com\/fr\/wp-json\/wp\/v2\/types\/product"}],"wp:featuredmedia":[{"embeddable":true,"href":"https:\/\/sinoextrud.com\/fr\/wp-json\/wp\/v2\/media\/5597"}],"wp:attachment":[{"href":"https:\/\/sinoextrud.com\/fr\/wp-json\/wp\/v2\/media?parent=5598"}],"wp:term":[{"taxonomy":"category","embeddable":true,"href":"https:\/\/sinoextrud.com\/fr\/wp-json\/wp\/v2\/categories?post=5598"}],"curies":[{"name":"wp","href":"https:\/\/api.w.org\/{rel}","templated":true}]}}