{"id":5536,"date":"2025-05-14T16:10:39","date_gmt":"2025-05-14T16:10:39","guid":{"rendered":"https:\/\/sinoextrud.com\/?post_type=product&#038;p=5536"},"modified":"2025-06-24T03:52:15","modified_gmt":"2025-06-24T03:52:15","slug":"tube-dextrusion-en-aluminium","status":"publish","type":"product","link":"https:\/\/sinoextrud.com\/fr\/product\/aluminium-extrusion-tube\/","title":{"rendered":"Tube d'extrusion en aluminium"},"content":{"rendered":"<h2>D\u00e9tails des produits<\/h2>\n<table class=\"custom-table\">\n<tr>\n<td class=\"label\">Nom du produit<\/td>\n<td>tube d'extrusion en aluminium<\/td>\n<\/tr>\n<tr>\n<td class=\"label\">Gamme de produits<\/td>\n<td>profil\u00e9s d'extrusion en aluminium pour tubes profil\u00e9s d'extrusion en aluminium, machine d'extrusion de tubes en aluminium, extrusion de tubes carr\u00e9s en aluminium, extrusion de tubes en aluminium, extrusion de tubes ronds en aluminium, presse d'extrusion de tubes pliables en aluminium, extrusion de tubes de fleurs solaires en aluminium, etc.<\/td>\n<\/tr>\n<tr>\n<td class=\"label\">Syst\u00e8mes adapt\u00e9s Types<\/td>\n<td>Tube rond, tube carr\u00e9, tube ovale, tube demi-rond, etc.<\/td>\n<\/tr>\n<tr>\n<td class=\"label\">Traitement de surface<\/td>\n<td>finition en usine, anodisation, grain de bois, rev\u00eatement en poudre, sablage, \u00e9lectrophor\u00e8se, brossage, polissage, etc.<\/td>\n<\/tr>\n<tr>\n<td class=\"label\">Traitement en profondeur CNC<\/td>\n<td>couper, percer, usiner, poin\u00e7onner, plier, tarauder, etc.<\/td>\n<\/tr>\n<tr>\n<td class=\"label\">Certifications<\/td>\n<td>CE, ISO, SGS, TUV, ROHS<\/td>\n<\/tr>\n<tr>\n<td class=\"label\">\u00c9chantillons<\/td>\n<td>\u00e9chantillon gratuit. Livraison en 1-3 jours.<\/td>\n<\/tr>\n<tr>\n<td class=\"label\">MOQ<\/td>\n<td>200KG pour chaque profil<\/td>\n<\/tr>\n<tr>\n<td class=\"label\">D\u00e9lai de livraison<\/td>\n<td>La mise au point du moule et la confirmation de l'\u00e9chantillon prennent 12 \u00e0 15 jours, puis la production prend 15 \u00e0 25 jours apr\u00e8s r\u00e9ception de l'acompte de l'acheteur.<\/td>\n<\/tr>\n<tr>\n<td class=\"label\">Conditions de paiement<\/td>\n<td>30% d\u00e9p\u00f4t avant la production, et le solde avant l'exp\u00e9dition.<\/td>\n<\/tr>\n<\/table>\n<h2>Notre base de production<\/h2>\n<h3>Panorama de l'usine<\/h3>\n<p><img decoding=\"async\" src=\"\/wp-content\/uploads\/factory-01.webp\"\/><\/p>\n<h3>Atelier de fabrication de barres d'aluminium<\/h3>\n<p><img decoding=\"async\" src=\"\/wp-content\/uploads\/factory-02.webp\"\/><\/p>\n<\/p>\n<p><img decoding=\"async\" src=\"\/wp-content\/uploads\/factory-03.webp\"\/><\/p>\n<h3>Entrep\u00f4t de stockage des moules<\/h3>\n<p><img decoding=\"async\" src=\"\/wp-content\/uploads\/factory-04.webp\"\/><\/p>\n<h3>43 lignes d'extrusion d'aluminium (500 \u00e0 5500 tonnes)<\/h3>\n<p><img decoding=\"async\" src=\"\/wp-content\/uploads\/factory-05.webp\"\/><\/p>\n<p><img decoding=\"async\" src=\"\/wp-content\/uploads\/factory-06.webp\"\/><\/p>\n<p><img decoding=\"async\" src=\"\/wp-content\/uploads\/factory-07.webp\"\/><\/p>\n<h3>Atelier de peinture en poudre<\/h3>\n<p><img decoding=\"async\" src=\"\/wp-content\/uploads\/factory-09.webp\"\/><\/p>\n<h3>Atelier d'anodisation<\/h3>\n<p><img decoding=\"async\" src=\"\/wp-content\/uploads\/factory-10.webp\"\/><\/p>\n<h3>Atelier sur le traitement en profondeur<\/h3>\n<p><img decoding=\"async\" src=\"\/wp-content\/uploads\/factory-11.webp\"\/><\/p>\n<h3>Atelier d'usinage de pr\u00e9cision CNC<\/h3>\n<p><img decoding=\"async\" src=\"\/wp-content\/uploads\/factory-11.5.webp\"\/><\/p>\n<h3>Entrep\u00f4t de produits finis et d'exportation<\/h3>\n<p><img decoding=\"async\" src=\"\/wp-content\/uploads\/factory-12.webp\"\/><\/p>\n<p><img decoding=\"async\" src=\"\/wp-content\/uploads\/factory-13.webp\"\/><\/p>\n<p><img decoding=\"async\" src=\"\/wp-content\/uploads\/factory-14.webp\"\/><\/p>\n<h2>FAQ<\/h2>\n<p><b>1) Qu'est-ce qu'un tube d'extrusion en aluminium ? <\/b><\/p>\n<p> Un tube d'extrusion en aluminium est un profil\u00e9 creux en aluminium cr\u00e9\u00e9 en for\u00e7ant l'aluminium \u00e0 travers une fili\u00e8re, offrant des solutions l\u00e9g\u00e8res, solides et r\u00e9sistantes \u00e0 la corrosion pour diverses applications.\n<\/p>\n<p><\/p>\n<p><b>2) Quels sont les principaux avantages des tubes d'extrusion en aluminium ? <\/b><\/p>\n<p> Les tubes d'extrusion en aluminium sont l\u00e9gers, durables, r\u00e9sistants \u00e0 la corrosion et faciles \u00e0 fabriquer, ce qui les rend id\u00e9aux pour l'automobile, la construction et l'industrie.\n<\/p>\n<p><\/p>\n<p><b>3) Pourquoi choisir un tube d'extrusion en aluminium plut\u00f4t qu'un tube en acier ? <\/b><\/p>\n<p> Le tube d'extrusion en aluminium est pr\u00e9f\u00e9r\u00e9 \u00e0 l'acier en raison de son poids inf\u00e9rieur, de sa r\u00e9sistance sup\u00e9rieure \u00e0 la corrosion et de son rapport r\u00e9sistance\/poids \u00e9lev\u00e9.\n<\/p>\n<p><\/p>\n<p><b>4. les tubes d'extrusion en aluminium conviennent-ils pour des applications ext\u00e9rieures ? <\/b><\/p>\n<p> Oui, les tubes extrud\u00e9s en aluminium sont tr\u00e8s r\u00e9sistants aux intemp\u00e9ries et \u00e0 la corrosion, ce qui les rend parfaits pour les structures ext\u00e9rieures et les environnements marins.\n<\/p>\n<p><\/p>\n<p><b>5. Les tubes d'extrusion en aluminium peuvent-ils \u00eatre personnalis\u00e9s en termes de forme et de taille ? <\/b><\/p>\n<p> Absolument, les tubes d'extrusion en aluminium peuvent \u00eatre fabriqu\u00e9s dans une large gamme de formes, de tailles et d'\u00e9paisseurs de paroi personnalis\u00e9es pour r\u00e9pondre \u00e0 des exigences de conception sp\u00e9cifiques.\n<\/p>\n<p><\/p>\n<p><b>6. quelle est la r\u00e9sistance des tubes d'extrusion en aluminium ? <\/b><\/p>\n<p> Les tubes d'extrusion en aluminium offrent une excellente r\u00e9sistance par rapport \u00e0 leur poids, en particulier lorsqu'ils sont fabriqu\u00e9s \u00e0 partir d'alliages d'aluminium \u00e0 haute r\u00e9sistance tels que 6061 ou 6082.\n<\/p>\n<p><\/p>\n<p><b>7. les tubes d'extrusion en aluminium sont-ils respectueux de l'environnement ? <\/b><\/p>\n<p> Oui, le tube d'extrusion en aluminium est 100% recyclable et contribue \u00e0 la fabrication durable en raison de sa faible consommation d'\u00e9nergie et de sa recyclabilit\u00e9.\n<\/p>\n<p><\/p>\n<p><b>8. Quelles sont les finitions disponibles pour les tubes d'extrusion en aluminium ? <\/b><\/p>\n<p> Les tubes d'extrusion en aluminium peuvent \u00eatre anodis\u00e9s, rev\u00eatus par poudre ou peints pour am\u00e9liorer l'aspect, la duret\u00e9 de la surface et la r\u00e9sistance \u00e0 la corrosion.\n<\/p>\n<p><\/p>\n<p><b>9. les tubes d'extrusion en aluminium sont-ils rentables ? <\/b><\/p>\n<p> Les tubes d'extrusion en aluminium offrent une solution rentable gr\u00e2ce \u00e0 leur longue dur\u00e9e de vie, leur faible entretien et leur processus de fabrication efficace.\n<\/p>\n<p><\/p>\n<p><b>10. Quelles sont les industries qui utilisent les tubes d'extrusion en aluminium ? <\/b><\/p>\n<p> Les tubes d'extrusion en aluminium sont largement utilis\u00e9s dans les secteurs de l'automobile, de l'a\u00e9rospatiale, de la construction, de l'\u00e9lectronique et de l'ameublement en raison de leur polyvalence et de leurs performances.\n<\/p>\n<p><\/p>","protected":false},"featured_media":5534,"template":"","categories":[55],"class_list":["post-5536","product","type-product","status-publish","has-post-thumbnail","hentry","category-extruded-aluminum-profiles"],"meta_box":{"hilight_text_group":{"product_hilight_text":"Sinoextrud offers aluminium extrusion tubes in a variety of materials, such as 3003 series, 5052 series, 5083 series, 6005 series,6060 series, 6061 series, 6063 series, 6082 series.","product_chanpin_chanpin":"<li><a href=\"https:\/\/sinoextrud.com\/product\/large-aluminum-extrusion\/\" target=\"_blank\">Large Aluminum Extrusion<\/a><\/li>\r\n<li><a href=\"https:\/\/sinoextrud.com\/product\/large-aluminum-extrud\/\" target=\"_blank\">Large Aluminum Extrud<\/a><\/li>\r\n<li><a href=\"https:\/\/sinoextrud.com\/product\/aluminium-extrusion-6061-6082-7075-aluminum-alloy-profiles\/\" target=\"_blank\">Aluminium Extrusion 6061 6082 7075 Aluminum Alloy Profiles<\/a><\/li>\r\n<li><a href=\"https:\/\/sinoextrud.com\/product\/aluminium-extrud-anodised-aluminium-tube\/\" target=\"_blank\">Aluminium Extrusion Anodised Aluminium Tube<\/a><\/li>\r\n<li><a href=\"https:\/\/sinoextrud.com\/product\/aluminium-extrusion-tube\/\" target=\"_blank\">Aluminium Extrusion Tube<\/a><\/li>\r\n<li><a href=\"https:\/\/sinoextrud.com\/product\/aluminum-extrud-7003-aluminum-pipe\/\" target=\"_blank\">Aluminum Extrusion 7003 Aluminum Pipe<\/a><\/li>\r\n<li><a href=\"https:\/\/sinoextrud.com\/product\/aluminum-extrusion-2024-aluminum-profile\/\" target=\"_blank\">Aluminum Extrusion 2024 Aluminum Profile<\/a><\/li>\r\n<li><a href=\"https:\/\/sinoextrud.com\/product\/linear-sliding-modules-aluminum-profiles\/\" target=\"_blank\">Linear Sliding Modules Aluminum Profiles<\/a><\/li>\r\n<li><a href=\"https:\/\/sinoextrud.com\/product\/aluminum-extrusion-1060-aluminum-profile\/\" target=\"_blank\">Aluminum Extrusion 1060 Aluminum Profile<\/a><\/li>\r\n<li><a href=\"https:\/\/sinoextrud.com\/product\/aluminium-extrud-anodised-aluminium-tube\/\" target=\"_blank\">Aluminium Extrusion Anodised Aluminium Tube<\/a><\/li>\r\n<li><a href=\"https:\/\/sinoextrud.com\/product\/aluminium-railings\/\" target=\"_blank\">Aluminium Railings<\/a><\/li>"},"feature_list":[]},"_links":{"self":[{"href":"https:\/\/sinoextrud.com\/fr\/wp-json\/wp\/v2\/product\/5536","targetHints":{"allow":["GET"]}}],"collection":[{"href":"https:\/\/sinoextrud.com\/fr\/wp-json\/wp\/v2\/product"}],"about":[{"href":"https:\/\/sinoextrud.com\/fr\/wp-json\/wp\/v2\/types\/product"}],"wp:featuredmedia":[{"embeddable":true,"href":"https:\/\/sinoextrud.com\/fr\/wp-json\/wp\/v2\/media\/5534"}],"wp:attachment":[{"href":"https:\/\/sinoextrud.com\/fr\/wp-json\/wp\/v2\/media?parent=5536"}],"wp:term":[{"taxonomy":"category","embeddable":true,"href":"https:\/\/sinoextrud.com\/fr\/wp-json\/wp\/v2\/categories?post=5536"}],"curies":[{"name":"wp","href":"https:\/\/api.w.org\/{rel}","templated":true}]}}