{"id":5529,"date":"2025-05-14T12:46:03","date_gmt":"2025-05-14T12:46:03","guid":{"rendered":"https:\/\/sinoextrud.com\/?post_type=product&#038;p=5529"},"modified":"2025-06-24T03:52:14","modified_gmt":"2025-06-24T03:52:14","slug":"aluminium-extrude-tube-en-aluminium-anodise","status":"publish","type":"product","link":"https:\/\/sinoextrud.com\/fr\/product\/aluminium-extrud-anodised-aluminium-tube\/","title":{"rendered":"Extrusion d'aluminium Tube en aluminium anodis\u00e9"},"content":{"rendered":"<h2>D\u00e9tails des produits<\/h2>\n<table class=\"custom-table\">\n<tr>\n<td class=\"label\">Nom du produit<\/td>\n<td>extrusion d'aluminium tube d'aluminium anodis\u00e9<\/td>\n<\/tr>\n<tr>\n<td class=\"label\">Gamme de produits<\/td>\n<td>Extrusions d'aluminium pour tube carr\u00e9 \/ tube rectangulaire \/ tube rond \/ tube ovale \/ tube triangulaire \/ tube trap\u00e9zo\u00efdal \/ tube semi-circulaire \/ tube sp\u00e9cial sur mesure, etc.<\/td>\n<\/tr>\n<tr>\n<td class=\"label\">Syst\u00e8mes adapt\u00e9s Types<\/td>\n<td>Tubes ronds en aluminium, tubes carr\u00e9s en aluminium, tubes cintr\u00e9s en aluminium, tubes ovales en aluminium, vente en gros de tubes carr\u00e9s polis en aluminium extrud\u00e9, vente en gros de formes de tubes en aluminium extrud\u00e9, etc.<\/td>\n<\/tr>\n<tr>\n<td class=\"label\">Alliage d'aluminium<\/td>\n<td>S\u00e9rie 3003, s\u00e9rie 5052, s\u00e9rie 5083, s\u00e9rie 6005, s\u00e9rie 6060, s\u00e9rie 6061, s\u00e9rie 6063, s\u00e9rie 6082, etc.<\/td>\n<\/tr>\n<tr>\n<td class=\"label\">Temp\u00e9rer<\/td>\n<td>T5-T8<\/td>\n<\/tr>\n<tr>\n<td class=\"label\">Forme<\/td>\n<td>Carr\u00e9, rond, ovale, courb\u00e9, demi-rond, ou personnalisation<\/td>\n<\/tr>\n<tr>\n<td class=\"label\">Couleur<\/td>\n<td>personnalisation<\/td>\n<\/tr>\n<tr>\n<td class=\"label\">Traitement de surface<\/td>\n<td>finition en usine, anodisation, grain de bois, rev\u00eatement en poudre, sablage, \u00e9lectrophor\u00e8se, brossage, polissage, etc.<\/td>\n<\/tr>\n<tr>\n<td class=\"label\">Traitement en profondeur CNC<\/td>\n<td>couper, percer, usiner, poin\u00e7onner, plier, tarauder, etc.<\/td>\n<\/tr>\n<tr>\n<td class=\"label\">Certifications<\/td>\n<td>CE, ISO, SGS, TUV, ROHS<\/td>\n<\/tr>\n<tr>\n<td class=\"label\">\u00c9chantillons<\/td>\n<td>\u00e9chantillon gratuit. Livraison en 1-3 jours.<\/td>\n<\/tr>\n<tr>\n<td class=\"label\">MOQ<\/td>\n<td>200KG pour chaque profil<\/td>\n<\/tr>\n<tr>\n<td class=\"label\">D\u00e9lai de livraison<\/td>\n<td>La mise au point du moule et la confirmation de l'\u00e9chantillon prennent 12 \u00e0 15 jours, puis la production prend 15 \u00e0 25 jours apr\u00e8s r\u00e9ception de l'acompte de l'acheteur.<\/td>\n<\/tr>\n<tr>\n<td class=\"label\">Conditions de paiement<\/td>\n<td>30% d\u00e9p\u00f4t avant la production, et le solde avant l'exp\u00e9dition.<\/td>\n<\/tr>\n<\/table>\n<h2>Notre base de production<\/h2>\n<h3>Panorama de l'usine<\/h3>\n<p><img decoding=\"async\" src=\"\/wp-content\/uploads\/factory-01.webp\"\/><\/p>\n<h3>Atelier de fabrication de barres d'aluminium<\/h3>\n<p><img decoding=\"async\" src=\"\/wp-content\/uploads\/factory-02.webp\"\/><\/p>\n<\/p>\n<p><img decoding=\"async\" src=\"\/wp-content\/uploads\/factory-03.webp\"\/><\/p>\n<h3>Entrep\u00f4t de stockage des moules<\/h3>\n<p><img decoding=\"async\" src=\"\/wp-content\/uploads\/factory-04.webp\"\/><\/p>\n<h3>43 lignes d'extrusion d'aluminium (500 \u00e0 5500 tonnes)<\/h3>\n<p><img decoding=\"async\" src=\"\/wp-content\/uploads\/factory-05.webp\"\/><\/p>\n<p><img decoding=\"async\" src=\"\/wp-content\/uploads\/factory-06.webp\"\/><\/p>\n<p><img decoding=\"async\" src=\"\/wp-content\/uploads\/factory-07.webp\"\/><\/p>\n<h3>Atelier de peinture en poudre<\/h3>\n<p><img decoding=\"async\" src=\"\/wp-content\/uploads\/factory-09.webp\"\/><\/p>\n<h3>Atelier d'anodisation<\/h3>\n<p><img decoding=\"async\" src=\"\/wp-content\/uploads\/factory-10.webp\"\/><\/p>\n<h3>Atelier sur le traitement en profondeur<\/h3>\n<p><img decoding=\"async\" src=\"\/wp-content\/uploads\/factory-11.webp\"\/><\/p>\n<h3>Atelier d'usinage de pr\u00e9cision CNC<\/h3>\n<p><img decoding=\"async\" src=\"\/wp-content\/uploads\/factory-11.5.webp\"\/><\/p>\n<h3>Entrep\u00f4t de produits finis et d'exportation<\/h3>\n<p><img decoding=\"async\" src=\"\/wp-content\/uploads\/factory-12.webp\"\/><\/p>\n<p><img decoding=\"async\" src=\"\/wp-content\/uploads\/factory-13.webp\"\/><\/p>\n<p><img decoding=\"async\" src=\"\/wp-content\/uploads\/factory-14.webp\"\/><\/p>\n<h2>FAQ<\/h2>\n<p><b>1) Qu'est-ce qu'un tube en aluminium extrud\u00e9 et anodis\u00e9 ? <\/b><\/p>\n<p> Un tube en aluminium extrud\u00e9 et anodis\u00e9 est un profil\u00e9 cylindrique creux fabriqu\u00e9 en extrudant de l'aluminium et en le dotant d'une finition anodis\u00e9e pour en am\u00e9liorer la durabilit\u00e9, la r\u00e9sistance \u00e0 la corrosion et l'attrait esth\u00e9tique.\n<\/p>\n<p><\/p>\n<p><b>3. quels sont les avantages de l'anodisation des tubes extrud\u00e9s en aluminium ? <\/b><\/p>\n<p> L'anodisation des tubes extrud\u00e9s en aluminium augmente la r\u00e9sistance \u00e0 la corrosion, am\u00e9liore la duret\u00e9 de la surface, renforce la r\u00e9sistance \u00e0 l'usure et permet d'obtenir une vari\u00e9t\u00e9 de finitions color\u00e9es tout en conservant des propri\u00e9t\u00e9s de l\u00e9g\u00e8ret\u00e9.\n<\/p>\n<p><\/p>\n<p><b>5. le tube en aluminium anodis\u00e9 convient-il \u00e0 une utilisation en ext\u00e9rieur ? <\/b><\/p>\n<p> Oui, les tubes en aluminium anodis\u00e9 sont tr\u00e8s r\u00e9sistants aux intemp\u00e9ries et aux rayons UV, ce qui les rend id\u00e9aux pour les applications ext\u00e9rieures telles que les garde-corps, les cadres et les structures architecturales.\n<\/p>\n<p><\/p>\n<p><b>7. Quelle est la r\u00e9sistance des tubes extrud\u00e9s en aluminium anodis\u00e9 ? <\/b><\/p>\n<p> Les tubes extrud\u00e9s en aluminium anodis\u00e9 offrent un excellent rapport r\u00e9sistance\/poids, assurant l'int\u00e9grit\u00e9 structurelle tout en \u00e9tant l\u00e9gers et faciles \u00e0 manipuler.\n<\/p>\n<p><\/p>\n<p><b>9. les tubes en aluminium anodis\u00e9 peuvent-ils \u00eatre personnalis\u00e9s ? <\/b><\/p>\n<p> Oui, les tubes en aluminium anodis\u00e9 peuvent \u00eatre personnalis\u00e9s en termes de diam\u00e8tre, d'\u00e9paisseur de paroi, de longueur et de couleur d'anodisation pour r\u00e9pondre aux exigences sp\u00e9cifiques d'un projet.\n<\/p>\n<p><\/p>\n<p><b>11. les tubes en aluminium anodis\u00e9 sont-ils respectueux de l'environnement ? <\/b><\/p>\n<p> Oui, l'aluminium est 100% recyclable et le processus d'anodisation est non toxique, ce qui fait des tubes en aluminium anodis\u00e9 un choix de mat\u00e9riau durable.\n<\/p>\n<p><\/p>\n<p><b>13. Quelles sont les industries qui utilisent les tubes anodis\u00e9s par extrusion d'aluminium ? <\/b><\/p>\n<p> Les industries telles que la construction, l'automobile, l'a\u00e9rospatiale, l'ameublement et l'\u00e9lectronique utilisent couramment des tubes extrud\u00e9s en aluminium anodis\u00e9 pour leur solidit\u00e9, leur aspect et leur r\u00e9sistance \u00e0 la corrosion.\n<\/p>\n<p><\/p>\n<p><b>15. pourquoi choisir l'extrusion d'aluminium plut\u00f4t que d'autres m\u00e9taux ? <\/b><\/p>\n<p> L'extrusion d'aluminium est pr\u00e9f\u00e9r\u00e9e pour sa l\u00e9g\u00e8ret\u00e9, sa grande r\u00e9sistance \u00e0 la corrosion, sa facilit\u00e9 d'usinage et sa rentabilit\u00e9 par rapport \u00e0 l'acier ou \u00e0 d'autres m\u00e9taux.\n<\/p>\n<p><\/p>\n<p><b>17. Quelles sont les finitions disponibles pour les tubes en aluminium anodis\u00e9 ? <\/b><\/p>\n<p> Les tubes en aluminium anodis\u00e9 sont disponibles dans une grande vari\u00e9t\u00e9 de finitions : transparent, noir, bronze, or et couleurs personnalis\u00e9es \u00e0 des fins d\u00e9coratives ou fonctionnelles.\n<\/p>\n<p><\/p>\n<p><b>19) Quelle est la dur\u00e9e de vie de l'aluminium anodis\u00e9 ? <\/b><\/p>\n<p> Les tubes en aluminium anodis\u00e9 ont une longue dur\u00e9e de vie, g\u00e9n\u00e9ralement de plusieurs d\u00e9cennies sans d\u00e9gradation significative, en particulier dans les environnements o\u00f9 la r\u00e9sistance \u00e0 la corrosion est essentielle.\n<\/p>\n<p><\/p>","protected":false},"featured_media":5530,"template":"","categories":[55],"class_list":["post-5529","product","type-product","status-publish","has-post-thumbnail","hentry","category-extruded-aluminum-profiles"],"meta_box":{"hilight_text_group":{"product_hilight_text":"Square tube \/ Rectangular tube \/ Round pipe \/ Oval tube \/ Triangle tube \/ Trapezoidal tube \/ Semicircular tube \/ Special custom Tube \/ Aluminium extrusion anodised aluminium tube","product_chanpin_chanpin":"<li><a href=\"https:\/\/sinoextrud.com\/product\/oval-aluminum-extrusion-profile\/\" target=\"_blank\">Oval Aluminum Extrusion Profile<\/a><\/li>\r\n<li><a href=\"https:\/\/sinoextrud.com\/product\/large-aluminum-extrusion\/\" target=\"_blank\">Large Aluminum Extrusion<\/a><\/li>\r\n<li><a href=\"https:\/\/sinoextrud.com\/product\/large-aluminum-extrud\/\" target=\"_blank\">Large Aluminum Extrud<\/a><\/li>\r\n<li><a href=\"https:\/\/sinoextrud.com\/product\/aluminium-extrusion-6061-6082-7075-aluminum-alloy-profiles\/\" target=\"_blank\">Aluminium Extrusion 6061 6082 7075 Aluminum Alloy Profiles<\/a><\/li>\r\n<li><a href=\"https:\/\/sinoextrud.com\/product\/aluminium-extrud-anodised-aluminium-tube\/\" target=\"_blank\">Aluminium Extrusion Anodised Aluminium Tube<\/a><\/li>\r\n<li><a href=\"https:\/\/sinoextrud.com\/product\/aluminium-extrusion-tube\/\" target=\"_blank\">Aluminium Extrusion Tube<\/a><\/li>\r\n<li><a href=\"https:\/\/sinoextrud.com\/product\/aluminum-extrud-7003-aluminum-pipe\/\" target=\"_blank\">Aluminum Extrusion 7003 Aluminum Pipe<\/a><\/li>\r\n<li><a href=\"https:\/\/sinoextrud.com\/product\/aluminum-extrusion-2024-aluminum-profile\/\" target=\"_blank\">Aluminum Extrusion 2024 Aluminum Profile<\/a><\/li>\r\n<li><a href=\"https:\/\/sinoextrud.com\/product\/linear-sliding-modules-aluminum-profiles\/\" target=\"_blank\">Linear Sliding Modules Aluminum Profiles<\/a><\/li>\r\n<li><a href=\"https:\/\/sinoextrud.com\/product\/extruded-aluminum-stock-shapes\/\" target=\"_blank\">Extruded Aluminum Stock Shapes<\/a><\/li>\r\n<li><a href=\"https:\/\/sinoextrud.com\/product\/aluminium-extrusion-anodized-aluminum-profile\/\" target=\"_blank\">Aluminium Extrusion Anodized Aluminum Profile<\/a><\/li>"},"feature_list":[]},"_links":{"self":[{"href":"https:\/\/sinoextrud.com\/fr\/wp-json\/wp\/v2\/product\/5529","targetHints":{"allow":["GET"]}}],"collection":[{"href":"https:\/\/sinoextrud.com\/fr\/wp-json\/wp\/v2\/product"}],"about":[{"href":"https:\/\/sinoextrud.com\/fr\/wp-json\/wp\/v2\/types\/product"}],"wp:featuredmedia":[{"embeddable":true,"href":"https:\/\/sinoextrud.com\/fr\/wp-json\/wp\/v2\/media\/5530"}],"wp:attachment":[{"href":"https:\/\/sinoextrud.com\/fr\/wp-json\/wp\/v2\/media?parent=5529"}],"wp:term":[{"taxonomy":"category","embeddable":true,"href":"https:\/\/sinoextrud.com\/fr\/wp-json\/wp\/v2\/categories?post=5529"}],"curies":[{"name":"wp","href":"https:\/\/api.w.org\/{rel}","templated":true}]}}