{"id":5273,"date":"2025-05-13T02:35:22","date_gmt":"2025-05-13T02:35:22","guid":{"rendered":"https:\/\/sinoextrud.com\/?post_type=product&#038;p=5273"},"modified":"2025-06-24T03:52:11","modified_gmt":"2025-06-24T03:52:11","slug":"extrusion-daluminium-6061-6082-7075-profiles-en-alliage-daluminium","status":"publish","type":"product","link":"https:\/\/sinoextrud.com\/fr\/product\/aluminium-extrusion-6061-6082-7075-aluminum-alloy-profiles\/","title":{"rendered":"Extrusion d'aluminium 6061 6082 7075 Profil\u00e9s en alliage d'aluminium"},"content":{"rendered":"<h2>D\u00e9tails des produits<\/h2>\n<table class=\"custom-table\">\n<tr>\n<td class=\"label\">Nom du produit<\/td>\n<td>Extrusion d'aluminium 6061 6082 7075 Profil\u00e9s en alliage d'aluminium<\/td>\n<\/tr>\n<tr>\n<td class=\"label\">Gamme de produits<\/td>\n<td>extrusions d'aluminium pour l'aluminium 6061, l'aluminium 6082, l'aluminium 7075, etc.<\/td>\n<\/tr>\n<tr>\n<td class=\"label\">Syst\u00e8mes adapt\u00e9s Types<\/td>\n<td>Alliage d'aluminium pour l'a\u00e9rospatiale, bateau en alliage d'aluminium, voiture en alliage d'aluminium, dissipateur thermique en alliage d'aluminium, etc.<\/td>\n<\/tr>\n<tr>\n<td class=\"label\">Alliage d'aluminium<\/td>\n<td>S\u00e9rie 5000, s\u00e9rie 6000, s\u00e9rie 7000<\/td>\n<\/tr>\n<tr>\n<td class=\"label\">Temp\u00e9rer<\/td>\n<td>T5-T8<\/td>\n<\/tr>\n<tr>\n<td class=\"label\">Forme<\/td>\n<td>personnalisation<\/td>\n<\/tr>\n<tr>\n<td class=\"label\">Couleur<\/td>\n<td>personnalisation<\/td>\n<\/tr>\n<tr>\n<td class=\"label\">Traitement de surface<\/td>\n<td>finition en usine, anodisation, grain de bois, rev\u00eatement en poudre, sablage, \u00e9lectrophor\u00e8se, brossage, polissage, etc.<\/td>\n<\/tr>\n<tr>\n<td class=\"label\">Traitement en profondeur CNC<\/td>\n<td>couper, percer, usiner, poin\u00e7onner, plier, tarauder, etc.<\/td>\n<\/tr>\n<tr>\n<td class=\"label\">Certifications<\/td>\n<td>CE, ISO, SGS, TUV, ROHS<\/td>\n<\/tr>\n<tr>\n<td class=\"label\">\u00c9chantillons<\/td>\n<td>\u00e9chantillon gratuit. Livraison en 1-3 jours.<\/td>\n<\/tr>\n<tr>\n<td class=\"label\">MOQ<\/td>\n<td>200KG pour chaque profil<\/td>\n<\/tr>\n<tr>\n<td class=\"label\">D\u00e9lai de livraison<\/td>\n<td>La mise au point du moule et la confirmation de l'\u00e9chantillon prennent 12 \u00e0 15 jours, puis la production prend 15 \u00e0 25 jours apr\u00e8s r\u00e9ception de l'acompte de l'acheteur.<\/td>\n<\/tr>\n<\/table>\n<h2>Notre base de production<\/h2>\n<h3>Panorama de l'usine<\/h3>\n<p><img decoding=\"async\" src=\"\/wp-content\/uploads\/factory-01.webp\"\/><\/p>\n<h3>Atelier de fabrication de barres d'aluminium<\/h3>\n<p><img decoding=\"async\" src=\"\/wp-content\/uploads\/factory-02.webp\"\/><\/p>\n<\/p>\n<p><img decoding=\"async\" src=\"\/wp-content\/uploads\/factory-03.webp\"\/><\/p>\n<h3>Entrep\u00f4t de stockage des moules<\/h3>\n<p><img decoding=\"async\" src=\"\/wp-content\/uploads\/factory-04.webp\"\/><\/p>\n<h3>43 lignes d'extrusion d'aluminium (500-5500 tonnes)<\/h3>\n<p><img decoding=\"async\" src=\"\/wp-content\/uploads\/factory-05.webp\"\/><\/p>\n<p><img decoding=\"async\" src=\"\/wp-content\/uploads\/factory-06.webp\"\/><\/p>\n<p><img decoding=\"async\" src=\"\/wp-content\/uploads\/factory-07.webp\"\/><\/p>\n<h3>Atelier de peinture en poudre<\/h3>\n<p><img decoding=\"async\" src=\"\/wp-content\/uploads\/factory-09.webp\"\/><\/p>\n<h3>Atelier d'anodisation<\/h3>\n<p><img decoding=\"async\" src=\"\/wp-content\/uploads\/factory-10.webp\"\/><\/p>\n<h3>Atelier sur le traitement en profondeur<\/h3>\n<p><img decoding=\"async\" src=\"\/wp-content\/uploads\/factory-11.webp\"\/><\/p>\n<h3>Atelier d'usinage de pr\u00e9cision CNC<\/h3>\n<p><img decoding=\"async\" src=\"\/wp-content\/uploads\/factory-11.5.webp\"\/><\/p>\n<h3>Entrep\u00f4t de produits finis et d'exportation<\/h3>\n<p><img decoding=\"async\" src=\"\/wp-content\/uploads\/factory-12.webp\"\/><\/p>\n<p><img decoding=\"async\" src=\"\/wp-content\/uploads\/factory-13.webp\"\/><\/p>\n<p><img decoding=\"async\" src=\"\/wp-content\/uploads\/factory-14.webp\"\/><\/p>\n<h2>FAQ<\/h2>\n<p><b>1) Quels sont les principaux avantages des profil\u00e9s d'extrusion en aluminium 6061 ?<\/b><\/p>\n<p>Les profil\u00e9s d'extrusion en aluminium 6061 offrent une excellente solidit\u00e9, une r\u00e9sistance \u00e0 la corrosion, une bonne soudabilit\u00e9 et une grande souplesse d'usinage, ce qui les rend id\u00e9aux pour les applications structurelles et a\u00e9rospatiales.\n<\/p>\n<p><\/p>\n<p><b>2) Comment l'alliage d'aluminium 6082 se compare-t-il \u00e0 l'alliage 6061 dans les profils d'extrusion ?<\/b><\/p>\n<p>Les profil\u00e9s d'extrusion en aluminium 6082 offrent une r\u00e9sistance l\u00e9g\u00e8rement sup\u00e9rieure et une meilleure r\u00e9sistance \u00e0 la corrosion que les profil\u00e9s 6061, ce qui les rend appropri\u00e9s pour les composants structurels lourds et les environnements marins.\n<\/p>\n<p><\/p>\n<p><b>3. pourquoi choisir les profil\u00e9s en alliage d'aluminium 7075 pour l'extrusion ?<\/b><\/p>\n<p>Les profil\u00e9s en alliage d'aluminium 7075 sont connus pour leur rapport r\u00e9sistance\/poids exceptionnel, ce qui les rend parfaits pour les applications a\u00e9rospatiales, automobiles et d'ing\u00e9nierie de haute performance.\n<\/p>\n<p><\/p>\n<p><b>4) Quelles sont les industries qui utilisent couramment les extrusions d'aluminium 6061 ?<\/b><\/p>\n<p>Les extrusions d'aluminium 6061 sont largement utilis\u00e9es dans les secteurs de la construction, du transport, de l'\u00e9lectronique et de l'a\u00e9rospatiale en raison de leur durabilit\u00e9 et de leur rentabilit\u00e9.\n<\/p>\n<p><\/p>\n<p><b>5. les profil\u00e9s en aluminium 6082 sont-ils r\u00e9sistants \u00e0 la corrosion ?<\/b><\/p>\n<p>Oui, les profil\u00e9s en alliage d'aluminium 6082 offrent une excellente r\u00e9sistance \u00e0 la corrosion, en particulier dans les environnements ext\u00e9rieurs et marins, ce qui en fait un choix fiable pour les applications structurelles.\n<\/p>\n<p><\/p>\n<p><b>6. l'extrusion d'aluminium 7075 convient-elle au soudage ?<\/b><\/p>\n<p>L'alliage d'aluminium 7075 n'est pas id\u00e9al pour le soudage en raison de sa composition \u00e0 haute r\u00e9sistance, mais il excelle dans les applications o\u00f9 les performances m\u00e9caniques sont critiques.\n<\/p>\n<p><\/p>\n<p><b>7. quelles sont les propri\u00e9t\u00e9s m\u00e9caniques des extrusions d'aluminium 6061 ?<\/b><\/p>\n<p>Les profil\u00e9s en aluminium 6061 pr\u00e9sentent une r\u00e9sistance \u00e0 la traction d'environ 290 MPa et une limite d'\u00e9lasticit\u00e9 de 240 MPa, offrant un \u00e9quilibre entre la r\u00e9sistance et l'ouvrabilit\u00e9.\n<\/p>\n<p><\/p>\n<p><b>8. les profil\u00e9s d'extrusion en aluminium 6082 peuvent-ils \u00eatre anodis\u00e9s ?<\/b><\/p>\n<p>Oui, les profil\u00e9s d'extrusion en aluminium 6082 conviennent parfaitement \u00e0 l'anodisation, qui am\u00e9liore la protection de la surface et l'attrait esth\u00e9tique.\n<\/p>\n<p><\/p>\n<p><b>9) Pourquoi les profil\u00e9s en aluminium 7075 sont-ils id\u00e9aux pour les applications a\u00e9rospatiales ?<\/b><\/p>\n<p>Les profil\u00e9s en alliage d'aluminium 7075 pr\u00e9sentent une solidit\u00e9 et une r\u00e9sistance \u00e0 la fatigue sup\u00e9rieures, essentielles pour les composants a\u00e9rospatiaux o\u00f9 la performance et la s\u00e9curit\u00e9 sont primordiales.\n<\/p>\n<p><\/p>\n<p><b>10. quel est l'alliage d'aluminium le mieux adapt\u00e9 aux extrusions structurelles \u00e0 forte charge ?<\/b><\/p>\n<p>Les alliages d'aluminium 6082 et 7075 sont les meilleurs pour les extrusions structurelles \u00e0 forte charge en raison de leur r\u00e9sistance \u00e9lev\u00e9e et de leur stabilit\u00e9 sous contrainte.\n<\/p>\n<p><\/p>","protected":false},"featured_media":5279,"template":"","categories":[55],"class_list":["post-5273","product","type-product","status-publish","has-post-thumbnail","hentry","category-extruded-aluminum-profiles"],"meta_box":{"hilight_text_group":{"product_hilight_text":"Aluminum alloys are widely used in various industries due to their excellent properties such as high strength, lightweight, corrosion resistance, and easy machinability. Among various aluminum alloys, Aluminum 6061, 6082, and 7075 are the most commonly used alloys for extrusion profiles.","product_chanpin_chanpin":"<li><a href=\"https:\/\/sinoextrud.com\/product\/aluminum-cladding-system\/\" target=\"_blank\">Aluminum Cladding System<\/a><\/li>\r\n<li><a href=\"https:\/\/sinoextrud.com\/product\/oval-aluminum-extrusion-profile\/\" target=\"_blank\">Oval Aluminum Extrusion Profile<\/a><\/li>\r\n<li><a href=\"https:\/\/sinoextrud.com\/product\/large-aluminum-extrusion\/\" target=\"_blank\">Large Aluminum Extrusion<\/a><\/li>\r\n<li><a href=\"https:\/\/sinoextrud.com\/product\/large-aluminum-extrud\/\" target=\"_blank\">Large Aluminum Extrud<\/a><\/li>\r\n<li><a href=\"https:\/\/sinoextrud.com\/product\/aluminium-extrusion-6061-6082-7075-aluminum-alloy-profiles\/\" target=\"_blank\">Aluminium Extrusion 6061 6082 7075 Aluminum Alloy Profiles<\/a><\/li>\r\n<li><a href=\"https:\/\/sinoextrud.com\/product\/aluminium-extrud-anodised-aluminium-tube\/\" target=\"_blank\">Aluminium Extrusion Anodised Aluminium Tube<\/a><\/li>\r\n<li><a href=\"https:\/\/sinoextrud.com\/product\/aluminium-extrusion-tube\/\" target=\"_blank\">Aluminium Extrusion Tube<\/a><\/li>\r\n<li><a href=\"https:\/\/sinoextrud.com\/product\/aluminum-extrud-7003-aluminum-pipe\/\" target=\"_blank\">Aluminum Extrusion 7003 Aluminum Pipe<\/a><\/li>\r\n<li><a href=\"https:\/\/sinoextrud.com\/product\/aluminum-extrusion-2024-aluminum-profile\/\" target=\"_blank\">Aluminum Extrusion 2024 Aluminum Profile<\/a><\/li>\r\n<li><a href=\"https:\/\/sinoextrud.com\/product\/cnc-machining-anodized-item-extruded-aluminum\/\" target=\"_blank\">CNC Machining Anodized Item Extruded Aluminum<\/a><\/li>\r\n<li><a href=\"https:\/\/sinoextrud.com\/product\/aluminium-extrud-6061-6082-7075-aluminum-alloy-profiles\/\" target=\"_blank\">Aluminum Extrusion 2024 7001 7003 Aluminum Profile<\/a><\/li>"},"feature_list":[]},"_links":{"self":[{"href":"https:\/\/sinoextrud.com\/fr\/wp-json\/wp\/v2\/product\/5273","targetHints":{"allow":["GET"]}}],"collection":[{"href":"https:\/\/sinoextrud.com\/fr\/wp-json\/wp\/v2\/product"}],"about":[{"href":"https:\/\/sinoextrud.com\/fr\/wp-json\/wp\/v2\/types\/product"}],"wp:featuredmedia":[{"embeddable":true,"href":"https:\/\/sinoextrud.com\/fr\/wp-json\/wp\/v2\/media\/5279"}],"wp:attachment":[{"href":"https:\/\/sinoextrud.com\/fr\/wp-json\/wp\/v2\/media?parent=5273"}],"wp:term":[{"taxonomy":"category","embeddable":true,"href":"https:\/\/sinoextrud.com\/fr\/wp-json\/wp\/v2\/categories?post=5273"}],"curies":[{"name":"wp","href":"https:\/\/api.w.org\/{rel}","templated":true}]}}