{"id":3777,"date":"2025-04-30T14:53:06","date_gmt":"2025-04-30T14:53:06","guid":{"rendered":"https:\/\/sinoextrud.com\/?post_type=product&#038;p=3777"},"modified":"2025-06-24T03:52:06","modified_gmt":"2025-06-24T03:52:06","slug":"grande-extrusion-daluminium","status":"publish","type":"product","link":"https:\/\/sinoextrud.com\/fr\/product\/large-aluminum-extrusion\/","title":{"rendered":"Grande extrusion d'aluminium"},"content":{"rendered":"<h2>TAILLE STANDARD<\/h2>\n<table class=\"custom-table\">\n<tr>\n<td class=\"label\">Mat\u00e9riau Alliage<\/td>\n<td>6061-T6 \/ 6082-T6 \/ 6063-T5<\/td>\n<\/tr>\n<tr>\n<td class=\"label\">Taille maximale de la section<\/td>\n<td>Jusqu'\u00e0 500 mm de largeur (personnalisable)<\/td>\n<\/tr>\n<tr>\n<td class=\"label\">\u00c9paisseur de la paroi<\/td>\n<td>2mm - 25mm<\/td>\n<\/tr>\n<tr>\n<td class=\"label\">Longueur<\/td>\n<td>Jusqu'\u00e0 12 m\u00e8tres (d\u00e9coupe sur mesure possible)<\/td>\n<\/tr>\n<tr>\n<td class=\"label\">Tol\u00e9rance<\/td>\n<td>\u00b10,1 mm (en fonction de la taille du profil et du dessin)<\/td>\n<\/tr>\n<tr>\n<td class=\"label\">Traitement de surface<\/td>\n<td>Anodisation, rev\u00eatement par poudre, sablage, finition en usine<\/td>\n<\/tr>\n<tr>\n<td class=\"label\">Applications<\/td>\n<td>Cadres industriels, ch\u00e2ssis de transport, bo\u00eetiers d'\u00e9quipement<\/td>\n<\/tr>\n<\/table>\n<h2>Notre base de production<\/h2>\n<h3>Panorama de l'usine<\/h3>\n<p><img decoding=\"async\" src=\"\/wp-content\/uploads\/factory-01.webp\"\/><\/p>\n<h3>Atelier de fabrication de barres d'aluminium<\/h3>\n<p><img decoding=\"async\" src=\"\/wp-content\/uploads\/factory-02.webp\"\/><\/p>\n<\/p>\n<p><img decoding=\"async\" src=\"\/wp-content\/uploads\/factory-03.webp\"\/><\/p>\n<h3>Entrep\u00f4t de stockage des moules<\/h3>\n<p><img decoding=\"async\" src=\"\/wp-content\/uploads\/factory-04.webp\"\/><\/p>\n<h3>43 lignes d'extrusion d'aluminium (500-5500 tonnes)<\/h3>\n<p><img decoding=\"async\" src=\"\/wp-content\/uploads\/factory-05.webp\"\/><\/p>\n<p><img decoding=\"async\" src=\"\/wp-content\/uploads\/factory-06.webp\"\/><\/p>\n<p><img decoding=\"async\" src=\"\/wp-content\/uploads\/factory-07.webp\"\/><\/p>\n<h3>Atelier de peinture en poudre<\/h3>\n<p><img decoding=\"async\" src=\"\/wp-content\/uploads\/factory-09.webp\"\/><\/p>\n<h3>Atelier d'anodisation<\/h3>\n<p><img decoding=\"async\" src=\"\/wp-content\/uploads\/factory-10.webp\"\/><\/p>\n<h3>Atelier sur le traitement en profondeur<\/h3>\n<p><img decoding=\"async\" src=\"\/wp-content\/uploads\/factory-11.webp\"\/><\/p>\n<h3>Atelier d'usinage de pr\u00e9cision CNC<\/h3>\n<p><img decoding=\"async\" src=\"\/wp-content\/uploads\/factory-11.5.webp\"\/><\/p>\n<h3>Entrep\u00f4t de produits finis et d'exportation<\/h3>\n<p><img decoding=\"async\" src=\"\/wp-content\/uploads\/factory-12.webp\"\/><\/p>\n<p><img decoding=\"async\" src=\"\/wp-content\/uploads\/factory-13.webp\"\/><\/p>\n<p><img decoding=\"async\" src=\"\/wp-content\/uploads\/factory-14.webp\"\/><\/p>\n<h2>FAQ<\/h2>\n<p><b>1) Qu'est-ce que l'extrusion d'aluminium de grande taille ?<\/b><\/p>\n<p>L'extrusion d'aluminium de grande taille d\u00e9signe le processus de formation de profil\u00e9s d'aluminium surdimensionn\u00e9s avec des sections transversales complexes, id\u00e9ales pour les applications structurelles et industrielles.\n<\/p>\n<p><\/p>\n<p><b>2) Quels sont les avantages des grandes extrusions d'aluminium ?<\/b><\/p>\n<p>Les grandes extrusions d'aluminium offrent une grande solidit\u00e9, des propri\u00e9t\u00e9s de l\u00e9g\u00e8ret\u00e9, une r\u00e9sistance \u00e0 la corrosion et une polyvalence pour une large gamme d'applications lourdes.\n<\/p>\n<p><\/p>\n<p><b>3. pourquoi choisir l'extrusion d'aluminium de grande taille plut\u00f4t que la fabrication d'acier ?<\/b><\/p>\n<p>Les grandes extrusions d'aluminium sont plus l\u00e9g\u00e8res que l'acier, r\u00e9sistent \u00e0 la corrosion et permettent de r\u00e9aliser des composants sans soudure et de forme personnalis\u00e9e, avec moins de soudures et de joints.\n<\/p>\n<p><\/p>\n<p><b>4. Quelles sont les industries qui utilisent les grandes extrusions d'aluminium ?<\/b><\/p>\n<p>Les industries telles que l'a\u00e9rospatiale, la construction, le transport, les \u00e9nergies renouvelables et la fabrication d'\u00e9quipements lourds utilisent largement des extrusions d'aluminium de grande taille.\n<\/p>\n<p><\/p>\n<p><b>5. les grandes extrusions d'aluminium peuvent-elles \u00eatre utilis\u00e9es \u00e0 l'ext\u00e9rieur ?<\/b><\/p>\n<p>Oui, les grandes extrusions d'aluminium ont une excellente r\u00e9sistance aux intemp\u00e9ries et \u00e0 la corrosion, ce qui les rend id\u00e9ales pour les environnements ext\u00e9rieurs et marins.\n<\/p>\n<p><\/p>\n<p><b>6. les grandes extrusions d'aluminium peuvent-elles \u00eatre personnalis\u00e9es ?<\/b><\/p>\n<p>Oui, les grandes extrusions d'aluminium peuvent \u00eatre personnalis\u00e9es en termes de forme, de taille, d'alliage et de finition de surface pour r\u00e9pondre \u00e0 des exigences structurelles ou esth\u00e9tiques sp\u00e9cifiques.\n<\/p>\n<p><\/p>\n<p><b>7) Quels sont les alliages les plus courants pour l'extrusion d'aluminium de grande taille ?<\/b><\/p>\n<p>Les alliages les plus utilis\u00e9s pour l'extrusion d'aluminium de grande taille sont les alliages 6061, 6082 et 7005, connus pour leur r\u00e9sistance, leur durabilit\u00e9 et leur excellente usinabilit\u00e9.\n<\/p>\n<p><\/p>\n<p><b>8) Comment l'extrusion d'aluminium de grande taille am\u00e9liore-t-elle les performances structurelles ?<\/b><\/p>\n<p>Les grandes extrusions d'aluminium offrent un rapport poids\/r\u00e9sistance sup\u00e9rieur, r\u00e9duisent la complexit\u00e9 de l'assemblage et am\u00e9liorent l'int\u00e9grit\u00e9 structurelle dans les applications exigeantes.\n<\/p>\n<p><\/p>\n<p><b>9. l'extrusion d'aluminium de grande taille est-elle respectueuse de l'environnement ?<\/b><\/p>\n<p>Oui, l'aluminium est 100% recyclable, et les grandes extrusions d'aluminium contribuent \u00e0 des processus de fabrication durables et \u00e0 faible production de d\u00e9chets.\n<\/p>\n<p><\/p>\n<p><b>10. les grandes extrusions d'aluminium peuvent-elles \u00eatre anodis\u00e9es ou peintes ?<\/b><\/p>\n<p>Dans l'absolu, les grandes extrusions d'aluminium peuvent \u00eatre anodis\u00e9es, rev\u00eatues de poudre ou peintes pour am\u00e9liorer la durabilit\u00e9 et l'aspect de la surface.\n<\/p>\n<p><\/p>","protected":false},"featured_media":3778,"template":"","categories":[55],"class_list":["post-3777","product","type-product","status-publish","has-post-thumbnail","hentry","category-extruded-aluminum-profiles"],"meta_box":{"hilight_text_group":{"product_hilight_text":"<li>Designed for heavy-duty structural applications with excellent load-bearing capacity<\/li>\r\r\n<li>Available in large cross-sections to meet industrial-scale project requirements<\/li>\r\r\n<li>Precision extrusion with tight tolerances, ideal for machining and assembly<\/li>\r\r\n<li>Custom lengths, alloys, and surface finishes available for tailored solutions<\/li>\r\r\n<li>Reliable bulk production for construction, transportation, and equipment manufacturing<\/li>","product_chanpin_chanpin":"<li><a href=\"https:\/\/sinoextrud.com\/product\/o-shaped-pipe-baffle-ceiling-system\/\" target=\"_blank\">O-shaped pipe Baffle Ceiling System<\/a><\/li>\r\n<li><a href=\"https:\/\/sinoextrud.com\/product\/custom-made-ceiling-system\/\" target=\"_blank\">Custom-made Ceiling System<\/a><\/li>\r\n<li><a href=\"https:\/\/sinoextrud.com\/product\/aluminum-cladding-system\/\" target=\"_blank\">Aluminum Cladding System<\/a><\/li>\r\n<li><a href=\"https:\/\/sinoextrud.com\/product\/oval-aluminum-extrusion-profile\/\" target=\"_blank\">Oval Aluminum Extrusion Profile<\/a><\/li>\r\n<li><a href=\"https:\/\/sinoextrud.com\/product\/large-aluminum-extrusion\/\" target=\"_blank\">Large Aluminum Extrusion<\/a><\/li>\r\n<li><a href=\"https:\/\/sinoextrud.com\/product\/large-aluminum-extrud\/\" target=\"_blank\">Large Aluminum Extrud<\/a><\/li>\r\n<li><a href=\"https:\/\/sinoextrud.com\/product\/aluminium-extrusion-6061-6082-7075-aluminum-alloy-profiles\/\" target=\"_blank\">Aluminium Extrusion 6061 6082 7075 Aluminum Alloy Profiles<\/a><\/li>\r\n<li><a href=\"https:\/\/sinoextrud.com\/product\/aluminium-extrud-anodised-aluminium-tube\/\" target=\"_blank\">Aluminium Extrusion Anodised Aluminium Tube<\/a><\/li>\r\n<li><a href=\"https:\/\/sinoextrud.com\/product\/aluminium-extrusion-tube\/\" target=\"_blank\">Aluminium Extrusion Tube<\/a><\/li>\r\n<li><a href=\"https:\/\/sinoextrud.com\/product\/custom-aluminum-tongue-and-groove-extrusion\/\" target=\"_blank\">Custom Aluminum Tongue And Groove Extrusion<\/a><\/li>\r\n<li><a href=\"https:\/\/sinoextrud.com\/product\/aluminium-bars\/\" target=\"_blank\">Aluminium Bars<\/a><\/li>"},"feature_list":[]},"_links":{"self":[{"href":"https:\/\/sinoextrud.com\/fr\/wp-json\/wp\/v2\/product\/3777","targetHints":{"allow":["GET"]}}],"collection":[{"href":"https:\/\/sinoextrud.com\/fr\/wp-json\/wp\/v2\/product"}],"about":[{"href":"https:\/\/sinoextrud.com\/fr\/wp-json\/wp\/v2\/types\/product"}],"wp:featuredmedia":[{"embeddable":true,"href":"https:\/\/sinoextrud.com\/fr\/wp-json\/wp\/v2\/media\/3778"}],"wp:attachment":[{"href":"https:\/\/sinoextrud.com\/fr\/wp-json\/wp\/v2\/media?parent=3777"}],"wp:term":[{"taxonomy":"category","embeddable":true,"href":"https:\/\/sinoextrud.com\/fr\/wp-json\/wp\/v2\/categories?post=3777"}],"curies":[{"name":"wp","href":"https:\/\/api.w.org\/{rel}","templated":true}]}}