{"id":3638,"date":"2025-04-27T06:22:34","date_gmt":"2025-04-27T06:22:34","guid":{"rendered":"https:\/\/sinoextrud.com\/?post_type=product&#038;p=3638"},"modified":"2025-06-24T03:52:02","modified_gmt":"2025-06-24T03:52:02","slug":"systeme-de-bardage-en-aluminium","status":"publish","type":"product","link":"https:\/\/sinoextrud.com\/fr\/product\/aluminum-cladding-system\/","title":{"rendered":"Syst\u00e8me de bardage en aluminium"},"content":{"rendered":"<h2>TAILLE STANDARD<\/h2>\n<p><img loading=\"lazy\" decoding=\"async\" src=\"https:\/\/sinoextrud.com\/wp-content\/uploads\/Aluminum-Cladding-System-gg.webp\" alt=\"Syst\u00e8me de bardage en aluminium\" width=\"638\" height=\"778\" class=\"size-full wp-image-3642\" srcset=\"https:\/\/sinoextrud.com\/wp-content\/uploads\/Aluminum-Cladding-System-gg.webp 638w, https:\/\/sinoextrud.com\/wp-content\/uploads\/Aluminum-Cladding-System-gg-10x12.webp 10w, https:\/\/sinoextrud.com\/wp-content\/uploads\/Aluminum-Cladding-System-gg-600x732.webp 600w\" sizes=\"auto, (max-width: 638px) 100vw, 638px\" \/><\/p>\n<h2>Processus de production<\/h2>\n<p><img decoding=\"async\" src=\"\/wp-content\/uploads\/zzlc01.webp\" alt=\"Processus de production\"  \/><br \/>\n<img decoding=\"async\" src=\"\/wp-content\/uploads\/zzlc02.webp\" alt=\"Processus de production\"  \/><br \/>\n<img decoding=\"async\" src=\"\/wp-content\/uploads\/zzlc03.webp\" alt=\"Processus de production\"  \/><br \/>\n<img decoding=\"async\" src=\"\/wp-content\/uploads\/zzlc04.webp\" alt=\"Processus de production\"  \/><\/p>\n<h2>FAQ<\/h2>\n<p><b>1) Qu'est-ce qu'un syst\u00e8me de bardage en aluminium ?<\/b><\/p>\n<p>Un syst\u00e8me de bardage en aluminium est un rev\u00eatement mural ext\u00e9rieur compos\u00e9 de panneaux l\u00e9gers en aluminium con\u00e7us pour prot\u00e9ger les b\u00e2timents et am\u00e9liorer l'esth\u00e9tique.\n<\/p>\n<p><\/p>\n<p><b>2. quels sont les avantages de l'utilisation d'un syst\u00e8me de bardage en aluminium ?<\/b><\/p>\n<p>Les syst\u00e8mes de bardage en aluminium offrent une r\u00e9sistance sup\u00e9rieure aux intemp\u00e9ries, un entretien r\u00e9duit, une r\u00e9sistance au feu et une conception visuelle moderne pour les b\u00e2timents commerciaux et r\u00e9sidentiels.\n<\/p>\n<p><\/p>\n<p><b>3. Le bardage en aluminium est-il adapt\u00e9 aux immeubles de grande hauteur ?<\/b><\/p>\n<p>Oui, les syst\u00e8mes de bardage en aluminium sont id\u00e9aux pour les b\u00e2timents de grande hauteur en raison de leur structure l\u00e9g\u00e8re, de leur durabilit\u00e9 et de leur facilit\u00e9 d'installation.\n<\/p>\n<p><\/p>\n<p><b>4. Comment les rev\u00eatements en aluminium am\u00e9liorent-ils l'efficacit\u00e9 \u00e9nerg\u00e9tique ?<\/b><\/p>\n<p>Les syst\u00e8mes de bardage en aluminium peuvent inclure des couches d'isolation qui am\u00e9liorent les performances thermiques et r\u00e9duisent la consommation d'\u00e9nergie dans les b\u00e2timents.\n<\/p>\n<p><\/p>\n<p><b>5. les syst\u00e8mes de rev\u00eatement en aluminium peuvent-ils \u00eatre personnalis\u00e9s ?<\/b><\/p>\n<p>Oui, les panneaux de rev\u00eatement en aluminium peuvent \u00eatre personnalis\u00e9s en termes de taille, de couleur, de finition et de texture pour r\u00e9pondre aux exigences en mati\u00e8re d'architecture et d'image de marque.\n<\/p>\n<p><\/p>\n<p><b>6. les syst\u00e8mes de bardage en aluminium sont-ils r\u00e9sistants aux intemp\u00e9ries ?<\/b><\/p>\n<p>Dans l'absolu, les syst\u00e8mes de bardage en aluminium offrent une excellente protection contre la pluie, le vent, les rayons UV et les variations de temp\u00e9rature.\n<\/p>\n<p><\/p>\n<p><b>7. Quelles sont les finitions disponibles pour les panneaux de rev\u00eatement en aluminium ?<\/b><\/p>\n<p>Les panneaux de rev\u00eatement en aluminium sont disponibles en finition anodis\u00e9e, thermolaqu\u00e9e, bross\u00e9e et woodgrain pour des applications fonctionnelles et esth\u00e9tiques.\n<\/p>\n<p><\/p>\n<p><b>8. le bardage en aluminium est-il respectueux de l'environnement ?<\/b><\/p>\n<p>Oui, les syst\u00e8mes de bardage en aluminium sont durables, recyclables et contribuent aux certifications de construction \u00e9cologique telles que LEED et BREEAM.\n<\/p>\n<p><\/p>\n<p><b>9) Quelle est la dur\u00e9e de vie d'un rev\u00eatement en aluminium ?<\/b><\/p>\n<p>Les syst\u00e8mes de bardage en aluminium ont une longue dur\u00e9e de vie, g\u00e9n\u00e9ralement plus de 30 ans avec un minimum d'entretien, gr\u00e2ce \u00e0 leurs propri\u00e9t\u00e9s de r\u00e9sistance \u00e0 la corrosion.\n<\/p>\n<p><\/p>\n<p><b>10. quels types de b\u00e2timents peuvent b\u00e9n\u00e9ficier d'un rev\u00eatement en aluminium ?<\/b><\/p>\n<p>Les rev\u00eatements en aluminium sont utilis\u00e9s dans les complexes commerciaux, les a\u00e9roports, les tours r\u00e9sidentielles, les h\u00f4pitaux et les \u00e9tablissements d'enseignement pour un design ext\u00e9rieur moderne et performant.\n<\/p>\n<p><\/p>","protected":false},"featured_media":3641,"template":"","categories":[53],"class_list":["post-3638","product","type-product","status-publish","has-post-thumbnail","hentry","category-aluminum-cladding-system"],"meta_box":{"hilight_text_group":{"product_hilight_text":"<ul>\r\r\n<li>High-strength and lightweight aluminum panels ensure excellent durability and structural performance.<\/li>\r\r\n<li>Outstanding weather resistance, corrosion resistance, and UV protection for long-lasting exterior applications.<\/li>\r\r\n<li>Wide range of surface finishes including powder coating, PVDF coating, and anodizing for premium aesthetics.<\/li>\r\r\n<li>Flexible customization in size, shape, color, and texture to meet diverse architectural design requirements.<\/li>\r\r\n<li>Easy installation with modular systems, reducing on-site construction time and labor costs.<\/li>\r\r\n<li>Supports integrated insulation solutions, enhancing building energy efficiency and thermal performance.<\/li>\r\r\n<li>Low maintenance requirements, offering long-term cost savings for large commercial projects.<\/li>\r\r\n<li>Ideal for curtain walls, facades, canopies, and interior feature walls across commercial, public, and industrial sectors.<\/li>\r\r\n<\/ul>","product_tu_tu":"<img width=\"320\" height=\"210\" src=\"https:\/\/sinoextrud.com\/wp-content\/uploads\/Aluminum-Cladding-System-xg.webp\" alt=\"Aluminum Cladding System\" title=\"Aluminum Cladding System\">","product_chanpin_chanpin":"<li><a href=\"https:\/\/sinoextrud.com\/product\/dripping-screen-ceiling-system\/\" target=\"_blank\">Dripping Screen Ceiling System<\/a><\/li>\r\n<li><a href=\"https:\/\/sinoextrud.com\/product\/quadrate-pipe-baffle-ceiling-system\/\" target=\"_blank\">Quadrate-pipe Baffle Ceiling System<\/a><\/li>\r\n<li><a href=\"https:\/\/sinoextrud.com\/product\/o-shaped-pipe-baffle-ceiling-system\/\" target=\"_blank\">O-shaped pipe Baffle Ceiling System<\/a><\/li>\r\n<li><a href=\"https:\/\/sinoextrud.com\/product\/custom-made-ceiling-system\/\" target=\"_blank\">Custom-made Ceiling System<\/a><\/li>\r\n<li><a href=\"https:\/\/sinoextrud.com\/product\/aluminum-cladding-system\/\" target=\"_blank\">Aluminum Cladding System<\/a><\/li>\r\n<li><a href=\"https:\/\/sinoextrud.com\/product\/oval-aluminum-extrusion-profile\/\" target=\"_blank\">Oval Aluminum Extrusion Profile<\/a><\/li>\r\n<li><a href=\"https:\/\/sinoextrud.com\/product\/large-aluminum-extrusion\/\" target=\"_blank\">Large Aluminum Extrusion<\/a><\/li>\r\n<li><a href=\"https:\/\/sinoextrud.com\/product\/large-aluminum-extrud\/\" target=\"_blank\">Large Aluminum Extrud<\/a><\/li>\r\n<li><a href=\"https:\/\/sinoextrud.com\/product\/aluminium-extrusion-6061-6082-7075-aluminum-alloy-profiles\/\" target=\"_blank\">Aluminium Extrusion 6061 6082 7075 Aluminum Alloy Profiles<\/a><\/li>\r\n<li><a href=\"https:\/\/sinoextrud.com\/product\/aluminum-extruded-profile-for-5g-communication-instrument\/\" target=\"_blank\">Aluminum Extruded Profile For 5G Communication Instrument<\/a><\/li>\r\n<li><a href=\"https:\/\/sinoextrud.com\/product\/extruded-aluminum-profiles\/\" target=\"_blank\">Extruded Aluminum Profiles<\/a><\/li>"},"feature_list":[]},"_links":{"self":[{"href":"https:\/\/sinoextrud.com\/fr\/wp-json\/wp\/v2\/product\/3638","targetHints":{"allow":["GET"]}}],"collection":[{"href":"https:\/\/sinoextrud.com\/fr\/wp-json\/wp\/v2\/product"}],"about":[{"href":"https:\/\/sinoextrud.com\/fr\/wp-json\/wp\/v2\/types\/product"}],"wp:featuredmedia":[{"embeddable":true,"href":"https:\/\/sinoextrud.com\/fr\/wp-json\/wp\/v2\/media\/3641"}],"wp:attachment":[{"href":"https:\/\/sinoextrud.com\/fr\/wp-json\/wp\/v2\/media?parent=3638"}],"wp:term":[{"taxonomy":"category","embeddable":true,"href":"https:\/\/sinoextrud.com\/fr\/wp-json\/wp\/v2\/categories?post=3638"}],"curies":[{"name":"wp","href":"https:\/\/api.w.org\/{rel}","templated":true}]}}