{"id":3609,"date":"2025-04-27T03:24:31","date_gmt":"2025-04-27T03:24:31","guid":{"rendered":"https:\/\/sinoextrud.com\/?post_type=product&#038;p=3609"},"modified":"2025-06-24T03:51:52","modified_gmt":"2025-06-24T03:51:52","slug":"systeme-de-plafond-a-baffles-en-forme-de-v","status":"publish","type":"product","link":"https:\/\/sinoextrud.com\/fr\/product\/v-shape-baffle-ceiling-system\/","title":{"rendered":"Syst\u00e8me de plafond \u00e0 baffles en forme de V"},"content":{"rendered":"<h2>TAILLE STANDARD<\/h2>\n<p>1 : Les tailles non standard peuvent \u00eatre personnalis\u00e9es ;<\/p>\n<h2>Sch\u00e9ma d'installation<\/h2>\n<p><img decoding=\"async\" src=\"https:\/\/sinoextrud.com\/wp-content\/uploads\/V-shape-Baffle-Ceiling-System-anzhuang.webp\" alt=\"Syst\u00e8me de plafond \u00e0 baffles en forme de V\"  \/><\/p>\n<h2>Processus de production<\/h2>\n<p><img decoding=\"async\" src=\"\/wp-content\/uploads\/zzlc01.webp\" alt=\"Processus de production\"  \/><br \/>\n<img decoding=\"async\" src=\"\/wp-content\/uploads\/zzlc02.webp\" alt=\"Processus de production\"  \/><br \/>\n<img decoding=\"async\" src=\"\/wp-content\/uploads\/zzlc03.webp\" alt=\"Processus de production\"  \/><br \/>\n<img decoding=\"async\" src=\"\/wp-content\/uploads\/zzlc04.webp\" alt=\"Processus de production\"  \/><\/p>\n<h2>FAQ<\/h2>\n<p><b>1) Qu'est-ce qu'un syst\u00e8me de plafond \u00e0 baffles en V ?<\/b><\/p>\n<p>Un syst\u00e8me de plafond \u00e0 chicanes en V est un plafond suspendu d\u00e9coratif compos\u00e9 de panneaux d'aluminium en forme de V dispos\u00e9s de fa\u00e7on lin\u00e9aire ou angulaire pour cr\u00e9er des effets visuels dynamiques.\n<\/p>\n<p><\/p>\n<p><b>2. Quels sont les avantages d'un syst\u00e8me de plafond \u00e0 baffles en forme de V ?<\/b><\/p>\n<p>Les syst\u00e8mes de plafonds \u00e0 baffles en forme de V offrent une esth\u00e9tique moderne, d'excellentes performances acoustiques, une compatibilit\u00e9 avec les flux d'air et une personnalisation flexible pour les int\u00e9rieurs commerciaux.\n<\/p>\n<p><\/p>\n<p><b>3. O\u00f9 le syst\u00e8me de plafond \u00e0 baffles en forme de V est-il couramment utilis\u00e9 ?<\/b><\/p>\n<p>Les plafonds \u00e0 chicanes en forme de V sont couramment utilis\u00e9s dans les bureaux, les a\u00e9roports, les stations de m\u00e9tro, les espaces commerciaux et les b\u00e2timents publics pour am\u00e9liorer l'identit\u00e9 visuelle et le confort acoustique.\n<\/p>\n<p><\/p>\n<p><b>4. Comment la forme en V am\u00e9liore-t-elle l'esth\u00e9tique du plafond ?<\/b><\/p>\n<p>La forme en V cr\u00e9e de la profondeur, des jeux de lumi\u00e8re et des motifs g\u00e9om\u00e9triques, ajoutant un int\u00e9r\u00eat architectural et un style moderne audacieux aux plafonds int\u00e9rieurs.\n<\/p>\n<p><\/p>\n<p><b>5. quels sont les mat\u00e9riaux utilis\u00e9s dans les syst\u00e8mes de plafonds \u00e0 baffles en V ?<\/b><\/p>\n<p>Ces syst\u00e8mes de plafonds sont g\u00e9n\u00e9ralement fabriqu\u00e9s en aluminium ou en acier galvanis\u00e9 de haute qualit\u00e9 pour leur l\u00e9g\u00e8ret\u00e9, leur durabilit\u00e9 et leur r\u00e9sistance \u00e0 la corrosion.\n<\/p>\n<p><\/p>\n<p><b>6. les syst\u00e8mes de plafonds \u00e0 chicanes en forme de V peuvent-ils \u00eatre personnalis\u00e9s ?<\/b><\/p>\n<p>Oui, les d\u00e9flecteurs en forme de V peuvent \u00eatre personnalis\u00e9s en termes de hauteur, de largeur, d'\u00e9paisseur, d'espacement, de couleur et de finition pour r\u00e9pondre \u00e0 des exigences architecturales sp\u00e9cifiques.\n<\/p>\n<p><\/p>\n<p><b>7. l'int\u00e9gration de l'\u00e9clairage est-elle possible avec les plafonds \u00e0 baffles en forme de V ?<\/b><\/p>\n<p>Dans l'absolu, l'\u00e9clairage peut \u00eatre int\u00e9gr\u00e9 entre ou \u00e0 c\u00f4t\u00e9 des d\u00e9flecteurs en forme de V pour r\u00e9aliser des \u00e9clairages cr\u00e9atifs et des conceptions d'\u00e9clairage \u00e0 faible consommation d'\u00e9nergie.\n<\/p>\n<p><\/p>\n<p><b>8. les syst\u00e8mes de plafonds \u00e0 baffles en V sont-ils faciles \u00e0 installer et \u00e0 entretenir ?<\/b><\/p>\n<p>Oui, la conception modulaire des plafonds \u00e0 baffles en forme de V permet une installation facile, un acc\u00e8s au syst\u00e8me et des performances n\u00e9cessitant peu d'entretien.\n<\/p>\n<p><\/p>\n<p><b>9. quelles sont les finitions de surface disponibles pour les plafonds \u00e0 baffles en forme de V ?<\/b><\/p>\n<p>Les finitions comprennent le rev\u00eatement par poudre, le grain de bois, l'anodisation m\u00e9tallis\u00e9e, le mat et les couleurs personnalis\u00e9es pour une meilleure coordination du design.\n<\/p>\n<p><\/p>\n<p><b>10. le syst\u00e8me de plafond \u00e0 baffles en V est-il respectueux de l'environnement ?<\/b><\/p>\n<p>Oui, les syst\u00e8mes de plafonds \u00e0 chicanes en forme de V sont fabriqu\u00e9s \u00e0 partir de mat\u00e9riaux recyclables comme l'aluminium et soutiennent les pratiques de construction durables et \u00e9conomes en \u00e9nergie.\n<\/p>\n<p><\/p>","protected":false},"featured_media":3611,"template":"","categories":[51],"class_list":["post-3609","product","type-product","status-publish","has-post-thumbnail","hentry","category-baffle-ceiling-systems"],"meta_box":{"hilight_text_group":{"product_hilight_text":"V-shape baffle ceiling takes full consideration of various decorativefactors in the public places, considering the practical needs and visualneeds, the product is easy to be installed, the material is strong inexpansion performance, forming unique styles with the cross effectof all kinds of lamps and fire-extinguishing equipment, revealed aluxury and simple style with a generous sense, therefore able to bewidely used.","product_tu_tu":"<img width=\"320\" height=\"210\" src=\"https:\/\/sinoextrud.com\/wp-content\/uploads\/V-shape-Baffle-Ceiling-System-xg.webp\" alt=\"V-shape Baffle Ceiling System\" title=\"V-shape Baffle Ceiling System\">","product_chanpin_chanpin":"<li><a href=\"https:\/\/sinoextrud.com\/product\/u-shaped-baffle-ceiling-system\/\" target=\"_blank\">U-Shaped Baffle Ceiling System<\/a><\/li>\r\n<li><a href=\"https:\/\/sinoextrud.com\/product\/special-shaped-baffle-ceiling-system\/\" target=\"_blank\">Special Shaped Baffle Ceiling System<\/a><\/li>\r\n<li><a href=\"https:\/\/sinoextrud.com\/product\/o-shape-baffle-ceiling-system\/\" target=\"_blank\">O-shape Baffle Ceiling System<\/a><\/li>\r\n<li><a href=\"https:\/\/sinoextrud.com\/product\/bullet-shaped-baffle-ceiling-system\/\" target=\"_blank\">Bullet-shaped Baffle Ceiling System<\/a><\/li>\r\n<li><a href=\"https:\/\/sinoextrud.com\/product\/v-shape-baffle-ceiling-system\/\" target=\"_blank\">V-shape Baffle Ceiling System<\/a><\/li>\r\n<li><a href=\"https:\/\/sinoextrud.com\/product\/dripping-screen-ceiling-system\/\" target=\"_blank\">Dripping Screen Ceiling System<\/a><\/li>\r\n<li><a href=\"https:\/\/sinoextrud.com\/product\/quadrate-pipe-baffle-ceiling-system\/\" target=\"_blank\">Quadrate-pipe Baffle Ceiling System<\/a><\/li>\r\n<li><a href=\"https:\/\/sinoextrud.com\/product\/o-shaped-pipe-baffle-ceiling-system\/\" target=\"_blank\">O-shaped pipe Baffle Ceiling System<\/a><\/li>\r\n<li><a href=\"https:\/\/sinoextrud.com\/product\/custom-made-ceiling-system\/\" target=\"_blank\">Custom-made Ceiling System<\/a><\/li>\r\n<li><a href=\"https:\/\/sinoextrud.com\/product\/aluminum-profile-for-windows-and-door-aluminum-curtain-wall-profile-extrusion\/\" target=\"_blank\">Aluminum Profile for Windows and Door Aluminum Curtain Wall Profile Extrusion<\/a><\/li>\r\n<li><a href=\"https:\/\/sinoextrud.com\/product\/aluminium-profiles-for-bedroom-doors\/\" target=\"_blank\">Aluminium Profiles For Bedroom Doors<\/a><\/li>"},"feature_list":[]},"_links":{"self":[{"href":"https:\/\/sinoextrud.com\/fr\/wp-json\/wp\/v2\/product\/3609","targetHints":{"allow":["GET"]}}],"collection":[{"href":"https:\/\/sinoextrud.com\/fr\/wp-json\/wp\/v2\/product"}],"about":[{"href":"https:\/\/sinoextrud.com\/fr\/wp-json\/wp\/v2\/types\/product"}],"wp:featuredmedia":[{"embeddable":true,"href":"https:\/\/sinoextrud.com\/fr\/wp-json\/wp\/v2\/media\/3611"}],"wp:attachment":[{"href":"https:\/\/sinoextrud.com\/fr\/wp-json\/wp\/v2\/media?parent=3609"}],"wp:term":[{"taxonomy":"category","embeddable":true,"href":"https:\/\/sinoextrud.com\/fr\/wp-json\/wp\/v2\/categories?post=3609"}],"curies":[{"name":"wp","href":"https:\/\/api.w.org\/{rel}","templated":true}]}}