{"id":3584,"date":"2025-04-27T02:27:00","date_gmt":"2025-04-27T02:27:00","guid":{"rendered":"https:\/\/sinoextrud.com\/?post_type=product&#038;p=3584"},"modified":"2025-06-24T03:51:43","modified_gmt":"2025-06-24T03:51:43","slug":"systeme-de-plafond-a-baffles-en-forme-de-u","status":"publish","type":"product","link":"https:\/\/sinoextrud.com\/fr\/product\/u-shaped-baffle-ceiling-system\/","title":{"rendered":"Syst\u00e8me de plafond \u00e0 baffles en forme de U"},"content":{"rendered":"<h2>TAILLE STANDARD<\/h2>\n<p>1 : Les tailles non standard peuvent \u00eatre personnalis\u00e9es ;<\/p>\n<p>2 : Les tuiles \u00e0 poser en fer galvanis\u00e9 peuvent \u00eatre personnalis\u00e9es.<\/p>\n<table class=\"custom-table\">\n<tr>\n<td class=\"label\">Nom du produit<\/td>\n<td>Largeur<\/td>\n<td>Hauteur<\/td>\n<\/tr>\n<tr>\n<td class=\"label\">Combinaison 1<\/td>\n<td>20\u300125\u300140\u300150\u300160\u300170\u300180mm<\/td>\n<td>30\u300140\u300150\u300160\u300170\u300180\u300190\u3001100\u3001110\u3001120.130\u3001140\u3001150\u3001160\u3001170\u3001180\u3001190\u3001200mm<\/td>\n<\/tr>\n<tr>\n<td class=\"label\">Combinaison 2<\/td>\n<td>30 mm<\/td>\n<td>25\u300130\u300140\u300150\u300160\u300170\u300180\u300190\u3001100\u3001110\u3001120\u3001130\u3001140\u3001150\u3001160\u3001170\u3001180\u3001190.200mim<\/td>\n<\/tr>\n<tr>\n<td class=\"label\">Combinaison 3<\/td>\n<td>100\u3001110\u3001120\u3001130\u3001140\u3001150\u3001160\u3001170\u3001180\u3001190\u3001200mm<\/td>\n<td>20\u300130\u300140\u300150mm<\/td>\n<\/tr>\n<\/table>\n<h2>Sch\u00e9ma d'installation<\/h2>\n<p><img decoding=\"async\" src=\"https:\/\/sinoextrud.com\/wp-content\/uploads\/U-Shaped-Baffle-Ceiling-System-anzhuang.webp\" alt=\"Syst\u00e8me de plafond \u00e0 baffles en forme de U\"  \/><\/p>\n<h2>Processus de production<\/h2>\n<p><img decoding=\"async\" src=\"\/wp-content\/uploads\/zzlc01.webp\" alt=\"Processus de production\"  \/><br \/>\n<img decoding=\"async\" src=\"\/wp-content\/uploads\/zzlc02.webp\" alt=\"Processus de production\"  \/><br \/>\n<img decoding=\"async\" src=\"\/wp-content\/uploads\/zzlc03.webp\" alt=\"Processus de production\"  \/><br \/>\n<img decoding=\"async\" src=\"\/wp-content\/uploads\/zzlc04.webp\" alt=\"Processus de production\"  \/><\/p>\n<h2>FAQ<\/h2>\n<p><b>1) Qu'est-ce qu'un syst\u00e8me de plafond \u00e0 baffles en U ?<\/b><\/p>\n<p>Un syst\u00e8me de plafond \u00e0 chicanes en U est une solution de plafond suspendu comprenant des panneaux verticaux en aluminium en forme de U dispos\u00e9s en rang\u00e9es lin\u00e9aires pour cr\u00e9er une conception architecturale propre et moderne.\n<\/p>\n<p><\/p>\n<p><b>2. quels sont les avantages d'un syst\u00e8me de plafond \u00e0 baffles en U ?<\/b><\/p>\n<p>Les syst\u00e8mes de plafonds \u00e0 baffles en forme de U offrent un fort effet visuel lin\u00e9aire, une meilleure acoustique, une excellente compatibilit\u00e9 avec la ventilation et des configurations personnalisables.\n<\/p>\n<p><\/p>\n<p><b>3. O\u00f9 le syst\u00e8me de plafond \u00e0 baffles en U est-il couramment utilis\u00e9 ?<\/b><\/p>\n<p>Ces syst\u00e8mes sont largement utilis\u00e9s dans les bureaux, les a\u00e9roports, les centres commerciaux, les \u00e9tablissements d'enseignement et les b\u00e2timents publics pour leurs avantages esth\u00e9tiques et fonctionnels.\n<\/p>\n<p><\/p>\n<p><b>4. Comment la forme en U met-elle en valeur les espaces int\u00e9rieurs ?<\/b><\/p>\n<p>Les baffles en forme de U cr\u00e9ent de la profondeur, du rythme et de la texture dans les conceptions de plafond, aidant \u00e0 d\u00e9finir l'espace tout en maintenant un environnement ouvert et a\u00e9r\u00e9.\n<\/p>\n<p><\/p>\n<p><b>5. quels sont les mat\u00e9riaux utilis\u00e9s dans les syst\u00e8mes de plafonds \u00e0 baffles en U ?<\/b><\/p>\n<p>Les plafonds \u00e0 chicanes en forme de U sont g\u00e9n\u00e9ralement fabriqu\u00e9s en aluminium l\u00e9ger et r\u00e9sistant \u00e0 la corrosion ou en acier galvanis\u00e9 pour une durabilit\u00e9 \u00e0 long terme et une installation facile.\n<\/p>\n<p><\/p>\n<p><b>6. les syst\u00e8mes de plafonds \u00e0 chicanes en U peuvent-ils \u00eatre personnalis\u00e9s ?<\/b><\/p>\n<p>Oui, les d\u00e9flecteurs en U peuvent \u00eatre personnalis\u00e9s en termes de hauteur, de largeur, d'espacement, de couleur et de finition pour r\u00e9pondre \u00e0 des exigences architecturales et de conception sp\u00e9cifiques.\n<\/p>\n<p><\/p>\n<p><b>7. l'int\u00e9gration de l'\u00e9clairage est-elle possible avec les plafonds \u00e0 baffles en U ?<\/b><\/p>\n<p>Absolument, les syst\u00e8mes de plafonds \u00e0 baffles en forme de U peuvent incorporer de mani\u00e8re transparente des lumi\u00e8res lin\u00e9aires, des spots ou des bandes de LED entre les baffles pour un meilleur effet visuel.\n<\/p>\n<p><\/p>\n<p><b>8. les syst\u00e8mes de plafonds \u00e0 baffles en U sont-ils faciles \u00e0 installer et \u00e0 entretenir ?<\/b><\/p>\n<p>Oui, la structure modulaire permet une installation rapide et un acc\u00e8s ais\u00e9 aux syst\u00e8mes m\u00e9caniques et \u00e9lectriques pour la maintenance.\n<\/p>\n<p><\/p>\n<p><b>9. quelles sont les finitions disponibles pour les plafonds \u00e0 baffles en U ?<\/b><\/p>\n<p>Les finitions comprennent le rev\u00eatement par poudre, l'anodisation, le grain de bois, les textures mates et les couleurs RAL personnalis\u00e9es pour s'adapter \u00e0 diff\u00e9rents styles de conception.\n<\/p>\n<p><\/p>\n<p><b>10. le syst\u00e8me de plafond \u00e0 baffles en U est-il respectueux de l'environnement ?<\/b><\/p>\n<p>Oui, les plafonds \u00e0 baffles en U sont fabriqu\u00e9s \u00e0 partir de mat\u00e9riaux en aluminium recyclables et contribuent \u00e0 des pratiques de construction durables et respectueuses de l'environnement.\n<\/p>\n<p><\/p>","protected":false},"featured_media":3587,"template":"","categories":[51],"class_list":["post-3584","product","type-product","status-publish","has-post-thumbnail","hentry","category-baffle-ceiling-systems"],"meta_box":{"hilight_text_group":{"product_hilight_text":"A decorative curtain type ceiing, able to adjust the visual heightof a house, and can hide all the pipelines and other facilities inthe bottor of the building, and can also lead sunlight or lamplightIt enables an open field of vision, good ventilation and air flow,the connection lines are bright and neat, with clear levels,reflecting the concise modern style, simple and convenient ininstallation assembly and dis-assembly, has become the mainpopular product on decoration market .","product_tu_tu":"<img width=\"320\" height=\"210\" src=\"https:\/\/sinoextrud.com\/wp-content\/uploads\/U-Shaped-Baffle-Ceiling-System-xg.webp\" alt=\"U-Shaped Baffle Ceiling System\" title=\"U-Shaped Baffle Ceiling System\">","product_chanpin_chanpin":"<li><a href=\"https:\/\/sinoextrud.com\/product\/pyramid-open-cell-ceiling-system\/\" target=\"_blank\">Pyramid Open Cell Ceiling System<\/a><\/li>\r\n<li><a href=\"https:\/\/sinoextrud.com\/product\/clip-type-screen-ceiling-system\/\" target=\"_blank\">Clip Type Screen Ceiling System<\/a><\/li>\r\n<li><a href=\"https:\/\/sinoextrud.com\/product\/hook-type-sereen-ceiling-system\/\" target=\"_blank\">Hook Type Sereen Ceiling System<\/a><\/li>\r\n<li><a href=\"https:\/\/sinoextrud.com\/product\/vertical-type-screen-ceiling-system\/\" target=\"_blank\">Vertical Type Screen Ceiling System<\/a><\/li>\r\n<li><a href=\"https:\/\/sinoextrud.com\/product\/u-shaped-baffle-ceiling-system\/\" target=\"_blank\">U-Shaped Baffle Ceiling System<\/a><\/li>\r\n<li><a href=\"https:\/\/sinoextrud.com\/product\/special-shaped-baffle-ceiling-system\/\" target=\"_blank\">Special Shaped Baffle Ceiling System<\/a><\/li>\r\n<li><a href=\"https:\/\/sinoextrud.com\/product\/o-shape-baffle-ceiling-system\/\" target=\"_blank\">O-shape Baffle Ceiling System<\/a><\/li>\r\n<li><a href=\"https:\/\/sinoextrud.com\/product\/bullet-shaped-baffle-ceiling-system\/\" target=\"_blank\">Bullet-shaped Baffle Ceiling System<\/a><\/li>\r\n<li><a href=\"https:\/\/sinoextrud.com\/product\/v-shape-baffle-ceiling-system\/\" target=\"_blank\">V-shape Baffle Ceiling System<\/a><\/li>\r\n<li><a href=\"https:\/\/sinoextrud.com\/product\/aluminium-shop-front-extrusions\/\" target=\"_blank\">Aluminium Shop Front Extrusions<\/a><\/li>\r\n<li><a href=\"https:\/\/sinoextrud.com\/product\/wide-aluminum-extrusions\/\" target=\"_blank\">Wide Aluminum Extrusions<\/a><\/li>"},"feature_list":[]},"_links":{"self":[{"href":"https:\/\/sinoextrud.com\/fr\/wp-json\/wp\/v2\/product\/3584","targetHints":{"allow":["GET"]}}],"collection":[{"href":"https:\/\/sinoextrud.com\/fr\/wp-json\/wp\/v2\/product"}],"about":[{"href":"https:\/\/sinoextrud.com\/fr\/wp-json\/wp\/v2\/types\/product"}],"wp:featuredmedia":[{"embeddable":true,"href":"https:\/\/sinoextrud.com\/fr\/wp-json\/wp\/v2\/media\/3587"}],"wp:attachment":[{"href":"https:\/\/sinoextrud.com\/fr\/wp-json\/wp\/v2\/media?parent=3584"}],"wp:term":[{"taxonomy":"category","embeddable":true,"href":"https:\/\/sinoextrud.com\/fr\/wp-json\/wp\/v2\/categories?post=3584"}],"curies":[{"name":"wp","href":"https:\/\/api.w.org\/{rel}","templated":true}]}}