{"id":3578,"date":"2025-04-27T02:03:52","date_gmt":"2025-04-27T02:03:52","guid":{"rendered":"https:\/\/sinoextrud.com\/?post_type=product&#038;p=3578"},"modified":"2025-06-24T03:51:42","modified_gmt":"2025-06-24T03:51:42","slug":"systeme-de-plafond-a-ecran-de-type-vertical","status":"publish","type":"product","link":"https:\/\/sinoextrud.com\/fr\/product\/vertical-type-screen-ceiling-system\/","title":{"rendered":"Syst\u00e8me de plafond \u00e0 \u00e9cran de type vertical"},"content":{"rendered":"<h2>TAILLE STANDARD<\/h2>\n<p>Hauteur : 100 mm<br \/>\nLes tailles non standard peuvent \u00eatre personnalis\u00e9es ;<\/p>\n<p><img loading=\"lazy\" decoding=\"async\" src=\"https:\/\/sinoextrud.com\/wp-content\/uploads\/Vertical-Type-Screen-Ceiling-System-gg.webp\" alt=\"Syst\u00e8me de plafond \u00e0 \u00e9cran de type vertical\" width=\"226\" height=\"116\" class=\"size-full wp-image-3582\" srcset=\"https:\/\/sinoextrud.com\/wp-content\/uploads\/Vertical-Type-Screen-Ceiling-System-gg.webp 226w, https:\/\/sinoextrud.com\/wp-content\/uploads\/Vertical-Type-Screen-Ceiling-System-gg-18x9.webp 18w\" sizes=\"auto, (max-width: 226px) 100vw, 226px\" \/><\/p>\n<h2>Sch\u00e9ma d'installation<\/h2>\n<p><img decoding=\"async\" src=\"https:\/\/sinoextrud.com\/wp-content\/uploads\/Vertical-Type-Screen-Ceiling-System-anzhuang.webp\" alt=\"Syst\u00e8me de plafond \u00e0 \u00e9cran de type vertical\"  \/><\/p>\n<h2>Processus de production<\/h2>\n<p><img decoding=\"async\" src=\"\/wp-content\/uploads\/zzlc01.webp\" alt=\"Processus de production\"  \/><br \/>\n<img decoding=\"async\" src=\"\/wp-content\/uploads\/zzlc02.webp\" alt=\"Processus de production\"  \/><br \/>\n<img decoding=\"async\" src=\"\/wp-content\/uploads\/zzlc03.webp\" alt=\"Processus de production\"  \/><br \/>\n<img decoding=\"async\" src=\"\/wp-content\/uploads\/zzlc04.webp\" alt=\"Processus de production\"  \/><\/p>\n<h2>FAQ<\/h2>\n<p><b>1) Qu'est-ce qu'un syst\u00e8me de plafond \u00e0 \u00e9cran de type vertical ?<\/b><\/p>\n<p>Un syst\u00e8me de plafond-\u00e9cran de type vertical est un plafond suspendu compos\u00e9 de panneaux ou de lames d'aluminium install\u00e9s verticalement qui cr\u00e9ent une structure lin\u00e9aire et ouverte ayant un fort impact visuel.\n<\/p>\n<p><\/p>\n<p><b>2. quels sont les avantages d'un syst\u00e8me de plafond \u00e0 \u00e9cran de type vertical ?<\/b><\/p>\n<p>Les syst\u00e8mes de plafonds-\u00e9crans de type vertical offrent une esth\u00e9tique moderne, une s\u00e9paration spatiale efficace, une meilleure ventilation et une int\u00e9gration facile avec les syst\u00e8mes d'\u00e9clairage et de chauffage, de ventilation et de climatisation.\n<\/p>\n<p><\/p>\n<p><b>3. O\u00f9 le syst\u00e8me de plafond \u00e0 \u00e9cran de type vertical est-il couramment utilis\u00e9 ?<\/b><\/p>\n<p>Ces syst\u00e8mes de plafonds sont largement utilis\u00e9s dans les a\u00e9roports, les gares, les bureaux, les centres commerciaux et les centres d'exposition pour leurs qualit\u00e9s d\u00e9coratives et fonctionnelles.\n<\/p>\n<p><\/p>\n<p><b>4) Comment le plafond \u00e0 \u00e9cran vertical am\u00e9liore-t-il la d\u00e9coration int\u00e9rieure ?<\/b><\/p>\n<p>L'alignement vertical des panneaux donne du rythme, de la profondeur et un aspect architectural contemporain tout en maintenant l'ouverture et la p\u00e9n\u00e9tration de la lumi\u00e8re.\n<\/p>\n<p><\/p>\n<p><b>5. quels sont les mat\u00e9riaux utilis\u00e9s dans les syst\u00e8mes de plafonds \u00e0 \u00e9crans verticaux ?<\/b><\/p>\n<p>Les plafonds \u00e0 \u00e9cran vertical sont g\u00e9n\u00e9ralement fabriqu\u00e9s en aluminium ou en acier galvanis\u00e9 de haute qualit\u00e9, ce qui leur conf\u00e8re une grande l\u00e9g\u00e8ret\u00e9 et une bonne r\u00e9sistance \u00e0 la corrosion.\n<\/p>\n<p><\/p>\n<p><b>6. les syst\u00e8mes de plafonds \u00e0 \u00e9crans verticaux peuvent-ils \u00eatre personnalis\u00e9s ?<\/b><\/p>\n<p>Oui, la taille, l'espacement, la forme, la couleur et la finition de surface des panneaux d'\u00e9crans verticaux peuvent \u00eatre enti\u00e8rement personnalis\u00e9s pour r\u00e9pondre \u00e0 des exigences de conception sp\u00e9cifiques.\n<\/p>\n<p><\/p>\n<p><b>7. l'int\u00e9gration de l'\u00e9clairage est-elle possible avec les plafonds \u00e0 \u00e9cran vertical ?<\/b><\/p>\n<p>Absolument, les syst\u00e8mes de plafonds \u00e0 \u00e9crans verticaux permettent une int\u00e9gration flexible de l'\u00e9clairage entre ou derri\u00e8re les panneaux afin d'obtenir des effets visuels uniques.\n<\/p>\n<p><\/p>\n<p><b>8. les syst\u00e8mes de plafonds \u00e0 \u00e9crans verticaux sont-ils faciles \u00e0 installer et \u00e0 entretenir ?<\/b><\/p>\n<p>En effet, ces syst\u00e8mes comportent des composants modulaires qui garantissent une installation rapide et un acc\u00e8s facile pour l'entretien des plafonds.\n<\/p>\n<p><\/p>\n<p><b>9. quelles sont les options de finition disponibles pour les plafonds \u00e0 \u00e9cran de type vertical ?<\/b><\/p>\n<p>Les finitions disponibles comprennent le rev\u00eatement par poudre, l'anodisation, le m\u00e9tal bross\u00e9, le grain de bois et les couleurs RAL personnalis\u00e9es pour une plus grande polyvalence esth\u00e9tique.\n<\/p>\n<p><\/p>\n<p><b>10. le syst\u00e8me de plafond \u00e0 \u00e9cran vertical est-il \u00e9cologique ?<\/b><\/p>\n<p>Oui, les syst\u00e8mes de plafonds \u00e0 \u00e9cran de type vertical sont fabriqu\u00e9s \u00e0 partir d'aluminium recyclable et soutiennent la construction durable et les normes de construction \u00e9cologique.\n<\/p>\n<p><\/p>","protected":false},"featured_media":3579,"template":"","categories":[50],"class_list":["post-3578","product","type-product","status-publish","has-post-thumbnail","hentry","category-screen-ceiling-systems"],"meta_box":{"hilight_text_group":{"product_hilight_text":"Vertical type screen ceiling system, which is composed ofa plurality of long suspended plates lining at equal spacingThe long bar is vertical and coherent, simple and elegantin appearance, with the fashionable styie, The structure islight, convenient to be assembled and dis-assembled,perfect fireproof, moisture-proof function; seamless, easyto be cleaned, durable for usage, excellent quality, nobleand elegant, with perfect noise absorption performance,distinctive style, rich in colors.","product_tu_tu":"<img width=\"320\" height=\"210\" src=\"https:\/\/sinoextrud.com\/wp-content\/uploads\/Vertical-Type-Screen-Ceiling-System-xg.webp\" alt=\"Vertical Type Screen Ceiling System\" title=\"Vertical Type Screen Ceiling System\">","product_chanpin_chanpin":"<li><a href=\"https:\/\/sinoextrud.com\/product\/combination-open-cell-ceiling-system\/\" target=\"_blank\">Combination Open Cell Ceiling System<\/a><\/li>\r\n<li><a href=\"https:\/\/sinoextrud.com\/product\/pyramid-open-cell-ceiling-system\/\" target=\"_blank\">Pyramid Open Cell Ceiling System<\/a><\/li>\r\n<li><a href=\"https:\/\/sinoextrud.com\/product\/clip-type-screen-ceiling-system\/\" target=\"_blank\">Clip Type Screen Ceiling System<\/a><\/li>\r\n<li><a href=\"https:\/\/sinoextrud.com\/product\/hook-type-sereen-ceiling-system\/\" target=\"_blank\">Hook Type Sereen Ceiling System<\/a><\/li>\r\n<li><a href=\"https:\/\/sinoextrud.com\/product\/vertical-type-screen-ceiling-system\/\" target=\"_blank\">Vertical Type Screen Ceiling System<\/a><\/li>\r\n<li><a href=\"https:\/\/sinoextrud.com\/product\/u-shaped-baffle-ceiling-system\/\" target=\"_blank\">U-Shaped Baffle Ceiling System<\/a><\/li>\r\n<li><a href=\"https:\/\/sinoextrud.com\/product\/special-shaped-baffle-ceiling-system\/\" target=\"_blank\">Special Shaped Baffle Ceiling System<\/a><\/li>\r\n<li><a href=\"https:\/\/sinoextrud.com\/product\/o-shape-baffle-ceiling-system\/\" target=\"_blank\">O-shape Baffle Ceiling System<\/a><\/li>\r\n<li><a href=\"https:\/\/sinoextrud.com\/product\/bullet-shaped-baffle-ceiling-system\/\" target=\"_blank\">Bullet-shaped Baffle Ceiling System<\/a><\/li>\r\n<li><a href=\"https:\/\/sinoextrud.com\/product\/aluminum-trailer-door-frame-extrusions\/\" target=\"_blank\">Aluminum Trailer Door Frame Extrusions<\/a><\/li>\r\n<li><a href=\"https:\/\/sinoextrud.com\/product\/newest-stable-extruded-aluminum-u-channel-profile-frameless-glass-railing-system-with-balustrade-handrail-fittings\/\" target=\"_blank\">Newest Stable Extruded Aluminum U Channel Profile Frameless Glass Railing System With Balustrade Handrail Fittings<\/a><\/li>"},"feature_list":[]},"_links":{"self":[{"href":"https:\/\/sinoextrud.com\/fr\/wp-json\/wp\/v2\/product\/3578","targetHints":{"allow":["GET"]}}],"collection":[{"href":"https:\/\/sinoextrud.com\/fr\/wp-json\/wp\/v2\/product"}],"about":[{"href":"https:\/\/sinoextrud.com\/fr\/wp-json\/wp\/v2\/types\/product"}],"wp:featuredmedia":[{"embeddable":true,"href":"https:\/\/sinoextrud.com\/fr\/wp-json\/wp\/v2\/media\/3579"}],"wp:attachment":[{"href":"https:\/\/sinoextrud.com\/fr\/wp-json\/wp\/v2\/media?parent=3578"}],"wp:term":[{"taxonomy":"category","embeddable":true,"href":"https:\/\/sinoextrud.com\/fr\/wp-json\/wp\/v2\/categories?post=3578"}],"curies":[{"name":"wp","href":"https:\/\/api.w.org\/{rel}","templated":true}]}}