{"id":3541,"date":"2025-04-26T09:09:40","date_gmt":"2025-04-26T09:09:40","guid":{"rendered":"https:\/\/sinoextrud.com\/?post_type=product&#038;p=3541"},"modified":"2025-06-24T03:51:32","modified_gmt":"2025-06-24T03:51:32","slug":"systeme-de-plafond-combine-a-cellules-ouvertes","status":"publish","type":"product","link":"https:\/\/sinoextrud.com\/fr\/product\/combination-open-cell-ceiling-system\/","title":{"rendered":"Combinaison Syst\u00e8me de plafond \u00e0 cellules ouvertes"},"content":{"rendered":"<h2>TAILLE STANDARD<\/h2>\n<p>1 : Les tailles non standard peuvent \u00eatre personnalis\u00e9es ;<\/p>\n<p>2 : Les tuiles \u00e0 poser en fer galvanis\u00e9 peuvent \u00eatre personnalis\u00e9es.<\/p>\n<table class=\"custom-table\">\n<tr>\n<td class=\"label\">Nom du produit<\/td>\n<td>TAILLE<\/td>\n<\/tr>\n<tr>\n<td class=\"label\">Largeur<\/td>\n<td>10 mm<\/td>\n<\/tr>\n<tr>\n<td class=\"label\">Haight<\/td>\n<td>40 mm<\/td>\n<\/tr>\n<tr>\n<td class=\"label\">Taille<\/td>\n<td>1800x1200mm\uff0c1800x600mm<\/td>\n<\/tr>\n<\/table>\n<h2>Sch\u00e9ma d'installation<\/h2>\n<p><img decoding=\"async\" src=\"https:\/\/sinoextrud.com\/wp-content\/uploads\/Combination-Open-Cell-Ceiling-System-anzhuang.webp\" alt=\"Combinaison Syst\u00e8me de plafond \u00e0 cellules ouvertes\"  \/><\/p>\n<h2>Processus de production<\/h2>\n<p><img decoding=\"async\" src=\"\/wp-content\/uploads\/zzlc01.webp\" alt=\"Processus de production\"  \/><br \/>\n<img decoding=\"async\" src=\"\/wp-content\/uploads\/zzlc02.webp\" alt=\"Processus de production\"  \/><br \/>\n<img decoding=\"async\" src=\"\/wp-content\/uploads\/zzlc03.webp\" alt=\"Processus de production\"  \/><br \/>\n<img decoding=\"async\" src=\"\/wp-content\/uploads\/zzlc04.webp\" alt=\"Processus de production\"  \/><\/p>\n<h2>FAQ<\/h2>\n<p><b>1) Qu'est-ce qu'un syst\u00e8me de plafond \u00e0 cellules ouvertes combin\u00e9 ?<\/b><\/p>\n<p>Un syst\u00e8me de plafond \u00e0 cellules ouvertes combin\u00e9 est une solution de plafond modulaire qui int\u00e8gre diff\u00e9rentes formes et tailles de cellules (carr\u00e9es, en losange ou triangulaires) pour cr\u00e9er des conceptions de plafond dynamiques et personnalisables.\n<\/p>\n<p><\/p>\n<p><b>2. quels sont les avantages d'un syst\u00e8me de plafond \u00e0 cellules ouvertes combin\u00e9 ?<\/b><\/p>\n<p>Les syst\u00e8mes de plafonds \u00e0 cellules ouvertes combin\u00e9s offrent une grande souplesse de conception, une meilleure circulation de l'air, une esth\u00e9tique moderne et un acc\u00e8s facile aux \u00e9quipements a\u00e9riens.\n<\/p>\n<p><\/p>\n<p><b>3. o\u00f9 le syst\u00e8me de plafond \u00e0 cellules ouvertes est-il couramment utilis\u00e9 ?<\/b><\/p>\n<p>Ces syst\u00e8mes sont largement utilis\u00e9s dans les b\u00e2timents commerciaux, les centres de transport, les centres commerciaux, les bureaux et les espaces publics pour leur attrait visuel cr\u00e9atif et leurs avantages fonctionnels.\n<\/p>\n<p><\/p>\n<p><b>4. Comment un plafond combin\u00e9 \u00e0 cellules ouvertes am\u00e9liore-t-il la flexibilit\u00e9 de la conception ?<\/b><\/p>\n<p>En m\u00e9langeant diff\u00e9rentes formes de cellules et de motifs, ce syst\u00e8me de plafond permet aux architectes de cr\u00e9er des effets spatiaux uniques et des agencements personnalis\u00e9s adapt\u00e9s au th\u00e8me du projet.\n<\/p>\n<p><\/p>\n<p><b>5. quels sont les mat\u00e9riaux utilis\u00e9s dans les syst\u00e8mes de plafonds \u00e0 cellules ouvertes combin\u00e9s ?<\/b><\/p>\n<p>Les plafonds combin\u00e9s \u00e0 cellules ouvertes sont g\u00e9n\u00e9ralement fabriqu\u00e9s en aluminium l\u00e9ger ou en acier galvanis\u00e9, ce qui garantit leur solidit\u00e9, leur durabilit\u00e9 et leur r\u00e9sistance \u00e0 la corrosion.\n<\/p>\n<p><\/p>\n<p><b>6. les syst\u00e8mes combin\u00e9s de plafonds \u00e0 cellules ouvertes peuvent-ils \u00eatre personnalis\u00e9s ?<\/b><\/p>\n<p>Oui, la taille des cellules, la configuration des motifs, la couleur, l'\u00e9paisseur du mat\u00e9riau et la finition de la surface peuvent toutes \u00eatre personnalis\u00e9es pour r\u00e9pondre \u00e0 des besoins architecturaux et de conception sp\u00e9cifiques.\n<\/p>\n<p><\/p>\n<p><b>7. l'int\u00e9gration de l'\u00e9clairage est-elle possible avec les plafonds combin\u00e9s \u00e0 cellules ouvertes ?<\/b><\/p>\n<p>Dans l'absolu, la structure ouverte permet une int\u00e9gration transparente des appareils d'\u00e9clairage au-dessus ou \u00e0 l'int\u00e9rieur de l'ossature du plafond, pour une fonctionnalit\u00e9 et une ambiance accrues.\n<\/p>\n<p><\/p>\n<p><b>8. les syst\u00e8mes combin\u00e9s de plafonds \u00e0 cellules ouvertes sont-ils faciles \u00e0 installer et \u00e0 entretenir ?<\/b><\/p>\n<p>Oui, la conception modulaire permet une installation rapide, le remplacement des panneaux et un acc\u00e8s simple pour la maintenance et l'entretien de routine.\n<\/p>\n<p><\/p>\n<p><b>9. quelles sont les options de finition disponibles pour les plafonds combin\u00e9s \u00e0 cellules ouvertes ?<\/b><\/p>\n<p>Les finitions comprennent le rev\u00eatement par poudre, l'aluminium anodis\u00e9, le m\u00e9tal bross\u00e9, le grain de bois et les couleurs RAL personnalis\u00e9es pour un large \u00e9ventail de possibilit\u00e9s de conception.\n<\/p>\n<p><\/p>\n<p><b>10. le syst\u00e8me combin\u00e9 de plafonds \u00e0 cellules ouvertes est-il respectueux de l'environnement ?<\/b><\/p>\n<p>Oui, ces syst\u00e8mes de plafonds sont fabriqu\u00e9s \u00e0 partir de mat\u00e9riaux recyclables et soutiennent les pratiques de construction durable et les certifications de construction \u00e9cologique.\n<\/p>\n<p><\/p>","protected":false},"featured_media":3544,"template":"","categories":[49],"class_list":["post-3541","product","type-product","status-publish","has-post-thumbnail","hentry","category-open-cell-ceiling-systems"],"meta_box":{"hilight_text_group":{"product_hilight_text":"Composite open cell ceiling through the designer's ideas .break through the traditional concept .using complexceiling , and is different from the general grille , generousbeauty,strong stereo sense, Transparent structure . casy tomaintain :it can put the lamps and lanterns , airconditioning system , fire fighting equipment placed withinthe ceiling The installation is simple . but optiona!installation and removal , no special tools , convenientmaintenanoe.","product_tu_tu":"<img width=\"320\" height=\"210\" src=\"https:\/\/sinoextrud.com\/wp-content\/uploads\/Combination-Open-Cell-Ceiling-System-XG.webp\" alt=\"Combination Open Cell Ceiling System\" title=\"Combination Open Cell Ceiling System\">","product_chanpin_chanpin":"<li><a href=\"https:\/\/sinoextrud.com\/product\/h-shaped-closed-linear-ceiling-system\/\" target=\"_blank\">H-Shaped Closed Linear Ceiling System<\/a><\/li>\r\n<li><a href=\"https:\/\/sinoextrud.com\/product\/g-shaped-linear-ceiling-system\/\" target=\"_blank\">G-Shaped Linear Ceiling System<\/a><\/li>\r\n<li><a href=\"https:\/\/sinoextrud.com\/product\/u-shaped-with-open-linear-ceiling-system\/\" target=\"_blank\">U-Shaped With Open Linear Ceiling System<\/a><\/li>\r\n<li><a href=\"https:\/\/sinoextrud.com\/product\/v-shaped-linear-ceiling-system\/\" target=\"_blank\">V-Shaped Linear Ceiling System<\/a><\/li>\r\n<li><a href=\"https:\/\/sinoextrud.com\/product\/combination-open-cell-ceiling-system\/\" target=\"_blank\">Combination Open Cell Ceiling System<\/a><\/li>\r\n<li><a href=\"https:\/\/sinoextrud.com\/product\/pyramid-open-cell-ceiling-system\/\" target=\"_blank\">Pyramid Open Cell Ceiling System<\/a><\/li>\r\n<li><a href=\"https:\/\/sinoextrud.com\/product\/clip-type-screen-ceiling-system\/\" target=\"_blank\">Clip Type Screen Ceiling System<\/a><\/li>\r\n<li><a href=\"https:\/\/sinoextrud.com\/product\/hook-type-sereen-ceiling-system\/\" target=\"_blank\">Hook Type Sereen Ceiling System<\/a><\/li>\r\n<li><a href=\"https:\/\/sinoextrud.com\/product\/vertical-type-screen-ceiling-system\/\" target=\"_blank\">Vertical Type Screen Ceiling System<\/a><\/li>\r\n<li><a href=\"https:\/\/sinoextrud.com\/product\/aluminum-profile-with-t-slot-flat\/\" target=\"_blank\">Aluminum Profile With T Slot Flat<\/a><\/li>\r\n<li><a href=\"https:\/\/sinoextrud.com\/product\/thermal-break-aluminium-profiles\/\" target=\"_blank\">Thermal Break Aluminium Profiles<\/a><\/li>"},"feature_list":[]},"_links":{"self":[{"href":"https:\/\/sinoextrud.com\/fr\/wp-json\/wp\/v2\/product\/3541","targetHints":{"allow":["GET"]}}],"collection":[{"href":"https:\/\/sinoextrud.com\/fr\/wp-json\/wp\/v2\/product"}],"about":[{"href":"https:\/\/sinoextrud.com\/fr\/wp-json\/wp\/v2\/types\/product"}],"wp:featuredmedia":[{"embeddable":true,"href":"https:\/\/sinoextrud.com\/fr\/wp-json\/wp\/v2\/media\/3544"}],"wp:attachment":[{"href":"https:\/\/sinoextrud.com\/fr\/wp-json\/wp\/v2\/media?parent=3541"}],"wp:term":[{"taxonomy":"category","embeddable":true,"href":"https:\/\/sinoextrud.com\/fr\/wp-json\/wp\/v2\/categories?post=3541"}],"curies":[{"name":"wp","href":"https:\/\/api.w.org\/{rel}","templated":true}]}}