{"id":3524,"date":"2025-04-26T08:31:40","date_gmt":"2025-04-26T08:31:40","guid":{"rendered":"https:\/\/sinoextrud.com\/?post_type=product&#038;p=3524"},"modified":"2025-06-24T03:51:27","modified_gmt":"2025-06-24T03:51:27","slug":"en-forme-de-u-avec-systeme-de-plafond-lineaire-ouvert","status":"publish","type":"product","link":"https:\/\/sinoextrud.com\/fr\/product\/u-shaped-with-open-linear-ceiling-system\/","title":{"rendered":"Forme en U avec syst\u00e8me de plafond lin\u00e9aire ouvert"},"content":{"rendered":"<h2>TAILLE STANDARD<\/h2>\n<p>Lin\u00e9aire en forme de U de 85 mm avec une petite bande de 20 mm ;<br \/>\nLin\u00e9aire en forme de U de 135 mm avec une petite bande de 15 mm ;<br \/>\n185 mm lin\u00e9aire en forme de U avec une petite bande de 20 mm<br \/>\nLes tailles non standard peuvent \u00eatre personnalis\u00e9es ;<\/p>\n<p><img loading=\"lazy\" decoding=\"async\" src=\"https:\/\/sinoextrud.com\/wp-content\/uploads\/U-Shaped-With-Open-Linear-Ceiling-System-gg.webp\" alt=\"Forme en U avec syst\u00e8me de plafond lin\u00e9aire ouvert\" width=\"204\" height=\"89\" class=\"size-full wp-image-3531\" srcset=\"https:\/\/sinoextrud.com\/wp-content\/uploads\/U-Shaped-With-Open-Linear-Ceiling-System-gg.webp 204w, https:\/\/sinoextrud.com\/wp-content\/uploads\/U-Shaped-With-Open-Linear-Ceiling-System-gg-18x8.webp 18w\" sizes=\"auto, (max-width: 204px) 100vw, 204px\" \/> <\/p>\n<h2>Sch\u00e9ma d'installation<\/h2>\n<p><img decoding=\"async\" src=\"https:\/\/sinoextrud.com\/wp-content\/uploads\/U-Shaped-With-Open-Linear-Ceiling-System-anzhuang.webp\" alt=\"Forme en U avec syst\u00e8me de plafond lin\u00e9aire ouvert\"  \/><\/p>\n<h2>Processus de production<\/h2>\n<p><img decoding=\"async\" src=\"\/wp-content\/uploads\/zzlc01.webp\" alt=\"Processus de production\"  \/><br \/>\n<img decoding=\"async\" src=\"\/wp-content\/uploads\/zzlc02.webp\" alt=\"Processus de production\"  \/><br \/>\n<img decoding=\"async\" src=\"\/wp-content\/uploads\/zzlc03.webp\" alt=\"Processus de production\"  \/><br \/>\n<img decoding=\"async\" src=\"\/wp-content\/uploads\/zzlc04.webp\" alt=\"Processus de production\"  \/><\/p>\n<h2>FAQ<\/h2>\n<p><b>1) Qu'est-ce qu'un syst\u00e8me de plafond lin\u00e9aire ouvert en forme de U ?<\/b><\/p>\n<p>Un syst\u00e8me de plafond lin\u00e9aire ouvert en forme de U est un plafond suspendu compos\u00e9 de panneaux d'aluminium en forme de U align\u00e9s verticalement et install\u00e9s avec des espaces entre eux pour cr\u00e9er une disposition de plafond propre, ouverte et moderne.\n<\/p>\n<p><\/p>\n<p><b>2) Quels sont les avantages d'un syst\u00e8me de plafond lin\u00e9aire ouvert en forme de U ?<\/b><\/p>\n<p>Les syst\u00e8mes de plafonds lin\u00e9aires ouverts en forme de U offrent une excellente ventilation, un contr\u00f4le acoustique, une uniformit\u00e9 esth\u00e9tique et une int\u00e9gration facile avec l'\u00e9clairage et les services du b\u00e2timent.\n<\/p>\n<p><\/p>\n<p><b>3) O\u00f9 le syst\u00e8me de plafond lin\u00e9aire ouvert en forme de U est-il couramment utilis\u00e9 ?<\/b><\/p>\n<p>Ces syst\u00e8mes de plafonds sont largement utilis\u00e9s dans les a\u00e9roports, les immeubles de bureaux, les centres commerciaux, les \u00e9tablissements d'enseignement et les terminaux de transport pour leurs avantages fonctionnels et visuels.\n<\/p>\n<p><\/p>\n<p><b>4. comment la disposition lin\u00e9aire ouverte am\u00e9liore-t-elle la performance des plafonds ?<\/b><\/p>\n<p>La disposition ouverte entre les panneaux en forme de U permet une meilleure circulation de l'air, une meilleure absorption du son et un acc\u00e8s simplifi\u00e9 aux composants m\u00e9caniques et \u00e9lectriques situ\u00e9s au-dessus du plafond.\n<\/p>\n<p><\/p>\n<p><b>5. quels sont les mat\u00e9riaux utilis\u00e9s dans les syst\u00e8mes de plafonds lin\u00e9aires ouverts en forme de U ?<\/b><\/p>\n<p>Ces syst\u00e8mes sont g\u00e9n\u00e9ralement fabriqu\u00e9s en aluminium ou en acier galvanis\u00e9 de haute qualit\u00e9, ce qui leur conf\u00e8re solidit\u00e9, r\u00e9sistance \u00e0 la corrosion et l\u00e9g\u00e8ret\u00e9.\n<\/p>\n<p><\/p>\n<p><b>6. les syst\u00e8mes de plafonds lin\u00e9aires ouverts en forme de U peuvent-ils \u00eatre personnalis\u00e9s ?<\/b><\/p>\n<p>Oui, la largeur, la profondeur, l'espacement, la couleur, la finition de surface et les motifs de disposition des panneaux peuvent \u00eatre enti\u00e8rement personnalis\u00e9s pour r\u00e9pondre aux exigences sp\u00e9cifiques d'un projet ou d'une conception.\n<\/p>\n<p><\/p>\n<p><b>7. l'int\u00e9gration de l'\u00e9clairage est-elle possible avec des plafonds lin\u00e9aires ouverts en forme de U ?<\/b><\/p>\n<p>Dans l'absolu, la conception de l'espacement ouvert permet une int\u00e9gration parfaite de l'\u00e9clairage lin\u00e9aire, des projecteurs et d'autres luminaires mont\u00e9s au plafond.\n<\/p>\n<p><\/p>\n<p><b>8. les syst\u00e8mes de plafonds lin\u00e9aires ouverts en U sont-ils faciles \u00e0 installer et \u00e0 entretenir ?<\/b><\/p>\n<p>Oui, ces syst\u00e8mes comportent des composants modulaires qui simplifient l'installation et permettent de retirer et d'entretenir facilement les services a\u00e9riens.\n<\/p>\n<p><\/p>\n<p><b>9. quelles sont les finitions disponibles pour les syst\u00e8mes de plafonds lin\u00e9aires ouverts en forme de U ?<\/b><\/p>\n<p>Les finitions comprennent le rev\u00eatement par poudre, l'anodisation, l'aluminium bross\u00e9, le grain de bois et les couleurs RAL personnalis\u00e9es pour r\u00e9pondre \u00e0 un large \u00e9ventail de besoins en mati\u00e8re de design.\n<\/p>\n<p><\/p>\n<p><b>10. le syst\u00e8me de plafond lin\u00e9aire ouvert en U est-il respectueux de l'environnement ?<\/b><\/p>\n<p>Oui, fabriqu\u00e9s \u00e0 partir de mat\u00e9riaux recyclables comme l'aluminium, ces syst\u00e8mes de plafonds sont compatibles avec l'architecture durable et les normes de certification des b\u00e2timents \u00e9cologiques.\n<\/p>\n<p><\/p>","protected":false},"featured_media":3528,"template":"","categories":[48],"class_list":["post-3524","product","type-product","status-publish","has-post-thumbnail","hentry","category-linear-ceiling-systems"],"meta_box":{"hilight_text_group":{"product_hilight_text":"U-shaped linear with small strip ceiling is another new combinationof the bar buckled ceiling family, adding new features to modernarchitecture, This product is composed of three series types including 85 matching small strip, 135 matching small strip and 185 matchingsmall lstrip, with a better sense of hierarchy and fashionc is the idealdecorative material for swimming pools, ofhces, shopping malls andother places.","product_tu_tu":"<img width=\"320\" height=\"210\" src=\"https:\/\/sinoextrud.com\/wp-content\/uploads\/U-Shaped-With-Open-Linear-Ceiling-System-xg.webp\" alt=\"U-Shaped With Open Linear Ceiling System\" title=\"U-Shaped With Open Linear Ceiling System\">","product_chanpin_chanpin":"<li><a href=\"https:\/\/sinoextrud.com\/product\/c-shaped-closed-linear-ceiling-system\/\" target=\"_blank\">C-Shaped Closed Linear Ceiling System<\/a><\/li>\r\n<li><a href=\"https:\/\/sinoextrud.com\/product\/c-shaped-wind-resistant-linear-ceiling-system\/\" target=\"_blank\">C-Shaped Wind-Resistant Linear Ceiling System<\/a><\/li>\r\n<li><a href=\"https:\/\/sinoextrud.com\/product\/h-shaped-closed-linear-ceiling-system\/\" target=\"_blank\">H-Shaped Closed Linear Ceiling System<\/a><\/li>\r\n<li><a href=\"https:\/\/sinoextrud.com\/product\/g-shaped-linear-ceiling-system\/\" target=\"_blank\">G-Shaped Linear Ceiling System<\/a><\/li>\r\n<li><a href=\"https:\/\/sinoextrud.com\/product\/u-shaped-with-open-linear-ceiling-system\/\" target=\"_blank\">U-Shaped With Open Linear Ceiling System<\/a><\/li>\r\n<li><a href=\"https:\/\/sinoextrud.com\/product\/v-shaped-linear-ceiling-system\/\" target=\"_blank\">V-Shaped Linear Ceiling System<\/a><\/li>\r\n<li><a href=\"https:\/\/sinoextrud.com\/product\/combination-open-cell-ceiling-system\/\" target=\"_blank\">Combination Open Cell Ceiling System<\/a><\/li>\r\n<li><a href=\"https:\/\/sinoextrud.com\/product\/pyramid-open-cell-ceiling-system\/\" target=\"_blank\">Pyramid Open Cell Ceiling System<\/a><\/li>\r\n<li><a href=\"https:\/\/sinoextrud.com\/product\/clip-type-screen-ceiling-system\/\" target=\"_blank\">Clip Type Screen Ceiling System<\/a><\/li>\r\n<li><a href=\"https:\/\/sinoextrud.com\/product\/aluminum-profile-for-tent\/\" target=\"_blank\">Aluminum profile for tent<\/a><\/li>\r\n<li><a href=\"https:\/\/sinoextrud.com\/product\/extruded-aluminum-tubing-for-stair-rail\/\" target=\"_blank\">Extruded Aluminum Tubing For Stair Rail<\/a><\/li>"},"feature_list":[]},"_links":{"self":[{"href":"https:\/\/sinoextrud.com\/fr\/wp-json\/wp\/v2\/product\/3524","targetHints":{"allow":["GET"]}}],"collection":[{"href":"https:\/\/sinoextrud.com\/fr\/wp-json\/wp\/v2\/product"}],"about":[{"href":"https:\/\/sinoextrud.com\/fr\/wp-json\/wp\/v2\/types\/product"}],"wp:featuredmedia":[{"embeddable":true,"href":"https:\/\/sinoextrud.com\/fr\/wp-json\/wp\/v2\/media\/3528"}],"wp:attachment":[{"href":"https:\/\/sinoextrud.com\/fr\/wp-json\/wp\/v2\/media?parent=3524"}],"wp:term":[{"taxonomy":"category","embeddable":true,"href":"https:\/\/sinoextrud.com\/fr\/wp-json\/wp\/v2\/categories?post=3524"}],"curies":[{"name":"wp","href":"https:\/\/api.w.org\/{rel}","templated":true}]}}