{"id":3511,"date":"2025-04-26T08:03:15","date_gmt":"2025-04-26T08:03:15","guid":{"rendered":"https:\/\/sinoextrud.com\/?post_type=product&#038;p=3511"},"modified":"2025-06-24T03:51:22","modified_gmt":"2025-06-24T03:51:22","slug":"systeme-de-plafond-lineaire-ferme-en-forme-de-h","status":"publish","type":"product","link":"https:\/\/sinoextrud.com\/fr\/product\/h-shaped-closed-linear-ceiling-system\/","title":{"rendered":"Syst\u00e8me de plafond lin\u00e9aire ferm\u00e9 en forme de H"},"content":{"rendered":"<h2>TAILLE STANDARD<\/h2>\n<p>1 : Les tailles non standard peuvent \u00eatre personnalis\u00e9es ;<\/p>\n<table class=\"custom-table\">\n<tr>\n<td class=\"label\">Nom du produit<\/td>\n<td>Largeur<\/td>\n<td>Hauteur<\/td>\n<\/tr>\n<tr>\n<td class=\"label\">Bas en forme de H ferm\u00e9<\/td>\n<td>200mm<\/td>\n<td>20 mm<\/td>\n<\/tr>\n<tr>\n<td class=\"label\">Hauteur H ferm\u00e9<\/td>\n<td>200mm\u3001300mm\u3001400mm\u3001500mm<\/td>\n<td>30 mm<\/td>\n<\/tr>\n<\/table>\n<h2>Sch\u00e9ma d'installation<\/h2>\n<p><img decoding=\"async\" src=\"https:\/\/sinoextrud.com\/wp-content\/uploads\/H-Shaped-Closed-Linear-Ceiling-System-anzhuang.webp\" alt=\"Syst\u00e8me de plafond lin\u00e9aire ferm\u00e9 en forme de H\"  \/><\/p>\n<h2>Processus de production<\/h2>\n<p><img decoding=\"async\" src=\"\/wp-content\/uploads\/zzlc01.webp\" alt=\"Processus de production\"  \/><br \/>\n<img decoding=\"async\" src=\"\/wp-content\/uploads\/zzlc02.webp\" alt=\"Processus de production\"  \/><br \/>\n<img decoding=\"async\" src=\"\/wp-content\/uploads\/zzlc03.webp\" alt=\"Processus de production\"  \/><br \/>\n<img decoding=\"async\" src=\"\/wp-content\/uploads\/zzlc04.webp\" alt=\"Processus de production\"  \/><\/p>\n<h2>FAQ<\/h2>\n<p><b>1) Qu'est-ce qu'un syst\u00e8me de plafond lin\u00e9aire ferm\u00e9 en forme de H ?<\/b><\/p>\n<p>Un syst\u00e8me de plafond lin\u00e9aire ferm\u00e9 en forme de H est un plafond suspendu compos\u00e9 de panneaux d'aluminium en forme de H qui s'embo\u00eetent \u00e9troitement pour former une surface continue enti\u00e8rement ferm\u00e9e avec une forte d\u00e9finition lin\u00e9aire.\n<\/p>\n<p><\/p>\n<p><b>2. quels sont les avantages d'un syst\u00e8me de plafond lin\u00e9aire ferm\u00e9 en forme de H ?<\/b><\/p>\n<p>Les syst\u00e8mes de plafonds lin\u00e9aires ferm\u00e9s en forme de H offrent un aspect propre et moderne avec une excellente isolation acoustique, une suspension cach\u00e9e et une durabilit\u00e9 sup\u00e9rieure pour les zones \u00e0 fort trafic.\n<\/p>\n<p><\/p>\n<p><b>3) O\u00f9 le syst\u00e8me de plafond lin\u00e9aire ferm\u00e9 en forme de H est-il couramment utilis\u00e9 ?<\/b><\/p>\n<p>Ces syst\u00e8mes de plafonds sont couramment utilis\u00e9s dans les a\u00e9roports, les bureaux, les \u00e9tablissements d'enseignement, les h\u00f4pitaux et les b\u00e2timents commerciaux o\u00f9 un plafond \u00e9l\u00e9gant et n\u00e9cessitant peu d'entretien est n\u00e9cessaire.\n<\/p>\n<p><\/p>\n<p><b>4. En quoi le profil en H est-il avantageux pour la conception des plafonds ?<\/b><\/p>\n<p>Le profil en H offre un alignement pr\u00e9cis et des joints serr\u00e9s, cr\u00e9ant un effet lin\u00e9aire sans faille qui am\u00e9liore l'esth\u00e9tique architecturale et l'uniformit\u00e9 spatiale.\n<\/p>\n<p><\/p>\n<p><b>5. quels sont les mat\u00e9riaux utilis\u00e9s dans les syst\u00e8mes de plafonds lin\u00e9aires ferm\u00e9s en forme de H ?<\/b><\/p>\n<p>Ces syst\u00e8mes sont g\u00e9n\u00e9ralement fabriqu\u00e9s \u00e0 partir d'aluminium ou d'acier galvanis\u00e9 de haute qualit\u00e9, offrant une r\u00e9sistance \u00e0 la corrosion, une s\u00e9curit\u00e9 incendie et des performances durables.\n<\/p>\n<p><\/p>\n<p><b>6. les syst\u00e8mes de plafonds lin\u00e9aires en forme de H peuvent-ils \u00eatre personnalis\u00e9s ?<\/b><\/p>\n<p>Oui, la taille, la profondeur, la couleur, la perforation et la finition des panneaux peuvent \u00eatre enti\u00e8rement personnalis\u00e9es pour r\u00e9pondre aux exigences sp\u00e9cifiques du projet et de la conception.\n<\/p>\n<p><\/p>\n<p><b>7. les syst\u00e8mes d'\u00e9clairage et de chauffage, de ventilation et de climatisation peuvent-ils \u00eatre int\u00e9gr\u00e9s dans les plafonds en forme de H ?<\/b><\/p>\n<p>Absolument, les syst\u00e8mes de plafonds lin\u00e9aires ferm\u00e9s en forme de H sont compatibles avec l'\u00e9clairage encastr\u00e9, les diffuseurs d'air et d'autres syst\u00e8mes m\u00e9caniques pour une solution int\u00e9rieure coh\u00e9rente.\n<\/p>\n<p><\/p>\n<p><b>8. les syst\u00e8mes de plafonds lin\u00e9aires en H sont-ils faciles \u00e0 installer et \u00e0 entretenir ?<\/b><\/p>\n<p>Oui, ces plafonds sont dot\u00e9s de panneaux \u00e0 embo\u00eetement qui s'installent rapidement et permettent un d\u00e9montage sans outil et un acc\u00e8s pratique pour l'entretien.\n<\/p>\n<p><\/p>\n<p><b>9. quelles sont les finitions disponibles pour les plafonds lin\u00e9aires ferm\u00e9s en forme de H ?<\/b><\/p>\n<p>Les finitions disponibles comprennent le rev\u00eatement par poudre, l'anodisation, l'aluminium bross\u00e9, le grain de bois et les couleurs RAL personnalis\u00e9es pour une plus grande souplesse de conception.\n<\/p>\n<p><\/p>\n<p><b>10. le syst\u00e8me de plafond lin\u00e9aire ferm\u00e9 en forme de H est-il respectueux de l'environnement ?<\/b><\/p>\n<p>Oui, fabriqu\u00e9s \u00e0 partir d'aluminium recyclable, les syst\u00e8mes de plafonds lin\u00e9aires ferm\u00e9s en forme de H soutiennent l'architecture durable et contribuent aux certifications de b\u00e2timents \u00e9cologiques.\n<\/p>\n<p><\/p>","protected":false},"featured_media":3513,"template":"","categories":[48],"class_list":["post-3511","product","type-product","status-publish","has-post-thumbnail","hentry","category-linear-ceiling-systems"],"meta_box":{"hilight_text_group":{"product_hilight_text":"H-shaped closed linear ceiling is manufactured by equipment withhigh quality aluminum strip, right angle structure, can process flatplates or punching holes. The keel can be assembled with differentspecifications of lath, tight and strong structure, the lines between theplates are coherent, tighter than C buckdled type, generates a comfortable,bright and clean, elegant feeling, according to the different designrequirement, the designers can match mixed installation for use withlaths of different colors or width, enable more changes on the designsto achieve a more perfect effect.","product_tu_tu":"<img width=\"320\" height=\"210\" src=\"https:\/\/sinoextrud.com\/wp-content\/uploads\/H-Shaped-Closed-Linear-Ceiling-System-xg.webp\" alt=\"H-Shaped Closed Linear Ceiling System\" title=\"H-Shaped Closed Linear Ceiling System\">","product_chanpin_chanpin":"<li><a href=\"https:\/\/sinoextrud.com\/product\/perforation-aluminum-ceiling-system\/\" target=\"_blank\">Perforation Aluminum Ceiling System<\/a><\/li>\r\n<li><a href=\"https:\/\/sinoextrud.com\/product\/aluminum-ceiling-system\/\" target=\"_blank\">Aluminum Ceiling System<\/a><\/li>\r\n<li><a href=\"https:\/\/sinoextrud.com\/product\/c-shaped-closed-linear-ceiling-system\/\" target=\"_blank\">C-Shaped Closed Linear Ceiling System<\/a><\/li>\r\n<li><a href=\"https:\/\/sinoextrud.com\/product\/c-shaped-wind-resistant-linear-ceiling-system\/\" target=\"_blank\">C-Shaped Wind-Resistant Linear Ceiling System<\/a><\/li>\r\n<li><a href=\"https:\/\/sinoextrud.com\/product\/h-shaped-closed-linear-ceiling-system\/\" target=\"_blank\">H-Shaped Closed Linear Ceiling System<\/a><\/li>\r\n<li><a href=\"https:\/\/sinoextrud.com\/product\/g-shaped-linear-ceiling-system\/\" target=\"_blank\">G-Shaped Linear Ceiling System<\/a><\/li>\r\n<li><a href=\"https:\/\/sinoextrud.com\/product\/u-shaped-with-open-linear-ceiling-system\/\" target=\"_blank\">U-Shaped With Open Linear Ceiling System<\/a><\/li>\r\n<li><a href=\"https:\/\/sinoextrud.com\/product\/v-shaped-linear-ceiling-system\/\" target=\"_blank\">V-Shaped Linear Ceiling System<\/a><\/li>\r\n<li><a href=\"https:\/\/sinoextrud.com\/product\/combination-open-cell-ceiling-system\/\" target=\"_blank\">Combination Open Cell Ceiling System<\/a><\/li>\r\n<li><a href=\"https:\/\/sinoextrud.com\/product\/aluminum-extrusions-for-wall-panels-u-shape\/\" target=\"_blank\">Aluminum Extrusions For Wall Panels U Shape<\/a><\/li>\r\n<li><a href=\"https:\/\/sinoextrud.com\/product\/aluminum-profile-for-clean-room-circle-shape\/\" target=\"_blank\">Aluminum Profile For Clean Room Circle Shape<\/a><\/li>"},"feature_list":[]},"_links":{"self":[{"href":"https:\/\/sinoextrud.com\/fr\/wp-json\/wp\/v2\/product\/3511","targetHints":{"allow":["GET"]}}],"collection":[{"href":"https:\/\/sinoextrud.com\/fr\/wp-json\/wp\/v2\/product"}],"about":[{"href":"https:\/\/sinoextrud.com\/fr\/wp-json\/wp\/v2\/types\/product"}],"wp:featuredmedia":[{"embeddable":true,"href":"https:\/\/sinoextrud.com\/fr\/wp-json\/wp\/v2\/media\/3513"}],"wp:attachment":[{"href":"https:\/\/sinoextrud.com\/fr\/wp-json\/wp\/v2\/media?parent=3511"}],"wp:term":[{"taxonomy":"category","embeddable":true,"href":"https:\/\/sinoextrud.com\/fr\/wp-json\/wp\/v2\/categories?post=3511"}],"curies":[{"name":"wp","href":"https:\/\/api.w.org\/{rel}","templated":true}]}}