{"id":3505,"date":"2025-04-26T07:52:41","date_gmt":"2025-04-26T07:52:41","guid":{"rendered":"https:\/\/sinoextrud.com\/?post_type=product&#038;p=3505"},"modified":"2025-06-24T03:51:20","modified_gmt":"2025-06-24T03:51:20","slug":"systeme-de-plafond-lineaire-resistant-au-vent-en-forme-de-c","status":"publish","type":"product","link":"https:\/\/sinoextrud.com\/fr\/product\/c-shaped-wind-resistant-linear-ceiling-system\/","title":{"rendered":"Syst\u00e8me de plafond lin\u00e9aire r\u00e9sistant au vent en forme de C"},"content":{"rendered":"<h2>TAILLE STANDARD<\/h2>\n<p>1 : Les tailles non standard peuvent \u00eatre personnalis\u00e9es.<\/p>\n<table class=\"custom-table\">\n<tr>\n<td class=\"label\">Nom du produit<\/td>\n<td>TAILLE<\/td>\n<\/tr>\n<tr>\n<td class=\"label\">Largeur<\/td>\n<td>300mm\u3001400mm\u3001500mm\u3001600mm<\/td>\n<\/tr>\n<\/table>\n<p><img loading=\"lazy\" decoding=\"async\" src=\"https:\/\/sinoextrud.com\/wp-content\/uploads\/C-Shaped-Wind-Resistant-Linear-Ceiling-System-gg.webp\" alt=\"Syst\u00e8me de plafond lin\u00e9aire r\u00e9sistant au vent en forme de C\" width=\"211\" height=\"100\" class=\"size-full wp-image-3509\" srcset=\"https:\/\/sinoextrud.com\/wp-content\/uploads\/C-Shaped-Wind-Resistant-Linear-Ceiling-System-gg.webp 211w, https:\/\/sinoextrud.com\/wp-content\/uploads\/C-Shaped-Wind-Resistant-Linear-Ceiling-System-gg-18x9.webp 18w\" sizes=\"auto, (max-width: 211px) 100vw, 211px\" \/><\/p>\n<h2>Sch\u00e9ma d'installation<\/h2>\n<p><img decoding=\"async\" src=\"https:\/\/sinoextrud.com\/wp-content\/uploads\/C-Shaped-Wind-Resistant-Linear-Ceiling-System-anzhuang.webp\" alt=\"Syst\u00e8me de plafond lin\u00e9aire r\u00e9sistant au vent en forme de C\"  \/><\/p>\n<h2>Processus de production<\/h2>\n<p><img decoding=\"async\" src=\"\/wp-content\/uploads\/zzlc01.webp\" alt=\"Processus de production\"  \/><br \/>\n<img decoding=\"async\" src=\"\/wp-content\/uploads\/zzlc02.webp\" alt=\"Processus de production\"  \/><br \/>\n<img decoding=\"async\" src=\"\/wp-content\/uploads\/zzlc03.webp\" alt=\"Processus de production\"  \/><br \/>\n<img decoding=\"async\" src=\"\/wp-content\/uploads\/zzlc04.webp\" alt=\"Processus de production\"  \/><\/p>\n<h2>FAQ<\/h2>\n<p><b>1) Qu'est-ce qu'un syst\u00e8me de plafond lin\u00e9aire r\u00e9sistant au vent en forme de C ?<\/b><\/p>\n<p>Un syst\u00e8me de plafond lin\u00e9aire r\u00e9sistant au vent en forme de C est un plafond m\u00e9tallique suspendu utilisant des panneaux en aluminium \u00e0 profil C avec des m\u00e9canismes de verrouillage renforc\u00e9s con\u00e7us pour r\u00e9sister \u00e0 de fortes charges de vent, en particulier dans des environnements semi-ext\u00e9rieurs ou ouverts.\n<\/p>\n<p><\/p>\n<p><b>2) Quels sont les avantages d'un syst\u00e8me de plafond lin\u00e9aire r\u00e9sistant au vent en forme de C ?<\/b><\/p>\n<p>Les syst\u00e8mes de plafonds lin\u00e9aires r\u00e9sistants au vent en forme de C offrent une r\u00e9sistance sup\u00e9rieure au vent, une stabilit\u00e9 structurelle, une esth\u00e9tique moderne et d'excellentes performances dans les espaces ext\u00e9rieurs et \u00e0 forte ventilation.\n<\/p>\n<p><\/p>\n<p><b>3. o\u00f9 le syst\u00e8me de plafond r\u00e9sistant au vent en forme de C est-il couramment utilis\u00e9 ?<\/b><\/p>\n<p>Ces syst\u00e8mes sont id\u00e9aux pour les a\u00e9roports, les auvents, les couloirs, les centres de transport et les passerelles ext\u00e9rieures o\u00f9 la charge du vent et la ventilation sont des pr\u00e9occupations essentielles.\n<\/p>\n<p><\/p>\n<p><b>4. en quoi la conception r\u00e9sistante au vent am\u00e9liore-t-elle les performances ?<\/b><\/p>\n<p>La conception am\u00e9lior\u00e9e du verrouillage par clipsage garantit que les panneaux restent solidement fix\u00e9s en cas de forte pression du vent, r\u00e9duisant ainsi le risque de d\u00e9formation ou de d\u00e9tachement.\n<\/p>\n<p><\/p>\n<p><b>5. quels sont les mat\u00e9riaux utilis\u00e9s dans les syst\u00e8mes de plafonds r\u00e9sistants au vent en forme de C ?<\/b><\/p>\n<p>Les syst\u00e8mes de plafonds r\u00e9sistants au vent en forme de C sont g\u00e9n\u00e9ralement fabriqu\u00e9s en aluminium haute r\u00e9sistance ou en acier galvanis\u00e9 pour leur durabilit\u00e9, leur r\u00e9sistance \u00e0 la corrosion et leur l\u00e9g\u00e8ret\u00e9.\n<\/p>\n<p><\/p>\n<p><b>6. les syst\u00e8mes de plafonds r\u00e9sistants au vent en forme de C peuvent-ils \u00eatre personnalis\u00e9s ?<\/b><\/p>\n<p>Oui, la largeur, la profondeur, l'espacement, la couleur, la finition et les options de perforation des panneaux peuvent \u00eatre personnalis\u00e9s pour r\u00e9pondre aux besoins de conception et de performance propres \u00e0 chaque projet.\n<\/p>\n<p><\/p>\n<p><b>7. l'\u00e9clairage et les services publics peuvent-ils \u00eatre int\u00e9gr\u00e9s dans les plafonds r\u00e9sistants au vent en forme de C ?<\/b><\/p>\n<p>Absolument, les syst\u00e8mes de plafonds r\u00e9sistants au vent en forme de C permettent une int\u00e9gration transparente des appareils d'\u00e9clairage, des conduits de ventilation et des composants de protection contre l'incendie.\n<\/p>\n<p><\/p>\n<p><b>8. les plafonds r\u00e9sistants au vent en forme de C sont-ils faciles \u00e0 installer et \u00e0 entretenir ?<\/b><\/p>\n<p>Oui, la conception modulaire des panneaux permet une installation rapide et un retrait facile pour l'inspection, le nettoyage ou l'entretien des syst\u00e8mes a\u00e9riens.\n<\/p>\n<p><\/p>\n<p><b>9. quelles sont les finitions disponibles pour les syst\u00e8mes de plafonds r\u00e9sistants au vent en forme de C ?<\/b><\/p>\n<p>Les finitions disponibles comprennent le rev\u00eatement par poudre, l'anodisation, les surfaces bross\u00e9es, les effets de grain de bois et les couleurs RAL personnalis\u00e9es pour une large gamme d'applications.\n<\/p>\n<p><\/p>\n<p><b>10. le syst\u00e8me de plafond lin\u00e9aire en forme de C r\u00e9sistant au vent est-il respectueux de l'environnement ?<\/b><\/p>\n<p>Oui, fabriqu\u00e9s \u00e0 partir de mat\u00e9riaux en aluminium recyclables, les syst\u00e8mes de plafonds r\u00e9sistants au vent en forme de C sont conformes aux normes de construction \u00e9cologique et \u00e0 l'architecture durable.\n<\/p>\n<p><\/p>","protected":false},"featured_media":3506,"template":"","categories":[48],"class_list":["post-3505","product","type-product","status-publish","has-post-thumbnail","hentry","category-linear-ceiling-systems"],"meta_box":{"hilight_text_group":{"product_hilight_text":"C-shaped windresistant linear ceiling holds novel structure, thedesign is generous, clean as a whole, able to perfectly express theidea of the designer, and it is novel and unique, with structure framefull of modern sense, The characteristics of longitudinal dense splicingwith flat and straight plate surface, firm structure and concise andvivid connection lines, full of dynamic changes, products seriesavailable with all kinds of plastic film mulching. spraying coating.punching etc, applicable for indoor and outdoor installation.","product_tu_tu":"<img width=\"320\" height=\"210\" src=\"https:\/\/sinoextrud.com\/wp-content\/uploads\/C-Shaped-Wind-Resistant-Linear-Ceiling-System-xg.webp\" alt=\"C-Shaped Wind-Resistant Linear Ceiling System\" title=\"C-Shaped Wind-Resistant Linear Ceiling System\">","product_chanpin_chanpin":"<li><a href=\"https:\/\/sinoextrud.com\/product\/hook-on-tile-ceiling-system\/\" target=\"_blank\">Hook-On Tile Ceiling System<\/a><\/li>\r\n<li><a href=\"https:\/\/sinoextrud.com\/product\/perforation-aluminum-ceiling-system\/\" target=\"_blank\">Perforation Aluminum Ceiling System<\/a><\/li>\r\n<li><a href=\"https:\/\/sinoextrud.com\/product\/aluminum-ceiling-system\/\" target=\"_blank\">Aluminum Ceiling System<\/a><\/li>\r\n<li><a href=\"https:\/\/sinoextrud.com\/product\/c-shaped-closed-linear-ceiling-system\/\" target=\"_blank\">C-Shaped Closed Linear Ceiling System<\/a><\/li>\r\n<li><a href=\"https:\/\/sinoextrud.com\/product\/c-shaped-wind-resistant-linear-ceiling-system\/\" target=\"_blank\">C-Shaped Wind-Resistant Linear Ceiling System<\/a><\/li>\r\n<li><a href=\"https:\/\/sinoextrud.com\/product\/h-shaped-closed-linear-ceiling-system\/\" target=\"_blank\">H-Shaped Closed Linear Ceiling System<\/a><\/li>\r\n<li><a href=\"https:\/\/sinoextrud.com\/product\/g-shaped-linear-ceiling-system\/\" target=\"_blank\">G-Shaped Linear Ceiling System<\/a><\/li>\r\n<li><a href=\"https:\/\/sinoextrud.com\/product\/u-shaped-with-open-linear-ceiling-system\/\" target=\"_blank\">U-Shaped With Open Linear Ceiling System<\/a><\/li>\r\n<li><a href=\"https:\/\/sinoextrud.com\/product\/v-shaped-linear-ceiling-system\/\" target=\"_blank\">V-Shaped Linear Ceiling System<\/a><\/li>\r\n<li><a href=\"https:\/\/sinoextrud.com\/product\/powder-coating-golden-10mm-aluminum-extrusion\/\" target=\"_blank\">Powder Coating Golden 10mm Aluminum Extrusion<\/a><\/li>\r\n<li><a href=\"https:\/\/sinoextrud.com\/product\/interlocking-aluminium-profiles\/\" target=\"_blank\">Interlocking Aluminium Profiles<\/a><\/li>"},"feature_list":[]},"_links":{"self":[{"href":"https:\/\/sinoextrud.com\/fr\/wp-json\/wp\/v2\/product\/3505","targetHints":{"allow":["GET"]}}],"collection":[{"href":"https:\/\/sinoextrud.com\/fr\/wp-json\/wp\/v2\/product"}],"about":[{"href":"https:\/\/sinoextrud.com\/fr\/wp-json\/wp\/v2\/types\/product"}],"wp:featuredmedia":[{"embeddable":true,"href":"https:\/\/sinoextrud.com\/fr\/wp-json\/wp\/v2\/media\/3506"}],"wp:attachment":[{"href":"https:\/\/sinoextrud.com\/fr\/wp-json\/wp\/v2\/media?parent=3505"}],"wp:term":[{"taxonomy":"category","embeddable":true,"href":"https:\/\/sinoextrud.com\/fr\/wp-json\/wp\/v2\/categories?post=3505"}],"curies":[{"name":"wp","href":"https:\/\/api.w.org\/{rel}","templated":true}]}}