{"id":3469,"date":"2025-04-26T03:52:02","date_gmt":"2025-04-26T03:52:02","guid":{"rendered":"https:\/\/sinoextrud.com\/?post_type=product&#038;p=3469"},"modified":"2025-06-24T03:51:05","modified_gmt":"2025-06-24T03:51:05","slug":"systeme-de-plafond-en-panneaux-composites","status":"publish","type":"product","link":"https:\/\/sinoextrud.com\/fr\/product\/composite-panel-ceiling-system\/","title":{"rendered":"Syst\u00e8me de plafond en panneaux composites"},"content":{"rendered":"<h2>TAILLE STANDARD<\/h2>\n<p>1 : Les tailles non standard peuvent \u00eatre personnalis\u00e9es ;<\/p>\n<table class=\"custom-table\">\n<tr>\n<td class=\"label\">Nom du produit<\/td>\n<td>TAILLE<\/td>\n<\/tr>\n<tr>\n<td class=\"label\">Combinaison1<\/td>\n<td>600x600mm <\/td>\n<\/tr>\n<tr>\n<td class=\"label\">Combinaison2<\/td>\n<td>600x1200mm <\/td>\n<\/tr>\n<tr>\n<td class=\"label\">Combinaison3<\/td>\n<td>800x800mm <\/td>\n<\/tr>\n<tr>\n<td class=\"label\">Combinaison4<\/td>\n<td>1000x1000mm(angle droit)<\/td>\n<\/tr>\n<tr>\n<td class=\"label\">Combinaison5<\/td>\n<td>1000x1200mm(angle droit)<\/td>\n<\/tr>\n<tr>\n<td class=\"label\">Combinaison6<\/td>\n<td>1200x1200mm(angle droit)<\/td>\n<\/tr>\n<\/table>\n<h2>Cat\u00e9gories de produits<\/h2>\n<p>1.Tiie composite en nid d'abeille d'aluminium<br \/>\n2.Lien composite en laine min\u00e9rale<br \/>\n3. Carreaux composites ondul\u00e9s en aluminium<br \/>\n4.Dalle composite en fibre de verre<\/p>\n<p><img loading=\"lazy\" decoding=\"async\" src=\"https:\/\/sinoextrud.com\/wp-content\/uploads\/Composite-Panel-Ceiling-System-gg.webp\" alt=\"Syst\u00e8me de plafond en panneaux composites\" width=\"604\" height=\"344\" class=\"size-full wp-image-3474\" srcset=\"https:\/\/sinoextrud.com\/wp-content\/uploads\/Composite-Panel-Ceiling-System-gg.webp 604w, https:\/\/sinoextrud.com\/wp-content\/uploads\/Composite-Panel-Ceiling-System-gg-18x10.webp 18w, https:\/\/sinoextrud.com\/wp-content\/uploads\/Composite-Panel-Ceiling-System-gg-600x342.webp 600w\" sizes=\"auto, (max-width: 604px) 100vw, 604px\" \/> <\/p>\n<h2>Processus de production<\/h2>\n<p><img decoding=\"async\" src=\"\/wp-content\/uploads\/zzlc01.webp\" alt=\"Processus de production\"  \/><br \/>\n<img decoding=\"async\" src=\"\/wp-content\/uploads\/zzlc02.webp\" alt=\"Processus de production\"  \/><br \/>\n<img decoding=\"async\" src=\"\/wp-content\/uploads\/zzlc03.webp\" alt=\"Processus de production\"  \/><br \/>\n<img decoding=\"async\" src=\"\/wp-content\/uploads\/zzlc04.webp\" alt=\"Processus de production\"  \/><\/p>\n<h2>FAQ<\/h2>\n<p><b>1) Qu'est-ce qu'un syst\u00e8me de plafond en panneaux composites ?<\/b><\/p>\n<p>Un syst\u00e8me de plafond en panneaux composites est une solution de plafond suspendu fabriqu\u00e9 \u00e0 partir de panneaux composites en aluminium (ACP) ou de mat\u00e9riaux composites m\u00e9talliques, offrant durabilit\u00e9, plan\u00e9it\u00e9 et une finition architecturale \u00e9l\u00e9gante.\n<\/p>\n<p><\/p>\n<p><b>2. quels sont les avantages d'un syst\u00e8me de plafond en panneaux composites ?<\/b><\/p>\n<p>Les syst\u00e8mes de plafonds en panneaux composites offrent un rapport r\u00e9sistance\/poids \u00e9lev\u00e9, une excellente plan\u00e9it\u00e9 des surfaces, une r\u00e9sistance aux intemp\u00e9ries et un large \u00e9ventail d'options de conception pour les int\u00e9rieurs et les ext\u00e9rieurs modernes.\n<\/p>\n<p><\/p>\n<p><b>3. O\u00f9 le syst\u00e8me de plafond en panneaux composites est-il couramment utilis\u00e9 ?<\/b><\/p>\n<p>Ces syst\u00e8mes sont largement utilis\u00e9s dans les b\u00e2timents commerciaux, les a\u00e9roports, les centres commerciaux, les centres de transport et les espaces de bureaux haut de gamme pour leur aspect \u00e9l\u00e9gant et leurs performances.\n<\/p>\n<p><\/p>\n<p><b>4) Comment la structure composite am\u00e9liore-t-elle les performances du plafond ?<\/b><\/p>\n<p>La structure multicouche renforce la rigidit\u00e9, r\u00e9duit la d\u00e9formation et assure un alignement coh\u00e9rent des panneaux, ce qui en fait la solution id\u00e9ale pour les applications de plafonds \u00e0 grande port\u00e9e.\n<\/p>\n<p><\/p>\n<p><b>5. les syst\u00e8mes de plafonds en panneaux composites peuvent-ils \u00eatre personnalis\u00e9s ?<\/b><\/p>\n<p>Oui, la taille, l'\u00e9paisseur, la forme, la couleur, la finition et les motifs de perforation des panneaux peuvent \u00eatre personnalis\u00e9s pour r\u00e9pondre \u00e0 des exigences architecturales et acoustiques sp\u00e9cifiques.\n<\/p>\n<p><\/p>\n<p><b>6. quels sont les mat\u00e9riaux utilis\u00e9s dans les syst\u00e8mes de plafonds en panneaux composites ?<\/b><\/p>\n<p>Les panneaux de plafond composites sont g\u00e9n\u00e9ralement constitu\u00e9s de peaux d'aluminium coll\u00e9es \u00e0 un mat\u00e9riau central non toxique tel que le poly\u00e9thyl\u00e8ne ou un noyau min\u00e9ral ignifuge pour une s\u00e9curit\u00e9 et des performances accrues.\n<\/p>\n<p><\/p>\n<p><b>7. l'\u00e9clairage et le chauffage, la ventilation et la climatisation peuvent-ils \u00eatre int\u00e9gr\u00e9s dans les plafonds en panneaux composites ?<\/b><\/p>\n<p>Dans l'absolu, les syst\u00e8mes de plafonds composites permettent une int\u00e9gration transparente des appareils d'\u00e9clairage, des diffuseurs d'air et d'autres composants MEP pour une conception rationalis\u00e9e des plafonds.\n<\/p>\n<p><\/p>\n<p><b>8. les syst\u00e8mes de plafonds en panneaux composites sont-ils faciles \u00e0 installer et \u00e0 entretenir ?<\/b><\/p>\n<p>Oui, ces syst\u00e8mes sont con\u00e7us pour une installation rapide avec des syst\u00e8mes de suspension cach\u00e9s et permettent un nettoyage facile et un entretien minimal \u00e0 long terme.\n<\/p>\n<p><\/p>\n<p><b>9. quelles sont les finitions disponibles pour les syst\u00e8mes de plafonds en panneaux composites ?<\/b><\/p>\n<p>Les finitions disponibles comprennent le rev\u00eatement PVDF, le rev\u00eatement par poudre, l'anodisation, le miroir, le brossage, le grain de bois et les couleurs RAL personnalis\u00e9es pour un aspect haut de gamme.\n<\/p>\n<p><\/p>\n<p><b>10. le syst\u00e8me de plafond en panneaux composites est-il respectueux de l'environnement ?<\/b><\/p>\n<p>Oui, les syst\u00e8mes de plafonds en panneaux composites sont fabriqu\u00e9s avec de l'aluminium recyclable et des noyaux \u00e9cologiques, ce qui favorise la construction durable et les normes de construction \u00e9cologiques.\n<\/p>\n<p><\/p>","protected":false},"featured_media":3472,"template":"","categories":[47],"class_list":["post-3469","product","type-product","status-publish","has-post-thumbnail","hentry","category-tile-ceiling-systems"],"meta_box":{"hilight_text_group":{"product_hilight_text":"Composite panel ceiling system, compounded by different samdwich includingaluminum honeycomb, aluminum corrugated, mineral wool and glass-fiber aswell as fire resistance & sound.absorption fiber, clip-in and lay-in styie coenpositepanel celling systems which are newy invented are to satisfy the higher levelsof needs from customers.<br><br>\r\r\n<b>System features:<\/b>\r\r\n<ul>\r\r\n<li>Better sound absorption performance than traditional perforation aluminumtile ceiling;<\/li>\r\r\n<li>Better thermal insulation properties than traditional aluminum tile ceiling;<\/li>\r\r\n<li>Higher fire resistance levels than traditional perforation aluminum tile ceiling;<\/li>\r\r\n<li>Higher degree of hardness, seismic performance and better flatness thantraditional aluminum tile ceiling;<\/li>\r\r\n<li>Free of formaldehyde and other harmful chemicals in composite materials tile,environmentally friendly and durabie.<\/li>\r\r\n<\/ul>","product_chanpin_chanpin":"<li><a href=\"https:\/\/sinoextrud.com\/product\/the-new-perforated-ceiling-system\/\" target=\"_blank\">The New Perforated Ceiling System<\/a><\/li>\r\n<li><a href=\"https:\/\/sinoextrud.com\/product\/800-800mm-clip-in-ceiling-system\/\" target=\"_blank\">800x800mm Clip-in Ceiling System<\/a><\/li>\r\n<li><a href=\"https:\/\/sinoextrud.com\/product\/combination-ceiling-system\/\" target=\"_blank\">Combination Ceiling System<\/a><\/li>\r\n<li><a href=\"https:\/\/sinoextrud.com\/product\/deep-type-combination-ceiling-system\/\" target=\"_blank\">Deep-type Combination Ceiling System<\/a><\/li>\r\n<li><a href=\"https:\/\/sinoextrud.com\/product\/composite-panel-ceiling-system\/\" target=\"_blank\">Composite Panel Ceiling System<\/a><\/li>\r\n<li><a href=\"https:\/\/sinoextrud.com\/product\/hook-on-tile-ceiling-system\/\" target=\"_blank\">Hook-On Tile Ceiling System<\/a><\/li>\r\n<li><a href=\"https:\/\/sinoextrud.com\/product\/perforation-aluminum-ceiling-system\/\" target=\"_blank\">Perforation Aluminum Ceiling System<\/a><\/li>\r\n<li><a href=\"https:\/\/sinoextrud.com\/product\/aluminum-ceiling-system\/\" target=\"_blank\">Aluminum Ceiling System<\/a><\/li>\r\n<li><a href=\"https:\/\/sinoextrud.com\/product\/c-shaped-closed-linear-ceiling-system\/\" target=\"_blank\">C-Shaped Closed Linear Ceiling System<\/a><\/li>\r\n<li><a href=\"https:\/\/sinoextrud.com\/product\/custom-aluminum-extrusion-cnc-machining-aluminum-profile\/\" target=\"_blank\">Custom Aluminum Extrusion CNC Machining Aluminum Profile<\/a><\/li>\r\n<li><a href=\"https:\/\/sinoextrud.com\/product\/industrial-aluminum-extrusion-profile\/\" target=\"_blank\">Industrial Aluminum Extrusion Profile<\/a><\/li>"},"feature_list":[]},"_links":{"self":[{"href":"https:\/\/sinoextrud.com\/fr\/wp-json\/wp\/v2\/product\/3469","targetHints":{"allow":["GET"]}}],"collection":[{"href":"https:\/\/sinoextrud.com\/fr\/wp-json\/wp\/v2\/product"}],"about":[{"href":"https:\/\/sinoextrud.com\/fr\/wp-json\/wp\/v2\/types\/product"}],"wp:featuredmedia":[{"embeddable":true,"href":"https:\/\/sinoextrud.com\/fr\/wp-json\/wp\/v2\/media\/3472"}],"wp:attachment":[{"href":"https:\/\/sinoextrud.com\/fr\/wp-json\/wp\/v2\/media?parent=3469"}],"wp:term":[{"taxonomy":"category","embeddable":true,"href":"https:\/\/sinoextrud.com\/fr\/wp-json\/wp\/v2\/categories?post=3469"}],"curies":[{"name":"wp","href":"https:\/\/api.w.org\/{rel}","templated":true}]}}