{"id":3451,"date":"2025-04-26T02:54:03","date_gmt":"2025-04-26T02:54:03","guid":{"rendered":"https:\/\/sinoextrud.com\/?post_type=product&#038;p=3451"},"modified":"2025-06-24T03:50:57","modified_gmt":"2025-06-24T03:50:57","slug":"800-800mm-systeme-de-plafond-a-clipser","status":"publish","type":"product","link":"https:\/\/sinoextrud.com\/fr\/product\/800-800mm-clip-in-ceiling-system\/","title":{"rendered":"Syst\u00e8me de plafond \u00e0 clipser 800x800mm"},"content":{"rendered":"<h2>TAILLE STANDARD<\/h2>\n<p><img loading=\"lazy\" decoding=\"async\" src=\"https:\/\/sinoextrud.com\/wp-content\/uploads\/800-800mm-clip-in-Ceiling-System-gg.webp\" alt=\"Syst\u00e8me de plafond \u00e0 clipser 800x800mm\" width=\"599\" height=\"253\" class=\"size-full wp-image-3454\" srcset=\"https:\/\/sinoextrud.com\/wp-content\/uploads\/800-800mm-clip-in-Ceiling-System-gg.webp 599w, https:\/\/sinoextrud.com\/wp-content\/uploads\/800-800mm-clip-in-Ceiling-System-gg-18x8.webp 18w\" sizes=\"auto, (max-width: 599px) 100vw, 599px\" \/><\/p>\n<h2>Processus de production<\/h2>\n<p><img decoding=\"async\" src=\"\/wp-content\/uploads\/zzlc01.webp\" alt=\"Processus de production\"  \/><br \/>\n<img decoding=\"async\" src=\"\/wp-content\/uploads\/zzlc02.webp\" alt=\"Processus de production\"  \/><br \/>\n<img decoding=\"async\" src=\"\/wp-content\/uploads\/zzlc03.webp\" alt=\"Processus de production\"  \/><br \/>\n<img decoding=\"async\" src=\"\/wp-content\/uploads\/zzlc04.webp\" alt=\"Processus de production\"  \/><\/p>\n<h2>FAQ<\/h2>\n<p><b>1) Qu'est-ce qu'un syst\u00e8me de plafond \u00e0 clipser 800x800mm ?<\/b><\/p>\n<p>Le syst\u00e8me de plafond \u00e0 clipser de 800 x 800 mm est une solution de plafond m\u00e9tallique modulaire comprenant des panneaux carr\u00e9s en aluminium qui se clipsent en toute s\u00e9curit\u00e9 dans une grille de suspension dissimul\u00e9e, cr\u00e9ant ainsi une surface de plafond propre et affleurante.\n<\/p>\n<p><\/p>\n<p><b>2) Quels sont les avantages d'un syst\u00e8me de plafond \u00e0 clipser de 800 x 800 mm ?<\/b><\/p>\n<p>Le syst\u00e8me de plafond \u00e0 clipser 800x800mm offre un aspect sans joint, une excellente durabilit\u00e9, des performances acoustiques, une r\u00e9sistance au feu et un acc\u00e8s facile au pl\u00e9num du plafond pour la maintenance.\n<\/p>\n<p><\/p>\n<p><b>3. O\u00f9 le syst\u00e8me de plafond \u00e0 clipser 800x800mm est-il couramment utilis\u00e9 ?<\/b><\/p>\n<p>Ce syst\u00e8me de plafond est id\u00e9al pour les bureaux commerciaux, les h\u00f4pitaux, les a\u00e9roports, les centres commerciaux et les b\u00e2timents publics qui exigent des performances \u00e9lev\u00e9es et une finition moderne.\n<\/p>\n<p><\/p>\n<p><b>4. en quoi le m\u00e9canisme de clipsage est-il b\u00e9n\u00e9fique pour les performances du plafond ?<\/b><\/p>\n<p>Le syst\u00e8me de clipsage garantit que chaque panneau est fermement fix\u00e9, offrant une surface de plafond plane et r\u00e9sistante aux vibrations, tout en permettant un retrait facile sans outils.\n<\/p>\n<p><\/p>\n<p><b>5. quels sont les mat\u00e9riaux utilis\u00e9s dans les syst\u00e8mes de plafonds \u00e0 clipser 800x800mm ?<\/b><\/p>\n<p>Ces plafonds sont g\u00e9n\u00e9ralement fabriqu\u00e9s en aluminium ou en acier galvanis\u00e9 de premi\u00e8re qualit\u00e9, ce qui leur conf\u00e8re une r\u00e9sistance \u00e0 la corrosion, une solidit\u00e9 et des performances \u00e0 long terme.\n<\/p>\n<p><\/p>\n<p><b>6. les panneaux de plafond \u00e0 clipser 800x800mm peuvent-ils \u00eatre personnalis\u00e9s ?<\/b><\/p>\n<p>Oui, l'\u00e9paisseur du panneau, le motif de perforation, la couleur et la finition de la surface peuvent tous \u00eatre personnalis\u00e9s pour r\u00e9pondre \u00e0 des exigences sp\u00e9cifiques en mati\u00e8re de conception et d'acoustique.\n<\/p>\n<p><\/p>\n<p><b>7. l'int\u00e9gration de l'\u00e9clairage est-elle possible avec les syst\u00e8mes de plafonds \u00e0 clipser de 800x800mm ?<\/b><\/p>\n<p>Absolument, le syst\u00e8me permet l'int\u00e9gration d'\u00e9clairages encastr\u00e9s, d'\u00e9vents de chauffage, de ventilation, de protection contre les incendies et de syst\u00e8mes de haut-parleurs pour une solution de plafond compl\u00e8te.\n<\/p>\n<p><\/p>\n<p><b>8. les plafonds \u00e0 clipser 800x800mm sont-ils faciles \u00e0 installer et \u00e0 entretenir ?<\/b><\/p>\n<p>Oui, leur syst\u00e8me de grille modulaire et cach\u00e9 permet une installation rapide et un retrait simple des panneaux pour l'entretien de routine ou les mises \u00e0 niveau du syst\u00e8me.\n<\/p>\n<p><\/p>\n<p><b>9. quelles sont les finitions disponibles pour les panneaux de plafond clipsables 800x800mm ?<\/b><\/p>\n<p>Les finitions disponibles comprennent le rev\u00eatement par poudre, l'anodisation, l'aluminium bross\u00e9, le mat, le grain de bois et les couleurs RAL personnalis\u00e9es pour diff\u00e9rents styles d'int\u00e9rieur.\n<\/p>\n<p><\/p>\n<p><b>10. Le syst\u00e8me de plafond \u00e0 clipser 800x800mm est-il respectueux de l'environnement ?<\/b><\/p>\n<p>Oui, fabriqu\u00e9 \u00e0 partir d'aluminium recyclable, ce syst\u00e8me de plafond soutient les pratiques de construction durable et r\u00e9pond aux normes de construction \u00e9cologique.\n<\/p>\n<p><\/p>","protected":false},"featured_media":3452,"template":"","categories":[47],"class_list":["post-3451","product","type-product","status-publish","has-post-thumbnail","hentry","category-tile-ceiling-systems"],"meta_box":{"hilight_text_group":{"product_hilight_text":"<ul>\r\r\n  <li><strong>\u2714 Quick Installation<\/strong> - Tool-free clip-in design saves 50% labor time<\/li>\r\r\n  <li><strong>\u2714 Seamless Appearance<\/strong> - 800x800mm large panels minimize visible joints<\/li>\r\r\n  <li><strong>\u2714 Superior Acoustics<\/strong> - NRC 0.8 sound absorption for open offices<\/li>\r\r\n  <li><strong>\u2714 Easy Maintenance<\/strong> - Individual panel replacement without grid disassembly<\/li>\r\r\n  <li><strong>\u2714 Lighting Ready<\/strong> - Pre-cut openings for LED panel integration<\/li>\r\r\n  <li><strong>\u2714 Fire Rated<\/strong> - Class A fire protection meeting commercial standards<\/li>\r\r\n  <li><strong>\u2714 Cost Effective<\/strong> - 30% material savings vs traditional ceiling systems<\/li>\r\r\n  <li><strong>\u2714 Eco-Friendly<\/strong> - Recyclable mineral fiber with low VOC emissions<\/li>\r\r\n<\/ul>\r\r\n<p><em>Ideal for: Offices | Retail | Schools | Healthcare Facilities<\/em><\/p>","product_tu_tu":"<img width=\"320\" height=\"210\" src=\"https:\/\/sinoextrud.com\/wp-content\/uploads\/800-800mm-clip-in-Ceiling-System-xg.webp\" alt=\"800x800mm clip-in Ceiling System\" title=\"800x800mm clip-in Ceiling System\">","product_chanpin_chanpin":"<li><a href=\"https:\/\/sinoextrud.com\/product\/diamond-type-ceiling-system\/\" target=\"_blank\">Diamond Type Ceiling System (Diamond plate Ceiling Tiles)<\/a><\/li>\r\n<li><a href=\"https:\/\/sinoextrud.com\/product\/trapezoidal-type-ceiling-system\/\" target=\"_blank\">Trapezoidal Type Ceiling System<\/a><\/li>\r\n<li><a href=\"https:\/\/sinoextrud.com\/product\/shaped-tile-ceiling-system\/\" target=\"_blank\">Shaped Tile Ceiling System<\/a><\/li>\r\n<li><a href=\"https:\/\/sinoextrud.com\/product\/the-new-perforated-ceiling-system\/\" target=\"_blank\">The New Perforated Ceiling System<\/a><\/li>\r\n<li><a href=\"https:\/\/sinoextrud.com\/product\/800-800mm-clip-in-ceiling-system\/\" target=\"_blank\">800x800mm Clip-in Ceiling System<\/a><\/li>\r\n<li><a href=\"https:\/\/sinoextrud.com\/product\/combination-ceiling-system\/\" target=\"_blank\">Combination Ceiling System<\/a><\/li>\r\n<li><a href=\"https:\/\/sinoextrud.com\/product\/deep-type-combination-ceiling-system\/\" target=\"_blank\">Deep-type Combination Ceiling System<\/a><\/li>\r\n<li><a href=\"https:\/\/sinoextrud.com\/product\/composite-panel-ceiling-system\/\" target=\"_blank\">Composite Panel Ceiling System<\/a><\/li>\r\n<li><a href=\"https:\/\/sinoextrud.com\/product\/hook-on-tile-ceiling-system\/\" target=\"_blank\">Hook-On Tile Ceiling System<\/a><\/li>\r\n<li><a href=\"https:\/\/sinoextrud.com\/product\/purification-workshop-aluminum-profiles\/\" target=\"_blank\">Purification Workshop Aluminum Profiles<\/a><\/li>\r\n<li><a href=\"https:\/\/sinoextrud.com\/product\/extruded-aluminum-structural-framing\/\" target=\"_blank\">Extruded Aluminum Structural Framing<\/a><\/li>"},"feature_list":[]},"_links":{"self":[{"href":"https:\/\/sinoextrud.com\/fr\/wp-json\/wp\/v2\/product\/3451","targetHints":{"allow":["GET"]}}],"collection":[{"href":"https:\/\/sinoextrud.com\/fr\/wp-json\/wp\/v2\/product"}],"about":[{"href":"https:\/\/sinoextrud.com\/fr\/wp-json\/wp\/v2\/types\/product"}],"wp:featuredmedia":[{"embeddable":true,"href":"https:\/\/sinoextrud.com\/fr\/wp-json\/wp\/v2\/media\/3452"}],"wp:attachment":[{"href":"https:\/\/sinoextrud.com\/fr\/wp-json\/wp\/v2\/media?parent=3451"}],"wp:term":[{"taxonomy":"category","embeddable":true,"href":"https:\/\/sinoextrud.com\/fr\/wp-json\/wp\/v2\/categories?post=3451"}],"curies":[{"name":"wp","href":"https:\/\/api.w.org\/{rel}","templated":true}]}}