{"id":3435,"date":"2025-04-26T02:27:18","date_gmt":"2025-04-26T02:27:18","guid":{"rendered":"https:\/\/sinoextrud.com\/?post_type=product&#038;p=3435"},"modified":"2025-06-24T03:50:51","modified_gmt":"2025-06-24T03:50:51","slug":"systeme-de-plafond-a-dalles-faconnees","status":"publish","type":"product","link":"https:\/\/sinoextrud.com\/fr\/product\/shaped-tile-ceiling-system\/","title":{"rendered":"Syst\u00e8me de plafonds en forme de tuiles"},"content":{"rendered":"<h2>TAILLE STANDARD<\/h2>\n<p>600x600mm<\/p>\n<p>1 : Les tailles non standard peuvent \u00eatre personnalis\u00e9es ;<\/p>\n<p>2 : Les tuiles \u00e0 poser en fer galvanis\u00e9 peuvent \u00eatre personnalis\u00e9es.<\/p>\n<p><img loading=\"lazy\" decoding=\"async\" src=\"https:\/\/sinoextrud.com\/wp-content\/uploads\/Shaped-Tile-Ceiling-System-gg1.webp\" alt=\"Syst\u00e8me de plafonds en forme de tuiles\" width=\"619\" height=\"663\" class=\"size-full wp-image-3442\" srcset=\"https:\/\/sinoextrud.com\/wp-content\/uploads\/Shaped-Tile-Ceiling-System-gg1.webp 619w, https:\/\/sinoextrud.com\/wp-content\/uploads\/Shaped-Tile-Ceiling-System-gg1-11x12.webp 11w, https:\/\/sinoextrud.com\/wp-content\/uploads\/Shaped-Tile-Ceiling-System-gg1-600x643.webp 600w\" sizes=\"auto, (max-width: 619px) 100vw, 619px\" \/><br \/>\n<img loading=\"lazy\" decoding=\"async\" src=\"https:\/\/sinoextrud.com\/wp-content\/uploads\/Shaped-Tile-Ceiling-System-gg2.webp\" alt=\"Syst\u00e8me de plafonds en forme de tuiles\" width=\"633\" height=\"660\" class=\"size-full wp-image-3443\" srcset=\"https:\/\/sinoextrud.com\/wp-content\/uploads\/Shaped-Tile-Ceiling-System-gg2.webp 633w, https:\/\/sinoextrud.com\/wp-content\/uploads\/Shaped-Tile-Ceiling-System-gg2-12x12.webp 12w, https:\/\/sinoextrud.com\/wp-content\/uploads\/Shaped-Tile-Ceiling-System-gg2-600x626.webp 600w\" sizes=\"auto, (max-width: 633px) 100vw, 633px\" \/><\/p>\n<h2>Processus de production<\/h2>\n<p><img decoding=\"async\" src=\"\/wp-content\/uploads\/zzlc01.webp\" alt=\"Processus de production\"  \/><br \/>\n<img decoding=\"async\" src=\"\/wp-content\/uploads\/zzlc02.webp\" alt=\"Processus de production\"  \/><br \/>\n<img decoding=\"async\" src=\"\/wp-content\/uploads\/zzlc03.webp\" alt=\"Processus de production\"  \/><br \/>\n<img decoding=\"async\" src=\"\/wp-content\/uploads\/zzlc04.webp\" alt=\"Processus de production\"  \/><\/p>\n<h2>FAQ<\/h2>\n<p><b>1) Qu'est-ce qu'un syst\u00e8me de plafond \u00e0 dalles fa\u00e7onn\u00e9es ?<\/b><\/p>\n<p>Un syst\u00e8me de plafond \u00e0 dalles fa\u00e7onn\u00e9es est une solution modulaire de plafond suspendu pr\u00e9sentant des formes de dalles uniques ou non standard, con\u00e7ues pour ajouter un int\u00e9r\u00eat architectural et des effets visuels dynamiques aux espaces int\u00e9rieurs.\n<\/p>\n<p><\/p>\n<p><b>2. quels sont les avantages d'un syst\u00e8me de plafond \u00e0 dalles moul\u00e9es ?<\/b><\/p>\n<p>Les syst\u00e8mes de plafonds \u00e0 dalles fa\u00e7onn\u00e9es offrent une plus grande souplesse de conception, un fort impact esth\u00e9tique, des performances acoustiques et une int\u00e9gration facile avec les syst\u00e8mes d'\u00e9clairage et de chauffage, de ventilation et de climatisation.\n<\/p>\n<p><\/p>\n<p><b>3) O\u00f9 le syst\u00e8me de plafond \u00e0 dalles moul\u00e9es est-il couramment utilis\u00e9 ?<\/b><\/p>\n<p>Ces syst\u00e8mes sont id\u00e9aux pour les mus\u00e9es, les a\u00e9roports, les halls d'entr\u00e9e des entreprises, les b\u00e2timents commerciaux et les centres culturels qui n\u00e9cessitent une conception cr\u00e9ative des plafonds.\n<\/p>\n<p><\/p>\n<p><b>4. en quoi le design de la forme am\u00e9liore-t-il l'esth\u00e9tique du plafond ?<\/b><\/p>\n<p>Les formes non lin\u00e9aires des dalles cr\u00e9ent de la profondeur, du mouvement et une g\u00e9om\u00e9trie moderne dans la disposition des plafonds, ce qui les rend adapt\u00e9es \u00e0 des concepts architecturaux audacieux et personnalis\u00e9s.\n<\/p>\n<p><\/p>\n<p><b>5. quels sont les mat\u00e9riaux utilis\u00e9s dans les syst\u00e8mes de plafonds \u00e0 dalles fa\u00e7onn\u00e9es ?<\/b><\/p>\n<p>Les dalles de plafond fa\u00e7onn\u00e9es sont g\u00e9n\u00e9ralement fabriqu\u00e9es en aluminium ou en acier galvanis\u00e9 de haute qualit\u00e9 pour leur solidit\u00e9, leur r\u00e9sistance \u00e0 la corrosion et leur durabilit\u00e9 \u00e0 long terme.\n<\/p>\n<p><\/p>\n<p><b>6. les syst\u00e8mes de plafonds \u00e0 dalles fa\u00e7onn\u00e9es peuvent-ils \u00eatre personnalis\u00e9s ?<\/b><\/p>\n<p>Oui, la forme, la taille, la courbure, la perforation, la couleur et la finition de surface des panneaux peuvent toutes \u00eatre personnalis\u00e9es pour r\u00e9pondre aux objectifs architecturaux et d'image de marque propres \u00e0 chaque projet.\n<\/p>\n<p><\/p>\n<p><b>7. l'int\u00e9gration de l'\u00e9clairage est-elle possible avec les syst\u00e8mes de plafonds \u00e0 dalles fa\u00e7onn\u00e9es ?<\/b><\/p>\n<p>Absolument, les syst\u00e8mes de plafonds \u00e0 dalles fa\u00e7onn\u00e9es prennent en charge l'\u00e9clairage int\u00e9gr\u00e9, y compris les spots, les LED lin\u00e9aires et les \u00e9l\u00e9ments r\u00e9tro\u00e9clair\u00e9s pour un effet visuel saisissant.\n<\/p>\n<p><\/p>\n<p><b>8. les syst\u00e8mes de plafonds \u00e0 dalles moul\u00e9es sont-ils faciles \u00e0 installer et \u00e0 entretenir ?<\/b><\/p>\n<p>Oui, le syst\u00e8me de panneaux modulaires permet une installation efficace et un d\u00e9montage facile pour l'acc\u00e8s aux \u00e9quipements a\u00e9riens et la maintenance du syst\u00e8me.\n<\/p>\n<p><\/p>\n<p><b>9. quelles sont les finitions disponibles pour les syst\u00e8mes de plafonds \u00e0 dalles fa\u00e7onn\u00e9es ?<\/b><\/p>\n<p>Les finitions disponibles comprennent le rev\u00eatement par poudre, l'anodisation, l'aluminium bross\u00e9, le grain de bois et les couleurs RAL personnalis\u00e9es pour un large \u00e9ventail de pr\u00e9f\u00e9rences en mati\u00e8re de design.\n<\/p>\n<p><\/p>\n<p><b>10. le syst\u00e8me de plafond \u00e0 dalles moul\u00e9es est-il respectueux de l'environnement ?<\/b><\/p>\n<p>Oui, les syst\u00e8mes de plafonds \u00e0 dalles fa\u00e7onn\u00e9es sont fabriqu\u00e9s \u00e0 partir de mat\u00e9riaux recyclables tels que l'aluminium et soutiennent les pratiques de construction durables et les certifications \u00e9cologiques.\n<\/p>\n<p><\/p>","protected":false},"featured_media":3438,"template":"","categories":[47],"class_list":["post-3435","product","type-product","status-publish","has-post-thumbnail","hentry","category-tile-ceiling-systems"],"meta_box":{"hilight_text_group":{"product_hilight_text":"shaped tile celing is based on the flat square plate celing, added with a extrusion molding proces, which gives a rich stereoscopic elect vsually, butthe installation method is stil exactly the same as the square plate celing, lt is applicable for the decoration of large and medium sized bullding suchas ofice buildings, hotels, hotels, stations, airports, commercial and entertainment places, senior residential buildings, etc.","product_tu_tu":"<img width=\"320\" height=\"210\" src=\"https:\/\/sinoextrud.com\/wp-content\/uploads\/Shaped-Tile-Ceiling-System-xg.webp\" alt=\"Shaped Tile Ceiling System\" title=\"Shaped Tile Ceiling System\">","product_chanpin_chanpin":"<li><a href=\"https:\/\/sinoextrud.com\/product\/triangle-ceiling-system\/\" target=\"_blank\">Triangle Ceiling System (Triangle Ceiling)<\/a><\/li>\r\n<li><a href=\"https:\/\/sinoextrud.com\/product\/the-hexagonal-type-ceiling-system\/\" target=\"_blank\">The Hexagonal Type Ceiling System (Hexagonal Ceiling)<\/a><\/li>\r\n<li><a href=\"https:\/\/sinoextrud.com\/product\/diamond-type-ceiling-system\/\" target=\"_blank\">Diamond Type Ceiling System (Diamond plate Ceiling Tiles)<\/a><\/li>\r\n<li><a href=\"https:\/\/sinoextrud.com\/product\/trapezoidal-type-ceiling-system\/\" target=\"_blank\">Trapezoidal Type Ceiling System<\/a><\/li>\r\n<li><a href=\"https:\/\/sinoextrud.com\/product\/shaped-tile-ceiling-system\/\" target=\"_blank\">Shaped Tile Ceiling System<\/a><\/li>\r\n<li><a href=\"https:\/\/sinoextrud.com\/product\/the-new-perforated-ceiling-system\/\" target=\"_blank\">The New Perforated Ceiling System<\/a><\/li>\r\n<li><a href=\"https:\/\/sinoextrud.com\/product\/800-800mm-clip-in-ceiling-system\/\" target=\"_blank\">800x800mm Clip-in Ceiling System<\/a><\/li>\r\n<li><a href=\"https:\/\/sinoextrud.com\/product\/combination-ceiling-system\/\" target=\"_blank\">Combination Ceiling System<\/a><\/li>\r\n<li><a href=\"https:\/\/sinoextrud.com\/product\/deep-type-combination-ceiling-system\/\" target=\"_blank\">Deep-type Combination Ceiling System<\/a><\/li>\r\n<li><a href=\"https:\/\/sinoextrud.com\/product\/large-aluminum-extrusion-2\/\" target=\"_blank\">Large Aluminum Extrusion<\/a><\/li>\r\n<li><a href=\"https:\/\/sinoextrud.com\/product\/wood-grain-aluminium-frame-composite-used\/\" target=\"_blank\">Wood Grain Aluminium Frame Composite used<\/a><\/li>"},"feature_list":[]},"_links":{"self":[{"href":"https:\/\/sinoextrud.com\/fr\/wp-json\/wp\/v2\/product\/3435","targetHints":{"allow":["GET"]}}],"collection":[{"href":"https:\/\/sinoextrud.com\/fr\/wp-json\/wp\/v2\/product"}],"about":[{"href":"https:\/\/sinoextrud.com\/fr\/wp-json\/wp\/v2\/types\/product"}],"wp:featuredmedia":[{"embeddable":true,"href":"https:\/\/sinoextrud.com\/fr\/wp-json\/wp\/v2\/media\/3438"}],"wp:attachment":[{"href":"https:\/\/sinoextrud.com\/fr\/wp-json\/wp\/v2\/media?parent=3435"}],"wp:term":[{"taxonomy":"category","embeddable":true,"href":"https:\/\/sinoextrud.com\/fr\/wp-json\/wp\/v2\/categories?post=3435"}],"curies":[{"name":"wp","href":"https:\/\/api.w.org\/{rel}","templated":true}]}}