{"id":3428,"date":"2025-04-26T02:09:09","date_gmt":"2025-04-26T02:09:09","guid":{"rendered":"https:\/\/sinoextrud.com\/?post_type=product&#038;p=3428"},"modified":"2025-06-24T03:50:49","modified_gmt":"2025-06-24T03:50:49","slug":"systeme-de-plafond-de-type-trapezoidal","status":"publish","type":"product","link":"https:\/\/sinoextrud.com\/fr\/product\/trapezoidal-type-ceiling-system\/","title":{"rendered":"Syst\u00e8me de plafond de type trap\u00e9zo\u00efdal"},"content":{"rendered":"<h2>TAILLE STANDARD<\/h2>\n<p><img loading=\"lazy\" decoding=\"async\" src=\"https:\/\/sinoextrud.com\/wp-content\/uploads\/Trapezoidal-Type-Ceiling-System-gg.webp\" alt=\"Syst\u00e8me de plafond de type trap\u00e9zo\u00efdal\" width=\"662\" height=\"356\" class=\"size-full wp-image-3433\" srcset=\"https:\/\/sinoextrud.com\/wp-content\/uploads\/Trapezoidal-Type-Ceiling-System-gg.webp 662w, https:\/\/sinoextrud.com\/wp-content\/uploads\/Trapezoidal-Type-Ceiling-System-gg-18x10.webp 18w, https:\/\/sinoextrud.com\/wp-content\/uploads\/Trapezoidal-Type-Ceiling-System-gg-600x323.webp 600w\" sizes=\"auto, (max-width: 662px) 100vw, 662px\" \/><\/p>\n<h2>Sch\u00e9ma d'installation<\/h2>\n<p><img decoding=\"async\" src=\"https:\/\/sinoextrud.com\/wp-content\/uploads\/Trapezoidal-Type-Ceiling-System-anzhuang.webp\" alt=\"Syst\u00e8me de plafond de type trap\u00e9zo\u00efdal\"  \/><\/p>\n<h2>Processus de production<\/h2>\n<p><img decoding=\"async\" src=\"\/wp-content\/uploads\/zzlc01.webp\" alt=\"Processus de production\"  \/><br \/>\n<img decoding=\"async\" src=\"\/wp-content\/uploads\/zzlc02.webp\" alt=\"Processus de production\"  \/><br \/>\n<img decoding=\"async\" src=\"\/wp-content\/uploads\/zzlc03.webp\" alt=\"Processus de production\"  \/><br \/>\n<img decoding=\"async\" src=\"\/wp-content\/uploads\/zzlc04.webp\" alt=\"Processus de production\"  \/><\/p>\n<h2>FAQ<\/h2>\n<p><b>1) Qu'est-ce qu'un syst\u00e8me de plafond de type trap\u00e9zo\u00efdal ?<\/b><\/p>\n<p>Un syst\u00e8me de plafond de type trap\u00e9zo\u00efdal est une solution moderne de plafond suspendu comprenant des panneaux en aluminium de forme trap\u00e9zo\u00efdale, con\u00e7us pour cr\u00e9er des motifs g\u00e9om\u00e9triques audacieux et des effets de plafond dimensionnels.\n<\/p>\n<p><\/p>\n<p><b>2. quels sont les avantages d'un syst\u00e8me de plafond de type trap\u00e9zo\u00efdal ?<\/b><\/p>\n<p>Les syst\u00e8mes de plafonds de type trap\u00e9zo\u00efdal offrent un impact visuel dynamique, une profondeur spatiale am\u00e9lior\u00e9e, des performances acoustiques et des options de conception flexibles pour les int\u00e9rieurs architecturaux contemporains.\n<\/p>\n<p><\/p>\n<p><b>3. O\u00f9 le syst\u00e8me de plafond de type trap\u00e9zo\u00efdal est-il couramment utilis\u00e9 ?<\/b><\/p>\n<p>Ces syst\u00e8mes sont couramment utilis\u00e9s dans les a\u00e9roports, les mus\u00e9es, les b\u00e2timents commerciaux, les salles d'exposition et les centres de transport pour cr\u00e9er des plafonds modernes et originaux.\n<\/p>\n<p><\/p>\n<p><b>4) Comment la forme trap\u00e9zo\u00efdale am\u00e9liore-t-elle l'esth\u00e9tique du plafond ?<\/b><\/p>\n<p>Le design angulaire des panneaux trap\u00e9zo\u00efdaux cr\u00e9e un effet de plafond en 3D avec des jeux d'ombre et de lumi\u00e8re, ajoutant de la texture et un int\u00e9r\u00eat architectural aux grands espaces ouverts.\n<\/p>\n<p><\/p>\n<p><b>5. quels sont les mat\u00e9riaux utilis\u00e9s dans les syst\u00e8mes de plafonds de type trap\u00e9zo\u00efdal ?<\/b><\/p>\n<p>Les syst\u00e8mes de plafonds trap\u00e9zo\u00efdaux sont g\u00e9n\u00e9ralement fabriqu\u00e9s \u00e0 partir d'aluminium ou d'acier galvanis\u00e9 de haute qualit\u00e9, ce qui leur conf\u00e8re l\u00e9g\u00e8ret\u00e9, durabilit\u00e9, r\u00e9sistance \u00e0 la corrosion et s\u00e9curit\u00e9 incendie.\n<\/p>\n<p><\/p>\n<p><b>6. les syst\u00e8mes de plafonds trap\u00e9zo\u00efdaux peuvent-ils \u00eatre personnalis\u00e9s ?<\/b><\/p>\n<p>Oui, la taille du panneau, l'angle du trap\u00e8ze, la perforation, la finition, la couleur et la disposition peuvent tous \u00eatre adapt\u00e9s pour r\u00e9pondre aux exigences sp\u00e9cifiques du projet et de l'image de marque.\n<\/p>\n<p><\/p>\n<p><b>7. l'int\u00e9gration de l'\u00e9clairage est-elle possible avec les syst\u00e8mes de plafonds trap\u00e9zo\u00efdaux ?<\/b><\/p>\n<p>Dans l'absolu, les panneaux de plafond trap\u00e9zo\u00efdaux peuvent \u00eatre associ\u00e9s \u00e0 des syst\u00e8mes d'\u00e9clairage int\u00e9gr\u00e9s, notamment des LED encastr\u00e9es et des luminaires lin\u00e9aires, pour compl\u00e9ter la disposition g\u00e9om\u00e9trique.\n<\/p>\n<p><\/p>\n<p><b>8. les syst\u00e8mes de plafonds de type trap\u00e9zo\u00efdal sont-ils faciles \u00e0 installer et \u00e0 entretenir ?<\/b><\/p>\n<p>Oui, la conception modulaire et l'ing\u00e9nierie pr\u00e9cise garantissent une installation rapide, un alignement facile des panneaux et un acc\u00e8s ais\u00e9 pour la maintenance du syst\u00e8me.\n<\/p>\n<p><\/p>\n<p><b>9. quelles sont les finitions disponibles pour les syst\u00e8mes de plafonds de type trap\u00e9zo\u00efdal ?<\/b><\/p>\n<p>Les finitions disponibles comprennent le rev\u00eatement par poudre, l'anodisation, l'aluminium bross\u00e9, les textures de grain de bois et les couleurs RAL personnalis\u00e9es pour divers styles d'int\u00e9rieur.\n<\/p>\n<p><\/p>\n<p><b>10. le syst\u00e8me de plafond de type trap\u00e9zo\u00efdal est-il respectueux de l'environnement ?<\/b><\/p>\n<p>Oui, fabriqu\u00e9s \u00e0 partir d'aluminium recyclable, les syst\u00e8mes de plafonds trap\u00e9zo\u00efdaux favorisent la construction \u00e9cologique et contribuent \u00e0 la certification des b\u00e2timents verts.\n<\/p>\n<p><\/p>","protected":false},"featured_media":3430,"template":"","categories":[47],"class_list":["post-3428","product","type-product","status-publish","has-post-thumbnail","hentry","category-tile-ceiling-systems"],"meta_box":{"hilight_text_group":{"product_hilight_text":"Trapezoidal Ceiling System \u2013 Key Business Benefits<br>\r\r\n\u2714 Fast Installation \u2013 Modular design saves time and labor costs<br>\r\r\n\u2714 Superior Acoustics \u2013 Reduces noise in offices, schools, and hospitals<br>\r\r\n\u2714 Sleek & Modern \u2013 Tapered edges enhance visual appeal\r\r\n\u2714 Easy Maintenance \u2013 Durable aluminum, long-lasting performance\r\r\n\u2714 Customizable \u2013 Multiple colors, finishes, and sizes available<br>\r\r\n\u2714 Eco-Friendly \u2013 Recyclable materials, supports green building standards<br>\r\r\nIdeal for commercial, retail, and institutional projects.<br>","product_tu_tu":"<img width=\"320\" height=\"210\" src=\"https:\/\/sinoextrud.com\/wp-content\/uploads\/Trapezoidal-Type-Ceiling-System-xiaoguo.webp\" alt=\"Trapezoidal Type Ceiling System\" title=\"Trapezoidal Type Ceiling System\">","product_chanpin_chanpin":"<li><a href=\"https:\/\/sinoextrud.com\/product\/clip-in-tile-ceiling-system\/\" target=\"_blank\">Clip-in Tile Ceiling System<\/a><\/li>\r\n<li><a href=\"https:\/\/sinoextrud.com\/product\/triangle-ceiling-system\/\" target=\"_blank\">Triangle Ceiling System (Triangle Ceiling)<\/a><\/li>\r\n<li><a href=\"https:\/\/sinoextrud.com\/product\/the-hexagonal-type-ceiling-system\/\" target=\"_blank\">The Hexagonal Type Ceiling System (Hexagonal Ceiling)<\/a><\/li>\r\n<li><a href=\"https:\/\/sinoextrud.com\/product\/diamond-type-ceiling-system\/\" target=\"_blank\">Diamond Type Ceiling System (Diamond plate Ceiling Tiles)<\/a><\/li>\r\n<li><a href=\"https:\/\/sinoextrud.com\/product\/trapezoidal-type-ceiling-system\/\" target=\"_blank\">Trapezoidal Type Ceiling System<\/a><\/li>\r\n<li><a href=\"https:\/\/sinoextrud.com\/product\/shaped-tile-ceiling-system\/\" target=\"_blank\">Shaped Tile Ceiling System<\/a><\/li>\r\n<li><a href=\"https:\/\/sinoextrud.com\/product\/the-new-perforated-ceiling-system\/\" target=\"_blank\">The New Perforated Ceiling System<\/a><\/li>\r\n<li><a href=\"https:\/\/sinoextrud.com\/product\/800-800mm-clip-in-ceiling-system\/\" target=\"_blank\">800x800mm Clip-in Ceiling System<\/a><\/li>\r\n<li><a href=\"https:\/\/sinoextrud.com\/product\/combination-ceiling-system\/\" target=\"_blank\">Combination Ceiling System<\/a><\/li>\r\n<li><a href=\"https:\/\/sinoextrud.com\/product\/aluminum-outdoor-enclose-heat-sinks\/\" target=\"_blank\">Aluminum outdoor enclose heat sinks<\/a><\/li>\r\n<li><a href=\"https:\/\/sinoextrud.com\/product\/customized-ome-aluminium-profile-extruded-with-the-anodized-black-champage-silver-white-and-blasted-treatment\/\" target=\"_blank\">Customized OME Aluminium Profile Extruded With The Anodized Black Champage Silver White And Blasted Treatment<\/a><\/li>"},"feature_list":[]},"_links":{"self":[{"href":"https:\/\/sinoextrud.com\/fr\/wp-json\/wp\/v2\/product\/3428","targetHints":{"allow":["GET"]}}],"collection":[{"href":"https:\/\/sinoextrud.com\/fr\/wp-json\/wp\/v2\/product"}],"about":[{"href":"https:\/\/sinoextrud.com\/fr\/wp-json\/wp\/v2\/types\/product"}],"wp:featuredmedia":[{"embeddable":true,"href":"https:\/\/sinoextrud.com\/fr\/wp-json\/wp\/v2\/media\/3430"}],"wp:attachment":[{"href":"https:\/\/sinoextrud.com\/fr\/wp-json\/wp\/v2\/media?parent=3428"}],"wp:term":[{"taxonomy":"category","embeddable":true,"href":"https:\/\/sinoextrud.com\/fr\/wp-json\/wp\/v2\/categories?post=3428"}],"curies":[{"name":"wp","href":"https:\/\/api.w.org\/{rel}","templated":true}]}}