{"id":3374,"date":"2025-04-25T08:22:14","date_gmt":"2025-04-25T08:22:14","guid":{"rendered":"https:\/\/sinoextrud.com\/?post_type=product&#038;p=3374"},"modified":"2025-06-24T03:50:38","modified_gmt":"2025-06-24T03:50:38","slug":"systeme-de-plafond-a-dalles-a-clipser","status":"publish","type":"product","link":"https:\/\/sinoextrud.com\/fr\/product\/clip-in-tile-ceiling-system\/","title":{"rendered":"Syst\u00e8me de dalles de plafond \u00e0 clipser"},"content":{"rendered":"<h2>TAILLE STANDARD<\/h2>\n<p>1 : Les tailles non standard peuvent \u00eatre personnalis\u00e9es ;<\/p>\n<p>2 : Les tuiles \u00e0 poser en fer galvanis\u00e9 peuvent \u00eatre personnalis\u00e9es.<\/p>\n<table class=\"custom-table\">\n<tr>\n<td class=\"label\">ltem<\/td>\n<td>Taille<\/td>\n<td>Remarque<\/td>\n<\/tr>\n<tr>\n<td class=\"label\">TYPE1<\/td>\n<td>300x300mm<\/td>\n<td>Biseau, angle droit<\/td>\n<\/tr>\n<tr>\n<td class=\"label\">TYPE2<\/td>\n<td>300x600mm<\/td>\n<td>Biseau, angle droit<\/td>\n<\/tr>\n<tr>\n<td class=\"label\">TYPE3<\/td>\n<td>300x1200mm<\/td>\n<td>Biseau, angle droit<\/td>\n<\/tr>\n<tr>\n<td class=\"label\">TYPE4<\/td>\n<td>400x400mm<\/td>\n<td>Biseau, angle droit<\/td>\n<\/tr>\n<tr>\n<td class=\"label\">TYPE5<\/td>\n<td>500x500mm<\/td>\n<td>Biseau<\/td>\n<\/tr>\n<tr>\n<td class=\"label\">TYPE6<\/td>\n<td>500x1200mm<\/td>\n<td>Angle droit<\/td>\n<\/tr>\n<tr>\n<td class=\"label\">TYPE7<\/td>\n<td>600x600mm<\/td>\n<td>Biseau, angle droit<\/td>\n<\/tr>\n<tr>\n<td class=\"label\">TYPE8<\/td>\n<td>600x1200mm<\/td>\n<td>Biseau, angle droit<\/td>\n<\/tr>\n<tr>\n<td class=\"label\">TYPE9<\/td>\n<td>600x1800mm<\/td>\n<td>Biseau<\/td>\n<\/tr>\n<tr>\n<td class=\"label\">TYPE10<\/td>\n<td>800x800mm<\/td>\n<td>Biseau<\/td>\n<\/tr>\n<tr>\n<td class=\"label\">TYPE11<\/td>\n<td>800x1600mm<\/td>\n<td>Biseau<\/td>\n<\/tr>\n<\/table>\n<h2>Processus de production<\/h2>\n<p><img decoding=\"async\" src=\"\/wp-content\/uploads\/zzlc01.webp\" alt=\"Processus de production\"  \/><br \/>\n<img decoding=\"async\" src=\"\/wp-content\/uploads\/zzlc02.webp\" alt=\"Processus de production\"  \/><br \/>\n<img decoding=\"async\" src=\"\/wp-content\/uploads\/zzlc03.webp\" alt=\"Processus de production\"  \/><br \/>\n<img decoding=\"async\" src=\"\/wp-content\/uploads\/zzlc04.webp\" alt=\"Processus de production\"  \/><\/p>\n<h2>FAQ<\/h2>\n<p><b>1) Qu'est-ce qu'un syst\u00e8me de plafond \u00e0 dalles clips\u00e9es ?<\/b><\/p>\n<p>Un syst\u00e8me de plafond \u00e0 dalles clips\u00e9es est un plafond m\u00e9tallique suspendu dans lequel des dalles carr\u00e9es ou rectangulaires sont clips\u00e9es dans une grille cach\u00e9e, offrant un aspect de plafond propre, affleurant et sans joint.\n<\/p>\n<p><\/p>\n<p><b>2. quels sont les avantages d'un syst\u00e8me de plafond \u00e0 dalles clips\u00e9es ?<\/b><\/p>\n<p>Les syst\u00e8mes de plafonds \u00e0 dalles clipsables offrent une finition \u00e9l\u00e9gante, une installation facile, d'excellentes performances acoustiques, une r\u00e9sistance au feu et un acc\u00e8s rapide aux \u00e9quipements du plafond pour l'entretien.\n<\/p>\n<p><\/p>\n<p><b>3. O\u00f9 le syst\u00e8me de dalles de plafond \u00e0 clipser est-il couramment utilis\u00e9 ?<\/b><\/p>\n<p>Ce syst\u00e8me est largement utilis\u00e9 dans les bureaux, les a\u00e9roports, les h\u00f4pitaux, les centres commerciaux, les stations de m\u00e9tro et les int\u00e9rieurs commerciaux n\u00e9cessitant une solution de plafond moderne et professionnelle.\n<\/p>\n<p><\/p>\n<p><b>4. comment le m\u00e9canisme de clipsage am\u00e9liore-t-il les performances du plafond ?<\/b><\/p>\n<p>Le syst\u00e8me de clipsage garantit un alignement s\u00fbr des panneaux, minimise les vibrations et permet de retirer facilement les dalles individuelles sans outils sp\u00e9ciaux.\n<\/p>\n<p><\/p>\n<p><b>5. quels sont les mat\u00e9riaux utilis\u00e9s dans les syst\u00e8mes de plafonds \u00e0 dalles clipsables ?<\/b><\/p>\n<p>Les dalles de plafond \u00e0 clipser sont g\u00e9n\u00e9ralement fabriqu\u00e9es en aluminium ou en acier galvanis\u00e9 de haute qualit\u00e9 pour leur durabilit\u00e9, leur l\u00e9g\u00e8ret\u00e9 et leur r\u00e9sistance \u00e0 la corrosion.\n<\/p>\n<p><\/p>\n<p><b>6. les syst\u00e8mes de plafonds \u00e0 dalles clipsables peuvent-ils \u00eatre personnalis\u00e9s ?<\/b><\/p>\n<p>Oui, les dimensions des panneaux, les motifs de perforation, les textures de surface et les couleurs peuvent \u00eatre enti\u00e8rement personnalis\u00e9s pour r\u00e9pondre \u00e0 des besoins sp\u00e9cifiques en mati\u00e8re de design et d'acoustique.\n<\/p>\n<p><\/p>\n<p><b>7. l'int\u00e9gration de l'\u00e9clairage est-elle possible avec les syst\u00e8mes de plafonds \u00e0 dalles clipsables ?<\/b><\/p>\n<p>Absolument, les syst\u00e8mes de plafonds \u00e0 dalles clipsables peuvent accueillir des \u00e9clairages encastr\u00e9s, des luminaires lin\u00e9aires, des diffuseurs d'air et d'autres \u00e9l\u00e9ments mont\u00e9s au plafond.\n<\/p>\n<p><\/p>\n<p><b>8. les syst\u00e8mes de plafonds \u00e0 dalles clipsables sont-ils faciles \u00e0 installer et \u00e0 entretenir ?<\/b><\/p>\n<p>Oui, la conception modulaire et la suspension cach\u00e9e rendent l'installation rapide et permettent un acc\u00e8s facile au pl\u00e9num pour le nettoyage ou la mise \u00e0 niveau du syst\u00e8me.\n<\/p>\n<p><\/p>\n<p><b>9. quelles sont les finitions disponibles pour les syst\u00e8mes de plafonds \u00e0 dalles clipsables ?<\/b><\/p>\n<p>Les finitions disponibles comprennent le rev\u00eatement par poudre, l'anodisation, le m\u00e9tal bross\u00e9, le mat, le grain de bois et les couleurs RAL personnalis\u00e9es pour s'adapter \u00e0 tous les styles d'int\u00e9rieur.\n<\/p>\n<p><\/p>\n<p><b>10. le syst\u00e8me de plafonds \u00e0 dalles clipsables est-il respectueux de l'environnement ?<\/b><\/p>\n<p>Oui, fabriqu\u00e9s \u00e0 partir de mat\u00e9riaux recyclables comme l'aluminium, les syst\u00e8mes de plafonds \u00e0 dalles clipsables favorisent les pratiques de construction durables et contribuent aux certifications \u00e9cologiques.\n<\/p>\n<p><\/p>","protected":false},"featured_media":3377,"template":"","categories":[47],"class_list":["post-3374","product","type-product","status-publish","has-post-thumbnail","hentry","category-tile-ceiling-systems"],"meta_box":{"hilight_text_group":{"product_hilight_text":"Clip-in tile ceiling with hidden frame, adopts the suspension system withthe ceiling clamped into the hidden frame, which is convenient forinstallation and dis-assembly, very flexible while making changes on theinterval in the room, The structure of the hidden frame mounting systemis stable and concealed, the surface of the panel is smooth with conciseand beautiful lines, which adds a modern sense for the interior space.There are different panel specifications and models to match with differentdesign and demand, can be widely used in a variety of architecturaldecoration design.","product_tu_tu":"<img width=\"320\" height=\"210\"  src=\"https:\/\/sinoextrud.com\/wp-content\/uploads\/Clip-in-Tile-Ceiling-System-xiaoguo.webp\" alt=\"Clip-in Tile Ceiling System\" title=\"Clip-in Tile Ceiling System\">","product_chanpin_chanpin":"<li><a href=\"https:\/\/sinoextrud.com\/product\/aluminium-profile-accessories\/\" target=\"_blank\">Aluminium Profile Accessories<\/a><\/li>\r\n<li><a href=\"https:\/\/sinoextrud.com\/product\/round-aluminum-extrusion-tubular-cnc-bending\/\" target=\"_blank\">Round Aluminum Extrusion Tubular Cnc Bending<\/a><\/li>\r\n<li><a href=\"https:\/\/sinoextrud.com\/product\/controller-shell-instrument-box-industrial-aluminum-profile-electromechanical-shell\/\" target=\"_blank\">Controller Shell Instrument Box Industrial Aluminum Profile Electromechanical Shell<\/a><\/li>\r\n<li><a href=\"https:\/\/sinoextrud.com\/product\/lay-in-tile-ceiling-system\/\" target=\"_blank\">Lay-in Tile Ceiling System<\/a><\/li>\r\n<li><a href=\"https:\/\/sinoextrud.com\/product\/clip-in-tile-ceiling-system\/\" target=\"_blank\">Clip-in Tile Ceiling System<\/a><\/li>\r\n<li><a href=\"https:\/\/sinoextrud.com\/product\/triangle-ceiling-system\/\" target=\"_blank\">Triangle Ceiling System (Triangle Ceiling)<\/a><\/li>\r\n<li><a href=\"https:\/\/sinoextrud.com\/product\/the-hexagonal-type-ceiling-system\/\" target=\"_blank\">The Hexagonal Type Ceiling System (Hexagonal Ceiling)<\/a><\/li>\r\n<li><a href=\"https:\/\/sinoextrud.com\/product\/diamond-type-ceiling-system\/\" target=\"_blank\">Diamond Type Ceiling System (Diamond plate Ceiling Tiles)<\/a><\/li>\r\n<li><a href=\"https:\/\/sinoextrud.com\/product\/trapezoidal-type-ceiling-system\/\" target=\"_blank\">Trapezoidal Type Ceiling System<\/a><\/li>\r\n<li><a href=\"https:\/\/sinoextrud.com\/product\/cnc-machining-aluminum-hat-channel-extrusions\/\" target=\"_blank\">CNC Machining Aluminum Hat Channel Extrusions<\/a><\/li>\r\n<li><a href=\"https:\/\/sinoextrud.com\/product\/cutting-aluminium-extrusion\/\" target=\"_blank\">Cutting Aluminium Extrusion<\/a><\/li>"},"feature_list":[]},"_links":{"self":[{"href":"https:\/\/sinoextrud.com\/fr\/wp-json\/wp\/v2\/product\/3374","targetHints":{"allow":["GET"]}}],"collection":[{"href":"https:\/\/sinoextrud.com\/fr\/wp-json\/wp\/v2\/product"}],"about":[{"href":"https:\/\/sinoextrud.com\/fr\/wp-json\/wp\/v2\/types\/product"}],"wp:featuredmedia":[{"embeddable":true,"href":"https:\/\/sinoextrud.com\/fr\/wp-json\/wp\/v2\/media\/3377"}],"wp:attachment":[{"href":"https:\/\/sinoextrud.com\/fr\/wp-json\/wp\/v2\/media?parent=3374"}],"wp:term":[{"taxonomy":"category","embeddable":true,"href":"https:\/\/sinoextrud.com\/fr\/wp-json\/wp\/v2\/categories?post=3374"}],"curies":[{"name":"wp","href":"https:\/\/api.w.org\/{rel}","templated":true}]}}