{"id":11022,"date":"2025-08-01T03:41:51","date_gmt":"2025-08-01T03:41:51","guid":{"rendered":"https:\/\/sinoextrud.com\/product\/ssr-radiator-for-industrial-control-systems\/"},"modified":"2025-10-11T23:12:51","modified_gmt":"2025-10-11T15:12:51","slug":"radiateur-ssr-pour-les-systemes-de-controle-industriel","status":"publish","type":"product","link":"https:\/\/sinoextrud.com\/fr\/product\/ssr-radiator-for-industrial-control-systems\/","title":{"rendered":"Radiateur SSR pour syst\u00e8mes de contr\u00f4le industriel"},"content":{"rendered":"<h2>D\u00e9tails des produits<\/h2>\n<div class=\"product-table\">\n<div class=\"row\">\n<div class=\"cell label\">Unit\u00e9s de vente<\/div>\n<div class=\"cell value\">Article unique<\/div>\n<\/div>\n<\/div>\n<p><\/p>\n<h2>Notre base de production<\/h2>\n<h3>Panorama de l'usine<\/h3>\n<p><img decoding=\"async\" src=\"\/wp-content\/uploads\/factory-01.webp\"\/><\/p>\n<h3>Atelier de fabrication de barres d'aluminium<\/h3>\n<p><img decoding=\"async\" src=\"\/wp-content\/uploads\/factory-02.webp\"\/><\/p>\n<\/p>\n<p><img decoding=\"async\" src=\"\/wp-content\/uploads\/factory-03.webp\"\/><\/p>\n<h3>Entrep\u00f4t de stockage des moules<\/h3>\n<p><img decoding=\"async\" src=\"\/wp-content\/uploads\/factory-04.webp\"\/><\/p>\n<h3>43 lignes d'extrusion d'aluminium (500-5500 tonnes)<\/h3>\n<p><img decoding=\"async\" src=\"\/wp-content\/uploads\/factory-05.webp\"\/><\/p>\n<p><img decoding=\"async\" src=\"\/wp-content\/uploads\/factory-06.webp\"\/><\/p>\n<p><img decoding=\"async\" src=\"\/wp-content\/uploads\/factory-07.webp\"\/><\/p>\n<h3>Atelier de peinture en poudre<\/h3>\n<p><img decoding=\"async\" src=\"\/wp-content\/uploads\/factory-09.webp\"\/><\/p>\n<h3>Atelier d'anodisation<\/h3>\n<p><img decoding=\"async\" src=\"\/wp-content\/uploads\/factory-10.webp\"\/><\/p>\n<h3>Atelier sur le traitement en profondeur<\/h3>\n<p><img decoding=\"async\" src=\"\/wp-content\/uploads\/factory-11.webp\"\/><\/p>\n<h3>Atelier d'usinage de pr\u00e9cision CNC<\/h3>\n<p><img decoding=\"async\" src=\"\/wp-content\/uploads\/factory-11.5.webp\"\/><\/p>\n<h3>Entrep\u00f4t de produits finis et d'exportation<\/h3>\n<p><img decoding=\"async\" src=\"\/wp-content\/uploads\/factory-12.webp\"\/><\/p>\n<p><img decoding=\"async\" src=\"\/wp-content\/uploads\/factory-13.webp\"\/><\/p>\n<p><img decoding=\"async\" src=\"\/wp-content\/uploads\/factory-14.webp\"\/><\/p>\n<h2>FAQ<\/h2>\n<p><strong>1. Quels sont les mat\u00e9riaux utilis\u00e9s dans le radiateur SSR ?<\/strong><br \/>Le radiateur SSR est fabriqu\u00e9 en aluminium de haute qualit\u00e9 pour une meilleure dissipation de la chaleur.<\/p>\n<p><strong>2. Le radiateur SSR peut-il \u00eatre adapt\u00e9 \u00e0 un usage industriel ?<\/strong><br \/>Oui, nous offrons une personnalisation de la taille et de la configuration pour r\u00e9pondre aux exigences industrielles.<\/p>\n<p><strong>3. Comment installer le radiateur SSR dans mon syst\u00e8me ?<\/strong><br \/>Le radiateur SSR se caract\u00e9rise par un processus d'installation facile compatible avec les syst\u00e8mes standard.<\/p>\n<p><strong>4. Quelle est la p\u00e9riode de garantie offerte pour le radiateur SSR ?<\/strong><br \/>Nous offrons une garantie d'un an couvrant les d\u00e9fauts de fabrication du radiateur SSR.<\/p>\n<p><strong>5. Le radiateur SSR est-il adapt\u00e9 aux environnements \u00e0 haute temp\u00e9rature ?<\/strong><br \/>Oui, il est con\u00e7u pour fonctionner efficacement dans des conditions de temp\u00e9rature \u00e9lev\u00e9e.<\/p>\n<p><strong>6. Puis-je commander un radiateur SSR de taille personnalis\u00e9e pour mon projet ?<\/strong><br \/>Oui, des tailles personnalis\u00e9es sont disponibles pour r\u00e9pondre aux besoins sp\u00e9cifiques de votre projet.<\/p>\n<p><strong>7. Pouvez-vous assurer l'exp\u00e9dition internationale du radiateur SSR ?<\/strong><br \/>Oui, nous proposons des services d'exp\u00e9dition internationaux pour le radiateur SSR.<\/p>\n<p><\/p>","protected":false},"featured_media":10730,"template":"","categories":[72],"class_list":["post-11022","product","type-product","status-publish","has-post-thumbnail","hentry","category-extruded-aluminum-heatsink"],"meta_box":{"hilight_text_group":{"product_hilight_text":"<li>High-efficiency cooling performance for various applications<\/li>\r\n<li>Compatible with a wide range of heat exchange systems<\/li>\r\n<li>Constructed with durable materials for extended life span<\/li>\r\n<li>Designed for easy installation and maintenance<\/li>\r\n<li>Supports custom sizing and configurations for B2B needs<\/li>"},"feature_list":[]},"_links":{"self":[{"href":"https:\/\/sinoextrud.com\/fr\/wp-json\/wp\/v2\/product\/11022","targetHints":{"allow":["GET"]}}],"collection":[{"href":"https:\/\/sinoextrud.com\/fr\/wp-json\/wp\/v2\/product"}],"about":[{"href":"https:\/\/sinoextrud.com\/fr\/wp-json\/wp\/v2\/types\/product"}],"wp:featuredmedia":[{"embeddable":true,"href":"https:\/\/sinoextrud.com\/fr\/wp-json\/wp\/v2\/media\/10730"}],"wp:attachment":[{"href":"https:\/\/sinoextrud.com\/fr\/wp-json\/wp\/v2\/media?parent=11022"}],"wp:term":[{"taxonomy":"category","embeddable":true,"href":"https:\/\/sinoextrud.com\/fr\/wp-json\/wp\/v2\/categories?post=11022"}],"curies":[{"name":"wp","href":"https:\/\/api.w.org\/{rel}","templated":true}]}}