{"id":11017,"date":"2025-08-01T03:39:24","date_gmt":"2025-08-01T03:39:24","guid":{"rendered":"https:\/\/sinoextrud.com\/product\/vapor-chamber-heat-sink-for-high-heat-load\/"},"modified":"2025-08-01T03:39:24","modified_gmt":"2025-08-01T03:39:24","slug":"dissipateur-de-chaleur-a-chambre-de-vapeur-pour-une-charge-thermique-elevee","status":"publish","type":"product","link":"https:\/\/sinoextrud.com\/fr\/product\/vapor-chamber-heat-sink-for-high-heat-load\/","title":{"rendered":"Dissipateur thermique \u00e0 chambre de vapeur pour une charge thermique \u00e9lev\u00e9e"},"content":{"rendered":"<h2>D\u00e9tails des produits<\/h2>\n<div class=\"product-table\">\n<div class=\"row\">\n<div class=\"cell label\">type<\/div>\n<div class=\"cell value\">Tuyau de chaleur<\/div>\n<\/div>\n<div class=\"row\">\n<div class=\"cell label\">application<\/div>\n<div class=\"cell value\">Autres<\/div>\n<\/div>\n<div class=\"row\">\n<div class=\"cell label\">taille du ventilateur<\/div>\n<div class=\"cell value\">Autres<\/div>\n<\/div>\n<div class=\"row\">\n<div class=\"cell label\">pouvoir<\/div>\n<div class=\"cell value\">25w<\/div>\n<\/div>\n<div class=\"row\">\n<div class=\"cell label\">volume d'air<\/div>\n<div class=\"cell value\">autres<\/div>\n<\/div>\n<div class=\"row\">\n<div class=\"cell label\">mat\u00e9riau du dissipateur thermique<\/div>\n<div class=\"cell value\">Cuivre<\/div>\n<\/div>\n<div class=\"row\">\n<div class=\"cell label\">interface de puissance<\/div>\n<div class=\"cell value\">autres<\/div>\n<\/div>\n<div class=\"row\">\n<div class=\"cell label\">bruit<\/div>\n<div class=\"cell value\">Autres<\/div>\n<\/div>\n<div class=\"row\">\n<div class=\"cell label\">contr\u00f4le de la vitesse du ventilateur<\/div>\n<div class=\"cell value\">autres<\/div>\n<\/div>\n<div class=\"row\">\n<div class=\"cell label\">Poids<\/div>\n<div class=\"cell value\">450 g<\/div>\n<\/div>\n<div class=\"row\">\n<div class=\"cell label\">Type de socle de l'unit\u00e9 centrale<\/div>\n<div class=\"cell value\">Lga 115 x\/1200 socket cpu<\/div>\n<\/div>\n<div class=\"row\">\n<div class=\"cell label\">Mat\u00e9riau du dissipateur<\/div>\n<div class=\"cell value\">Aileron de cuivre + base de cuivre<\/div>\n<\/div>\n<div class=\"row\">\n<div class=\"cell label\">Dimensions du refroidisseur de CPU<\/div>\n<div class=\"cell value\">88*88*23 mm<\/div>\n<\/div>\n<div class=\"row\">\n<div class=\"cell label\">Principe<\/div>\n<div class=\"cell value\">Conversion du chaud et du froid<\/div>\n<\/div>\n<div class=\"row\">\n<div class=\"cell label\">Distance entre les trous du processeur<\/div>\n<div class=\"cell value\">75*75 mm<\/div>\n<\/div>\n<div class=\"row\">\n<div class=\"cell label\">Pitch de l'aileron<\/div>\n<div class=\"cell value\">0,35 mm<\/div>\n<\/div>\n<div class=\"row\">\n<div class=\"cell label\">\u00c9paisseur de l'ailette<\/div>\n<div class=\"cell value\">1,9 mm<\/div>\n<\/div>\n<div class=\"row\">\n<div class=\"cell label\">Nom 2<\/div>\n<div class=\"cell value\">Caloduc fritt\u00e9<\/div>\n<\/div>\n<div class=\"row\">\n<div class=\"cell label\">Unit\u00e9s de vente<\/div>\n<div class=\"cell value\">Article unique<\/div>\n<\/div>\n<div class=\"row\">\n<div class=\"cell label\">Taille de l'emballage unique<\/div>\n<div class=\"cell value\">25X20X30 cm<\/div>\n<\/div>\n<div class=\"row\">\n<div class=\"cell label\">Poids brut unique<\/div>\n<div class=\"cell value\">2.500 KG<\/div>\n<\/div>\n<\/div>\n<p><\/p>\n<h2>Notre base de production<\/h2>\n<h3>Panorama de l'usine<\/h3>\n<p><img decoding=\"async\" src=\"\/wp-content\/uploads\/factory-01.webp\"\/><\/p>\n<h3>Atelier de fabrication de barres d'aluminium<\/h3>\n<p><img decoding=\"async\" src=\"\/wp-content\/uploads\/factory-02.webp\"\/><\/p>\n<p><img decoding=\"async\" src=\"\/wp-content\/uploads\/factory-03.webp\"\/><\/p>\n<h3>Entrep\u00f4t de stockage des moules<\/h3>\n<p><img decoding=\"async\" src=\"\/wp-content\/uploads\/factory-04.webp\"\/><\/p>\n<h3>43 lignes d'extrusion d'aluminium (500-5500 tonnes)<\/h3>\n<p><img decoding=\"async\" src=\"\/wp-content\/uploads\/factory-05.webp\"\/><\/p>\n<p><img decoding=\"async\" src=\"\/wp-content\/uploads\/factory-06.webp\"\/><\/p>\n<p><img decoding=\"async\" src=\"\/wp-content\/uploads\/factory-07.webp\"\/><\/p>\n<h3>Atelier de peinture en poudre<\/h3>\n<p><img decoding=\"async\" src=\"\/wp-content\/uploads\/factory-09.webp\"\/><\/p>\n<h3>Atelier d'anodisation<\/h3>\n<p><img decoding=\"async\" src=\"\/wp-content\/uploads\/factory-10.webp\"\/><\/p>\n<h3>Atelier sur le traitement en profondeur<\/h3>\n<p><img decoding=\"async\" src=\"\/wp-content\/uploads\/factory-11.webp\"\/><\/p>\n<h3>Atelier d'usinage de pr\u00e9cision CNC<\/h3>\n<p><img decoding=\"async\" src=\"\/wp-content\/uploads\/factory-11.5.webp\"\/><\/p>\n<h3>Entrep\u00f4t de produits finis et d'exportation<\/h3>\n<p><img decoding=\"async\" src=\"\/wp-content\/uploads\/factory-12.webp\"\/><\/p>\n<p><img decoding=\"async\" src=\"\/wp-content\/uploads\/factory-13.webp\"\/><\/p>\n<p><img decoding=\"async\" src=\"\/wp-content\/uploads\/factory-14.webp\"\/><\/p>\n<h2>FAQ<\/h2>\n<p><strong>1. Qu'est-ce qui rend les dissipateurs thermiques de la chambre de vapeur efficaces ?<\/strong><br \/>Les dissipateurs thermiques \u00e0 chambre de vapeur utilisent le changement de phase pour diffuser rapidement la chaleur, offrant ainsi une conductivit\u00e9 thermique sup\u00e9rieure \u00e0 celle des dissipateurs thermiques traditionnels.<\/p>\n<p><strong>2. Les dissipateurs thermiques de la chambre de vapeur peuvent-ils \u00eatre personnalis\u00e9s ?<\/strong><br \/>Oui, ils peuvent \u00eatre personnalis\u00e9s pour s'adapter \u00e0 des appareils ou \u00e0 des contraintes sp\u00e9cifiques afin d'optimiser la gestion thermique.<\/p>\n<p><strong>3. Les dissipateurs thermiques \u00e0 chambre de vapeur sont-ils adapt\u00e9s aux appareils de grande puissance ?<\/strong><br \/>Oui, ils sont con\u00e7us pour des applications de haute puissance o\u00f9 une dissipation efficace de la chaleur est essentielle.<\/p>\n<p><strong>4. En quoi les puits de chaleur \u00e0 chambre de vapeur diff\u00e8rent-ils des caloducs traditionnels ?<\/strong><br \/>Les chambres \u00e0 vapeur permettent une diffusion uniforme de la chaleur sur leur surface, contrairement aux caloducs qui transf\u00e8rent la chaleur de mani\u00e8re lin\u00e9aire.<\/p>\n<p><strong>5. Proposez-vous des chambres \u00e0 vapeur pour l'\u00e9lectronique grand public ?<\/strong><br \/>Oui, nos solutions de chambres \u00e0 vapeur sont con\u00e7ues pour l'\u00e9lectronique grand public et les applications industrielles.<\/p>\n<p><strong>6. L'installation du dissipateur thermique de la chambre de vapeur est-elle complexe ?<\/strong><br \/>Non, ils sont con\u00e7us pour s'int\u00e9grer facilement dans les syst\u00e8mes de gestion thermique existants.<\/p>\n<p><strong>7. Quels sont les mat\u00e9riaux utilis\u00e9s dans les dissipateurs thermiques des chambres \u00e0 vapeur ?<\/strong><br \/>Ils sont g\u00e9n\u00e9ralement fabriqu\u00e9s en cuivre ou en aluminium pour offrir des solutions de gestion thermique l\u00e9g\u00e8res et efficaces.<\/p>\n<p><\/p>","protected":false},"featured_media":10762,"template":"","categories":[72],"class_list":["post-11017","product","type-product","status-publish","has-post-thumbnail","hentry","category-extruded-aluminum-heatsink"],"meta_box":{"hilight_text_group":[{"product_hilight_text":"<li>Offers superior heat dissipation for high-performance applications<\/li>\n<li>Customizable designs to fit various electronic devices and specifications<\/li>\n<li>Lightweight construction improves overall device performance<\/li>\n<li>Compatible with a wide range of electronic cooling systems<\/li>\n<li>Provides efficient thermal management for advanced electronics<\/li>"}],"feature_list":[]},"_links":{"self":[{"href":"https:\/\/sinoextrud.com\/fr\/wp-json\/wp\/v2\/product\/11017","targetHints":{"allow":["GET"]}}],"collection":[{"href":"https:\/\/sinoextrud.com\/fr\/wp-json\/wp\/v2\/product"}],"about":[{"href":"https:\/\/sinoextrud.com\/fr\/wp-json\/wp\/v2\/types\/product"}],"wp:featuredmedia":[{"embeddable":true,"href":"https:\/\/sinoextrud.com\/fr\/wp-json\/wp\/v2\/media\/10762"}],"wp:attachment":[{"href":"https:\/\/sinoextrud.com\/fr\/wp-json\/wp\/v2\/media?parent=11017"}],"wp:term":[{"taxonomy":"category","embeddable":true,"href":"https:\/\/sinoextrud.com\/fr\/wp-json\/wp\/v2\/categories?post=11017"}],"curies":[{"name":"wp","href":"https:\/\/api.w.org\/{rel}","templated":true}]}}