{"id":11014,"date":"2025-08-01T03:39:06","date_gmt":"2025-08-01T03:39:06","guid":{"rendered":"https:\/\/sinoextrud.com\/product\/liquid-cooling-aluminum-heat-sinks-for-electronics\/"},"modified":"2025-08-01T03:39:06","modified_gmt":"2025-08-01T03:39:06","slug":"dissipateurs-de-chaleur-en-aluminium-pour-le-refroidissement-par-liquide-de-lelectronique","status":"publish","type":"product","link":"https:\/\/sinoextrud.com\/fr\/product\/liquid-cooling-aluminum-heat-sinks-for-electronics\/","title":{"rendered":"Dissipateurs de chaleur en aluminium pour le refroidissement par liquide de l'\u00e9lectronique"},"content":{"rendered":"<h2>D\u00e9tails des produits<\/h2>\n<div class=\"product-table\">\n<div class=\"row\">\n<div class=\"cell label\">Grade<\/div>\n<div class=\"cell value\">S\u00e9rie 6000<\/div>\n<\/div>\n<div class=\"row\">\n<div class=\"cell label\">Tol\u00e9rance<\/div>\n<div class=\"cell value\">\u00c2\u00b11%<\/div>\n<\/div>\n<div class=\"row\">\n<div class=\"cell label\">D\u00e9lai de livraison<\/div>\n<div class=\"cell value\">8-14 jours<\/div>\n<\/div>\n<div class=\"row\">\n<div class=\"cell label\">Temp\u00e9rer<\/div>\n<div class=\"cell value\">T3-T8<\/div>\n<\/div>\n<div class=\"row\">\n<div class=\"cell label\">Application<\/div>\n<div class=\"cell value\">Dissipateur thermique<\/div>\n<\/div>\n<div class=\"row\">\n<div class=\"cell label\">Forme<\/div>\n<div class=\"cell value\">Autres<\/div>\n<\/div>\n<div class=\"row\">\n<div class=\"cell label\">Alliage ou non<\/div>\n<div class=\"cell value\">Est un alliage<\/div>\n<\/div>\n<div class=\"row\">\n<div class=\"cell label\">Service de traitement<\/div>\n<div class=\"cell value\">Pliage, d\u00e9roulage, soudage, poin\u00e7onnage, d\u00e9coupage<\/div>\n<\/div>\n<div class=\"row\">\n<div class=\"cell label\">Mat\u00e9riau<\/div>\n<div class=\"cell value\">Alliage d'aluminium 6063<\/div>\n<\/div>\n<div class=\"row\">\n<div class=\"cell label\">Traitement de surface<\/div>\n<div class=\"cell value\">Traitement de surface personnalis\u00e9<\/div>\n<\/div>\n<div class=\"row\">\n<div class=\"cell label\">Utilisation<\/div>\n<div class=\"cell value\">Industial<\/div>\n<\/div>\n<div class=\"row\">\n<div class=\"cell label\">Longueur<\/div>\n<div class=\"cell value\">Taille personnalis\u00e9e<\/div>\n<\/div>\n<div class=\"row\">\n<div class=\"cell label\">Couleur<\/div>\n<div class=\"cell value\">Argent<\/div>\n<\/div>\n<div class=\"row\">\n<div class=\"cell label\">Taille<\/div>\n<div class=\"cell value\">Demande du client<\/div>\n<\/div>\n<div class=\"row\">\n<div class=\"cell label\">Unit\u00e9s de vente<\/div>\n<div class=\"cell value\">Article unique<\/div>\n<\/div>\n<div class=\"row\">\n<div class=\"cell label\">Taille de l'emballage unique<\/div>\n<div class=\"cell value\">110X110X50 cm<\/div>\n<\/div>\n<div class=\"row\">\n<div class=\"cell label\">Poids brut unique<\/div>\n<div class=\"cell value\">1.000 KG<\/div>\n<\/div>\n<\/div>\n<p><\/p>\n<h2>Notre base de production<\/h2>\n<h3>Panorama de l'usine<\/h3>\n<p><img decoding=\"async\" src=\"\/wp-content\/uploads\/factory-01.webp\"\/><\/p>\n<h3>Atelier de fabrication de barres d'aluminium<\/h3>\n<p><img decoding=\"async\" src=\"\/wp-content\/uploads\/factory-02.webp\"\/><\/p>\n<p><img decoding=\"async\" src=\"\/wp-content\/uploads\/factory-03.webp\"\/><\/p>\n<h3>Entrep\u00f4t de stockage des moules<\/h3>\n<p><img decoding=\"async\" src=\"\/wp-content\/uploads\/factory-04.webp\"\/><\/p>\n<h3>43 lignes d'extrusion d'aluminium (500-5500 tonnes)<\/h3>\n<p><img decoding=\"async\" src=\"\/wp-content\/uploads\/factory-05.webp\"\/><\/p>\n<p><img decoding=\"async\" src=\"\/wp-content\/uploads\/factory-06.webp\"\/><\/p>\n<p><img decoding=\"async\" src=\"\/wp-content\/uploads\/factory-07.webp\"\/><\/p>\n<h3>Atelier de peinture en poudre<\/h3>\n<p><img decoding=\"async\" src=\"\/wp-content\/uploads\/factory-09.webp\"\/><\/p>\n<h3>Atelier d'anodisation<\/h3>\n<p><img decoding=\"async\" src=\"\/wp-content\/uploads\/factory-10.webp\"\/><\/p>\n<h3>Atelier sur le traitement en profondeur<\/h3>\n<p><img decoding=\"async\" src=\"\/wp-content\/uploads\/factory-11.webp\"\/><\/p>\n<h3>Atelier d'usinage de pr\u00e9cision CNC<\/h3>\n<p><img decoding=\"async\" src=\"\/wp-content\/uploads\/factory-11.5.webp\"\/><\/p>\n<h3>Entrep\u00f4t de produits finis et d'exportation<\/h3>\n<p><img decoding=\"async\" src=\"\/wp-content\/uploads\/factory-12.webp\"\/><\/p>\n<p><img decoding=\"async\" src=\"\/wp-content\/uploads\/factory-13.webp\"\/><\/p>\n<p><img decoding=\"async\" src=\"\/wp-content\/uploads\/factory-14.webp\"\/><\/p>\n<h2>FAQ<\/h2>\n<p><strong>1. Quelles sont les industries qui utilisent des dissipateurs thermiques en aluminium pour le refroidissement par liquide ?<\/strong><br \/>Les industries telles que l'informatique, l'automobile et les t\u00e9l\u00e9communications utilisent couramment nos dissipateurs thermiques pour une gestion thermique sup\u00e9rieure.<\/p>\n<p><strong>2. Les dissipateurs thermiques peuvent-ils \u00eatre personnalis\u00e9s pour des applications sp\u00e9cifiques ?<\/strong><br \/>Oui, nous proposons une personnalisation de la taille, de la forme et des options de montage pour r\u00e9pondre \u00e0 diverses applications.<\/p>\n<p><strong>3. Des \u00e9chantillons sont-ils disponibles avant de passer une commande importante ?<\/strong><br \/>Oui, nous fournissons des \u00e9chantillons pour aider \u00e0 \u00e9valuer la qualit\u00e9 et les sp\u00e9cifications \u00e0 l'avance.<\/p>\n<p><strong>4. Quel est le d\u00e9lai de livraison habituel pour les commandes en gros ?<\/strong><br \/>Les d\u00e9lais de livraison varient, mais sont g\u00e9n\u00e9ralement de 4 \u00e0 6 semaines, en fonction de la complexit\u00e9 de la commande.<\/p>\n<p><strong>5. Fournissez-vous une assistance technique pour l'installation ?<\/strong><br \/>Oui, nous offrons une assistance technique compl\u00e8te pour garantir une installation et un fonctionnement corrects.<\/p>\n<p><strong>6. Ces dissipateurs de chaleur peuvent-ils \u00eatre exp\u00e9di\u00e9s \u00e0 l'\u00e9tranger ?<\/strong><br \/>Oui, nous facilitons l'exp\u00e9dition \u00e0 l'\u00e9chelle mondiale et nous nous chargeons de toute la logistique et de la documentation internationales.<\/p>\n<p><strong>7. Les dissipateurs thermiques peuvent-ils \u00eatre int\u00e9gr\u00e9s aux syst\u00e8mes de refroidissement liquide existants ?<\/strong><br \/>Absolument, nos dissipateurs thermiques sont con\u00e7us pour s'int\u00e9grer facilement \u00e0 la plupart des syst\u00e8mes de refroidissement liquide existants.<\/p>\n<p><\/p>","protected":false},"featured_media":10760,"template":"","categories":[72],"class_list":["post-11014","product","type-product","status-publish","has-post-thumbnail","hentry","category-extruded-aluminum-heatsink"],"meta_box":{"hilight_text_group":[{"product_hilight_text":"<li>Optimized for efficient thermal management in high-performance systems<\/li>\n<li>Customizable dimensions and designs for diverse industry needs<\/li>\n<li>Manufactured with high-quality aluminum for superior heat dissipation<\/li>\n<li>Suitable for OEM and ODM projects with competitive pricing<\/li>\n<li>Advanced liquid cooling capabilities for enhanced reliability<\/li>"}],"feature_list":[]},"_links":{"self":[{"href":"https:\/\/sinoextrud.com\/fr\/wp-json\/wp\/v2\/product\/11014","targetHints":{"allow":["GET"]}}],"collection":[{"href":"https:\/\/sinoextrud.com\/fr\/wp-json\/wp\/v2\/product"}],"about":[{"href":"https:\/\/sinoextrud.com\/fr\/wp-json\/wp\/v2\/types\/product"}],"wp:featuredmedia":[{"embeddable":true,"href":"https:\/\/sinoextrud.com\/fr\/wp-json\/wp\/v2\/media\/10760"}],"wp:attachment":[{"href":"https:\/\/sinoextrud.com\/fr\/wp-json\/wp\/v2\/media?parent=11014"}],"wp:term":[{"taxonomy":"category","embeddable":true,"href":"https:\/\/sinoextrud.com\/fr\/wp-json\/wp\/v2\/categories?post=11014"}],"curies":[{"name":"wp","href":"https:\/\/api.w.org\/{rel}","templated":true}]}}