{"id":11008,"date":"2025-08-01T03:38:54","date_gmt":"2025-08-01T03:38:54","guid":{"rendered":"https:\/\/sinoextrud.com\/product\/led-lamp-heat-sink-for-efficient-cooling\/"},"modified":"2025-08-01T03:38:54","modified_gmt":"2025-08-01T03:38:54","slug":"dissipateur-thermique-pour-lampe-led-pour-un-refroidissement-efficace","status":"publish","type":"product","link":"https:\/\/sinoextrud.com\/fr\/product\/led-lamp-heat-sink-for-efficient-cooling\/","title":{"rendered":"Dissipateur thermique pour lampe LED pour un refroidissement efficace"},"content":{"rendered":"<h2>D\u00e9tails des produits<\/h2>\n<div class=\"product-table\">\n<div class=\"row\">\n<div class=\"cell label\">Grade<\/div>\n<div class=\"cell value\">AL6063<\/div>\n<\/div>\n<div class=\"row\">\n<div class=\"cell label\">Tol\u00e9rance<\/div>\n<div class=\"cell value\">\u00c2\u00b11%<\/div>\n<\/div>\n<div class=\"row\">\n<div class=\"cell label\">D\u00e9lai de livraison<\/div>\n<div class=\"cell value\">22-30 jours<\/div>\n<\/div>\n<div class=\"row\">\n<div class=\"cell label\">Temp\u00e9rer<\/div>\n<div class=\"cell value\">T3-T8<\/div>\n<\/div>\n<div class=\"row\">\n<div class=\"cell label\">Application<\/div>\n<div class=\"cell value\">Dissipateur thermique<\/div>\n<\/div>\n<div class=\"row\">\n<div class=\"cell label\">Forme<\/div>\n<div class=\"cell value\">Rond<\/div>\n<\/div>\n<div class=\"row\">\n<div class=\"cell label\">Alliage ou non<\/div>\n<div class=\"cell value\">Est un alliage<\/div>\n<\/div>\n<div class=\"row\">\n<div class=\"cell label\">Service de traitement<\/div>\n<div class=\"cell value\">D\u00e9coupage<\/div>\n<\/div>\n<div class=\"row\">\n<div class=\"cell label\">Mat\u00e9riau<\/div>\n<div class=\"cell value\">Alliage 6063<\/div>\n<\/div>\n<div class=\"row\">\n<div class=\"cell label\">Traitement de surface<\/div>\n<div class=\"cell value\">Finition anodis\u00e9e<\/div>\n<\/div>\n<div class=\"row\">\n<div class=\"cell label\">Couleur<\/div>\n<div class=\"cell value\">Couleur personnalis\u00e9e<\/div>\n<\/div>\n<div class=\"row\">\n<div class=\"cell label\">Taille<\/div>\n<div class=\"cell value\">Demande du client<\/div>\n<\/div>\n<div class=\"row\">\n<div class=\"cell label\">Type<\/div>\n<div class=\"cell value\">Profil\u00e9s extrud\u00e9s en aluminium OEM<\/div>\n<\/div>\n<div class=\"row\">\n<div class=\"cell label\">Certification<\/div>\n<div class=\"cell value\">ISO9001:2015<\/div>\n<\/div>\n<div class=\"row\">\n<div class=\"cell label\">Utilisation<\/div>\n<div class=\"cell value\">Dissipateur de chaleur pour LED<\/div>\n<\/div>\n<div class=\"row\">\n<div class=\"cell label\">Service<\/div>\n<div class=\"cell value\">Sur mesure OEM<\/div>\n<\/div>\n<div class=\"row\">\n<div class=\"cell label\">MOQ<\/div>\n<div class=\"cell value\">200pcs<\/div>\n<\/div>\n<div class=\"row\">\n<div class=\"cell label\">D\u00e9lai d'ex\u00e9cution<\/div>\n<div class=\"cell value\">25~30 jours<\/div>\n<\/div>\n<div class=\"row\">\n<div class=\"cell label\">D\u00e9tails de l'emballage<\/div>\n<div class=\"cell value\">Protection individuelle + carton ou selon les besoins du client<\/div>\n<\/div>\n<div class=\"row\">\n<div class=\"cell label\">Port d'exp\u00e9dition<\/div>\n<div class=\"cell value\">Shenzhen ou Hongkong<\/div>\n<\/div>\n<div class=\"row\">\n<div class=\"cell label\">Unit\u00e9s de vente<\/div>\n<div class=\"cell value\">Article unique<\/div>\n<\/div>\n<div class=\"row\">\n<div class=\"cell label\">Taille de l'emballage unique<\/div>\n<div class=\"cell value\">10X10X5 cm<\/div>\n<\/div>\n<div class=\"row\">\n<div class=\"cell label\">Poids brut unique<\/div>\n<div class=\"cell value\">1.000 KG<\/div>\n<\/div>\n<div class=\"row\">\n<div class=\"cell label\">Capacit\u00e9 d'approvisionnement<\/div>\n<div class=\"cell value\">50000 pi\u00e8ces par mois<\/div>\n<\/div>\n<\/div>\n<p><\/p>\n<h2>Notre base de production<\/h2>\n<h3>Panorama de l'usine<\/h3>\n<p><img decoding=\"async\" src=\"\/wp-content\/uploads\/factory-01.webp\"\/><\/p>\n<h3>Atelier de fabrication de barres d'aluminium<\/h3>\n<p><img decoding=\"async\" src=\"\/wp-content\/uploads\/factory-02.webp\"\/><\/p>\n<p><img decoding=\"async\" src=\"\/wp-content\/uploads\/factory-03.webp\"\/><\/p>\n<h3>Entrep\u00f4t de stockage des moules<\/h3>\n<p><img decoding=\"async\" src=\"\/wp-content\/uploads\/factory-04.webp\"\/><\/p>\n<h3>43 lignes d'extrusion d'aluminium (500-5500 tonnes)<\/h3>\n<p><img decoding=\"async\" src=\"\/wp-content\/uploads\/factory-05.webp\"\/><\/p>\n<p><img decoding=\"async\" src=\"\/wp-content\/uploads\/factory-06.webp\"\/><\/p>\n<p><img decoding=\"async\" src=\"\/wp-content\/uploads\/factory-07.webp\"\/><\/p>\n<h3>Atelier de peinture en poudre<\/h3>\n<p><img decoding=\"async\" src=\"\/wp-content\/uploads\/factory-09.webp\"\/><\/p>\n<h3>Atelier d'anodisation<\/h3>\n<p><img decoding=\"async\" src=\"\/wp-content\/uploads\/factory-10.webp\"\/><\/p>\n<h3>Atelier sur le traitement en profondeur<\/h3>\n<p><img decoding=\"async\" src=\"\/wp-content\/uploads\/factory-11.webp\"\/><\/p>\n<h3>Atelier d'usinage de pr\u00e9cision CNC<\/h3>\n<p><img decoding=\"async\" src=\"\/wp-content\/uploads\/factory-11.5.webp\"\/><\/p>\n<h3>Entrep\u00f4t de produits finis et d'exportation<\/h3>\n<p><img decoding=\"async\" src=\"\/wp-content\/uploads\/factory-12.webp\"\/><\/p>\n<p><img decoding=\"async\" src=\"\/wp-content\/uploads\/factory-13.webp\"\/><\/p>\n<p><img decoding=\"async\" src=\"\/wp-content\/uploads\/factory-14.webp\"\/><\/p>\n<h2>FAQ<\/h2>\n<p><strong>1. Quels sont les mat\u00e9riaux utilis\u00e9s dans le dissipateur thermique de la lampe \u00e0 DEL ?<\/strong><br \/>Le dissipateur thermique est fabriqu\u00e9 en aluminium de haute qualit\u00e9 pour une excellente dissipation de la chaleur.<\/p>\n<p><strong>2. Le dissipateur thermique de la lampe \u00e0 LED convient-il pour une utilisation \u00e0 l'ext\u00e9rieur ?<\/strong><br \/>Oui, il est con\u00e7u pour r\u00e9sister \u00e0 des temp\u00e9ratures extr\u00eames, \u00e0 l'int\u00e9rieur comme \u00e0 l'ext\u00e9rieur.<\/p>\n<p><strong>3. Le dissipateur thermique peut-il \u00eatre adapt\u00e9 \u00e0 diff\u00e9rentes lampes LED ?<\/strong><br \/>Oui, nous proposons des tailles et des formes personnalis\u00e9es pour s'adapter \u00e0 diff\u00e9rents mod\u00e8les de lampes LED.<\/p>\n<p><strong>4. Comment un dissipateur thermique am\u00e9liore-t-il les performances d'une lampe LED ?<\/strong><br \/>Le dissipateur thermique dissipe efficacement la chaleur, am\u00e9liorant ainsi la long\u00e9vit\u00e9 et les performances des LED.<\/p>\n<p><strong>5. Fournissez-vous une assistance \u00e0 l'installation du dissipateur thermique ?<\/strong><br \/>Bien que nous ne proc\u00e9dions pas \u00e0 l'installation, nous fournissons des guides complets pour aider \u00e0 l'installation.<\/p>\n<p><strong>6. Quelle est la quantit\u00e9 minimale \u00e0 commander pour un dissipateur thermique personnalis\u00e9 ?<\/strong><br \/>La qualit\u00e9 de fabrication varie en fonction de la complexit\u00e9 de la conception, g\u00e9n\u00e9ralement \u00e0 partir de 100 unit\u00e9s.<\/p>\n<p><strong>7. Le dissipateur thermique pour lampe \u00e0 DEL est-il garanti ?<\/strong><br \/>Oui, tous nos dissipateurs thermiques sont assortis d'une garantie standard pour assurer la qualit\u00e9 et la satisfaction.<\/p>\n<p><\/p>","protected":false},"featured_media":10778,"template":"","categories":[72],"class_list":["post-11008","product","type-product","status-publish","has-post-thumbnail","hentry","category-extruded-aluminum-heatsink"],"meta_box":{"hilight_text_group":[{"product_hilight_text":"<li>Enhanced thermal management for prolonged LED lifespan<\/li>\n<li>Compatible with a wide range of LED lamp designs<\/li>\n<li>Customizable dimensions to fit specific lighting requirements<\/li>\n<li>Made from high-quality, heat-conductive materials<\/li>\n<li>Supports OEM and ODM projects with flexible order volumes<\/li>"}],"feature_list":[]},"_links":{"self":[{"href":"https:\/\/sinoextrud.com\/fr\/wp-json\/wp\/v2\/product\/11008","targetHints":{"allow":["GET"]}}],"collection":[{"href":"https:\/\/sinoextrud.com\/fr\/wp-json\/wp\/v2\/product"}],"about":[{"href":"https:\/\/sinoextrud.com\/fr\/wp-json\/wp\/v2\/types\/product"}],"wp:featuredmedia":[{"embeddable":true,"href":"https:\/\/sinoextrud.com\/fr\/wp-json\/wp\/v2\/media\/10778"}],"wp:attachment":[{"href":"https:\/\/sinoextrud.com\/fr\/wp-json\/wp\/v2\/media?parent=11008"}],"wp:term":[{"taxonomy":"category","embeddable":true,"href":"https:\/\/sinoextrud.com\/fr\/wp-json\/wp\/v2\/categories?post=11008"}],"curies":[{"name":"wp","href":"https:\/\/api.w.org\/{rel}","templated":true}]}}