{"id":11006,"date":"2025-08-01T03:38:50","date_gmt":"2025-08-01T03:38:50","guid":{"rendered":"https:\/\/sinoextrud.com\/product\/large-led-extruded-heat-sinks-for-lighting\/"},"modified":"2025-08-01T03:38:50","modified_gmt":"2025-08-01T03:38:50","slug":"grands-dissipateurs-de-chaleur-extrudes-pour-leclairage","status":"publish","type":"product","link":"https:\/\/sinoextrud.com\/fr\/product\/large-led-extruded-heat-sinks-for-lighting\/","title":{"rendered":"Dissipateurs thermiques extrud\u00e9s \u00e0 LED de grande taille pour l'\u00e9clairage"},"content":{"rendered":"<h2>D\u00e9tails des produits<\/h2>\n<div class=\"product-table\">\n<div class=\"row\">\n<div class=\"cell label\">Grade<\/div>\n<div class=\"cell value\">S\u00e9rie 1000<\/div>\n<\/div>\n<div class=\"row\">\n<div class=\"cell label\">Tol\u00e9rance<\/div>\n<div class=\"cell value\">\u00c2\u00b11%<\/div>\n<\/div>\n<div class=\"row\">\n<div class=\"cell label\">D\u00e9lai de livraison<\/div>\n<div class=\"cell value\">15-21 jours<\/div>\n<\/div>\n<div class=\"row\">\n<div class=\"cell label\">Temp\u00e9rer<\/div>\n<div class=\"cell value\">T3-T8<\/div>\n<\/div>\n<div class=\"row\">\n<div class=\"cell label\">Application<\/div>\n<div class=\"cell value\">Dissipateur thermique<\/div>\n<\/div>\n<div class=\"row\">\n<div class=\"cell label\">Forme<\/div>\n<div class=\"cell value\">Carr\u00e9<\/div>\n<\/div>\n<div class=\"row\">\n<div class=\"cell label\">Alliage ou non<\/div>\n<div class=\"cell value\">Est un alliage<\/div>\n<\/div>\n<div class=\"row\">\n<div class=\"cell label\">Service de traitement<\/div>\n<div class=\"cell value\">Pliage, d\u00e9roulage, soudage, poin\u00e7onnage, d\u00e9coupage, aileron d'\u00e9cr\u00eatage, aileron de laminage<\/div>\n<\/div>\n<div class=\"row\">\n<div class=\"cell label\">Nom du produit<\/div>\n<div class=\"cell value\">Dissipateur extrud\u00e9<\/div>\n<\/div>\n<div class=\"row\">\n<div class=\"cell label\">Processus<\/div>\n<div class=\"cell value\">Extrud\u00e9+Usinage CNC<\/div>\n<\/div>\n<div class=\"row\">\n<div class=\"cell label\">Utilisation<\/div>\n<div class=\"cell value\">Assembl\u00e9e<\/div>\n<\/div>\n<div class=\"row\">\n<div class=\"cell label\">Couleur<\/div>\n<div class=\"cell value\">Argent<\/div>\n<\/div>\n<div class=\"row\">\n<div class=\"cell label\">Traitement de surface<\/div>\n<div class=\"cell value\">Anodisation<\/div>\n<\/div>\n<div class=\"row\">\n<div class=\"cell label\">MOQ<\/div>\n<div class=\"cell value\">2pcs<\/div>\n<\/div>\n<div class=\"row\">\n<div class=\"cell label\">Mat\u00e9riau<\/div>\n<div class=\"cell value\">Alliage\/cuivre<\/div>\n<\/div>\n<div class=\"row\">\n<div class=\"cell label\">Paquet<\/div>\n<div class=\"cell value\">Mousse + carton<\/div>\n<\/div>\n<div class=\"row\">\n<div class=\"cell label\">Dimension<\/div>\n<div class=\"cell value\">Sur mesure<\/div>\n<\/div>\n<div class=\"row\">\n<div class=\"cell label\">Tol\u00e9rance<\/div>\n<div class=\"cell value\">0,01-0,05 mm<\/div>\n<\/div>\n<div class=\"row\">\n<div class=\"cell label\">Unit\u00e9s de vente<\/div>\n<div class=\"cell value\">Article unique<\/div>\n<\/div>\n<div class=\"row\">\n<div class=\"cell label\">Taille de l'emballage unique<\/div>\n<div class=\"cell value\">35X30X25 cm<\/div>\n<\/div>\n<div class=\"row\">\n<div class=\"cell label\">Poids brut unique<\/div>\n<div class=\"cell value\">2.000 KG<\/div>\n<\/div>\n<\/div>\n<p><\/p>\n<h2>Notre base de production<\/h2>\n<h3>Panorama de l'usine<\/h3>\n<p><img decoding=\"async\" src=\"\/wp-content\/uploads\/factory-01.webp\"\/><\/p>\n<h3>Atelier de fabrication de barres d'aluminium<\/h3>\n<p><img decoding=\"async\" src=\"\/wp-content\/uploads\/factory-02.webp\"\/><\/p>\n<p><img decoding=\"async\" src=\"\/wp-content\/uploads\/factory-03.webp\"\/><\/p>\n<h3>Entrep\u00f4t de stockage des moules<\/h3>\n<p><img decoding=\"async\" src=\"\/wp-content\/uploads\/factory-04.webp\"\/><\/p>\n<h3>43 lignes d'extrusion d'aluminium (500-5500 tonnes)<\/h3>\n<p><img decoding=\"async\" src=\"\/wp-content\/uploads\/factory-05.webp\"\/><\/p>\n<p><img decoding=\"async\" src=\"\/wp-content\/uploads\/factory-06.webp\"\/><\/p>\n<p><img decoding=\"async\" src=\"\/wp-content\/uploads\/factory-07.webp\"\/><\/p>\n<h3>Atelier de peinture en poudre<\/h3>\n<p><img decoding=\"async\" src=\"\/wp-content\/uploads\/factory-09.webp\"\/><\/p>\n<h3>Atelier d'anodisation<\/h3>\n<p><img decoding=\"async\" src=\"\/wp-content\/uploads\/factory-10.webp\"\/><\/p>\n<h3>Atelier sur le traitement en profondeur<\/h3>\n<p><img decoding=\"async\" src=\"\/wp-content\/uploads\/factory-11.webp\"\/><\/p>\n<h3>Atelier d'usinage de pr\u00e9cision CNC<\/h3>\n<p><img decoding=\"async\" src=\"\/wp-content\/uploads\/factory-11.5.webp\"\/><\/p>\n<h3>Entrep\u00f4t de produits finis et d'exportation<\/h3>\n<p><img decoding=\"async\" src=\"\/wp-content\/uploads\/factory-12.webp\"\/><\/p>\n<p><img decoding=\"async\" src=\"\/wp-content\/uploads\/factory-13.webp\"\/><\/p>\n<p><img decoding=\"async\" src=\"\/wp-content\/uploads\/factory-14.webp\"\/><\/p>\n<h2>FAQ<\/h2>\n<p><strong>1. \u00c0 quoi servent les dissipateurs thermiques extrud\u00e9s \u00e0 LED de grande taille ?<\/strong><br \/>Ils sont utilis\u00e9s pour dissiper la chaleur g\u00e9n\u00e9r\u00e9e par les lampes LED, prolongeant ainsi leur dur\u00e9e de vie et leurs performances.<\/p>\n<p><strong>2. Les dissipateurs thermiques peuvent-ils \u00eatre personnalis\u00e9s ?<\/strong><br \/>Oui, nous proposons des options de personnalisation, notamment en termes de taille, de forme et de finition, pour r\u00e9pondre \u00e0 des besoins sp\u00e9cifiques.<\/p>\n<p><strong>3. Quels sont les mat\u00e9riaux utilis\u00e9s dans ces dissipateurs thermiques ?<\/strong><br \/>Ils sont principalement fabriqu\u00e9s en aluminium, qui est connu pour son excellente conductivit\u00e9 thermique et ses propri\u00e9t\u00e9s de l\u00e9g\u00e8ret\u00e9.<\/p>\n<p><strong>4. Ces dissipateurs thermiques conviennent-ils pour une utilisation en ext\u00e9rieur ?<\/strong><br \/>Oui, lorsqu'ils sont anodis\u00e9s, ils offrent une r\u00e9sistance \u00e0 la corrosion adapt\u00e9e aux environnements ext\u00e9rieurs.<\/p>\n<p><strong>5. Quel est l'avantage d'utiliser des dissipateurs thermiques extrud\u00e9s pour les LED ?<\/strong><br \/>Les dissipateurs thermiques extrud\u00e9s offrent une gestion thermique efficace, am\u00e9liorant les performances et la long\u00e9vit\u00e9 des LED.<\/p>\n<p><strong>6. Comment choisir la bonne taille de dissipateur thermique pour mon application LED ?<\/strong><br \/>Tenez compte de la puissance calorifique de votre module LED afin de garantir une capacit\u00e9 de dissipation thermique ad\u00e9quate.<\/p>\n<p><strong>7. Fournissez-vous une assistance technique pour l'int\u00e9gration de ces dissipateurs thermiques ?<\/strong><br \/>Oui, notre \u00e9quipe peut aider \u00e0 l'int\u00e9gration et aux exigences techniques pour une performance optimale.<\/p>\n<p><\/p>","protected":false},"featured_media":10746,"template":"","categories":[72],"class_list":["post-11006","product","type-product","status-publish","has-post-thumbnail","hentry","category-extruded-aluminum-heatsink"],"meta_box":{"hilight_text_group":[{"product_hilight_text":"<li>Optimized for efficient heat dissipation in LED applications<\/li>\n<li>Customizable sizes to fit different LED modules and fixtures<\/li>\n<li>High thermal conductivity for enhanced LED lifespan<\/li>\n<li>Lightweight aluminum construction for ease of installation<\/li>\n<li>Available in anodized finishes for corrosion resistance<\/li>"}],"feature_list":[]},"_links":{"self":[{"href":"https:\/\/sinoextrud.com\/fr\/wp-json\/wp\/v2\/product\/11006","targetHints":{"allow":["GET"]}}],"collection":[{"href":"https:\/\/sinoextrud.com\/fr\/wp-json\/wp\/v2\/product"}],"about":[{"href":"https:\/\/sinoextrud.com\/fr\/wp-json\/wp\/v2\/types\/product"}],"wp:featuredmedia":[{"embeddable":true,"href":"https:\/\/sinoextrud.com\/fr\/wp-json\/wp\/v2\/media\/10746"}],"wp:attachment":[{"href":"https:\/\/sinoextrud.com\/fr\/wp-json\/wp\/v2\/media?parent=11006"}],"wp:term":[{"taxonomy":"category","embeddable":true,"href":"https:\/\/sinoextrud.com\/fr\/wp-json\/wp\/v2\/categories?post=11006"}],"curies":[{"name":"wp","href":"https:\/\/api.w.org\/{rel}","templated":true}]}}