{"id":11003,"date":"2025-08-01T03:38:44","date_gmt":"2025-08-01T03:38:44","guid":{"rendered":"https:\/\/sinoextrud.com\/product\/highly-difficult-extruded-heat-sinks-for-ssr-modules\/"},"modified":"2025-08-01T03:38:44","modified_gmt":"2025-08-01T03:38:44","slug":"dissipateurs-de-chaleur-extrudes-tres-difficiles-a-utiliser-pour-les-modules-ssr","status":"publish","type":"product","link":"https:\/\/sinoextrud.com\/fr\/product\/highly-difficult-extruded-heat-sinks-for-ssr-modules\/","title":{"rendered":"Dissipateurs de chaleur extrud\u00e9s tr\u00e8s difficiles pour modules SSR"},"content":{"rendered":"<h2>D\u00e9tails des produits<\/h2>\n<div class=\"product-table\">\n<div class=\"row\">\n<div class=\"cell label\">Utilisation<\/div>\n<div class=\"cell value\">Usage g\u00e9n\u00e9ral<\/div>\n<\/div>\n<div class=\"row\">\n<div class=\"cell label\">Origine<\/div>\n<div class=\"cell value\">Chine continentale<\/div>\n<\/div>\n<div class=\"row\">\n<div class=\"cell label\">Unit\u00e9s de vente<\/div>\n<div class=\"cell value\">Article unique<\/div>\n<\/div>\n<div class=\"row\">\n<div class=\"cell label\">Taille de l'emballage unique<\/div>\n<div class=\"cell value\">10X10X10 cm<\/div>\n<\/div>\n<div class=\"row\">\n<div class=\"cell label\">Poids brut unique<\/div>\n<div class=\"cell value\">0,120 KG<\/div>\n<\/div>\n<\/div>\n<p><\/p>\n<h2>Notre base de production<\/h2>\n<h3>Panorama de l'usine<\/h3>\n<p><img decoding=\"async\" src=\"\/wp-content\/uploads\/factory-01.webp\"\/><\/p>\n<h3>Atelier de fabrication de barres d'aluminium<\/h3>\n<p><img decoding=\"async\" src=\"\/wp-content\/uploads\/factory-02.webp\"\/><\/p>\n<p><img decoding=\"async\" src=\"\/wp-content\/uploads\/factory-03.webp\"\/><\/p>\n<h3>Entrep\u00f4t de stockage des moules<\/h3>\n<p><img decoding=\"async\" src=\"\/wp-content\/uploads\/factory-04.webp\"\/><\/p>\n<h3>43 lignes d'extrusion d'aluminium (500-5500 tonnes)<\/h3>\n<p><img decoding=\"async\" src=\"\/wp-content\/uploads\/factory-05.webp\"\/><\/p>\n<p><img decoding=\"async\" src=\"\/wp-content\/uploads\/factory-06.webp\"\/><\/p>\n<p><img decoding=\"async\" src=\"\/wp-content\/uploads\/factory-07.webp\"\/><\/p>\n<h3>Atelier de peinture en poudre<\/h3>\n<p><img decoding=\"async\" src=\"\/wp-content\/uploads\/factory-09.webp\"\/><\/p>\n<h3>Atelier d'anodisation<\/h3>\n<p><img decoding=\"async\" src=\"\/wp-content\/uploads\/factory-10.webp\"\/><\/p>\n<h3>Atelier sur le traitement en profondeur<\/h3>\n<p><img decoding=\"async\" src=\"\/wp-content\/uploads\/factory-11.webp\"\/><\/p>\n<h3>Atelier d'usinage de pr\u00e9cision CNC<\/h3>\n<p><img decoding=\"async\" src=\"\/wp-content\/uploads\/factory-11.5.webp\"\/><\/p>\n<h3>Entrep\u00f4t de produits finis et d'exportation<\/h3>\n<p><img decoding=\"async\" src=\"\/wp-content\/uploads\/factory-12.webp\"\/><\/p>\n<p><img decoding=\"async\" src=\"\/wp-content\/uploads\/factory-13.webp\"\/><\/p>\n<p><img decoding=\"async\" src=\"\/wp-content\/uploads\/factory-14.webp\"\/><\/p>\n<h2>FAQ<\/h2>\n<p><strong>1. Quelles sont les principales applications des dissipateurs thermiques extrud\u00e9s ?<\/strong><br \/>Ils sont principalement utilis\u00e9s pour les SSR afin d'am\u00e9liorer l'efficacit\u00e9 thermique et la fiabilit\u00e9.<\/p>\n<p><strong>2. Ces dissipateurs thermiques peuvent-ils \u00eatre adapt\u00e9s \u00e0 des dimensions sp\u00e9cifiques ?<\/strong><br \/>Oui, nous offrons une personnalisation pour r\u00e9pondre \u00e0 des sp\u00e9cifications uniques et \u00e0 des exigences de taille.<\/p>\n<p><strong>3. Ces dissipateurs thermiques pr\u00e9sentent-ils une conductivit\u00e9 thermique \u00e9lev\u00e9e ?<\/strong><br \/>Absolument, ils sont con\u00e7us pour g\u00e9rer efficacement des charges thermiques \u00e9lev\u00e9es.<\/p>\n<p><strong>4. La finition de la surface du dissipateur thermique est-elle personnalisable ?<\/strong><br \/>Oui, diff\u00e9rentes finitions sont disponibles pour r\u00e9pondre \u00e0 l'esth\u00e9tique de votre design.<\/p>\n<p><strong>5. De quels mat\u00e9riaux sont faits ces dissipateurs de chaleur ?<\/strong><br \/>Ils sont g\u00e9n\u00e9ralement fabriqu\u00e9s en aluminium de haute qualit\u00e9, mais d'autres mat\u00e9riaux sont disponibles sur demande.<\/p>\n<p><strong>6. Ces produits sont-ils adapt\u00e9s aux environnements \u00e0 haute \u00e9nergie ?<\/strong><br \/>Oui, ils sont con\u00e7us pour r\u00e9sister \u00e0 des environnements thermiques et m\u00e9caniques exigeants.<\/p>\n<p><strong>7. Proposez-vous des solutions pour am\u00e9liorer les syst\u00e8mes de gestion thermique ?<\/strong><br \/>Oui, nos dissipateurs thermiques sont un \u00e9l\u00e9ment essentiel des solutions de gestion thermique optimis\u00e9es.<\/p>\n<p><\/p>","protected":false},"featured_media":10751,"template":"","categories":[72],"class_list":["post-11003","product","type-product","status-publish","has-post-thumbnail","hentry","category-extruded-aluminum-heatsink"],"meta_box":{"hilight_text_group":[{"product_hilight_text":"<li>Engineered for superior thermal management in SSR applications<\/li>\n<li>Capable of handling extreme temperatures with high thermal conductivity<\/li>\n<li>Precisely extruded for intricate and complex designs<\/li>\n<li>Customizable in dimensions and finishes to meet specific requirements<\/li>\n<li>Manufactured with high-quality materials ensuring robust performance<\/li>"}],"feature_list":[]},"_links":{"self":[{"href":"https:\/\/sinoextrud.com\/fr\/wp-json\/wp\/v2\/product\/11003","targetHints":{"allow":["GET"]}}],"collection":[{"href":"https:\/\/sinoextrud.com\/fr\/wp-json\/wp\/v2\/product"}],"about":[{"href":"https:\/\/sinoextrud.com\/fr\/wp-json\/wp\/v2\/types\/product"}],"wp:featuredmedia":[{"embeddable":true,"href":"https:\/\/sinoextrud.com\/fr\/wp-json\/wp\/v2\/media\/10751"}],"wp:attachment":[{"href":"https:\/\/sinoextrud.com\/fr\/wp-json\/wp\/v2\/media?parent=11003"}],"wp:term":[{"taxonomy":"category","embeddable":true,"href":"https:\/\/sinoextrud.com\/fr\/wp-json\/wp\/v2\/categories?post=11003"}],"curies":[{"name":"wp","href":"https:\/\/api.w.org\/{rel}","templated":true}]}}