{"id":11001,"date":"2025-08-01T03:38:39","date_gmt":"2025-08-01T03:38:39","guid":{"rendered":"https:\/\/sinoextrud.com\/product\/miniature-heat-sink-for-compact-electronics\/"},"modified":"2025-08-01T03:38:39","modified_gmt":"2025-08-01T03:38:39","slug":"dissipateur-thermique-miniature-pour-lelectronique-compacte","status":"publish","type":"product","link":"https:\/\/sinoextrud.com\/fr\/product\/miniature-heat-sink-for-compact-electronics\/","title":{"rendered":"Dissipateur thermique miniature pour l'\u00e9lectronique compacte"},"content":{"rendered":"<h2>D\u00e9tails des produits<\/h2>\n<div class=\"product-table\">\n<div class=\"row\">\n<div class=\"cell label\">Grade<\/div>\n<div class=\"cell value\">S\u00e9rie 6000<\/div>\n<\/div>\n<div class=\"row\">\n<div class=\"cell label\">Tol\u00e9rance<\/div>\n<div class=\"cell value\">\u00c2\u00b11%<\/div>\n<\/div>\n<div class=\"row\">\n<div class=\"cell label\">D\u00e9lai de livraison<\/div>\n<div class=\"cell value\">22-30 jours<\/div>\n<\/div>\n<div class=\"row\">\n<div class=\"cell label\">Temp\u00e9rer<\/div>\n<div class=\"cell value\">T3-T8<\/div>\n<\/div>\n<div class=\"row\">\n<div class=\"cell label\">Application<\/div>\n<div class=\"cell value\">led\/\u00e9lectronique\/cpu\/industrie<\/div>\n<\/div>\n<div class=\"row\">\n<div class=\"cell label\">Forme<\/div>\n<div class=\"cell value\">sur mesure<\/div>\n<\/div>\n<div class=\"row\">\n<div class=\"cell label\">Alliage ou non<\/div>\n<div class=\"cell value\">Est un alliage<\/div>\n<\/div>\n<div class=\"row\">\n<div class=\"cell label\">Service de traitement<\/div>\n<div class=\"cell value\">Pliage, d\u00e9roulage, soudage, poin\u00e7onnage, d\u00e9coupage<\/div>\n<\/div>\n<div class=\"row\">\n<div class=\"cell label\">Nom du produit<\/div>\n<div class=\"cell value\">Dissipateur thermique en aluminium sur mesure<\/div>\n<\/div>\n<div class=\"row\">\n<div class=\"cell label\">Mat\u00e9riau<\/div>\n<div class=\"cell value\">Alliage d'aluminium 6063 6061 6005<\/div>\n<\/div>\n<div class=\"row\">\n<div class=\"cell label\">Couleur<\/div>\n<div class=\"cell value\">Argent, noir, noir dor\u00e9, etc.<\/div>\n<\/div>\n<div class=\"row\">\n<div class=\"cell label\">Traitement de surface<\/div>\n<div class=\"cell value\">Finition en usine, anodisation, rev\u00eatement en poudre<\/div>\n<\/div>\n<div class=\"row\">\n<div class=\"cell label\">Certification<\/div>\n<div class=\"cell value\">ISO9001:2008<\/div>\n<\/div>\n<div class=\"row\">\n<div class=\"cell label\">forme<\/div>\n<div class=\"cell value\">Sur mesure<\/div>\n<\/div>\n<div class=\"row\">\n<div class=\"cell label\">Utilisation<\/div>\n<div class=\"cell value\">Led\/\u00e9lectronique\/cpu\/industrie<\/div>\n<\/div>\n<div class=\"row\">\n<div class=\"cell label\">\u00c9chantillon<\/div>\n<div class=\"cell value\">\u00c9chantillon gratuit<\/div>\n<\/div>\n<div class=\"row\">\n<div class=\"cell label\">Longueur<\/div>\n<div class=\"cell value\">Longueur sur mesure<\/div>\n<\/div>\n<div class=\"row\">\n<div class=\"cell label\">Service<\/div>\n<div class=\"cell value\">OEM ODM<\/div>\n<\/div>\n<div class=\"row\">\n<div class=\"cell label\">Unit\u00e9s de vente<\/div>\n<div class=\"cell value\">Article unique<\/div>\n<\/div>\n<div class=\"row\">\n<div class=\"cell label\">Taille de l'emballage unique<\/div>\n<div class=\"cell value\">30X20X20 cm<\/div>\n<\/div>\n<div class=\"row\">\n<div class=\"cell label\">Poids brut unique<\/div>\n<div class=\"cell value\">3.000 KG<\/div>\n<\/div>\n<\/div>\n<p><\/p>\n<h2>Notre base de production<\/h2>\n<h3>Panorama de l'usine<\/h3>\n<p><img decoding=\"async\" src=\"\/wp-content\/uploads\/factory-01.webp\"\/><\/p>\n<h3>Atelier de fabrication de barres d'aluminium<\/h3>\n<p><img decoding=\"async\" src=\"\/wp-content\/uploads\/factory-02.webp\"\/><\/p>\n<p><img decoding=\"async\" src=\"\/wp-content\/uploads\/factory-03.webp\"\/><\/p>\n<h3>Entrep\u00f4t de stockage des moules<\/h3>\n<p><img decoding=\"async\" src=\"\/wp-content\/uploads\/factory-04.webp\"\/><\/p>\n<h3>43 lignes d'extrusion d'aluminium (500-5500 tonnes)<\/h3>\n<p><img decoding=\"async\" src=\"\/wp-content\/uploads\/factory-05.webp\"\/><\/p>\n<p><img decoding=\"async\" src=\"\/wp-content\/uploads\/factory-06.webp\"\/><\/p>\n<p><img decoding=\"async\" src=\"\/wp-content\/uploads\/factory-07.webp\"\/><\/p>\n<h3>Atelier de peinture en poudre<\/h3>\n<p><img decoding=\"async\" src=\"\/wp-content\/uploads\/factory-09.webp\"\/><\/p>\n<h3>Atelier d'anodisation<\/h3>\n<p><img decoding=\"async\" src=\"\/wp-content\/uploads\/factory-10.webp\"\/><\/p>\n<h3>Atelier sur le traitement en profondeur<\/h3>\n<p><img decoding=\"async\" src=\"\/wp-content\/uploads\/factory-11.webp\"\/><\/p>\n<h3>Atelier d'usinage de pr\u00e9cision CNC<\/h3>\n<p><img decoding=\"async\" src=\"\/wp-content\/uploads\/factory-11.5.webp\"\/><\/p>\n<h3>Entrep\u00f4t de produits finis et d'exportation<\/h3>\n<p><img decoding=\"async\" src=\"\/wp-content\/uploads\/factory-12.webp\"\/><\/p>\n<p><img decoding=\"async\" src=\"\/wp-content\/uploads\/factory-13.webp\"\/><\/p>\n<p><img decoding=\"async\" src=\"\/wp-content\/uploads\/factory-14.webp\"\/><\/p>\n<h2>FAQ<\/h2>\n<p><strong>1. Pour quels appareils sp\u00e9cifiques le dissipateur thermique miniature peut-il \u00eatre utilis\u00e9 ?<\/strong><br \/>Le dissipateur thermique miniature est id\u00e9al pour les petits appareils \u00e9lectroniques tels que les CPU, les GPU et autres appareils \u00e9lectroniques compacts.<\/p>\n<p><strong>2. La taille du dissipateur thermique miniature peut-elle \u00eatre personnalis\u00e9e ?<\/strong><br \/>Oui, nous proposons une personnalisation de la taille pour r\u00e9pondre \u00e0 vos besoins sp\u00e9cifiques en mati\u00e8re d'appareils.<\/p>\n<p><strong>3. Quels sont les mat\u00e9riaux utilis\u00e9s dans la construction du dissipateur thermique miniature ?<\/strong><br \/>Le dissipateur thermique miniature est fabriqu\u00e9 \u00e0 partir de mat\u00e9riaux conducteurs de chaleur de haute qualit\u00e9 tels que l'aluminium et le cuivre.<\/p>\n<p><strong>4. Comment le dissipateur thermique miniature am\u00e9liore-t-il les performances de l'appareil ?<\/strong><br \/>Il dissipe efficacement la chaleur, ce qui permet de maintenir des temp\u00e9ratures de fonctionnement optimales et d'\u00e9viter la surchauffe.<\/p>\n<p><strong>5. Peut-on commander en gros pour des projets commerciaux ?<\/strong><br \/>Oui, nous proposons des quantit\u00e9s de commande flexibles adapt\u00e9es aux projets commerciaux de petite ou de grande envergure.<\/p>\n<p><strong>6. Une assistance technique est-elle disponible pour l'installation du dissipateur thermique miniature ?<\/strong><br \/>Une assistance technique et des lignes directrices sont fournies pour garantir une installation correcte.<\/p>\n<p><strong>7. Proposez-vous une livraison internationale pour le dissipateur thermique miniature ?<\/strong><br \/>Oui, l'exp\u00e9dition internationale est possible, et nous pouvons vous aider avec la logistique et la documentation.<\/p>\n<p><\/p>","protected":false},"featured_media":10790,"template":"","categories":[72],"class_list":["post-11001","product","type-product","status-publish","has-post-thumbnail","hentry","category-extruded-aluminum-heatsink"],"meta_box":{"hilight_text_group":[{"product_hilight_text":"<li>Compact design suitable for small electronic devices<\/li>\n<li>Highly efficient thermal management for improved device performance<\/li>\n<li>Customizable sizes and shapes to fit unique specifications<\/li>\n<li>Manufactured with high-quality materials for enhanced durability<\/li>\n<li>Available for OEM and ODM partnerships with flexible order quantities<\/li>"}],"feature_list":[]},"_links":{"self":[{"href":"https:\/\/sinoextrud.com\/fr\/wp-json\/wp\/v2\/product\/11001","targetHints":{"allow":["GET"]}}],"collection":[{"href":"https:\/\/sinoextrud.com\/fr\/wp-json\/wp\/v2\/product"}],"about":[{"href":"https:\/\/sinoextrud.com\/fr\/wp-json\/wp\/v2\/types\/product"}],"wp:featuredmedia":[{"embeddable":true,"href":"https:\/\/sinoextrud.com\/fr\/wp-json\/wp\/v2\/media\/10790"}],"wp:attachment":[{"href":"https:\/\/sinoextrud.com\/fr\/wp-json\/wp\/v2\/media?parent=11001"}],"wp:term":[{"taxonomy":"category","embeddable":true,"href":"https:\/\/sinoextrud.com\/fr\/wp-json\/wp\/v2\/categories?post=11001"}],"curies":[{"name":"wp","href":"https:\/\/api.w.org\/{rel}","templated":true}]}}