{"id":10997,"date":"2025-08-01T03:38:31","date_gmt":"2025-08-01T03:38:31","guid":{"rendered":"https:\/\/sinoextrud.com\/product\/vapor-chamber-custom-heat-sink-for-oem-projects\/"},"modified":"2025-08-01T03:38:31","modified_gmt":"2025-08-01T03:38:31","slug":"chambre-a-vapeur-dissipateur-de-chaleur-personnalise-pour-les-projets-oem","status":"publish","type":"product","link":"https:\/\/sinoextrud.com\/fr\/product\/vapor-chamber-custom-heat-sink-for-oem-projects\/","title":{"rendered":"Dissipateur thermique personnalis\u00e9 \u00e0 chambre de vapeur pour les projets OEM"},"content":{"rendered":"<h2>D\u00e9tails des produits<\/h2>\n<div class=\"product-table\">\n<div class=\"row\">\n<div class=\"cell label\">type<\/div>\n<div class=\"cell value\">Dissipateur thermique<\/div>\n<\/div>\n<div class=\"row\">\n<div class=\"cell label\">application<\/div>\n<div class=\"cell value\">Processeur<\/div>\n<\/div>\n<div class=\"row\">\n<div class=\"cell label\">taille du ventilateur<\/div>\n<div class=\"cell value\">sur mesure<\/div>\n<\/div>\n<div class=\"row\">\n<div class=\"cell label\">pouvoir<\/div>\n<div class=\"cell value\">sur mesure<\/div>\n<\/div>\n<div class=\"row\">\n<div class=\"cell label\">volume d'air<\/div>\n<div class=\"cell value\">sur mesure<\/div>\n<\/div>\n<div class=\"row\">\n<div class=\"cell label\">vie de fan<\/div>\n<div class=\"cell value\">50000 heures<\/div>\n<\/div>\n<div class=\"row\">\n<div class=\"cell label\">mat\u00e9riau du dissipateur thermique<\/div>\n<div class=\"cell value\">Cuivre et aluminium<\/div>\n<\/div>\n<div class=\"row\">\n<div class=\"cell label\">palier<\/div>\n<div class=\"cell value\">DEUX ROULEMENTS \u00c0 BILLES<\/div>\n<\/div>\n<div class=\"row\">\n<div class=\"cell label\">interface de puissance<\/div>\n<div class=\"cell value\">4 broches<\/div>\n<\/div>\n<div class=\"row\">\n<div class=\"cell label\">bruit<\/div>\n<div class=\"cell value\">sur mesure<\/div>\n<\/div>\n<div class=\"row\">\n<div class=\"cell label\">contr\u00f4le de la vitesse du ventilateur<\/div>\n<div class=\"cell value\">sur mesure<\/div>\n<\/div>\n<div class=\"row\">\n<div class=\"cell label\">Nom du produit<\/div>\n<div class=\"cell value\">Refroidisseur de processeur CPU<\/div>\n<\/div>\n<div class=\"row\">\n<div class=\"cell label\">OEM<\/div>\n<div class=\"cell value\">Logo personnalis\u00e9<\/div>\n<\/div>\n<div class=\"row\">\n<div class=\"cell label\">Mat\u00e9riau<\/div>\n<div class=\"cell value\">Ailettes en aluminium + tuyaux de chauffage<\/div>\n<\/div>\n<div class=\"row\">\n<div class=\"cell label\">Unit\u00e9s de vente<\/div>\n<div class=\"cell value\">Article unique<\/div>\n<\/div>\n<\/div>\n<p><\/p>\n<h2>Notre base de production<\/h2>\n<h3>Panorama de l'usine<\/h3>\n<p><img decoding=\"async\" src=\"\/wp-content\/uploads\/factory-01.webp\"\/><\/p>\n<h3>Atelier de fabrication de barres d'aluminium<\/h3>\n<p><img decoding=\"async\" src=\"\/wp-content\/uploads\/factory-02.webp\"\/><\/p>\n<p><img decoding=\"async\" src=\"\/wp-content\/uploads\/factory-03.webp\"\/><\/p>\n<h3>Entrep\u00f4t de stockage des moules<\/h3>\n<p><img decoding=\"async\" src=\"\/wp-content\/uploads\/factory-04.webp\"\/><\/p>\n<h3>43 lignes d'extrusion d'aluminium (500-5500 tonnes)<\/h3>\n<p><img decoding=\"async\" src=\"\/wp-content\/uploads\/factory-05.webp\"\/><\/p>\n<p><img decoding=\"async\" src=\"\/wp-content\/uploads\/factory-06.webp\"\/><\/p>\n<p><img decoding=\"async\" src=\"\/wp-content\/uploads\/factory-07.webp\"\/><\/p>\n<h3>Atelier de peinture en poudre<\/h3>\n<p><img decoding=\"async\" src=\"\/wp-content\/uploads\/factory-09.webp\"\/><\/p>\n<h3>Atelier d'anodisation<\/h3>\n<p><img decoding=\"async\" src=\"\/wp-content\/uploads\/factory-10.webp\"\/><\/p>\n<h3>Atelier sur le traitement en profondeur<\/h3>\n<p><img decoding=\"async\" src=\"\/wp-content\/uploads\/factory-11.webp\"\/><\/p>\n<h3>Atelier d'usinage de pr\u00e9cision CNC<\/h3>\n<p><img decoding=\"async\" src=\"\/wp-content\/uploads\/factory-11.5.webp\"\/><\/p>\n<h3>Entrep\u00f4t de produits finis et d'exportation<\/h3>\n<p><img decoding=\"async\" src=\"\/wp-content\/uploads\/factory-12.webp\"\/><\/p>\n<p><img decoding=\"async\" src=\"\/wp-content\/uploads\/factory-13.webp\"\/><\/p>\n<p><img decoding=\"async\" src=\"\/wp-content\/uploads\/factory-14.webp\"\/><\/p>\n<h2>FAQ<\/h2>\n<p><strong>1. Qu'est-ce qu'un dissipateur thermique \u00e0 chambre de vapeur ?<\/strong><br \/>Un dissipateur thermique \u00e0 chambre de vapeur est une technologie de refroidissement avanc\u00e9e utilis\u00e9e pour dissiper efficacement la chaleur dans les appareils \u00e9lectroniques.<\/p>\n<p><strong>2. Comment fonctionne un dissipateur thermique \u00e0 chambre de vapeur ?<\/strong><br \/>Il fonctionne en r\u00e9partissant la chaleur uniform\u00e9ment sur toute sa surface, en utilisant le changement de phase pour obtenir un refroidissement efficace.<\/p>\n<p><strong>3. Le dissipateur thermique de la chambre de vapeur peut-il \u00eatre personnalis\u00e9 ?<\/strong><br \/>Oui, le dissipateur thermique peut \u00eatre adapt\u00e9 en taille, en forme et en conception pour r\u00e9pondre \u00e0 des besoins sp\u00e9cifiques.<\/p>\n<p><strong>4. Quels sont les mat\u00e9riaux utilis\u00e9s dans les dissipateurs thermiques des chambres \u00e0 vapeur ?<\/strong><br \/>Ils sont g\u00e9n\u00e9ralement fabriqu\u00e9s en cuivre ou en aluminium, ce qui leur conf\u00e8re une excellente conductivit\u00e9 thermique.<\/p>\n<p><strong>5. Un dissipateur thermique \u00e0 chambre de vapeur est-il adapt\u00e9 aux appareils \u00e0 haute performance ?<\/strong><br \/>Absolument, il est con\u00e7u pour g\u00e9rer des charges thermiques \u00e9lev\u00e9es dans des applications \u00e0 haute performance.<\/p>\n<p><strong>6. Les dissipateurs thermiques \u00e0 chambre de vapeur peuvent-ils am\u00e9liorer la fiabilit\u00e9 des appareils ?<\/strong><br \/>Oui, en maintenant des temp\u00e9ratures de fonctionnement optimales, il am\u00e9liore la long\u00e9vit\u00e9 et la fiabilit\u00e9 des appareils.<\/p>\n<p><strong>7. Quelles sont les industries qui b\u00e9n\u00e9ficient le plus de l'utilisation de dissipateurs thermiques \u00e0 chambre de vapeur ?<\/strong><br \/>Les industries telles que l'\u00e9lectronique, l'automobile, l'informatique et les t\u00e9l\u00e9communications b\u00e9n\u00e9ficient grandement de leurs capacit\u00e9s am\u00e9lior\u00e9es de gestion thermique.<\/p>\n<p><\/p>","protected":false},"featured_media":10795,"template":"","categories":[72],"class_list":["post-10997","product","type-product","status-publish","has-post-thumbnail","hentry","category-extruded-aluminum-heatsink"],"meta_box":{"hilight_text_group":[{"product_hilight_text":"<li>Advanced thermal management for high-performance applications<\/li>\n<li>Custom designs to fit specific device and system requirements<\/li>\n<li>High efficiency in dissipating heat, enhancing device longevity<\/li>\n<li>Flexible sizing and shape options to match diverse needs<\/li>\n<li>Ideal for electronics, automotive, and industrial equipment<\/li>"}],"feature_list":[]},"_links":{"self":[{"href":"https:\/\/sinoextrud.com\/fr\/wp-json\/wp\/v2\/product\/10997","targetHints":{"allow":["GET"]}}],"collection":[{"href":"https:\/\/sinoextrud.com\/fr\/wp-json\/wp\/v2\/product"}],"about":[{"href":"https:\/\/sinoextrud.com\/fr\/wp-json\/wp\/v2\/types\/product"}],"wp:featuredmedia":[{"embeddable":true,"href":"https:\/\/sinoextrud.com\/fr\/wp-json\/wp\/v2\/media\/10795"}],"wp:attachment":[{"href":"https:\/\/sinoextrud.com\/fr\/wp-json\/wp\/v2\/media?parent=10997"}],"wp:term":[{"taxonomy":"category","embeddable":true,"href":"https:\/\/sinoextrud.com\/fr\/wp-json\/wp\/v2\/categories?post=10997"}],"curies":[{"name":"wp","href":"https:\/\/api.w.org\/{rel}","templated":true}]}}