{"id":10995,"date":"2025-08-01T03:38:28","date_gmt":"2025-08-01T03:38:28","guid":{"rendered":"https:\/\/sinoextrud.com\/product\/extruded-heat-sink-for-industrial-electronics\/"},"modified":"2025-08-01T03:38:28","modified_gmt":"2025-08-01T03:38:28","slug":"dissipateur-thermique-extrude-pour-lelectronique-industrielle","status":"publish","type":"product","link":"https:\/\/sinoextrud.com\/fr\/product\/extruded-heat-sink-for-industrial-electronics\/","title":{"rendered":"Dissipateur thermique extrud\u00e9 pour l'\u00e9lectronique industrielle"},"content":{"rendered":"<h2>D\u00e9tails des produits<\/h2>\n<div class=\"product-table\">\n<div class=\"row\">\n<div class=\"cell label\">Grade<\/div>\n<div class=\"cell value\">S\u00e9rie 6000<\/div>\n<\/div>\n<div class=\"row\">\n<div class=\"cell label\">Tol\u00e9rance<\/div>\n<div class=\"cell value\">\u00c2\u00b11%<\/div>\n<\/div>\n<div class=\"row\">\n<div class=\"cell label\">D\u00e9lai de livraison<\/div>\n<div class=\"cell value\">22-30 jours<\/div>\n<\/div>\n<div class=\"row\">\n<div class=\"cell label\">Temp\u00e9rer<\/div>\n<div class=\"cell value\">T3-T8<\/div>\n<\/div>\n<div class=\"row\">\n<div class=\"cell label\">Application<\/div>\n<div class=\"cell value\">Dissipateur thermique<\/div>\n<\/div>\n<div class=\"row\">\n<div class=\"cell label\">Forme<\/div>\n<div class=\"cell value\">T - Profil<\/div>\n<\/div>\n<div class=\"row\">\n<div class=\"cell label\">Alliage ou non<\/div>\n<div class=\"cell value\">Est un alliage<\/div>\n<\/div>\n<div class=\"row\">\n<div class=\"cell label\">Service de traitement<\/div>\n<div class=\"cell value\">Pliage, d\u00e9coilage, poin\u00e7onnage, d\u00e9coupage<\/div>\n<\/div>\n<div class=\"row\">\n<div class=\"cell label\">Mat\u00e9riau du produit<\/div>\n<div class=\"cell value\">Aluminium 6063<\/div>\n<\/div>\n<div class=\"row\">\n<div class=\"cell label\">Couleur<\/div>\n<div class=\"cell value\">M\u00e9tal noir<\/div>\n<\/div>\n<div class=\"row\">\n<div class=\"cell label\">Taille<\/div>\n<div class=\"cell value\">Sur mesure<\/div>\n<\/div>\n<div class=\"row\">\n<div class=\"cell label\">Traitement de surface<\/div>\n<div class=\"cell value\">Anodis\u00e9 \/ oxyd\u00e9 etc \/ recouvert de poudre<\/div>\n<\/div>\n<div class=\"row\">\n<div class=\"cell label\">Outillage<\/div>\n<div class=\"cell value\">Fabriqu\u00e9 par nos soins<\/div>\n<\/div>\n<div class=\"row\">\n<div class=\"cell label\">Emballage<\/div>\n<div class=\"cell value\">Carton<\/div>\n<\/div>\n<div class=\"row\">\n<div class=\"cell label\">Processus<\/div>\n<div class=\"cell value\">Moulage au sable + Usinage CNC<\/div>\n<\/div>\n<div class=\"row\">\n<div class=\"cell label\">Certification<\/div>\n<div class=\"cell value\">ISO9001-2008<\/div>\n<\/div>\n<div class=\"row\">\n<div class=\"cell label\">Usinage<\/div>\n<div class=\"cell value\">Disponible<\/div>\n<\/div>\n<div class=\"row\">\n<div class=\"cell label\">Application<\/div>\n<div class=\"cell value\">\u00c9quipement industriel<\/div>\n<\/div>\n<div class=\"row\">\n<div class=\"cell label\">Unit\u00e9s de vente<\/div>\n<div class=\"cell value\">Article unique<\/div>\n<\/div>\n<div class=\"row\">\n<div class=\"cell label\">Taille de l'emballage unique<\/div>\n<div class=\"cell value\">20X10X10 cm<\/div>\n<\/div>\n<div class=\"row\">\n<div class=\"cell label\">Poids brut unique<\/div>\n<div class=\"cell value\">3.000 KG<\/div>\n<\/div>\n<\/div>\n<p><\/p>\n<h2>Notre base de production<\/h2>\n<h3>Panorama de l'usine<\/h3>\n<p><img decoding=\"async\" src=\"\/wp-content\/uploads\/factory-01.webp\"\/><\/p>\n<h3>Atelier de fabrication de barres d'aluminium<\/h3>\n<p><img decoding=\"async\" src=\"\/wp-content\/uploads\/factory-02.webp\"\/><\/p>\n<p><img decoding=\"async\" src=\"\/wp-content\/uploads\/factory-03.webp\"\/><\/p>\n<h3>Entrep\u00f4t de stockage des moules<\/h3>\n<p><img decoding=\"async\" src=\"\/wp-content\/uploads\/factory-04.webp\"\/><\/p>\n<h3>43 lignes d'extrusion d'aluminium (500-5500 tonnes)<\/h3>\n<p><img decoding=\"async\" src=\"\/wp-content\/uploads\/factory-05.webp\"\/><\/p>\n<p><img decoding=\"async\" src=\"\/wp-content\/uploads\/factory-06.webp\"\/><\/p>\n<p><img decoding=\"async\" src=\"\/wp-content\/uploads\/factory-07.webp\"\/><\/p>\n<h3>Atelier de peinture en poudre<\/h3>\n<p><img decoding=\"async\" src=\"\/wp-content\/uploads\/factory-09.webp\"\/><\/p>\n<h3>Atelier d'anodisation<\/h3>\n<p><img decoding=\"async\" src=\"\/wp-content\/uploads\/factory-10.webp\"\/><\/p>\n<h3>Atelier sur le traitement en profondeur<\/h3>\n<p><img decoding=\"async\" src=\"\/wp-content\/uploads\/factory-11.webp\"\/><\/p>\n<h3>Atelier d'usinage de pr\u00e9cision CNC<\/h3>\n<p><img decoding=\"async\" src=\"\/wp-content\/uploads\/factory-11.5.webp\"\/><\/p>\n<h3>Entrep\u00f4t de produits finis et d'exportation<\/h3>\n<p><img decoding=\"async\" src=\"\/wp-content\/uploads\/factory-12.webp\"\/><\/p>\n<p><img decoding=\"async\" src=\"\/wp-content\/uploads\/factory-13.webp\"\/><\/p>\n<p><img decoding=\"async\" src=\"\/wp-content\/uploads\/factory-14.webp\"\/><\/p>\n<h2>FAQ<\/h2>\n<p><strong>1. Quels sont les mat\u00e9riaux utilis\u00e9s pour les dissipateurs thermiques extrud\u00e9s ?<\/strong><br \/>Les dissipateurs thermiques extrud\u00e9s sont g\u00e9n\u00e9ralement fabriqu\u00e9s en aluminium pour ses excellentes propri\u00e9t\u00e9s thermiques.<\/p>\n<p><strong>2. Le dissipateur thermique extrud\u00e9 peut-il \u00eatre adapt\u00e9 \u00e0 diff\u00e9rents appareils ?<\/strong><br \/>Oui, les dissipateurs thermiques extrud\u00e9s peuvent \u00eatre adapt\u00e9s en taille et en forme pour convenir \u00e0 diverses applications.<\/p>\n<p><strong>3. Comment un dissipateur thermique extrud\u00e9 am\u00e9liore-t-il les performances de l'appareil ?<\/strong><br \/>Il dissipe efficacement la chaleur, \u00e9vitant ainsi la surchauffe et am\u00e9liorant les performances.<\/p>\n<p><strong>4. Le dissipateur thermique extrud\u00e9 est-il adapt\u00e9 \u00e0 l'\u00e9lectronique de forte puissance ?<\/strong><br \/>Oui, il est con\u00e7u pour une dissipation efficace de la chaleur dans les appareils \u00e9lectroniques de grande puissance.<\/p>\n<p><strong>5. Quels sont les avantages de l'utilisation d'un dissipateur thermique extrud\u00e9 ?<\/strong><br \/>Les dissipateurs thermiques extrud\u00e9s offrent une gestion thermique \u00e9conomique, l\u00e9g\u00e8re et efficace.<\/p>\n<p><strong>6. Peut-on commander des dissipateurs thermiques extrud\u00e9s dans diff\u00e9rentes finitions ?<\/strong><br \/>Oui, des finitions personnalis\u00e9es telles que l'anodisation sont disponibles pour am\u00e9liorer l'esth\u00e9tique et la protection.<\/p>\n<p><strong>7. Existe-t-il des options \u00e9cologiques pour les dissipateurs thermiques extrud\u00e9s ?<\/strong><br \/>Oui, nous proposons sur demande des dissipateurs thermiques extrud\u00e9s avec des mat\u00e9riaux et des proc\u00e9d\u00e9s respectueux de l'environnement.<\/p>\n<p><\/p>","protected":false},"featured_media":10799,"template":"","categories":[55],"class_list":["post-10995","product","type-product","status-publish","has-post-thumbnail","hentry","category-extruded-aluminum-profiles"],"meta_box":{"hilight_text_group":[{"product_hilight_text":"<li>Efficient thermal management solution for electronic devices<\/li>\n<li>Customizable dimensions to fit specific requirements<\/li>\n<li>Lightweight design with high thermal conductivity<\/li>\n<li>Manufactured with premium aluminum alloy for durability<\/li>\n<li>Supports OEM and ODM services for bulk orders<\/li>"}],"feature_list":[]},"_links":{"self":[{"href":"https:\/\/sinoextrud.com\/fr\/wp-json\/wp\/v2\/product\/10995","targetHints":{"allow":["GET"]}}],"collection":[{"href":"https:\/\/sinoextrud.com\/fr\/wp-json\/wp\/v2\/product"}],"about":[{"href":"https:\/\/sinoextrud.com\/fr\/wp-json\/wp\/v2\/types\/product"}],"wp:featuredmedia":[{"embeddable":true,"href":"https:\/\/sinoextrud.com\/fr\/wp-json\/wp\/v2\/media\/10799"}],"wp:attachment":[{"href":"https:\/\/sinoextrud.com\/fr\/wp-json\/wp\/v2\/media?parent=10995"}],"wp:term":[{"taxonomy":"category","embeddable":true,"href":"https:\/\/sinoextrud.com\/fr\/wp-json\/wp\/v2\/categories?post=10995"}],"curies":[{"name":"wp","href":"https:\/\/api.w.org\/{rel}","templated":true}]}}